{"id":11,"date":"2024-02-15T17:42:24","date_gmt":"2024-02-15T17:42:24","guid":{"rendered":"https:\/\/juegosdehelicopteros.net\/?page_id=11"},"modified":"2024-02-29T18:28:54","modified_gmt":"2024-02-29T18:28:54","slug":"player-reviews-of-the-game-helicopter-x","status":"publish","type":"page","link":"https:\/\/juegosdehelicopteros.net\/es\/player-reviews-of-the-game-helicopter-x\/","title":{"rendered":"Rese\u00f1as de jugadores sobre el juego Helicopter X"},"content":{"rendered":"<p>Hemos recopilado opiniones de jugadores sobre el juego Helicopter X. Por supuesto, antes de comenzar el juego, quieres conocer m\u00e1s informaci\u00f3n sobre el juego y las posibilidades que ofrece. Una revisi\u00f3n del juego de jugadores reales que juegan con dinero real todos los d\u00edas, ganando y perdiendo grandes sumas de dinero.<\/p>\n<p><strong>Vladislav, 30 a\u00f1os<\/strong><\/p>\n<p>Soy un fan\u00e1tico de los juegos de helic\u00f3pteros, \u00a1y aqu\u00ed incluso puedes ganar dinero real, es simplemente un sue\u00f1o! \u00a1Una vez alcanz\u00f3 un coeficiente x45! Emociones inolvidables y una victoria agradable. Realmente me gust\u00f3.<\/p>\n<p><strong>Andrey, 21 a\u00f1os<\/strong><\/p>\n<p>Al principio, el juego parec\u00eda dif\u00edcil, luego descubr\u00ed que hab\u00eda una versi\u00f3n gratuita, lo descubr\u00ed y decid\u00ed probar suerte con un amigo. \u00a1Y vali\u00f3 la pena! Inmediatamente atrap\u00e9 x32. Ahora estoy tratando de identificar diferentes patrones gracias a las estad\u00edsticas en vivo. \u00a1Te recomiendo que definitivamente juegues primero la versi\u00f3n de demostraci\u00f3n!<\/p>\n<p><strong>Anna, 26 a\u00f1os<\/strong><\/p>\n<p>Gran juego para aquellos a quienes les gusta desafiar sus nervios. Excelentes gr\u00e1ficos y jugabilidad simple, que crea una atm\u00f3sfera como si estuvieras en una misi\u00f3n secreta.<\/p>\n<p><strong>Yuri, 33 a\u00f1os<\/strong><\/p>\n<p>Buena y extremadamente comprensible jugabilidad. \u00a1La funci\u00f3n de doble apuesta realmente me sorprendi\u00f3! Ganancias muy convenientes y agradables, \u00a1ahora en un buen positivo!<\/p>\n<p><strong>Sergey, 41 a\u00f1os<\/strong><\/p>\n<p>Juego simple pero muy emocionante que puedes jugar en cualquier momento. Una excelente manera de pasar el tiempo y divertirse con amigos. Y los coeficientes tambi\u00e9n son sorprendentemente agradables.<\/p>\n<p><strong>Ivan, 25 a\u00f1os<\/strong><\/p>\n<p>Me gusta jugar a Helicopter X. El juego merece atenci\u00f3n tanto de jugadores experimentados como de reci\u00e9n llegados que est\u00e1n jugando juegos de azar por primera vez.<\/p>\n","protected":false},"excerpt":{"rendered":"<p>Hemos recopilado opiniones de jugadores sobre el juego Helicopter X. Por supuesto, antes de comenzar el juego, quieres conocer m\u00e1s informaci\u00f3n sobre el juego y las posibilidades que ofrece. Una revisi\u00f3n del juego de jugadores reales que juegan con dinero real todos los d\u00edas, ganando y perdiendo grandes sumas de dinero. Vladislav, 30 a\u00f1os Soy&#8230;<\/p>\n","protected":false},"author":1,"featured_media":0,"parent":0,"menu_order":0,"comment_status":"closed","ping_status":"closed","template":"","meta":{"footnotes":""},"yoast_head":"<!-- This site is optimized with the Yoast SEO plugin v16.5 - https:\/\/yoast.com\/wordpress\/plugins\/seo\/ -->\n<title>Opiniones de jugadores reales sobre el juego de crash Helicopter X en un casino en l\u00ednea<\/title>\n<meta name=\"description\" content=\"\u00a1Opiniones del juego Helicopter X! Opiniones y opiniones de jugadores sobre el juego de crash Helicopter X. Un an\u00e1lisis del juego por jugadores reales y visitantes del casino. Opiniones sobre el juego Helicopter X.\" \/>\n<meta name=\"robots\" content=\"index, follow, max-snippet:-1, max-image-preview:large, max-video-preview:-1\" \/>\n<link rel=\"canonical\" href=\"https:\/\/juegosdehelicopteros.net\/es\/player-reviews-of-the-game-helicopter-x\/\" \/>\n<meta property=\"og:locale\" content=\"en_US\" \/>\n<meta property=\"og:locale:alternate\" content=\"ru_RU\" \/>\n<meta property=\"og:locale:alternate\" content=\"en_US\" \/>\n<meta property=\"og:locale:alternate\" content=\"pt_PT\" \/>\n<meta property=\"og:locale:alternate\" content=\"ro_RO\" \/>\n<meta property=\"og:locale:alternate\" content=\"sr_RS\" \/>\n<meta property=\"og:locale:alternate\" content=\"bg_BG\" \/>\n<meta property=\"og:locale:alternate\" content=\"pl_PL\" \/>\n<meta property=\"og:locale:alternate\" content=\"it_IT\" \/>\n<meta property=\"og:locale:alternate\" content=\"fr_FR\" \/>\n<meta property=\"og:type\" content=\"article\" \/>\n<meta property=\"og:title\" content=\"Opiniones de jugadores reales sobre el juego de crash Helicopter X en un casino en l\u00ednea\" \/>\n<meta property=\"og:description\" content=\"\u00a1Opiniones del juego Helicopter X! Opiniones y opiniones de jugadores sobre el juego de crash Helicopter X. Un an\u00e1lisis del juego por jugadores reales y visitantes del casino. Opiniones sobre el juego Helicopter X.\" \/>\n<meta property=\"og:url\" content=\"https:\/\/juegosdehelicopteros.net\/es\/player-reviews-of-the-game-helicopter-x\/\" \/>\n<meta property=\"og:site_name\" content=\"Helicopter X\" \/>\n<meta property=\"article:modified_time\" content=\"2024-02-29T18:28:54+00:00\" \/>\n<meta name=\"twitter:card\" content=\"summary_large_image\" \/>\n<meta name=\"twitter:label1\" content=\"Est. reading time\" \/>\n\t<meta name=\"twitter:data1\" content=\"10 minutes\" \/>\n<script type=\"application\/ld+json\" class=\"yoast-schema-graph\">{\"@context\":\"https:\/\/schema.org\",\"@graph\":[{\"@type\":\"WebSite\",\"@id\":\"https:\/\/juegosdehelicopteros.net\/es\/#website\",\"url\":\"https:\/\/juegosdehelicopteros.net\/es\/\",\"name\":\"Helicopter X\",\"description\":\"\",\"potentialAction\":[{\"@type\":\"SearchAction\",\"target\":\"https:\/\/juegosdehelicopteros.net\/es\/?s={search_term_string}\",\"query-input\":\"required name=search_term_string\"}],\"inLanguage\":\"en-US\"},{\"@type\":\"WebPage\",\"@id\":\"https:\/\/juegosdehelicopteros.net\/es\/player-reviews-of-the-game-helicopter-x\/#webpage\",\"url\":\"https:\/\/juegosdehelicopteros.net\/es\/player-reviews-of-the-game-helicopter-x\/\",\"name\":\"Opiniones de jugadores reales sobre el juego de crash Helicopter X en un casino en l\\u00ednea\",\"isPartOf\":{\"@id\":\"https:\/\/juegosdehelicopteros.net\/es\/#website\"},\"datePublished\":\"2024-02-15T17:42:24+00:00\",\"dateModified\":\"2024-02-29T18:28:54+00:00\",\"description\":\"\\u00a1Opiniones del juego Helicopter X! Opiniones y opiniones de jugadores sobre el juego de crash Helicopter X. Un an\\u00e1lisis del juego por jugadores reales y visitantes del casino. Opiniones sobre el juego Helicopter X.\",\"breadcrumb\":{\"@id\":\"https:\/\/juegosdehelicopteros.net\/es\/player-reviews-of-the-game-helicopter-x\/#breadcrumb\"},\"inLanguage\":\"en-US\",\"potentialAction\":[{\"@type\":\"ReadAction\",\"target\":[\"https:\/\/juegosdehelicopteros.net\/es\/player-reviews-of-the-game-helicopter-x\/\"]}]},{\"@type\":\"BreadcrumbList\",\"@id\":\"https:\/\/juegosdehelicopteros.net\/es\/player-reviews-of-the-game-helicopter-x\/#breadcrumb\",\"itemListElement\":[{\"@type\":\"ListItem\",\"position\":1,\"name\":\"Home\",\"item\":\"https:\/\/juegosdehelicopteros.net\/es\/\"},{\"@type\":\"ListItem\",\"position\":2,\"name\":\"Rese\\u00f1as de jugadores sobre el juego Helicopter X\"}]}]}<\/script>\n<!-- \/ Yoast SEO plugin. -->","_links":{"self":[{"href":"https:\/\/juegosdehelicopteros.net\/es\/wp-json\/wp\/v2\/pages\/11"}],"collection":[{"href":"https:\/\/juegosdehelicopteros.net\/es\/wp-json\/wp\/v2\/pages"}],"about":[{"href":"https:\/\/juegosdehelicopteros.net\/es\/wp-json\/wp\/v2\/types\/page"}],"author":[{"embeddable":true,"href":"https:\/\/juegosdehelicopteros.net\/es\/wp-json\/wp\/v2\/users\/1"}],"replies":[{"embeddable":true,"href":"https:\/\/juegosdehelicopteros.net\/es\/wp-json\/wp\/v2\/comments?post=11"}],"version-history":[{"count":21,"href":"https:\/\/juegosdehelicopteros.net\/es\/wp-json\/wp\/v2\/pages\/11\/revisions"}],"predecessor-version":[{"id":171,"href":"https:\/\/juegosdehelicopteros.net\/es\/wp-json\/wp\/v2\/pages\/11\/revisions\/171"}],"wp:attachment":[{"href":"https:\/\/juegosdehelicopteros.net\/es\/wp-json\/wp\/v2\/media?parent=11"}],"curies":[{"name":"wp","href":"https:\/\/api.w.org\/{rel}","templated":true}]}}