{"id":13,"date":"2024-02-15T17:43:25","date_gmt":"2024-02-15T17:43:25","guid":{"rendered":"https:\/\/juegosdehelicopteros.net\/?page_id=13"},"modified":"2024-02-29T18:30:41","modified_gmt":"2024-02-29T18:30:41","slug":"recommendations-and-tips-for-the-crash-game-helicopter-x","status":"publish","type":"page","link":"https:\/\/juegosdehelicopteros.net\/es\/recommendations-and-tips-for-the-crash-game-helicopter-x\/","title":{"rendered":"Recomendaciones y consejos para el juego de crash Helicopter X"},"content":{"rendered":"<p>El casino en l\u00ednea puede ser una forma emocionante y entretenida de pasar el tiempo, pero es importante recordar algunas recomendaciones y consejos para mantener el juego seguro y responsable. Aqu\u00ed tienes una lista de consejos para jugar en el casino en l\u00ednea Helicopter X:<\/p>\n<h2><strong>Elige un casino confiable<\/strong><\/h2>\n<p>Antes de comenzar a jugar, aseg\u00farate de que el casino en l\u00ednea que has elegido tenga una buena reputaci\u00f3n y una licencia. Investiga las rese\u00f1as de otros jugadores y aseg\u00farate de que el casino cumpla con reglas y regulaciones estrictas. Jugar en un casino en l\u00ednea confiable y justo reduce el riesgo de p\u00e9rdidas financieras y garantiza que tus ganancias se paguen a tiempo.<\/p>\n<h2><strong>Aprende las reglas del juego<\/strong><\/h2>\n<p>Antes de empezar a jugar a Helicopter X, familiar\u00edzate con sus reglas y estrategias. Entender las reglas te ayudar\u00e1 a tomar decisiones informadas y mejorar tus posibilidades de ganar. Adem\u00e1s, considera usar diferentes estrategias de apuestas para maximizar tus posibilidades de \u00e9xito. Recuerda que cada juego tiene aspectos \u00fanicos, y conocer estos detalles puede aumentar significativamente tu efectividad en el juego.<\/p>\n<h2><strong>Juega responsablemente<\/strong><\/h2>\n<p>Juega solo cuando est\u00e9s de buen humor y puedas tomar decisiones razonables. No juegues bajo la influencia del alcohol o las drogas, ya que esto puede afectar tu juicio. Establece l\u00edmites para ti mismo en las apuestas y el tiempo para controlar tu juego y prevenir el desarrollo de la adicci\u00f3n al juego. Recuerda que el juego responsable implica la capacidad de detenerse cuando sea necesario.<\/p>\n<h2><strong>No juegues con dinero que no puedas permitirte perder<\/strong><\/h2>\n<p>Juega solo con el dinero que est\u00e9s dispuesto a perder. Nunca pidas dinero prestado para jugar en el casino, especialmente si es un pr\u00e9stamo o cr\u00e9dito. Administrar un presupuesto de juego ayuda a evitar dificultades financieras y mantiene el juego como una forma de entretenimiento en lugar de una fuente de estr\u00e9s. Entiende que el juego en el casino es entretenimiento con un resultado impredecible, lo que ayuda a mantener una actitud saludable hacia el juego.<\/p>\n<h2><strong>Miedo a perder<\/strong><\/h2>\n<p>Si no quieres arriesgar dinero real y no est\u00e1s familiarizado con el juego, familiar\u00edzate y prueba a jugar Helicopter X gratis primero. En el modo de demostraci\u00f3n, juegas con dinero virtual. El &#8220;modo de entretenimiento&#8221; permite a los jugadores acercarse m\u00e1s al juego sin arriesgar sus ahorros. Esta opci\u00f3n te permite aprender la mec\u00e1nica y caracter\u00edsticas del juego sin p\u00e9rdidas financieras, proporcionando una experiencia valiosa y confianza antes de jugar con dinero real.<\/p>\n<h2><strong>T\u00e1cticas<\/strong><\/h2>\n<p>Analiza tus coeficientes m\u00e1ximos y m\u00ednimos para desarrollar tu estrategia si es necesario en el futuro. Evaluar juegos pasados y tomar decisiones basadas en estad\u00edsticas puede mejorar tus posibilidades de \u00e9xito. El uso de t\u00e1cticas basadas en el an\u00e1lisis te ayudar\u00e1 a determinar los momentos \u00f3ptimos para apostar y salir del juego, aumentando tu eficiencia y posibles ganancias.<\/p>\n<h2><strong>Estad\u00edsticas en vivo<\/strong><\/h2>\n<p>\u00a1Analiza el juego de otros jugadores! Esto te ayudar\u00e1 a entender los intervalos de tiempo en los que los usuarios no obtienen grandes multiplicadores. Estudiar el comportamiento y las estrategias de otros jugadores puede proporcionar lecciones valiosas y ayudar a evitar errores comunes. Prestar atenci\u00f3n a las tendencias y cambios en el juego tambi\u00e9n puede ofrecer ventajas estrat\u00e9gicas.<\/p>\n<p>Siguiendo estos consejos mejorados, los jugadores pueden disfrutar jugando Helicopter X manteniendo el control y un enfoque racional hacia el juego. Recuerda que la clave para tener \u00e9xito en el juego de casino en l\u00ednea radica en una combinaci\u00f3n equilibrada de entretenimiento, estrategia y responsabilidad.<\/p>\n","protected":false},"excerpt":{"rendered":"<p>El casino en l\u00ednea puede ser una forma emocionante y entretenida de pasar el tiempo, pero es importante recordar algunas recomendaciones y consejos para mantener el juego seguro y responsable. Aqu\u00ed tienes una lista de consejos para jugar en el casino en l\u00ednea Helicopter X: Elige un casino confiable Antes de comenzar a jugar, aseg\u00farate&#8230;<\/p>\n","protected":false},"author":1,"featured_media":0,"parent":0,"menu_order":0,"comment_status":"closed","ping_status":"closed","template":"","meta":{"footnotes":""},"yoast_head":"<!-- This site is optimized with the Yoast SEO plugin v16.5 - https:\/\/yoast.com\/wordpress\/plugins\/seo\/ -->\n<title>C\u00f3mo jugar al juego de crash Helicopter X<\/title>\n<meta name=\"description\" content=\"Consejos sobre c\u00f3mo jugar al juego en l\u00ednea Helicopter X. Recomendaciones, consejos para los jugadores que eligen jugar Helicopter X en un casino en l\u00ednea\" \/>\n<meta name=\"robots\" content=\"index, follow, max-snippet:-1, max-image-preview:large, max-video-preview:-1\" \/>\n<link rel=\"canonical\" href=\"https:\/\/juegosdehelicopteros.net\/es\/recommendations-and-tips-for-the-crash-game-helicopter-x\/\" \/>\n<meta property=\"og:locale\" content=\"en_US\" \/>\n<meta property=\"og:locale:alternate\" content=\"ru_RU\" \/>\n<meta property=\"og:locale:alternate\" content=\"en_US\" \/>\n<meta property=\"og:locale:alternate\" content=\"pt_PT\" \/>\n<meta property=\"og:locale:alternate\" content=\"ro_RO\" \/>\n<meta property=\"og:locale:alternate\" content=\"sr_RS\" \/>\n<meta property=\"og:locale:alternate\" content=\"bg_BG\" \/>\n<meta property=\"og:locale:alternate\" content=\"pl_PL\" \/>\n<meta property=\"og:locale:alternate\" content=\"it_IT\" \/>\n<meta property=\"og:locale:alternate\" content=\"fr_FR\" \/>\n<meta property=\"og:type\" content=\"article\" \/>\n<meta property=\"og:title\" content=\"C\u00f3mo jugar al juego de crash Helicopter X\" \/>\n<meta property=\"og:description\" content=\"Consejos sobre c\u00f3mo jugar al juego en l\u00ednea Helicopter X. Recomendaciones, consejos para los jugadores que eligen jugar Helicopter X en un casino en l\u00ednea\" \/>\n<meta property=\"og:url\" content=\"https:\/\/juegosdehelicopteros.net\/es\/recommendations-and-tips-for-the-crash-game-helicopter-x\/\" \/>\n<meta property=\"og:site_name\" content=\"Helicopter X\" \/>\n<meta property=\"article:modified_time\" content=\"2024-02-29T18:30:41+00:00\" \/>\n<meta name=\"twitter:card\" content=\"summary_large_image\" \/>\n<meta name=\"twitter:label1\" content=\"Est. reading time\" \/>\n\t<meta name=\"twitter:data1\" content=\"21 minutes\" \/>\n<script type=\"application\/ld+json\" class=\"yoast-schema-graph\">{\"@context\":\"https:\/\/schema.org\",\"@graph\":[{\"@type\":\"WebSite\",\"@id\":\"https:\/\/juegosdehelicopteros.net\/es\/#website\",\"url\":\"https:\/\/juegosdehelicopteros.net\/es\/\",\"name\":\"Helicopter X\",\"description\":\"\",\"potentialAction\":[{\"@type\":\"SearchAction\",\"target\":\"https:\/\/juegosdehelicopteros.net\/es\/?s={search_term_string}\",\"query-input\":\"required name=search_term_string\"}],\"inLanguage\":\"en-US\"},{\"@type\":\"WebPage\",\"@id\":\"https:\/\/juegosdehelicopteros.net\/es\/recommendations-and-tips-for-the-crash-game-helicopter-x\/#webpage\",\"url\":\"https:\/\/juegosdehelicopteros.net\/es\/recommendations-and-tips-for-the-crash-game-helicopter-x\/\",\"name\":\"C\\u00f3mo jugar al juego de crash Helicopter X\",\"isPartOf\":{\"@id\":\"https:\/\/juegosdehelicopteros.net\/es\/#website\"},\"datePublished\":\"2024-02-15T17:43:25+00:00\",\"dateModified\":\"2024-02-29T18:30:41+00:00\",\"description\":\"Consejos sobre c\\u00f3mo jugar al juego en l\\u00ednea Helicopter X. Recomendaciones, consejos para los jugadores que eligen jugar Helicopter X en un casino en l\\u00ednea\",\"breadcrumb\":{\"@id\":\"https:\/\/juegosdehelicopteros.net\/es\/recommendations-and-tips-for-the-crash-game-helicopter-x\/#breadcrumb\"},\"inLanguage\":\"en-US\",\"potentialAction\":[{\"@type\":\"ReadAction\",\"target\":[\"https:\/\/juegosdehelicopteros.net\/es\/recommendations-and-tips-for-the-crash-game-helicopter-x\/\"]}]},{\"@type\":\"BreadcrumbList\",\"@id\":\"https:\/\/juegosdehelicopteros.net\/es\/recommendations-and-tips-for-the-crash-game-helicopter-x\/#breadcrumb\",\"itemListElement\":[{\"@type\":\"ListItem\",\"position\":1,\"name\":\"Home\",\"item\":\"https:\/\/juegosdehelicopteros.net\/es\/\"},{\"@type\":\"ListItem\",\"position\":2,\"name\":\"Recomendaciones y consejos para el juego de crash Helicopter X\"}]}]}<\/script>\n<!-- \/ Yoast SEO plugin. -->","_links":{"self":[{"href":"https:\/\/juegosdehelicopteros.net\/es\/wp-json\/wp\/v2\/pages\/13"}],"collection":[{"href":"https:\/\/juegosdehelicopteros.net\/es\/wp-json\/wp\/v2\/pages"}],"about":[{"href":"https:\/\/juegosdehelicopteros.net\/es\/wp-json\/wp\/v2\/types\/page"}],"author":[{"embeddable":true,"href":"https:\/\/juegosdehelicopteros.net\/es\/wp-json\/wp\/v2\/users\/1"}],"replies":[{"embeddable":true,"href":"https:\/\/juegosdehelicopteros.net\/es\/wp-json\/wp\/v2\/comments?post=13"}],"version-history":[{"count":21,"href":"https:\/\/juegosdehelicopteros.net\/es\/wp-json\/wp\/v2\/pages\/13\/revisions"}],"predecessor-version":[{"id":172,"href":"https:\/\/juegosdehelicopteros.net\/es\/wp-json\/wp\/v2\/pages\/13\/revisions\/172"}],"wp:attachment":[{"href":"https:\/\/juegosdehelicopteros.net\/es\/wp-json\/wp\/v2\/media?parent=13"}],"curies":[{"name":"wp","href":"https:\/\/api.w.org\/{rel}","templated":true}]}}