{"id":15,"date":"2024-02-15T19:39:00","date_gmt":"2024-02-15T19:39:00","guid":{"rendered":"https:\/\/juegosdehelicopteros.net\/?page_id=15"},"modified":"2024-02-29T18:24:26","modified_gmt":"2024-02-29T18:24:26","slug":"play-and-win-in-helicopter-x","status":"publish","type":"page","link":"https:\/\/juegosdehelicopteros.net\/es\/play-and-win-in-helicopter-x\/","title":{"rendered":"Juega y gana en Helicopter X"},"content":{"rendered":"<p>Si est\u00e1s empezando a jugar al juego de choque Helicopter X, hemos recopilado las mejores estrategias para mejorar tus resultados. Esto no es una garant\u00eda de victoria, pero es mucho mejor que presionar teclas al azar:<\/p>\n<h2><strong>Observaci\u00f3n de patrones<\/strong><\/h2>\n<p>Observa el juego e intenta detectar patrones en la aparici\u00f3n de multiplicadores altos. Si notas que se vuelven menos frecuentes, aumenta tu apuesta en las siguientes rondas. Esto puede aumentar tus posibilidades de \u00e9xito.<\/p>\n<h2><strong>Estrategia de Martingala<\/strong><\/h2>\n<p>Para jugadores audaces y arriesgados. Despu\u00e9s de cada p\u00e9rdida, aumenta tu apuesta, y despu\u00e9s de una victoria, vuelve al monto inicial. Este m\u00e9todo ayuda a recuperar los fondos perdidos pero requiere un presupuesto significativo y experiencia.<\/p>\n<h2><strong>Estrategia de Martingala inversa<\/strong><\/h2>\n<p>Despu\u00e9s de cada victoria, aumenta tu apuesta, y despu\u00e9s de una p\u00e9rdida, dismin\u00fayela. Este enfoque ayuda a minimizar los riesgos y aumentar las posibilidades de un juego exitoso, reduciendo las posibles p\u00e9rdidas.<\/p>\n<h2><strong>An\u00e1lisis de estad\u00edsticas y comportamiento de otros jugadores<\/strong><\/h2>\n<p>Observa de cerca las estad\u00edsticas en tiempo real y las acciones de otros jugadores, especialmente durante las rondas con peque\u00f1as ganancias que pueden indicar pr\u00f3ximos multiplicadores grandes.<\/p>\n<p>Recuerda que no hay garant\u00eda absoluta de ganar, y ninguna estrategia puede prometer un \u00e9xito del 100%. Sin embargo, aplicar enfoques y estrategias reflexivas es significativamente mejor que depender \u00fanicamente de la suerte.<\/p>\n","protected":false},"excerpt":{"rendered":"<p>Si est\u00e1s empezando a jugar al juego de choque Helicopter X, hemos recopilado las mejores estrategias para mejorar tus resultados. Esto no es una garant\u00eda de victoria, pero es mucho mejor que presionar teclas al azar: Observaci\u00f3n de patrones Observa el juego e intenta detectar patrones en la aparici\u00f3n de multiplicadores altos. Si notas que&#8230;<\/p>\n","protected":false},"author":1,"featured_media":0,"parent":0,"menu_order":0,"comment_status":"closed","ping_status":"closed","template":"","meta":{"footnotes":""},"yoast_head":"<!-- This site is optimized with the Yoast SEO plugin v16.5 - https:\/\/yoast.com\/wordpress\/plugins\/seo\/ -->\n<title>Estrategias y t\u00e1cticas en el juego de crash Helicopter X en un casino en l\u00ednea<\/title>\n<meta name=\"description\" content=\"C\u00f3mo jugar y ganar en el juego en l\u00ednea Helicopter X. Estrategias y t\u00e1cticas en el juego Helicopter X. C\u00f3mo ganar jugando al juego de crash del Helic\u00f3ptero\" \/>\n<meta name=\"robots\" content=\"index, follow, max-snippet:-1, max-image-preview:large, max-video-preview:-1\" \/>\n<link rel=\"canonical\" href=\"https:\/\/juegosdehelicopteros.net\/es\/play-and-win-in-helicopter-x\/\" \/>\n<meta property=\"og:locale\" content=\"en_US\" \/>\n<meta property=\"og:locale:alternate\" content=\"ru_RU\" \/>\n<meta property=\"og:locale:alternate\" content=\"en_US\" \/>\n<meta property=\"og:locale:alternate\" content=\"pt_PT\" \/>\n<meta property=\"og:locale:alternate\" content=\"ro_RO\" \/>\n<meta property=\"og:locale:alternate\" content=\"sr_RS\" \/>\n<meta property=\"og:locale:alternate\" content=\"bg_BG\" \/>\n<meta property=\"og:locale:alternate\" content=\"pl_PL\" \/>\n<meta property=\"og:locale:alternate\" content=\"it_IT\" \/>\n<meta property=\"og:locale:alternate\" content=\"fr_FR\" \/>\n<meta property=\"og:type\" content=\"article\" \/>\n<meta property=\"og:title\" content=\"Estrategias y t\u00e1cticas en el juego de crash Helicopter X en un casino en l\u00ednea\" \/>\n<meta property=\"og:description\" content=\"C\u00f3mo jugar y ganar en el juego en l\u00ednea Helicopter X. Estrategias y t\u00e1cticas en el juego Helicopter X. C\u00f3mo ganar jugando al juego de crash del Helic\u00f3ptero\" \/>\n<meta property=\"og:url\" content=\"https:\/\/juegosdehelicopteros.net\/es\/play-and-win-in-helicopter-x\/\" \/>\n<meta property=\"og:site_name\" content=\"Helicopter X\" \/>\n<meta property=\"article:modified_time\" content=\"2024-02-29T18:24:26+00:00\" \/>\n<meta name=\"twitter:card\" content=\"summary_large_image\" \/>\n<meta name=\"twitter:label1\" content=\"Est. reading time\" \/>\n\t<meta name=\"twitter:data1\" content=\"8 minutes\" \/>\n<script type=\"application\/ld+json\" class=\"yoast-schema-graph\">{\"@context\":\"https:\/\/schema.org\",\"@graph\":[{\"@type\":\"WebSite\",\"@id\":\"https:\/\/juegosdehelicopteros.net\/es\/#website\",\"url\":\"https:\/\/juegosdehelicopteros.net\/es\/\",\"name\":\"Helicopter X\",\"description\":\"\",\"potentialAction\":[{\"@type\":\"SearchAction\",\"target\":\"https:\/\/juegosdehelicopteros.net\/es\/?s={search_term_string}\",\"query-input\":\"required name=search_term_string\"}],\"inLanguage\":\"en-US\"},{\"@type\":\"WebPage\",\"@id\":\"https:\/\/juegosdehelicopteros.net\/es\/play-and-win-in-helicopter-x\/#webpage\",\"url\":\"https:\/\/juegosdehelicopteros.net\/es\/play-and-win-in-helicopter-x\/\",\"name\":\"Estrategias y t\\u00e1cticas en el juego de crash Helicopter X en un casino en l\\u00ednea\",\"isPartOf\":{\"@id\":\"https:\/\/juegosdehelicopteros.net\/es\/#website\"},\"datePublished\":\"2024-02-15T19:39:00+00:00\",\"dateModified\":\"2024-02-29T18:24:26+00:00\",\"description\":\"C\\u00f3mo jugar y ganar en el juego en l\\u00ednea Helicopter X. Estrategias y t\\u00e1cticas en el juego Helicopter X. C\\u00f3mo ganar jugando al juego de crash del Helic\\u00f3ptero\",\"breadcrumb\":{\"@id\":\"https:\/\/juegosdehelicopteros.net\/es\/play-and-win-in-helicopter-x\/#breadcrumb\"},\"inLanguage\":\"en-US\",\"potentialAction\":[{\"@type\":\"ReadAction\",\"target\":[\"https:\/\/juegosdehelicopteros.net\/es\/play-and-win-in-helicopter-x\/\"]}]},{\"@type\":\"BreadcrumbList\",\"@id\":\"https:\/\/juegosdehelicopteros.net\/es\/play-and-win-in-helicopter-x\/#breadcrumb\",\"itemListElement\":[{\"@type\":\"ListItem\",\"position\":1,\"name\":\"Home\",\"item\":\"https:\/\/juegosdehelicopteros.net\/es\/\"},{\"@type\":\"ListItem\",\"position\":2,\"name\":\"Juega y gana en Helicopter X\"}]}]}<\/script>\n<!-- \/ Yoast SEO plugin. -->","_links":{"self":[{"href":"https:\/\/juegosdehelicopteros.net\/es\/wp-json\/wp\/v2\/pages\/15"}],"collection":[{"href":"https:\/\/juegosdehelicopteros.net\/es\/wp-json\/wp\/v2\/pages"}],"about":[{"href":"https:\/\/juegosdehelicopteros.net\/es\/wp-json\/wp\/v2\/types\/page"}],"author":[{"embeddable":true,"href":"https:\/\/juegosdehelicopteros.net\/es\/wp-json\/wp\/v2\/users\/1"}],"replies":[{"embeddable":true,"href":"https:\/\/juegosdehelicopteros.net\/es\/wp-json\/wp\/v2\/comments?post=15"}],"version-history":[{"count":21,"href":"https:\/\/juegosdehelicopteros.net\/es\/wp-json\/wp\/v2\/pages\/15\/revisions"}],"predecessor-version":[{"id":169,"href":"https:\/\/juegosdehelicopteros.net\/es\/wp-json\/wp\/v2\/pages\/15\/revisions\/169"}],"wp:attachment":[{"href":"https:\/\/juegosdehelicopteros.net\/es\/wp-json\/wp\/v2\/media?parent=15"}],"curies":[{"name":"wp","href":"https:\/\/api.w.org\/{rel}","templated":true}]}}