{"id":17,"date":"2024-02-15T19:41:26","date_gmt":"2024-02-15T19:41:26","guid":{"rendered":"https:\/\/juegosdehelicopteros.net\/?page_id=17"},"modified":"2024-02-29T18:21:42","modified_gmt":"2024-02-29T18:21:42","slug":"faq-frequently-asked-questions-about-the-game-helicopter-x","status":"publish","type":"page","link":"https:\/\/juegosdehelicopteros.net\/es\/faq-frequently-asked-questions-about-the-game-helicopter-x\/","title":{"rendered":"FAQ &#8211; Preguntas frecuentes sobre el juego Helicopter X"},"content":{"rendered":"<p><strong>\u00bfPuedo jugar al juego de choque Helicopter X gratis?<\/strong><\/p>\n<p>\u00a1S\u00ed, puedes jugar primero a la versi\u00f3n de demostraci\u00f3n de Helicopter X, jugar sin ning\u00fan dep\u00f3sito!<\/p>\n<p><strong>\u00bfPuedo ganar dinero real jugando al juego Helicopter X?<\/strong><\/p>\n<p>S\u00ed, puedes jugar en el casino Helicopter X en tiempo real y ganar dinero real.<\/p>\n<p><strong>\u00bfCu\u00e1l es el mejor lugar para jugar al juego en l\u00ednea Helicopter X?<\/strong><\/p>\n<p>Puedes jugar al juego gratuito en cualquier lugar, pero si planeas comenzar a jugar por dinero real, debes elegir un casino confiable y seguro. \u00a1Para que tu juego sea tranquilo y solo traiga emociones positivas!<\/p>\n<p><strong>\u00bfPuedo jugar al casino en l\u00ednea Helicopter X en mi dispositivo m\u00f3vil?<\/strong><\/p>\n<p>S\u00ed, el juego Helicopter X est\u00e1 optimizado para dispositivos y pantallas de todas las resoluciones, por lo que puedes disfrutar del juego en tu tel\u00e9fono m\u00f3vil Android o iOS.<\/p>\n<p><strong>\u00bfCu\u00e1l es la apuesta m\u00ednima en el juego en l\u00ednea Helicopter X?<\/strong><\/p>\n<p>La apuesta m\u00ednima en el casino en l\u00ednea Helicopter X es 0.05.<\/p>\n<p><strong>\u00bfCu\u00e1l es la apuesta m\u00e1xima en el juego en l\u00ednea Helicopter X?<\/strong><\/p>\n<p>La apuesta m\u00e1xima en el casino en l\u00ednea Helicopter X es 200.<\/p>\n","protected":false},"excerpt":{"rendered":"<p>\u00bfPuedo jugar al juego de choque Helicopter X gratis? \u00a1S\u00ed, puedes jugar primero a la versi\u00f3n de demostraci\u00f3n de Helicopter X, jugar sin ning\u00fan dep\u00f3sito! \u00bfPuedo ganar dinero real jugando al juego Helicopter X? S\u00ed, puedes jugar en el casino Helicopter X en tiempo real y ganar dinero real. \u00bfCu\u00e1l es el mejor lugar para&#8230;<\/p>\n","protected":false},"author":1,"featured_media":0,"parent":0,"menu_order":0,"comment_status":"closed","ping_status":"closed","template":"","meta":{"footnotes":""},"yoast_head":"<!-- This site is optimized with the Yoast SEO plugin v16.5 - https:\/\/yoast.com\/wordpress\/plugins\/seo\/ -->\n<title>Preguntas frecuentes - Preguntas frecuentes sobre el juego Helicopter X<\/title>\n<meta name=\"description\" content=\"Hemos recopilado preguntas y respuestas sobre el juego en l\u00ednea Helicopter X. Toda la informaci\u00f3n sobre el juego del Helic\u00f3ptero. Todo lo que quer\u00edas preguntar\" \/>\n<meta name=\"robots\" content=\"index, follow, max-snippet:-1, max-image-preview:large, max-video-preview:-1\" \/>\n<link rel=\"canonical\" href=\"https:\/\/juegosdehelicopteros.net\/es\/faq-frequently-asked-questions-about-the-game-helicopter-x\/\" \/>\n<meta property=\"og:locale\" content=\"en_US\" \/>\n<meta property=\"og:locale:alternate\" content=\"ru_RU\" \/>\n<meta property=\"og:locale:alternate\" content=\"en_US\" \/>\n<meta property=\"og:locale:alternate\" content=\"pt_PT\" \/>\n<meta property=\"og:locale:alternate\" content=\"ro_RO\" \/>\n<meta property=\"og:locale:alternate\" content=\"sr_RS\" \/>\n<meta property=\"og:locale:alternate\" content=\"bg_BG\" \/>\n<meta property=\"og:locale:alternate\" content=\"pl_PL\" \/>\n<meta property=\"og:locale:alternate\" content=\"it_IT\" \/>\n<meta property=\"og:locale:alternate\" content=\"fr_FR\" \/>\n<meta property=\"og:type\" content=\"article\" \/>\n<meta property=\"og:title\" content=\"Preguntas frecuentes - Preguntas frecuentes sobre el juego Helicopter X\" \/>\n<meta property=\"og:description\" content=\"Hemos recopilado preguntas y respuestas sobre el juego en l\u00ednea Helicopter X. Toda la informaci\u00f3n sobre el juego del Helic\u00f3ptero. Todo lo que quer\u00edas preguntar\" \/>\n<meta property=\"og:url\" content=\"https:\/\/juegosdehelicopteros.net\/es\/faq-frequently-asked-questions-about-the-game-helicopter-x\/\" \/>\n<meta property=\"og:site_name\" content=\"Helicopter X\" \/>\n<meta property=\"article:modified_time\" content=\"2024-02-29T18:21:42+00:00\" \/>\n<meta name=\"twitter:card\" content=\"summary_large_image\" \/>\n<meta name=\"twitter:label1\" content=\"Est. reading time\" \/>\n\t<meta name=\"twitter:data1\" content=\"7 minutes\" \/>\n<script type=\"application\/ld+json\" class=\"yoast-schema-graph\">{\"@context\":\"https:\/\/schema.org\",\"@graph\":[{\"@type\":\"WebSite\",\"@id\":\"https:\/\/juegosdehelicopteros.net\/es\/#website\",\"url\":\"https:\/\/juegosdehelicopteros.net\/es\/\",\"name\":\"Helicopter X\",\"description\":\"\",\"potentialAction\":[{\"@type\":\"SearchAction\",\"target\":\"https:\/\/juegosdehelicopteros.net\/es\/?s={search_term_string}\",\"query-input\":\"required name=search_term_string\"}],\"inLanguage\":\"en-US\"},{\"@type\":\"WebPage\",\"@id\":\"https:\/\/juegosdehelicopteros.net\/es\/faq-frequently-asked-questions-about-the-game-helicopter-x\/#webpage\",\"url\":\"https:\/\/juegosdehelicopteros.net\/es\/faq-frequently-asked-questions-about-the-game-helicopter-x\/\",\"name\":\"Preguntas frecuentes - Preguntas frecuentes sobre el juego Helicopter X\",\"isPartOf\":{\"@id\":\"https:\/\/juegosdehelicopteros.net\/es\/#website\"},\"datePublished\":\"2024-02-15T19:41:26+00:00\",\"dateModified\":\"2024-02-29T18:21:42+00:00\",\"description\":\"Hemos recopilado preguntas y respuestas sobre el juego en l\\u00ednea Helicopter X. Toda la informaci\\u00f3n sobre el juego del Helic\\u00f3ptero. Todo lo que quer\\u00edas preguntar\",\"breadcrumb\":{\"@id\":\"https:\/\/juegosdehelicopteros.net\/es\/faq-frequently-asked-questions-about-the-game-helicopter-x\/#breadcrumb\"},\"inLanguage\":\"en-US\",\"potentialAction\":[{\"@type\":\"ReadAction\",\"target\":[\"https:\/\/juegosdehelicopteros.net\/es\/faq-frequently-asked-questions-about-the-game-helicopter-x\/\"]}]},{\"@type\":\"BreadcrumbList\",\"@id\":\"https:\/\/juegosdehelicopteros.net\/es\/faq-frequently-asked-questions-about-the-game-helicopter-x\/#breadcrumb\",\"itemListElement\":[{\"@type\":\"ListItem\",\"position\":1,\"name\":\"Home\",\"item\":\"https:\/\/juegosdehelicopteros.net\/es\/\"},{\"@type\":\"ListItem\",\"position\":2,\"name\":\"FAQ &#8211; Preguntas frecuentes sobre el juego Helicopter X\"}]}]}<\/script>\n<!-- \/ Yoast SEO plugin. -->","_links":{"self":[{"href":"https:\/\/juegosdehelicopteros.net\/es\/wp-json\/wp\/v2\/pages\/17"}],"collection":[{"href":"https:\/\/juegosdehelicopteros.net\/es\/wp-json\/wp\/v2\/pages"}],"about":[{"href":"https:\/\/juegosdehelicopteros.net\/es\/wp-json\/wp\/v2\/types\/page"}],"author":[{"embeddable":true,"href":"https:\/\/juegosdehelicopteros.net\/es\/wp-json\/wp\/v2\/users\/1"}],"replies":[{"embeddable":true,"href":"https:\/\/juegosdehelicopteros.net\/es\/wp-json\/wp\/v2\/comments?post=17"}],"version-history":[{"count":21,"href":"https:\/\/juegosdehelicopteros.net\/es\/wp-json\/wp\/v2\/pages\/17\/revisions"}],"predecessor-version":[{"id":167,"href":"https:\/\/juegosdehelicopteros.net\/es\/wp-json\/wp\/v2\/pages\/17\/revisions\/167"}],"wp:attachment":[{"href":"https:\/\/juegosdehelicopteros.net\/es\/wp-json\/wp\/v2\/media?parent=17"}],"curies":[{"name":"wp","href":"https:\/\/api.w.org\/{rel}","templated":true}]}}