{"id":7,"date":"2024-02-15T17:40:43","date_gmt":"2024-02-15T17:40:43","guid":{"rendered":"https:\/\/juegosdehelicopteros.net\/?page_id=7"},"modified":"2024-02-29T18:27:17","modified_gmt":"2024-02-29T18:27:17","slug":"about-the-game-helicopter-x","status":"publish","type":"page","link":"https:\/\/juegosdehelicopteros.net\/es\/","title":{"rendered":"Sobre el juego Helicopter X"},"content":{"rendered":"<p>El juego en l\u00ednea Helicopter X es un emocionante y sencillo juego de azar con un estilo moderno interesante y una trama clara, desarrollado por SmartSoft Gaming.<\/p>\n<p>SmartSoft Gaming son profesionales en su campo, y el juego Helicopter X es otro ejemplo de c\u00f3mo los m\u00e9todos innovadores permiten que los juegos de choque tradicionales alcancen un nuevo nivel.<\/p>\n<p>El juego Helicopter X presenta un juego simple y extremadamente comprensible, adecuado tanto para principiantes como para jugadores experimentados. La tragamonedas es adecuada para cualquier tipo de jugador, ya sea que tenga un presupuesto peque\u00f1o o disfrute jugando con grandes apuestas. \u00a1Disfruta del juego tanto en modo gratuito como en modo de dinero real! Si te gustan los juegos de azar con una jugabilidad sencilla y gr\u00e1ficos de alta calidad, entonces jugar a Helicopter X en un casino en l\u00ednea puede ser una excelente opci\u00f3n para ti.<\/p>\n<h2><strong>Acerca de la trama del juego Helicopter X:<\/strong><\/h2>\n<p>La acci\u00f3n tiene lugar en un helipuerto, al que un diamante est\u00e1 firmemente sujeto por cadenas fuertes. Antes de que comience el juego, ves una imagen de un helic\u00f3ptero y una pantalla de carga que muestra cu\u00e1ndo estar\u00e1 listo tu helic\u00f3ptero para lanzarse. \u00a1El diamante para el jugador es ese premio muy precioso! Y sobre tu tesoro vuela un helic\u00f3ptero, tambi\u00e9n sujeto a \u00e9l por una cadena. Mientras el helic\u00f3ptero intenta diligentemente arrebatar el diamante de las cadenas y llevarlo lejos del helipuerto, tu tarea es agarrar tus ganancias antes de que la cadena que une el helic\u00f3ptero y el diamante se rompa. A medida que tu helic\u00f3ptero intenta recuperar el diamante, el multiplicador aumenta continuamente, creando una atm\u00f3sfera tensa durante el juego.<\/p>\n<p>\u00a1Y si a\u00fan logras recuperar el diamante del helipuerto, ya puedes ver c\u00f3mo tu multiplicador alcanza proporciones incre\u00edbles! Pero no te relajes demasiado, ya que en cualquier momento el helic\u00f3ptero puede volar, llev\u00e1ndose tus ganancias consigo. Durante todo este tiempo, te acompa\u00f1ar\u00e1 m\u00fasica motivadora e incre\u00edblemente de alta calidad, gr\u00e1ficos modernos.<\/p>\n<h2><strong>Caracter\u00edsticas del juego Helicopter X:<\/strong><\/h2>\n<p>La lista de caracter\u00edsticas del juego en l\u00ednea Helicopter X que lo distinguen de otros juegos de choque:<\/p>\n<ul>\n<li><strong>Gr\u00e1ficos del juego:<\/strong><\/li>\n<\/ul>\n<p>Una de las caracter\u00edsticas principales de Helicopter X es su estilo visual. Los gr\u00e1ficos del juego est\u00e1n en una tem\u00e1tica moderna, d\u00e1ndole originalidad y su propia atm\u00f3sfera.<\/p>\n<ul>\n<li><strong>Apuesta doble:<\/strong><\/li>\n<\/ul>\n<p>En Helicopter X, hay varias opciones de apuestas, lo que permite a cada jugador elegir la que mejor le convenga. En la parte inferior, ves la interfaz donde puedes ajustar el tama\u00f1o de tu apuesta. Justo arriba, puedes elegir un modo conveniente para ti: apuesta \u00fanica o apuesta doble. Un poco a la izquierda, hay una funci\u00f3n de configuraci\u00f3n de apuestas. Aqu\u00ed puedes especificar el valor del coeficiente en el que el juego recoge autom\u00e1ticamente las ganancias. \u00a1No temas experimentar y recoger tus ganancias!<\/p>\n<ul>\n<li><strong>Historial de coeficientes:<\/strong><\/li>\n<\/ul>\n<p>En el lado izquierdo de la pantalla hay una columna que indica tu coeficiente m\u00e1ximo que has alcanzado en rondas anteriores. Gracias a esta funci\u00f3n, puedes intentar analizar despu\u00e9s de cu\u00e1ntas rondas el juego da un gran multiplicador y cu\u00e1nto tiempo mantiene un coeficiente peque\u00f1o.<\/p>\n<ul>\n<li><strong>Visualizaci\u00f3n en l\u00ednea de las apuestas de otros jugadores:<\/strong><\/li>\n<\/ul>\n<p>En el lado derecho de la pantalla, puedes ver un icono de reloj, haz clic en \u00e9l y elige la secci\u00f3n de apuestas actuales: esta es la visualizaci\u00f3n en l\u00ednea de los multiplicadores y los tama\u00f1os de las ganancias de otros jugadores en ese momento. Tambi\u00e9n hay una secci\u00f3n de las mejores ganancias donde puedes ver los coeficientes m\u00e1s grandes y los tama\u00f1os de las ganancias de los jugadores por d\u00eda, por semana e incluso por mes. La secci\u00f3n &#8220;mis apuestas&#8221; muestra el historial de tus coeficientes, ganancias y la hora en que recogiste tus ganancias.<\/p>\n<h2><strong>Ventajas y desventajas del juego en l\u00ednea Helicopter X:<\/strong><\/h2>\n<table>\n<tbody>\n<tr>\n<td>Ventajas<\/td>\n<td>Desventajas<\/td>\n<\/tr>\n<tr>\n<td>Coeficiente m\u00e1ximo: <strong>1000x<\/strong><\/td>\n<td>Sin juego de bonificaci\u00f3n<\/td>\n<\/tr>\n<tr>\n<td>RTP (Retorno al Jugador) es del 96%<\/td>\n<td>Sin jackpot progresivo<\/td>\n<\/tr>\n<tr>\n<td>Estad\u00edsticas en vivo, que te permiten analizar las ganancias de otros jugadores y cu\u00e1ndo el juego tiende a dar multiplicadores m\u00e1s altos<\/td>\n<td>Algunos jugadores pueden encontrar Helicopter X un poco mon\u00f3tono despu\u00e9s de jugar durante mucho tiempo. Los usuarios pueden cansarse r\u00e1pidamente del juego mon\u00f3tono<\/td>\n<\/tr>\n<tr>\n<td>Apuesta m\u00ednima 0.05<br \/>\nApuesta m\u00e1xima 200<\/td>\n<td>Sin giros gratis<\/td>\n<\/tr>\n<\/tbody>\n<\/table>\n<p>Hablando de las ventajas y desventajas del juego en l\u00ednea Helicopter X, recuerda que este es un juego que ofrece un coeficiente m\u00e1ximo de ganancia de 1000 veces la apuesta. El juego Helicopter X no solo impresiona con su generosidad potencial, sino que tambi\u00e9n proporciona un alto nivel de retorno para el jugador: el RTP (Retorno al Jugador) es del 96%. Esto significa que, en promedio, por cada $100 gastados en el juego, los jugadores pueden esperar un retorno de $96. Esta es una cifra bastante alta en el mundo del juego.<\/p>\n<p>Una caracter\u00edstica particularmente atractiva del juego Helicopter X es la introducci\u00f3n de estad\u00edsticas en vivo, que permiten a los jugadores analizar las ganancias de otros participantes y determinar cu\u00e1ndo el juego tiende a otorgar multiplicadores m\u00e1s altos. Esta herramienta anal\u00edtica puede ser clave para la estrategia, permitiendo a los jugadores planificar sus apuestas de manera m\u00e1s consciente y efectiva. Con una apuesta m\u00ednima de solo 5 centavos y una apuesta m\u00e1xima que alcanza los 200, el juego se vuelve accesible para todo tipo de jugadores.<\/p>\n<p>Hablando de las desventajas del juego Helicopter X, el juego tiene algunas limitaciones que pueden afectar la percepci\u00f3n y la experiencia de juego de los usuarios. Es importante tener en cuenta que Helicopter X carece de un juego de bonificaci\u00f3n, que es una caracter\u00edstica bastante com\u00fan en otros juegos en l\u00ednea.<\/p>\n<p>Tambi\u00e9n vale la pena mencionar que el juego no cuenta con un jackpot progresivo. Los jackpots progresivos a menudo sirven como incentivos poderosos para los jugadores, agregando emoci\u00f3n y anticipaci\u00f3n a una gran victoria que puede cambiar vidas. La ausencia de tal jackpot puede reducir la atracci\u00f3n general del juego para aquellos que buscan la emoci\u00f3n de ganar potencialmente una gran suma de dinero.<\/p>\n<p>Adem\u00e1s, algunos jugadores pueden sentir la monoton\u00eda del juego Helicopter X con el tiempo, especialmente despu\u00e9s de sesiones prolongadas. La falta de variedad en la jugabilidad puede llevar r\u00e1pidamente al cansancio. Esto hace que el juego sea menos atractivo para aquellos que buscan no solo la oportunidad de ganar, sino tambi\u00e9n una experiencia de juego interesante.<\/p>\n","protected":false},"excerpt":{"rendered":"<p>El juego en l\u00ednea Helicopter X es un emocionante y sencillo juego de azar con un estilo moderno interesante y una trama clara, desarrollado por SmartSoft Gaming. SmartSoft Gaming son profesionales en su campo, y el juego Helicopter X es otro ejemplo de c\u00f3mo los m\u00e9todos innovadores permiten que los juegos de choque tradicionales alcancen&#8230;<\/p>\n","protected":false},"author":1,"featured_media":0,"parent":0,"menu_order":0,"comment_status":"closed","ping_status":"closed","template":"","meta":{"footnotes":""},"yoast_head":"<!-- This site is optimized with the Yoast SEO plugin v16.5 - https:\/\/yoast.com\/wordpress\/plugins\/seo\/ -->\n<title>Jugar al juego en l\u00ednea Helicopter X en un casino en l\u00ednea<\/title>\n<meta name=\"description\" content=\"Juega por dinero real en un casino en l\u00ednea en el juego de crash Helicopter X. La trama del juego, ventajas y desventajas, caracter\u00edsticas de la tragamonedas en l\u00ednea Helicopter X.\" \/>\n<meta name=\"robots\" content=\"index, follow, max-snippet:-1, max-image-preview:large, max-video-preview:-1\" \/>\n<link rel=\"canonical\" href=\"https:\/\/juegosdehelicopteros.net\/es\/\" \/>\n<meta property=\"og:locale\" content=\"en_US\" \/>\n<meta property=\"og:locale:alternate\" content=\"ru_RU\" \/>\n<meta property=\"og:locale:alternate\" content=\"en_US\" \/>\n<meta property=\"og:locale:alternate\" content=\"pt_PT\" \/>\n<meta property=\"og:locale:alternate\" content=\"ro_RO\" \/>\n<meta property=\"og:locale:alternate\" content=\"sr_RS\" \/>\n<meta property=\"og:locale:alternate\" content=\"bg_BG\" \/>\n<meta property=\"og:locale:alternate\" content=\"pl_PL\" \/>\n<meta property=\"og:locale:alternate\" content=\"it_IT\" \/>\n<meta property=\"og:locale:alternate\" content=\"fr_FR\" \/>\n<meta property=\"og:type\" content=\"article\" \/>\n<meta property=\"og:title\" content=\"Jugar al juego en l\u00ednea Helicopter X en un casino en l\u00ednea\" \/>\n<meta property=\"og:description\" content=\"Juega por dinero real en un casino en l\u00ednea en el juego de crash Helicopter X. La trama del juego, ventajas y desventajas, caracter\u00edsticas de la tragamonedas en l\u00ednea Helicopter X.\" \/>\n<meta property=\"og:url\" content=\"https:\/\/juegosdehelicopteros.net\/es\/\" \/>\n<meta property=\"og:site_name\" content=\"Helicopter X\" \/>\n<meta property=\"article:modified_time\" content=\"2024-02-29T18:27:17+00:00\" \/>\n<meta name=\"twitter:card\" content=\"summary_large_image\" \/>\n<meta name=\"twitter:label1\" content=\"Est. reading time\" \/>\n\t<meta name=\"twitter:data1\" content=\"38 minutes\" \/>\n<script type=\"application\/ld+json\" class=\"yoast-schema-graph\">{\"@context\":\"https:\/\/schema.org\",\"@graph\":[{\"@type\":\"WebSite\",\"@id\":\"https:\/\/juegosdehelicopteros.net\/es\/#website\",\"url\":\"https:\/\/juegosdehelicopteros.net\/es\/\",\"name\":\"Helicopter X\",\"description\":\"\",\"potentialAction\":[{\"@type\":\"SearchAction\",\"target\":\"https:\/\/juegosdehelicopteros.net\/es\/?s={search_term_string}\",\"query-input\":\"required name=search_term_string\"}],\"inLanguage\":\"en-US\"},{\"@type\":\"WebPage\",\"@id\":\"https:\/\/juegosdehelicopteros.net\/es\/#webpage\",\"url\":\"https:\/\/juegosdehelicopteros.net\/es\/\",\"name\":\"Jugar al juego en l\\u00ednea Helicopter X en un casino en l\\u00ednea\",\"isPartOf\":{\"@id\":\"https:\/\/juegosdehelicopteros.net\/es\/#website\"},\"datePublished\":\"2024-02-15T17:40:43+00:00\",\"dateModified\":\"2024-02-29T18:27:17+00:00\",\"description\":\"Juega por dinero real en un casino en l\\u00ednea en el juego de crash Helicopter X. La trama del juego, ventajas y desventajas, caracter\\u00edsticas de la tragamonedas en l\\u00ednea Helicopter X.\",\"breadcrumb\":{\"@id\":\"https:\/\/juegosdehelicopteros.net\/es\/#breadcrumb\"},\"inLanguage\":\"en-US\",\"potentialAction\":[{\"@type\":\"ReadAction\",\"target\":[\"https:\/\/juegosdehelicopteros.net\/es\/\"]}]},{\"@type\":\"BreadcrumbList\",\"@id\":\"https:\/\/juegosdehelicopteros.net\/es\/#breadcrumb\",\"itemListElement\":[{\"@type\":\"ListItem\",\"position\":1,\"name\":\"Home\",\"item\":\"https:\/\/juegosdehelicopteros.net\/es\/\"},{\"@type\":\"ListItem\",\"position\":2,\"name\":\"Sobre el juego Helicopter X\"}]}]}<\/script>\n<!-- \/ Yoast SEO plugin. -->","_links":{"self":[{"href":"https:\/\/juegosdehelicopteros.net\/es\/wp-json\/wp\/v2\/pages\/7"}],"collection":[{"href":"https:\/\/juegosdehelicopteros.net\/es\/wp-json\/wp\/v2\/pages"}],"about":[{"href":"https:\/\/juegosdehelicopteros.net\/es\/wp-json\/wp\/v2\/types\/page"}],"author":[{"embeddable":true,"href":"https:\/\/juegosdehelicopteros.net\/es\/wp-json\/wp\/v2\/users\/1"}],"replies":[{"embeddable":true,"href":"https:\/\/juegosdehelicopteros.net\/es\/wp-json\/wp\/v2\/comments?post=7"}],"version-history":[{"count":38,"href":"https:\/\/juegosdehelicopteros.net\/es\/wp-json\/wp\/v2\/pages\/7\/revisions"}],"predecessor-version":[{"id":170,"href":"https:\/\/juegosdehelicopteros.net\/es\/wp-json\/wp\/v2\/pages\/7\/revisions\/170"}],"wp:attachment":[{"href":"https:\/\/juegosdehelicopteros.net\/es\/wp-json\/wp\/v2\/media?parent=7"}],"curies":[{"name":"wp","href":"https:\/\/api.w.org\/{rel}","templated":true}]}}