{"id":9,"date":"2024-02-15T17:41:39","date_gmt":"2024-02-15T17:41:39","guid":{"rendered":"https:\/\/juegosdehelicopteros.net\/?page_id=9"},"modified":"2024-02-29T18:22:50","modified_gmt":"2024-02-29T18:22:50","slug":"choose-an-online-casino-to-play-helicopter-x","status":"publish","type":"page","link":"https:\/\/juegosdehelicopteros.net\/es\/choose-an-online-casino-to-play-helicopter-x\/","title":{"rendered":"Elija un casino en l\u00ednea para jugar a Helicopter X"},"content":{"rendered":"<p>Tu deseo de sumergirte en el emocionante mundo del juego en l\u00ednea Helicopter X puede cumplirse independientemente del dispositivo que tengas en tus manos: ya sea un smartphone iOS o Android, o una computadora personal. El requisito principal para disfrutar del juego Helicopter X es tener una conexi\u00f3n a internet estable o una red Wi-Fi. Aqu\u00ed tienes una gu\u00eda paso a paso sobre c\u00f3mo empezar a jugar Helicopter X en un casino en l\u00ednea:<\/p>\n<ul>\n<li>Primero, necesitas decidirte por el casino en l\u00ednea donde prefieres jugar. Hay muchos casinos en internet, y la elecci\u00f3n es tuya.<\/li>\n<li>Despu\u00e9s de seleccionar el casino, ve al sitio web oficial del casino en l\u00ednea y sigue el proceso de registro. Este es un paso importante que te dar\u00e1 acceso a la gama completa de opciones que ofrece el casino en l\u00ednea.<\/li>\n<li>El siguiente paso es recargar tu saldo de juego. Para tu comodidad, hay muchos m\u00e9todos de pago disponibles. Elige el que te parezca m\u00e1s conveniente y seguro. Adem\u00e1s, recuerda que la forma en que depositas dinero en tu saldo ser\u00e1 la misma en que se retirar\u00e1 el dinero.<\/li>\n<li>Ahora que todo est\u00e1 listo para empezar, utiliza la barra de b\u00fasqueda en el sitio web del casino. Ingresa el nombre del juego &#8220;Helicopter X&#8221; y confirma tu elecci\u00f3n presionando el bot\u00f3n &#8220;Buscar&#8221;. Se te presentar\u00e1 una opci\u00f3n: jugar la versi\u00f3n completa del juego o probar la versi\u00f3n de demostraci\u00f3n gratuita. Elige lo que mejor te convenga y sum\u00e9rgete en el mundo del emocionante juego, donde no solo te esperan incre\u00edbles aventuras, sino tambi\u00e9n la oportunidad de ganar grandes premios en efectivo.<\/li>\n<\/ul>\n<p>\u00a1Te deseamos un tiempo agradable y buena suerte en el juego Helicopter X!<\/p>\n","protected":false},"excerpt":{"rendered":"<p>Tu deseo de sumergirte en el emocionante mundo del juego en l\u00ednea Helicopter X puede cumplirse independientemente del dispositivo que tengas en tus manos: ya sea un smartphone iOS o Android, o una computadora personal. El requisito principal para disfrutar del juego Helicopter X es tener una conexi\u00f3n a internet estable o una red Wi-Fi&#8230;.<\/p>\n","protected":false},"author":1,"featured_media":0,"parent":0,"menu_order":0,"comment_status":"closed","ping_status":"closed","template":"","meta":{"footnotes":""},"yoast_head":"<!-- This site is optimized with the Yoast SEO plugin v16.5 - https:\/\/yoast.com\/wordpress\/plugins\/seo\/ -->\n<title>D\u00f3nde jugar al juego de crash Helicopter X<\/title>\n<meta name=\"description\" content=\"\u00a1Elige un casino en l\u00ednea para jugar a Helicopter X! Juega en los mejores casinos en l\u00ednea, bonos, juega gratis, c\u00f3mo jugar y ganar, descargar, preguntas frecuentes, rese\u00f1as de jugadores\" \/>\n<meta name=\"robots\" content=\"index, follow, max-snippet:-1, max-image-preview:large, max-video-preview:-1\" \/>\n<link rel=\"canonical\" href=\"https:\/\/juegosdehelicopteros.net\/es\/choose-an-online-casino-to-play-helicopter-x\/\" \/>\n<meta property=\"og:locale\" content=\"en_US\" \/>\n<meta property=\"og:locale:alternate\" content=\"ru_RU\" \/>\n<meta property=\"og:locale:alternate\" content=\"en_US\" \/>\n<meta property=\"og:locale:alternate\" content=\"pt_PT\" \/>\n<meta property=\"og:locale:alternate\" content=\"ro_RO\" \/>\n<meta property=\"og:locale:alternate\" content=\"sr_RS\" \/>\n<meta property=\"og:locale:alternate\" content=\"bg_BG\" \/>\n<meta property=\"og:locale:alternate\" content=\"pl_PL\" \/>\n<meta property=\"og:locale:alternate\" content=\"it_IT\" \/>\n<meta property=\"og:locale:alternate\" content=\"fr_FR\" \/>\n<meta property=\"og:type\" content=\"article\" \/>\n<meta property=\"og:title\" content=\"D\u00f3nde jugar al juego de crash Helicopter X\" \/>\n<meta property=\"og:description\" content=\"\u00a1Elige un casino en l\u00ednea para jugar a Helicopter X! Juega en los mejores casinos en l\u00ednea, bonos, juega gratis, c\u00f3mo jugar y ganar, descargar, preguntas frecuentes, rese\u00f1as de jugadores\" \/>\n<meta property=\"og:url\" content=\"https:\/\/juegosdehelicopteros.net\/es\/choose-an-online-casino-to-play-helicopter-x\/\" \/>\n<meta property=\"og:site_name\" content=\"Helicopter X\" \/>\n<meta property=\"article:modified_time\" content=\"2024-02-29T18:22:50+00:00\" \/>\n<meta name=\"twitter:card\" content=\"summary_large_image\" \/>\n<meta name=\"twitter:label1\" content=\"Est. reading time\" \/>\n\t<meta name=\"twitter:data1\" content=\"10 minutes\" \/>\n<script type=\"application\/ld+json\" class=\"yoast-schema-graph\">{\"@context\":\"https:\/\/schema.org\",\"@graph\":[{\"@type\":\"WebSite\",\"@id\":\"https:\/\/juegosdehelicopteros.net\/es\/#website\",\"url\":\"https:\/\/juegosdehelicopteros.net\/es\/\",\"name\":\"Helicopter X\",\"description\":\"\",\"potentialAction\":[{\"@type\":\"SearchAction\",\"target\":\"https:\/\/juegosdehelicopteros.net\/es\/?s={search_term_string}\",\"query-input\":\"required name=search_term_string\"}],\"inLanguage\":\"en-US\"},{\"@type\":\"WebPage\",\"@id\":\"https:\/\/juegosdehelicopteros.net\/es\/choose-an-online-casino-to-play-helicopter-x\/#webpage\",\"url\":\"https:\/\/juegosdehelicopteros.net\/es\/choose-an-online-casino-to-play-helicopter-x\/\",\"name\":\"D\\u00f3nde jugar al juego de crash Helicopter X\",\"isPartOf\":{\"@id\":\"https:\/\/juegosdehelicopteros.net\/es\/#website\"},\"datePublished\":\"2024-02-15T17:41:39+00:00\",\"dateModified\":\"2024-02-29T18:22:50+00:00\",\"description\":\"\\u00a1Elige un casino en l\\u00ednea para jugar a Helicopter X! Juega en los mejores casinos en l\\u00ednea, bonos, juega gratis, c\\u00f3mo jugar y ganar, descargar, preguntas frecuentes, rese\\u00f1as de jugadores\",\"breadcrumb\":{\"@id\":\"https:\/\/juegosdehelicopteros.net\/es\/choose-an-online-casino-to-play-helicopter-x\/#breadcrumb\"},\"inLanguage\":\"en-US\",\"potentialAction\":[{\"@type\":\"ReadAction\",\"target\":[\"https:\/\/juegosdehelicopteros.net\/es\/choose-an-online-casino-to-play-helicopter-x\/\"]}]},{\"@type\":\"BreadcrumbList\",\"@id\":\"https:\/\/juegosdehelicopteros.net\/es\/choose-an-online-casino-to-play-helicopter-x\/#breadcrumb\",\"itemListElement\":[{\"@type\":\"ListItem\",\"position\":1,\"name\":\"Home\",\"item\":\"https:\/\/juegosdehelicopteros.net\/es\/\"},{\"@type\":\"ListItem\",\"position\":2,\"name\":\"Elija un casino en l\\u00ednea para jugar a Helicopter X\"}]}]}<\/script>\n<!-- \/ Yoast SEO plugin. -->","_links":{"self":[{"href":"https:\/\/juegosdehelicopteros.net\/es\/wp-json\/wp\/v2\/pages\/9"}],"collection":[{"href":"https:\/\/juegosdehelicopteros.net\/es\/wp-json\/wp\/v2\/pages"}],"about":[{"href":"https:\/\/juegosdehelicopteros.net\/es\/wp-json\/wp\/v2\/types\/page"}],"author":[{"embeddable":true,"href":"https:\/\/juegosdehelicopteros.net\/es\/wp-json\/wp\/v2\/users\/1"}],"replies":[{"embeddable":true,"href":"https:\/\/juegosdehelicopteros.net\/es\/wp-json\/wp\/v2\/comments?post=9"}],"version-history":[{"count":20,"href":"https:\/\/juegosdehelicopteros.net\/es\/wp-json\/wp\/v2\/pages\/9\/revisions"}],"predecessor-version":[{"id":168,"href":"https:\/\/juegosdehelicopteros.net\/es\/wp-json\/wp\/v2\/pages\/9\/revisions\/168"}],"wp:attachment":[{"href":"https:\/\/juegosdehelicopteros.net\/es\/wp-json\/wp\/v2\/media?parent=9"}],"curies":[{"name":"wp","href":"https:\/\/api.w.org\/{rel}","templated":true}]}}