{"id":11,"date":"2024-02-15T17:42:24","date_gmt":"2024-02-15T17:42:24","guid":{"rendered":"https:\/\/juegosdehelicopteros.net\/?page_id=11"},"modified":"2024-02-29T18:28:54","modified_gmt":"2024-02-29T18:28:54","slug":"player-reviews-of-the-game-helicopter-x","status":"publish","type":"page","link":"https:\/\/juegosdehelicopteros.net\/fr\/player-reviews-of-the-game-helicopter-x\/","title":{"rendered":"Avis des joueurs sur le jeu Helicopter X"},"content":{"rendered":"<p>Nous avons recueilli les opinions des joueurs sur le jeu Helicopter X. Bien s\u00fbr, avant de commencer le jeu, vous voulez en savoir plus sur le jeu et les possibilit\u00e9s qu&rsquo;il offre. Un avis sur le jeu de vrais joueurs qui jouent pour de l&rsquo;argent r\u00e9el chaque jour, gagnant et perdant de grosses sommes d&rsquo;argent.<\/p>\n<p><strong>Vladislav, 30 ans<\/strong><\/p>\n<p>Je suis un fan des jeux d&rsquo;h\u00e9licopt\u00e8re, et ici vous pouvez m\u00eame gagner de l&rsquo;argent r\u00e9el, c&rsquo;est juste un r\u00eave !! Une fois atteint un coefficient de x45 ! \u00c9motions inoubliables et un gain agr\u00e9able. J&rsquo;ai vraiment aim\u00e9 \u00e7a.<\/p>\n<p><strong>Andrey, 21 ans<\/strong><\/p>\n<p>Au d\u00e9but, le jeu semblait difficile, puis j&rsquo;ai d\u00e9couvert qu&rsquo;il y avait une version gratuite, j&rsquo;ai compris et j&rsquo;ai d\u00e9cid\u00e9 de tenter ma chance avec un ami. Et \u00e7a valait le coup ! Attrap\u00e9 imm\u00e9diatement x32. Maintenant, j&rsquo;essaie d&rsquo;identifier diff\u00e9rents mod\u00e8les gr\u00e2ce aux statistiques en direct. Je conseille vraiment de jouer d&rsquo;abord \u00e0 la version d\u00e9mo !<\/p>\n<p><strong>Anna, 26 ans<\/strong><\/p>\n<p>Super jeu pour ceux qui aiment se titiller les nerfs. Excellents graphismes et gameplay simple, ce qui cr\u00e9e une atmosph\u00e8re comme si vous \u00e9tiez en mission secr\u00e8te.<\/p>\n<p><strong>Yuri, 33 ans<\/strong><\/p>\n<p>Gameplay bon et extr\u00eamement compr\u00e9hensible. La fonction de double mise m&rsquo;a vraiment surpris ! Gains tr\u00e8s pratiques et agr\u00e9ables, maintenant dans un bon plus !<\/p>\n<p><strong>Sergey, 41 ans<\/strong><\/p>\n<p>Jeu simple mais tr\u00e8s excitant que vous pouvez jouer \u00e0 tout moment. Un excellent moyen de passer le temps et de s&rsquo;amuser avec des amis. Et les coefficients sont aussi agr\u00e9ablement surprenants.<\/p>\n<p><strong>Ivan, 25 ans<\/strong><\/p>\n<p>J&rsquo;aime jouer \u00e0 Helicopter X. Le jeu m\u00e9rite l&rsquo;attention aussi bien des joueurs exp\u00e9riment\u00e9s que des nouveaux venus qui jouent \u00e0 des jeux de hasard pour la premi\u00e8re fois.<\/p>\n","protected":false},"excerpt":{"rendered":"<p>Nous avons recueilli les opinions des joueurs sur le jeu Helicopter X. Bien s\u00fbr, avant de commencer le jeu, vous voulez en savoir plus sur le jeu et les possibilit\u00e9s qu&rsquo;il offre. Un avis sur le jeu de vrais joueurs qui jouent pour de l&rsquo;argent r\u00e9el chaque jour, gagnant et perdant de grosses sommes d&rsquo;argent&#8230;.<\/p>\n","protected":false},"author":1,"featured_media":0,"parent":0,"menu_order":0,"comment_status":"closed","ping_status":"closed","template":"","meta":{"footnotes":""},"yoast_head":"<!-- This site is optimized with the Yoast SEO plugin v16.5 - https:\/\/yoast.com\/wordpress\/plugins\/seo\/ -->\n<title>Avis des vrais joueurs sur le jeu de crash Helicopter X dans un casino en ligne.<\/title>\n<meta name=\"description\" content=\"Avis sur le jeu Helicopter X! Avis et opinions des joueurs sur le jeu de crash Helicopter X. Un avis sur le jeu par de vrais joueurs et des visiteurs de casino. Opinions sur le jeu Helicopter X.\" \/>\n<meta name=\"robots\" content=\"index, follow, max-snippet:-1, max-image-preview:large, max-video-preview:-1\" \/>\n<link rel=\"canonical\" href=\"https:\/\/juegosdehelicopteros.net\/fr\/player-reviews-of-the-game-helicopter-x\/\" \/>\n<meta property=\"og:locale\" content=\"fr_FR\" \/>\n<meta property=\"og:locale:alternate\" content=\"ru_RU\" \/>\n<meta property=\"og:locale:alternate\" content=\"en_US\" \/>\n<meta property=\"og:locale:alternate\" content=\"pt_PT\" \/>\n<meta property=\"og:locale:alternate\" content=\"es_ES\" \/>\n<meta property=\"og:locale:alternate\" content=\"ro_RO\" \/>\n<meta property=\"og:locale:alternate\" content=\"sr_RS\" \/>\n<meta property=\"og:locale:alternate\" content=\"bg_BG\" \/>\n<meta property=\"og:locale:alternate\" content=\"pl_PL\" \/>\n<meta property=\"og:locale:alternate\" content=\"it_IT\" \/>\n<meta property=\"og:type\" content=\"article\" \/>\n<meta property=\"og:title\" content=\"Avis des vrais joueurs sur le jeu de crash Helicopter X dans un casino en ligne.\" \/>\n<meta property=\"og:description\" content=\"Avis sur le jeu Helicopter X! Avis et opinions des joueurs sur le jeu de crash Helicopter X. Un avis sur le jeu par de vrais joueurs et des visiteurs de casino. Opinions sur le jeu Helicopter X.\" \/>\n<meta property=\"og:url\" content=\"https:\/\/juegosdehelicopteros.net\/fr\/player-reviews-of-the-game-helicopter-x\/\" \/>\n<meta property=\"og:site_name\" content=\"Helicopter X\" \/>\n<meta property=\"article:modified_time\" content=\"2024-02-29T18:28:54+00:00\" \/>\n<meta name=\"twitter:card\" content=\"summary_large_image\" \/>\n<meta name=\"twitter:label1\" content=\"Dur\u00e9e de lecture est.\" \/>\n\t<meta name=\"twitter:data1\" content=\"10 minutes\" \/>\n<script type=\"application\/ld+json\" class=\"yoast-schema-graph\">{\"@context\":\"https:\/\/schema.org\",\"@graph\":[{\"@type\":\"WebSite\",\"@id\":\"https:\/\/juegosdehelicopteros.net\/fr\/#website\",\"url\":\"https:\/\/juegosdehelicopteros.net\/fr\/\",\"name\":\"Helicopter X\",\"description\":\"\",\"potentialAction\":[{\"@type\":\"SearchAction\",\"target\":\"https:\/\/juegosdehelicopteros.net\/fr\/?s={search_term_string}\",\"query-input\":\"required name=search_term_string\"}],\"inLanguage\":\"fr-FR\"},{\"@type\":\"WebPage\",\"@id\":\"https:\/\/juegosdehelicopteros.net\/fr\/player-reviews-of-the-game-helicopter-x\/#webpage\",\"url\":\"https:\/\/juegosdehelicopteros.net\/fr\/player-reviews-of-the-game-helicopter-x\/\",\"name\":\"Avis des vrais joueurs sur le jeu de crash Helicopter X dans un casino en ligne.\",\"isPartOf\":{\"@id\":\"https:\/\/juegosdehelicopteros.net\/fr\/#website\"},\"datePublished\":\"2024-02-15T17:42:24+00:00\",\"dateModified\":\"2024-02-29T18:28:54+00:00\",\"description\":\"Avis sur le jeu Helicopter X! Avis et opinions des joueurs sur le jeu de crash Helicopter X. Un avis sur le jeu par de vrais joueurs et des visiteurs de casino. Opinions sur le jeu Helicopter X.\",\"breadcrumb\":{\"@id\":\"https:\/\/juegosdehelicopteros.net\/fr\/player-reviews-of-the-game-helicopter-x\/#breadcrumb\"},\"inLanguage\":\"fr-FR\",\"potentialAction\":[{\"@type\":\"ReadAction\",\"target\":[\"https:\/\/juegosdehelicopteros.net\/fr\/player-reviews-of-the-game-helicopter-x\/\"]}]},{\"@type\":\"BreadcrumbList\",\"@id\":\"https:\/\/juegosdehelicopteros.net\/fr\/player-reviews-of-the-game-helicopter-x\/#breadcrumb\",\"itemListElement\":[{\"@type\":\"ListItem\",\"position\":1,\"name\":\"Home\",\"item\":\"https:\/\/juegosdehelicopteros.net\/fr\/\"},{\"@type\":\"ListItem\",\"position\":2,\"name\":\"Avis des joueurs sur le jeu Helicopter X\"}]}]}<\/script>\n<!-- \/ Yoast SEO plugin. -->","_links":{"self":[{"href":"https:\/\/juegosdehelicopteros.net\/fr\/wp-json\/wp\/v2\/pages\/11"}],"collection":[{"href":"https:\/\/juegosdehelicopteros.net\/fr\/wp-json\/wp\/v2\/pages"}],"about":[{"href":"https:\/\/juegosdehelicopteros.net\/fr\/wp-json\/wp\/v2\/types\/page"}],"author":[{"embeddable":true,"href":"https:\/\/juegosdehelicopteros.net\/fr\/wp-json\/wp\/v2\/users\/1"}],"replies":[{"embeddable":true,"href":"https:\/\/juegosdehelicopteros.net\/fr\/wp-json\/wp\/v2\/comments?post=11"}],"version-history":[{"count":21,"href":"https:\/\/juegosdehelicopteros.net\/fr\/wp-json\/wp\/v2\/pages\/11\/revisions"}],"predecessor-version":[{"id":171,"href":"https:\/\/juegosdehelicopteros.net\/fr\/wp-json\/wp\/v2\/pages\/11\/revisions\/171"}],"wp:attachment":[{"href":"https:\/\/juegosdehelicopteros.net\/fr\/wp-json\/wp\/v2\/media?parent=11"}],"curies":[{"name":"wp","href":"https:\/\/api.w.org\/{rel}","templated":true}]}}