{"id":13,"date":"2024-02-15T17:43:25","date_gmt":"2024-02-15T17:43:25","guid":{"rendered":"https:\/\/juegosdehelicopteros.net\/?page_id=13"},"modified":"2024-02-29T18:30:41","modified_gmt":"2024-02-29T18:30:41","slug":"recommendations-and-tips-for-the-crash-game-helicopter-x","status":"publish","type":"page","link":"https:\/\/juegosdehelicopteros.net\/fr\/recommendations-and-tips-for-the-crash-game-helicopter-x\/","title":{"rendered":"Recommandations et conseils pour le jeu Helicopter X"},"content":{"rendered":"<p>Le casino en ligne peut \u00eatre un moyen excitant et divertissant de passer du temps, mais il est important de se rappeler quelques recommandations et conseils pour garder le jeu s\u00fbr et responsable. Voici une liste de conseils pour jouer au casino en ligne Helicopter X :<\/p>\n<h2><strong>Choisissez un casino fiable<\/strong><\/h2>\n<p>Avant de commencer \u00e0 jouer, assurez-vous que le casino en ligne que vous avez choisi a une bonne r\u00e9putation et une licence. Recherchez les avis d&rsquo;autres joueurs et assurez-vous que le casino respecte des r\u00e8gles et des r\u00e9glementations strictes. Jouer dans un casino en ligne fiable et \u00e9quitable r\u00e9duit le risque de pertes financi\u00e8res et garantit que vos gains seront pay\u00e9s \u00e0 temps.<\/p>\n<h2><strong>Apprenez les r\u00e8gles du jeu<\/strong><\/h2>\n<p>Avant de commencer \u00e0 jouer \u00e0 Helicopter X, familiarisez-vous avec ses r\u00e8gles et ses strat\u00e9gies. Comprendre les r\u00e8gles vous aidera \u00e0 prendre des d\u00e9cisions \u00e9clair\u00e9es et \u00e0 am\u00e9liorer vos chances de gagner. De plus, envisagez d&rsquo;utiliser diff\u00e9rentes strat\u00e9gies de mise pour maximiser vos chances de succ\u00e8s. Rappelez-vous que chaque jeu a ses aspects uniques, et conna\u00eetre ces d\u00e9tails peut augmenter consid\u00e9rablement votre efficacit\u00e9 dans le jeu.<\/p>\n<h2><strong>Jouez de mani\u00e8re responsable<\/strong><\/h2>\n<p>Ne jouez que lorsque vous \u00eates de bonne humeur et capable de prendre des d\u00e9cisions raisonnables. Ne jouez pas sous l&rsquo;influence de l&rsquo;alcool ou de drogues, car cela peut affecter votre jugement. Fixez-vous des limites sur les paris et le temps pour contr\u00f4ler votre jeu et pr\u00e9venir le d\u00e9veloppement de la d\u00e9pendance au jeu. Rappelez-vous que le jeu responsable implique la capacit\u00e9 de s&rsquo;arr\u00eater lorsque cela est n\u00e9cessaire.<\/p>\n<h2><strong>Ne jouez pas avec de l&rsquo;argent que vous ne pouvez pas vous permettre de perdre<\/strong><\/h2>\n<p>Jouez uniquement avec de l&rsquo;argent que vous \u00eates pr\u00eat \u00e0 perdre. Ne jamais emprunter d&rsquo;argent pour jouer au casino, surtout s&rsquo;il s&rsquo;agit d&rsquo;un pr\u00eat ou d&rsquo;un cr\u00e9dit. G\u00e9rer un budget de jeu aide \u00e0 \u00e9viter les difficult\u00e9s financi\u00e8res et maintient le jeu comme une forme de divertissement plut\u00f4t qu&rsquo;une source de stress. Comprenez que le jeu de casino est un divertissement avec un r\u00e9sultat impr\u00e9visible, ce qui aide \u00e0 maintenir une attitude saine envers le jeu.<\/p>\n<h2><strong>Crainte de perdre<\/strong><\/h2>\n<p>Si vous ne voulez pas risquer de l&rsquo;argent r\u00e9el et que vous n&rsquo;\u00eates pas familier avec le gameplay, familiarisez-vous et essayez de jouer \u00e0 Helicopter X gratuitement d&rsquo;abord. En mode d\u00e9mo, vous jouez avec de l&rsquo;argent virtuel. Le \u00ab\u00a0mode divertissement\u00a0\u00bb permet aux joueurs de se rapprocher du gameplay sans risquer leurs \u00e9conomies. Cette option vous permet d&rsquo;apprendre les m\u00e9canismes et les fonctionnalit\u00e9s du jeu sans pertes financi\u00e8res, fournissant une exp\u00e9rience et une confiance pr\u00e9cieuses avant de jouer pour de l&rsquo;argent r\u00e9el.<\/p>\n<h2><strong>Tactiques<\/strong><\/h2>\n<p>Analysez vos coefficients maximum et minimum pour d\u00e9velopper votre strat\u00e9gie si n\u00e9cessaire \u00e0 l&rsquo;avenir. \u00c9valuer les jeux pass\u00e9s et prendre des d\u00e9cisions bas\u00e9es sur les statistiques peut am\u00e9liorer vos chances de succ\u00e8s. Utiliser des tactiques bas\u00e9es sur l&rsquo;analyse vous aidera \u00e0 d\u00e9terminer les moments optimaux pour les paris et \u00e0 sortir du jeu, augmentant votre efficacit\u00e9 et vos gains potentiels.<\/p>\n<h2><strong>Statistiques en direct<\/strong><\/h2>\n<p>Analysez le jeu des autres joueurs ! Cela vous aidera \u00e0 comprendre les intervalles de temps o\u00f9 les utilisateurs n&rsquo;obtiennent pas de gros multiplicateurs. \u00c9tudier le comportement et les strat\u00e9gies des autres joueurs peut fournir des le\u00e7ons pr\u00e9cieuses et aider \u00e0 \u00e9viter les erreurs courantes. Porter attention aux tendances et aux changements dans le jeu peut \u00e9galement offrir des avantages strat\u00e9giques.<\/p>\n<p>En suivant ces conseils am\u00e9lior\u00e9s, les joueurs peuvent profiter de jouer \u00e0 Helicopter X tout en maintenant le contr\u00f4le et une approche rationnelle du jeu. Rappelez-vous que la cl\u00e9 d&rsquo;un jeu de casino en ligne r\u00e9ussi r\u00e9side dans une combinaison \u00e9quilibr\u00e9e de divertissement, de strat\u00e9gie et de responsabilit\u00e9.<\/p>\n","protected":false},"excerpt":{"rendered":"<p>Le casino en ligne peut \u00eatre un moyen excitant et divertissant de passer du temps, mais il est important de se rappeler quelques recommandations et conseils pour garder le jeu s\u00fbr et responsable. Voici une liste de conseils pour jouer au casino en ligne Helicopter X : Choisissez un casino fiable Avant de commencer \u00e0&#8230;<\/p>\n","protected":false},"author":1,"featured_media":0,"parent":0,"menu_order":0,"comment_status":"closed","ping_status":"closed","template":"","meta":{"footnotes":""},"yoast_head":"<!-- This site is optimized with the Yoast SEO plugin v16.5 - https:\/\/yoast.com\/wordpress\/plugins\/seo\/ -->\n<title>Comment jouer au jeu de crash Helicopter X<\/title>\n<meta name=\"description\" content=\"Conseils sur la fa\u00e7on de jouer au jeu en ligne Helicopter X. Recommandations, conseils pour les joueurs choisissant de jouer \u00e0 Helicopter X dans un casino en ligne.\" \/>\n<meta name=\"robots\" content=\"index, follow, max-snippet:-1, max-image-preview:large, max-video-preview:-1\" \/>\n<link rel=\"canonical\" href=\"https:\/\/juegosdehelicopteros.net\/fr\/recommendations-and-tips-for-the-crash-game-helicopter-x\/\" \/>\n<meta property=\"og:locale\" content=\"fr_FR\" \/>\n<meta property=\"og:locale:alternate\" content=\"ru_RU\" \/>\n<meta property=\"og:locale:alternate\" content=\"en_US\" \/>\n<meta property=\"og:locale:alternate\" content=\"pt_PT\" \/>\n<meta property=\"og:locale:alternate\" content=\"es_ES\" \/>\n<meta property=\"og:locale:alternate\" content=\"ro_RO\" \/>\n<meta property=\"og:locale:alternate\" content=\"sr_RS\" \/>\n<meta property=\"og:locale:alternate\" content=\"bg_BG\" \/>\n<meta property=\"og:locale:alternate\" content=\"pl_PL\" \/>\n<meta property=\"og:locale:alternate\" content=\"it_IT\" \/>\n<meta property=\"og:type\" content=\"article\" \/>\n<meta property=\"og:title\" content=\"Comment jouer au jeu de crash Helicopter X\" \/>\n<meta property=\"og:description\" content=\"Conseils sur la fa\u00e7on de jouer au jeu en ligne Helicopter X. Recommandations, conseils pour les joueurs choisissant de jouer \u00e0 Helicopter X dans un casino en ligne.\" \/>\n<meta property=\"og:url\" content=\"https:\/\/juegosdehelicopteros.net\/fr\/recommendations-and-tips-for-the-crash-game-helicopter-x\/\" \/>\n<meta property=\"og:site_name\" content=\"Helicopter X\" \/>\n<meta property=\"article:modified_time\" content=\"2024-02-29T18:30:41+00:00\" \/>\n<meta name=\"twitter:card\" content=\"summary_large_image\" \/>\n<meta name=\"twitter:label1\" content=\"Dur\u00e9e de lecture est.\" \/>\n\t<meta name=\"twitter:data1\" content=\"21 minutes\" \/>\n<script type=\"application\/ld+json\" class=\"yoast-schema-graph\">{\"@context\":\"https:\/\/schema.org\",\"@graph\":[{\"@type\":\"WebSite\",\"@id\":\"https:\/\/juegosdehelicopteros.net\/fr\/#website\",\"url\":\"https:\/\/juegosdehelicopteros.net\/fr\/\",\"name\":\"Helicopter X\",\"description\":\"\",\"potentialAction\":[{\"@type\":\"SearchAction\",\"target\":\"https:\/\/juegosdehelicopteros.net\/fr\/?s={search_term_string}\",\"query-input\":\"required name=search_term_string\"}],\"inLanguage\":\"fr-FR\"},{\"@type\":\"WebPage\",\"@id\":\"https:\/\/juegosdehelicopteros.net\/fr\/recommendations-and-tips-for-the-crash-game-helicopter-x\/#webpage\",\"url\":\"https:\/\/juegosdehelicopteros.net\/fr\/recommendations-and-tips-for-the-crash-game-helicopter-x\/\",\"name\":\"Comment jouer au jeu de crash Helicopter X\",\"isPartOf\":{\"@id\":\"https:\/\/juegosdehelicopteros.net\/fr\/#website\"},\"datePublished\":\"2024-02-15T17:43:25+00:00\",\"dateModified\":\"2024-02-29T18:30:41+00:00\",\"description\":\"Conseils sur la fa\\u00e7on de jouer au jeu en ligne Helicopter X. Recommandations, conseils pour les joueurs choisissant de jouer \\u00e0 Helicopter X dans un casino en ligne.\",\"breadcrumb\":{\"@id\":\"https:\/\/juegosdehelicopteros.net\/fr\/recommendations-and-tips-for-the-crash-game-helicopter-x\/#breadcrumb\"},\"inLanguage\":\"fr-FR\",\"potentialAction\":[{\"@type\":\"ReadAction\",\"target\":[\"https:\/\/juegosdehelicopteros.net\/fr\/recommendations-and-tips-for-the-crash-game-helicopter-x\/\"]}]},{\"@type\":\"BreadcrumbList\",\"@id\":\"https:\/\/juegosdehelicopteros.net\/fr\/recommendations-and-tips-for-the-crash-game-helicopter-x\/#breadcrumb\",\"itemListElement\":[{\"@type\":\"ListItem\",\"position\":1,\"name\":\"Home\",\"item\":\"https:\/\/juegosdehelicopteros.net\/fr\/\"},{\"@type\":\"ListItem\",\"position\":2,\"name\":\"Recommandations et conseils pour le jeu Helicopter X\"}]}]}<\/script>\n<!-- \/ Yoast SEO plugin. -->","_links":{"self":[{"href":"https:\/\/juegosdehelicopteros.net\/fr\/wp-json\/wp\/v2\/pages\/13"}],"collection":[{"href":"https:\/\/juegosdehelicopteros.net\/fr\/wp-json\/wp\/v2\/pages"}],"about":[{"href":"https:\/\/juegosdehelicopteros.net\/fr\/wp-json\/wp\/v2\/types\/page"}],"author":[{"embeddable":true,"href":"https:\/\/juegosdehelicopteros.net\/fr\/wp-json\/wp\/v2\/users\/1"}],"replies":[{"embeddable":true,"href":"https:\/\/juegosdehelicopteros.net\/fr\/wp-json\/wp\/v2\/comments?post=13"}],"version-history":[{"count":21,"href":"https:\/\/juegosdehelicopteros.net\/fr\/wp-json\/wp\/v2\/pages\/13\/revisions"}],"predecessor-version":[{"id":172,"href":"https:\/\/juegosdehelicopteros.net\/fr\/wp-json\/wp\/v2\/pages\/13\/revisions\/172"}],"wp:attachment":[{"href":"https:\/\/juegosdehelicopteros.net\/fr\/wp-json\/wp\/v2\/media?parent=13"}],"curies":[{"name":"wp","href":"https:\/\/api.w.org\/{rel}","templated":true}]}}