{"id":15,"date":"2024-02-15T19:39:00","date_gmt":"2024-02-15T19:39:00","guid":{"rendered":"https:\/\/juegosdehelicopteros.net\/?page_id=15"},"modified":"2024-02-29T18:24:26","modified_gmt":"2024-02-29T18:24:26","slug":"play-and-win-in-helicopter-x","status":"publish","type":"page","link":"https:\/\/juegosdehelicopteros.net\/fr\/play-and-win-in-helicopter-x\/","title":{"rendered":"Jouez et gagnez \u00e0 Helicopter X"},"content":{"rendered":"<p>Si vous commencez \u00e0 jouer au jeu d&rsquo;\u00e9crasement Helicopter X, nous avons rassembl\u00e9 les meilleures strat\u00e9gies pour am\u00e9liorer vos r\u00e9sultats. Ce n&rsquo;est pas une garantie de victoire, mais c&rsquo;est bien mieux que des pressions de touches al\u00e9atoires :<\/p>\n<h2><strong>Observation des mod\u00e8les<\/strong><\/h2>\n<p>Regardez le jeu et essayez de d\u00e9tecter les mod\u00e8les dans l&rsquo;apparition de multiplicateurs \u00e9lev\u00e9s. Si vous remarquez qu&rsquo;ils deviennent moins fr\u00e9quents, augmentez votre mise dans les tours suivants. Cela peut augmenter vos chances de succ\u00e8s.<\/p>\n<h2><strong>Strat\u00e9gie de Martingale<\/strong><\/h2>\n<p>Pour les joueurs audacieux et risqu\u00e9s. Apr\u00e8s chaque perte, augmentez votre mise, et apr\u00e8s une victoire, revenez au montant initial. Cette m\u00e9thode aide \u00e0 r\u00e9cup\u00e9rer les fonds perdus mais n\u00e9cessite un budget important et de l&rsquo;exp\u00e9rience.<\/p>\n<h2><strong>Strat\u00e9gie de Martingale invers\u00e9e<\/strong><\/h2>\n<p>Apr\u00e8s chaque victoire, augmentez votre mise, et apr\u00e8s une perte, diminuez-la. Cette approche aide \u00e0 minimiser les risques et \u00e0 augmenter les chances d&rsquo;un jeu r\u00e9ussi, r\u00e9duisant les pertes potentielles.<\/p>\n<h2><strong>Analyse des statistiques et du comportement des autres joueurs<\/strong><\/h2>\n<p>Surveillez de pr\u00e8s les statistiques en temps r\u00e9el et les actions des autres joueurs, surtout pendant les tours avec de petites victoires qui peuvent indiquer des multiplicateurs \u00e9lev\u00e9s \u00e0 venir.<\/p>\n<p>Rappelez-vous qu&rsquo;il n&rsquo;y a aucune garantie absolue de victoire, et aucune strat\u00e9gie ne peut promettre un succ\u00e8s \u00e0 100 %. N\u00e9anmoins, l&rsquo;application d&rsquo;approches et de strat\u00e9gies r\u00e9fl\u00e9chies est nettement meilleure que de compter uniquement sur la chance.<\/p>\n","protected":false},"excerpt":{"rendered":"<p>Si vous commencez \u00e0 jouer au jeu d&rsquo;\u00e9crasement Helicopter X, nous avons rassembl\u00e9 les meilleures strat\u00e9gies pour am\u00e9liorer vos r\u00e9sultats. Ce n&rsquo;est pas une garantie de victoire, mais c&rsquo;est bien mieux que des pressions de touches al\u00e9atoires : Observation des mod\u00e8les Regardez le jeu et essayez de d\u00e9tecter les mod\u00e8les dans l&rsquo;apparition de multiplicateurs \u00e9lev\u00e9s&#8230;.<\/p>\n","protected":false},"author":1,"featured_media":0,"parent":0,"menu_order":0,"comment_status":"closed","ping_status":"closed","template":"","meta":{"footnotes":""},"yoast_head":"<!-- This site is optimized with the Yoast SEO plugin v16.5 - https:\/\/yoast.com\/wordpress\/plugins\/seo\/ -->\n<title>Strat\u00e9gies et tactiques dans le jeu de crash Helicopter X dans un casino en ligne.<\/title>\n<meta name=\"description\" content=\"Comment jouer et gagner dans le jeu en ligne Helicopter X. Strat\u00e9gies et tactiques dans le jeu Helicopter X. Comment gagner en jouant au jeu de crash Helicopter.\" \/>\n<meta name=\"robots\" content=\"index, follow, max-snippet:-1, max-image-preview:large, max-video-preview:-1\" \/>\n<link rel=\"canonical\" href=\"https:\/\/juegosdehelicopteros.net\/fr\/play-and-win-in-helicopter-x\/\" \/>\n<meta property=\"og:locale\" content=\"fr_FR\" \/>\n<meta property=\"og:locale:alternate\" content=\"ru_RU\" \/>\n<meta property=\"og:locale:alternate\" content=\"en_US\" \/>\n<meta property=\"og:locale:alternate\" content=\"pt_PT\" \/>\n<meta property=\"og:locale:alternate\" content=\"es_ES\" \/>\n<meta property=\"og:locale:alternate\" content=\"ro_RO\" \/>\n<meta property=\"og:locale:alternate\" content=\"sr_RS\" \/>\n<meta property=\"og:locale:alternate\" content=\"bg_BG\" \/>\n<meta property=\"og:locale:alternate\" content=\"pl_PL\" \/>\n<meta property=\"og:locale:alternate\" content=\"it_IT\" \/>\n<meta property=\"og:type\" content=\"article\" \/>\n<meta property=\"og:title\" content=\"Strat\u00e9gies et tactiques dans le jeu de crash Helicopter X dans un casino en ligne.\" \/>\n<meta property=\"og:description\" content=\"Comment jouer et gagner dans le jeu en ligne Helicopter X. Strat\u00e9gies et tactiques dans le jeu Helicopter X. Comment gagner en jouant au jeu de crash Helicopter.\" \/>\n<meta property=\"og:url\" content=\"https:\/\/juegosdehelicopteros.net\/fr\/play-and-win-in-helicopter-x\/\" \/>\n<meta property=\"og:site_name\" content=\"Helicopter X\" \/>\n<meta property=\"article:modified_time\" content=\"2024-02-29T18:24:26+00:00\" \/>\n<meta name=\"twitter:card\" content=\"summary_large_image\" \/>\n<meta name=\"twitter:label1\" content=\"Dur\u00e9e de lecture est.\" \/>\n\t<meta name=\"twitter:data1\" content=\"8 minutes\" \/>\n<script type=\"application\/ld+json\" class=\"yoast-schema-graph\">{\"@context\":\"https:\/\/schema.org\",\"@graph\":[{\"@type\":\"WebSite\",\"@id\":\"https:\/\/juegosdehelicopteros.net\/fr\/#website\",\"url\":\"https:\/\/juegosdehelicopteros.net\/fr\/\",\"name\":\"Helicopter X\",\"description\":\"\",\"potentialAction\":[{\"@type\":\"SearchAction\",\"target\":\"https:\/\/juegosdehelicopteros.net\/fr\/?s={search_term_string}\",\"query-input\":\"required name=search_term_string\"}],\"inLanguage\":\"fr-FR\"},{\"@type\":\"WebPage\",\"@id\":\"https:\/\/juegosdehelicopteros.net\/fr\/play-and-win-in-helicopter-x\/#webpage\",\"url\":\"https:\/\/juegosdehelicopteros.net\/fr\/play-and-win-in-helicopter-x\/\",\"name\":\"Strat\\u00e9gies et tactiques dans le jeu de crash Helicopter X dans un casino en ligne.\",\"isPartOf\":{\"@id\":\"https:\/\/juegosdehelicopteros.net\/fr\/#website\"},\"datePublished\":\"2024-02-15T19:39:00+00:00\",\"dateModified\":\"2024-02-29T18:24:26+00:00\",\"description\":\"Comment jouer et gagner dans le jeu en ligne Helicopter X. Strat\\u00e9gies et tactiques dans le jeu Helicopter X. Comment gagner en jouant au jeu de crash Helicopter.\",\"breadcrumb\":{\"@id\":\"https:\/\/juegosdehelicopteros.net\/fr\/play-and-win-in-helicopter-x\/#breadcrumb\"},\"inLanguage\":\"fr-FR\",\"potentialAction\":[{\"@type\":\"ReadAction\",\"target\":[\"https:\/\/juegosdehelicopteros.net\/fr\/play-and-win-in-helicopter-x\/\"]}]},{\"@type\":\"BreadcrumbList\",\"@id\":\"https:\/\/juegosdehelicopteros.net\/fr\/play-and-win-in-helicopter-x\/#breadcrumb\",\"itemListElement\":[{\"@type\":\"ListItem\",\"position\":1,\"name\":\"Home\",\"item\":\"https:\/\/juegosdehelicopteros.net\/fr\/\"},{\"@type\":\"ListItem\",\"position\":2,\"name\":\"Jouez et gagnez \\u00e0 Helicopter X\"}]}]}<\/script>\n<!-- \/ Yoast SEO plugin. -->","_links":{"self":[{"href":"https:\/\/juegosdehelicopteros.net\/fr\/wp-json\/wp\/v2\/pages\/15"}],"collection":[{"href":"https:\/\/juegosdehelicopteros.net\/fr\/wp-json\/wp\/v2\/pages"}],"about":[{"href":"https:\/\/juegosdehelicopteros.net\/fr\/wp-json\/wp\/v2\/types\/page"}],"author":[{"embeddable":true,"href":"https:\/\/juegosdehelicopteros.net\/fr\/wp-json\/wp\/v2\/users\/1"}],"replies":[{"embeddable":true,"href":"https:\/\/juegosdehelicopteros.net\/fr\/wp-json\/wp\/v2\/comments?post=15"}],"version-history":[{"count":21,"href":"https:\/\/juegosdehelicopteros.net\/fr\/wp-json\/wp\/v2\/pages\/15\/revisions"}],"predecessor-version":[{"id":169,"href":"https:\/\/juegosdehelicopteros.net\/fr\/wp-json\/wp\/v2\/pages\/15\/revisions\/169"}],"wp:attachment":[{"href":"https:\/\/juegosdehelicopteros.net\/fr\/wp-json\/wp\/v2\/media?parent=15"}],"curies":[{"name":"wp","href":"https:\/\/api.w.org\/{rel}","templated":true}]}}