{"id":17,"date":"2024-02-15T19:41:26","date_gmt":"2024-02-15T19:41:26","guid":{"rendered":"https:\/\/juegosdehelicopteros.net\/?page_id=17"},"modified":"2024-02-29T18:21:42","modified_gmt":"2024-02-29T18:21:42","slug":"faq-frequently-asked-questions-about-the-game-helicopter-x","status":"publish","type":"page","link":"https:\/\/juegosdehelicopteros.net\/fr\/faq-frequently-asked-questions-about-the-game-helicopter-x\/","title":{"rendered":"FAQ &#8211; Questions fr\u00e9quemment pos\u00e9es sur le jeu Helicopter X"},"content":{"rendered":"<p><strong>Puis-je jouer gratuitement au jeu Helicopter X ?<\/strong><\/p>\n<p>Oui, vous pouvez d&rsquo;abord jouer \u00e0 la version d\u00e9mo de Helicopter X, jouer sans aucun d\u00e9p\u00f4t !<\/p>\n<p><strong>Puis-je gagner de l&rsquo;argent r\u00e9el en jouant au jeu Helicopter X ?<\/strong><\/p>\n<p>Oui, vous pouvez jouer au casino Helicopter X en temps r\u00e9el et gagner de l&rsquo;argent r\u00e9el !<\/p>\n<p><strong>O\u00f9 est le meilleur endroit pour jouer au jeu en ligne Helicopter X ?<\/strong><\/p>\n<p>Vous pouvez jouer au jeu gratuit n&rsquo;importe o\u00f9, mais si vous envisagez de commencer \u00e0 jouer pour de l&rsquo;argent r\u00e9el, vous devriez choisir un casino de confiance et fiable. Ainsi, votre jeu sera calme et ne vous apportera que des \u00e9motions positives !<\/p>\n<p><strong>Puis-je jouer au casino en ligne Helicopter X sur mon appareil mobile ?<\/strong><\/p>\n<p>Oui, le jeu Helicopter X est optimis\u00e9 pour les appareils et les \u00e9crans de toutes r\u00e9solutions, vous pouvez donc profiter du jeu sur votre t\u00e9l\u00e9phone mobile Android ou iOS.<\/p>\n<p><strong>Quelle est la mise minimale dans le jeu en ligne Helicopter X ?<\/strong><\/p>\n<p>La mise minimale dans le casino en ligne Helicopter X est de 0,05.<\/p>\n<p><strong>Quelle est la mise maximale dans le jeu en ligne Helicopter X ?<\/strong><\/p>\n<p>La mise maximale dans le casino en ligne Helicopter X est de 200.<\/p>\n","protected":false},"excerpt":{"rendered":"<p>Puis-je jouer gratuitement au jeu Helicopter X ? Oui, vous pouvez d&rsquo;abord jouer \u00e0 la version d\u00e9mo de Helicopter X, jouer sans aucun d\u00e9p\u00f4t ! Puis-je gagner de l&rsquo;argent r\u00e9el en jouant au jeu Helicopter X ? Oui, vous pouvez jouer au casino Helicopter X en temps r\u00e9el et gagner de l&rsquo;argent r\u00e9el ! O\u00f9&#8230;<\/p>\n","protected":false},"author":1,"featured_media":0,"parent":0,"menu_order":0,"comment_status":"closed","ping_status":"closed","template":"","meta":{"footnotes":""},"yoast_head":"<!-- This site is optimized with the Yoast SEO plugin v16.5 - https:\/\/yoast.com\/wordpress\/plugins\/seo\/ -->\n<title>FAQ - Foire aux questions sur le jeu Helicopter X<\/title>\n<meta name=\"description\" content=\"Nous avons rassembl\u00e9 des questions et des r\u00e9ponses sur le jeu en ligne Helicopter X. Toutes les informations sur le jeu Helicopter. Tout ce que vous vouliez demander\" \/>\n<meta name=\"robots\" content=\"index, follow, max-snippet:-1, max-image-preview:large, max-video-preview:-1\" \/>\n<link rel=\"canonical\" href=\"https:\/\/juegosdehelicopteros.net\/fr\/faq-frequently-asked-questions-about-the-game-helicopter-x\/\" \/>\n<meta property=\"og:locale\" content=\"fr_FR\" \/>\n<meta property=\"og:locale:alternate\" content=\"ru_RU\" \/>\n<meta property=\"og:locale:alternate\" content=\"en_US\" \/>\n<meta property=\"og:locale:alternate\" content=\"pt_PT\" \/>\n<meta property=\"og:locale:alternate\" content=\"es_ES\" \/>\n<meta property=\"og:locale:alternate\" content=\"ro_RO\" \/>\n<meta property=\"og:locale:alternate\" content=\"sr_RS\" \/>\n<meta property=\"og:locale:alternate\" content=\"bg_BG\" \/>\n<meta property=\"og:locale:alternate\" content=\"pl_PL\" \/>\n<meta property=\"og:locale:alternate\" content=\"it_IT\" \/>\n<meta property=\"og:type\" content=\"article\" \/>\n<meta property=\"og:title\" content=\"FAQ - Foire aux questions sur le jeu Helicopter X\" \/>\n<meta property=\"og:description\" content=\"Nous avons rassembl\u00e9 des questions et des r\u00e9ponses sur le jeu en ligne Helicopter X. Toutes les informations sur le jeu Helicopter. Tout ce que vous vouliez demander\" \/>\n<meta property=\"og:url\" content=\"https:\/\/juegosdehelicopteros.net\/fr\/faq-frequently-asked-questions-about-the-game-helicopter-x\/\" \/>\n<meta property=\"og:site_name\" content=\"Helicopter X\" \/>\n<meta property=\"article:modified_time\" content=\"2024-02-29T18:21:42+00:00\" \/>\n<meta name=\"twitter:card\" content=\"summary_large_image\" \/>\n<meta name=\"twitter:label1\" content=\"Dur\u00e9e de lecture est.\" \/>\n\t<meta name=\"twitter:data1\" content=\"7 minutes\" \/>\n<script type=\"application\/ld+json\" class=\"yoast-schema-graph\">{\"@context\":\"https:\/\/schema.org\",\"@graph\":[{\"@type\":\"WebSite\",\"@id\":\"https:\/\/juegosdehelicopteros.net\/fr\/#website\",\"url\":\"https:\/\/juegosdehelicopteros.net\/fr\/\",\"name\":\"Helicopter X\",\"description\":\"\",\"potentialAction\":[{\"@type\":\"SearchAction\",\"target\":\"https:\/\/juegosdehelicopteros.net\/fr\/?s={search_term_string}\",\"query-input\":\"required name=search_term_string\"}],\"inLanguage\":\"fr-FR\"},{\"@type\":\"WebPage\",\"@id\":\"https:\/\/juegosdehelicopteros.net\/fr\/faq-frequently-asked-questions-about-the-game-helicopter-x\/#webpage\",\"url\":\"https:\/\/juegosdehelicopteros.net\/fr\/faq-frequently-asked-questions-about-the-game-helicopter-x\/\",\"name\":\"FAQ - Foire aux questions sur le jeu Helicopter X\",\"isPartOf\":{\"@id\":\"https:\/\/juegosdehelicopteros.net\/fr\/#website\"},\"datePublished\":\"2024-02-15T19:41:26+00:00\",\"dateModified\":\"2024-02-29T18:21:42+00:00\",\"description\":\"Nous avons rassembl\\u00e9 des questions et des r\\u00e9ponses sur le jeu en ligne Helicopter X. Toutes les informations sur le jeu Helicopter. Tout ce que vous vouliez demander\",\"breadcrumb\":{\"@id\":\"https:\/\/juegosdehelicopteros.net\/fr\/faq-frequently-asked-questions-about-the-game-helicopter-x\/#breadcrumb\"},\"inLanguage\":\"fr-FR\",\"potentialAction\":[{\"@type\":\"ReadAction\",\"target\":[\"https:\/\/juegosdehelicopteros.net\/fr\/faq-frequently-asked-questions-about-the-game-helicopter-x\/\"]}]},{\"@type\":\"BreadcrumbList\",\"@id\":\"https:\/\/juegosdehelicopteros.net\/fr\/faq-frequently-asked-questions-about-the-game-helicopter-x\/#breadcrumb\",\"itemListElement\":[{\"@type\":\"ListItem\",\"position\":1,\"name\":\"Home\",\"item\":\"https:\/\/juegosdehelicopteros.net\/fr\/\"},{\"@type\":\"ListItem\",\"position\":2,\"name\":\"FAQ &#8211; Questions fr\\u00e9quemment pos\\u00e9es sur le jeu Helicopter X\"}]}]}<\/script>\n<!-- \/ Yoast SEO plugin. -->","_links":{"self":[{"href":"https:\/\/juegosdehelicopteros.net\/fr\/wp-json\/wp\/v2\/pages\/17"}],"collection":[{"href":"https:\/\/juegosdehelicopteros.net\/fr\/wp-json\/wp\/v2\/pages"}],"about":[{"href":"https:\/\/juegosdehelicopteros.net\/fr\/wp-json\/wp\/v2\/types\/page"}],"author":[{"embeddable":true,"href":"https:\/\/juegosdehelicopteros.net\/fr\/wp-json\/wp\/v2\/users\/1"}],"replies":[{"embeddable":true,"href":"https:\/\/juegosdehelicopteros.net\/fr\/wp-json\/wp\/v2\/comments?post=17"}],"version-history":[{"count":21,"href":"https:\/\/juegosdehelicopteros.net\/fr\/wp-json\/wp\/v2\/pages\/17\/revisions"}],"predecessor-version":[{"id":167,"href":"https:\/\/juegosdehelicopteros.net\/fr\/wp-json\/wp\/v2\/pages\/17\/revisions\/167"}],"wp:attachment":[{"href":"https:\/\/juegosdehelicopteros.net\/fr\/wp-json\/wp\/v2\/media?parent=17"}],"curies":[{"name":"wp","href":"https:\/\/api.w.org\/{rel}","templated":true}]}}