{"id":7,"date":"2024-02-15T17:40:43","date_gmt":"2024-02-15T17:40:43","guid":{"rendered":"https:\/\/juegosdehelicopteros.net\/?page_id=7"},"modified":"2024-02-29T18:27:17","modified_gmt":"2024-02-29T18:27:17","slug":"about-the-game-helicopter-x","status":"publish","type":"page","link":"https:\/\/juegosdehelicopteros.net\/fr\/","title":{"rendered":"\u00c0 propos du jeu Helicopter X"},"content":{"rendered":"<p>Le jeu en ligne Helicopter X est un jeu de hasard passionnant et simple avec un style moderne int\u00e9ressant et un sc\u00e9nario clair, d\u00e9velopp\u00e9 par SmartSoft Gaming.<\/p>\n<p>SmartSoft Gaming est compos\u00e9 de professionnels dans leur domaine, et le jeu Helicopter X est un autre exemple de la fa\u00e7on dont des m\u00e9thodes innovantes permettent aux jeux de crash traditionnels d&rsquo;atteindre un nouveau niveau.<\/p>\n<p>Le jeu Helicopter X offre un gameplay simple et extr\u00eamement compr\u00e9hensible, adapt\u00e9 aussi bien aux d\u00e9butants qu&rsquo;aux joueurs exp\u00e9riment\u00e9s. La machine \u00e0 sous convient \u00e0 tout type de joueur, que vous ayez un petit budget ou que vous appr\u00e9ciez de jouer avec de grosses mises. Profitez du jeu aussi bien en mode gratuit qu&rsquo;en mode argent r\u00e9el ! Si vous aimez les jeux de hasard avec un gameplay simple et des graphismes de haute qualit\u00e9, alors jouer \u00e0 Helicopter X dans un casino en ligne peut \u00eatre un excellent choix pour vous.<\/p>\n<h2><strong>\u00c0 propos de l&rsquo;intrigue du jeu Helicopter X :<\/strong><\/h2>\n<p>L&rsquo;action se d\u00e9roule sur un h\u00e9liport, auquel est solidement attach\u00e9 un diamant par des cha\u00eenes solides. Avant le d\u00e9but du jeu, vous voyez une image d&rsquo;un h\u00e9licopt\u00e8re et un \u00e9cran de chargement indiquant quand votre h\u00e9licopt\u00e8re sera pr\u00eat \u00e0 d\u00e9coller. Le diamant pour le joueur est ce pr\u00e9cieux prix ! Et au-dessus de votre tr\u00e9sor plane un h\u00e9licopt\u00e8re, \u00e9galement attach\u00e9 \u00e0 lui par une cha\u00eene. Tandis que l&rsquo;h\u00e9licopt\u00e8re essaie diligemment de saisir le diamant des cha\u00eenes et de le prendre depuis l&rsquo;h\u00e9liport, votre t\u00e2che est de saisir vos gains avant que la cha\u00eene liant l&rsquo;h\u00e9licopt\u00e8re et le diamant ne se brise. Alors que votre h\u00e9licopt\u00e8re tente de r\u00e9cup\u00e9rer le diamant, le multiplicateur augmente continuellement, cr\u00e9ant une atmosph\u00e8re tendue pendant le jeu.<\/p>\n<p>Et si vous parvenez toujours \u00e0 r\u00e9cup\u00e9rer le diamant depuis l&rsquo;h\u00e9liport, vous pouvez d\u00e9j\u00e0 voir comment votre multiplicateur atteint des proportions incroyables ! Mais ne vous reposez pas trop, car \u00e0 tout moment, l&rsquo;h\u00e9licopt\u00e8re peut s&rsquo;envoler, emportant vos gains avec lui. Pendant tout ce temps, vous serez accompagn\u00e9 d&rsquo;une musique motivante et de graphismes incroyablement modernes et de haute qualit\u00e9.<\/p>\n<h2><strong>Caract\u00e9ristiques du jeu Helicopter X :<\/strong><\/h2>\n<p>La liste des caract\u00e9ristiques du jeu en ligne Helicopter X qui le distinguent des autres jeux de crash :<\/p>\n<ul>\n<li><strong>Graphismes du jeu :<\/strong><\/li>\n<\/ul>\n<p>Une des principales caract\u00e9ristiques de Helicopter X est son style visuel. Les graphismes du jeu sont dans un th\u00e8me moderne, lui donnant de l&rsquo;originalit\u00e9 et sa propre atmosph\u00e8re.<\/p>\n<ul>\n<li><strong>Double mise :<\/strong><\/li>\n<\/ul>\n<p>Dans Helicopter X, il existe plusieurs options de mise, permettant \u00e0 chaque joueur de choisir celle qui lui convient. En bas, vous voyez l&rsquo;interface o\u00f9 vous pouvez ajuster la taille de votre mise. Juste au-dessus, vous pouvez choisir un mode pratique pour vous : simple mise ou double mise. Un peu \u00e0 gauche, il y a une fonction de r\u00e9glage de la mise. Ici, vous pouvez sp\u00e9cifier la valeur du coefficient \u00e0 laquelle le jeu collecte automatiquement les gains. N&rsquo;h\u00e9sitez pas \u00e0 exp\u00e9rimenter et \u00e0 collecter vos gains !<\/p>\n<ul>\n<li><strong>Historique des coefficients :<\/strong><\/li>\n<\/ul>\n<p>Sur le c\u00f4t\u00e9 gauche de l&rsquo;\u00e9cran se trouve une colonne indiquant votre coefficient maximum que vous avez atteint lors des tours pr\u00e9c\u00e9dents. Gr\u00e2ce \u00e0 cette fonctionnalit\u00e9, vous pouvez essayer d&rsquo;analyser apr\u00e8s combien de tours le jeu donne un gros multiplicateur et combien de temps il maintient un petit coefficient.<\/p>\n<ul>\n<li><strong>Consultation en ligne des mises des autres joueurs :<\/strong><\/li>\n<\/ul>\n<p>Sur le c\u00f4t\u00e9 droit de l&rsquo;\u00e9cran, vous pouvez voir une ic\u00f4ne d&rsquo;horloge, cliquez dessus et choisissez la section des mises actuelles &#8211; il s&rsquo;agit de la consultation en ligne des multiplicateurs et des tailles des gains des autres joueurs pour le moment. Il y a aussi une section des plus gros gains o\u00f9 vous pouvez voir les plus gros coefficients et les tailles des gains des joueurs pour la journ\u00e9e, la semaine derni\u00e8re, et m\u00eame pour le mois dernier. La section \u00ab\u00a0mes mises\u00a0\u00bb montre l&rsquo;historique de vos coefficients, de vos gains et l&rsquo;heure \u00e0 laquelle vous avez collect\u00e9 vos gains.<\/p>\n<h2><strong>Avantages et inconv\u00e9nients du jeu en ligne Helicopter X :<\/strong><\/h2>\n<table>\n<tbody>\n<tr>\n<td>Avantages<\/td>\n<td>Inconv\u00e9nients<\/td>\n<\/tr>\n<tr>\n<td>Coef\ufb01cient maximum : <strong>1000x<\/strong><\/td>\n<td>Aucun jeu bonus<\/td>\n<\/tr>\n<tr>\n<td>RTP (Retour au joueur) est de 96%<\/td>\n<td>Aucun jackpot progressif<\/td>\n<\/tr>\n<tr>\n<td>Statistiques en direct, qui vous permettent d&rsquo;analyser les gains des autres joueurs et quand le jeu a tendance \u00e0 donner des multiplicateurs plus \u00e9lev\u00e9s<\/td>\n<td>Certains joueurs peuvent trouver Helicopter X un peu monotone apr\u00e8s une longue p\u00e9riode de jeu. Les utilisateurs peuvent rapidement se fatiguer du gameplay monotone<\/td>\n<\/tr>\n<tr>\n<td>Mise minimale 0,05<br \/>\nMise maximale 200<\/td>\n<td>Aucun tour gratuit<\/td>\n<\/tr>\n<\/tbody>\n<\/table>\n<p>En parlant des avantages et des inconv\u00e9nients du jeu en ligne Helicopter X, rappelez-vous qu&rsquo;il s&rsquo;agit d&rsquo;un jeu qui offre un coefficient de gain maximal de 1000 fois la mise. Le jeu Helicopter X impressionne non seulement par sa g\u00e9n\u00e9rosit\u00e9 potentielle, mais offre \u00e9galement un niveau \u00e9lev\u00e9 de retour aux joueurs : le RTP (Retour au Joueur) est de 96 %. Cela signifie qu&rsquo;en moyenne, pour chaque 100 $ d\u00e9pens\u00e9s dans le jeu, les joueurs peuvent s&rsquo;attendre \u00e0 un retour de 96 $. Il s&rsquo;agit d&rsquo;un chiffre assez \u00e9lev\u00e9 dans le monde des jeux de hasard.<\/p>\n<p>Une caract\u00e9ristique particuli\u00e8rement attrayante du jeu Helicopter X est l&rsquo;introduction de statistiques en direct, permettant aux joueurs d&rsquo;analyser les gains des autres participants et de d\u00e9terminer quand le jeu est susceptible de donner des multiplicateurs plus \u00e9lev\u00e9s. Cet outil d&rsquo;analyse peut \u00eatre essentiel pour la strat\u00e9gie, permettant aux joueurs de planifier leurs paris de mani\u00e8re plus consciente et efficace. Avec une mise minimale de seulement 5 cents et une mise maximale atteignant 200, le jeu devient accessible \u00e0 tous les types de joueurs.<\/p>\n<p>En ce qui concerne les inconv\u00e9nients du jeu Helicopter X, le jeu pr\u00e9sente certaines limitations qui peuvent affecter la perception et l&rsquo;exp\u00e9rience de jeu des utilisateurs. Il est important de noter que Helicopter X ne propose pas de jeu bonus, ce qui est une caract\u00e9ristique assez courante dans d&rsquo;autres jeux en ligne.<\/p>\n<p>Il convient \u00e9galement de mentionner que le jeu ne propose pas de jackpot progressif. Les jackpots progressifs servent souvent de puissants incitatifs pour les joueurs, ajoutant de l&rsquo;excitation et de l&rsquo;anticipation \u00e0 une grosse victoire qui peut changer des vies. L&rsquo;absence d&rsquo;un tel jackpot peut r\u00e9duire l&rsquo;attrait global du jeu pour ceux qui recherchent l&rsquo;excitation de potentiellement remporter une \u00e9norme somme d&rsquo;argent.<\/p>\n<p>De plus, certains joueurs peuvent ressentir la monotonie du jeu Helicopter X au fil du temps, surtout apr\u00e8s des sessions prolong\u00e9es. Le manque de vari\u00e9t\u00e9 dans le gameplay peut rapidement conduire \u00e0 la fatigue. Cela rend le jeu moins attrayant pour ceux qui recherchent non seulement la possibilit\u00e9 de gagner, mais aussi une exp\u00e9rience de jeu int\u00e9ressante.<\/p>\n","protected":false},"excerpt":{"rendered":"<p>Le jeu en ligne Helicopter X est un jeu de hasard passionnant et simple avec un style moderne int\u00e9ressant et un sc\u00e9nario clair, d\u00e9velopp\u00e9 par SmartSoft Gaming. SmartSoft Gaming est compos\u00e9 de professionnels dans leur domaine, et le jeu Helicopter X est un autre exemple de la fa\u00e7on dont des m\u00e9thodes innovantes permettent aux jeux&#8230;<\/p>\n","protected":false},"author":1,"featured_media":0,"parent":0,"menu_order":0,"comment_status":"closed","ping_status":"closed","template":"","meta":{"footnotes":""},"yoast_head":"<!-- This site is optimized with the Yoast SEO plugin v16.5 - https:\/\/yoast.com\/wordpress\/plugins\/seo\/ -->\n<title>Jouez au jeu en ligne Helicopter X dans un casino en ligne.<\/title>\n<meta name=\"description\" content=\"Jouez pour de l&#039;argent r\u00e9el dans un casino en ligne dans le jeu de crash Helicopter X. L&#039;intrigue du jeu, les avantages et les inconv\u00e9nients, les fonctionnalit\u00e9s de la machine \u00e0 sous en ligne Helicopter X.\" \/>\n<meta name=\"robots\" content=\"index, follow, max-snippet:-1, max-image-preview:large, max-video-preview:-1\" \/>\n<link rel=\"canonical\" href=\"https:\/\/juegosdehelicopteros.net\/fr\/\" \/>\n<meta property=\"og:locale\" content=\"fr_FR\" \/>\n<meta property=\"og:locale:alternate\" content=\"ru_RU\" \/>\n<meta property=\"og:locale:alternate\" content=\"en_US\" \/>\n<meta property=\"og:locale:alternate\" content=\"pt_PT\" \/>\n<meta property=\"og:locale:alternate\" content=\"es_ES\" \/>\n<meta property=\"og:locale:alternate\" content=\"ro_RO\" \/>\n<meta property=\"og:locale:alternate\" content=\"sr_RS\" \/>\n<meta property=\"og:locale:alternate\" content=\"bg_BG\" \/>\n<meta property=\"og:locale:alternate\" content=\"pl_PL\" \/>\n<meta property=\"og:locale:alternate\" content=\"it_IT\" \/>\n<meta property=\"og:type\" content=\"article\" \/>\n<meta property=\"og:title\" content=\"Jouez au jeu en ligne Helicopter X dans un casino en ligne.\" \/>\n<meta property=\"og:description\" content=\"Jouez pour de l&#039;argent r\u00e9el dans un casino en ligne dans le jeu de crash Helicopter X. L&#039;intrigue du jeu, les avantages et les inconv\u00e9nients, les fonctionnalit\u00e9s de la machine \u00e0 sous en ligne Helicopter X.\" \/>\n<meta property=\"og:url\" content=\"https:\/\/juegosdehelicopteros.net\/fr\/\" \/>\n<meta property=\"og:site_name\" content=\"Helicopter X\" \/>\n<meta property=\"article:modified_time\" content=\"2024-02-29T18:27:17+00:00\" \/>\n<meta name=\"twitter:card\" content=\"summary_large_image\" \/>\n<meta name=\"twitter:label1\" content=\"Dur\u00e9e de lecture est.\" \/>\n\t<meta name=\"twitter:data1\" content=\"38 minutes\" \/>\n<script type=\"application\/ld+json\" class=\"yoast-schema-graph\">{\"@context\":\"https:\/\/schema.org\",\"@graph\":[{\"@type\":\"WebSite\",\"@id\":\"https:\/\/juegosdehelicopteros.net\/fr\/#website\",\"url\":\"https:\/\/juegosdehelicopteros.net\/fr\/\",\"name\":\"Helicopter X\",\"description\":\"\",\"potentialAction\":[{\"@type\":\"SearchAction\",\"target\":\"https:\/\/juegosdehelicopteros.net\/fr\/?s={search_term_string}\",\"query-input\":\"required name=search_term_string\"}],\"inLanguage\":\"fr-FR\"},{\"@type\":\"WebPage\",\"@id\":\"https:\/\/juegosdehelicopteros.net\/fr\/#webpage\",\"url\":\"https:\/\/juegosdehelicopteros.net\/fr\/\",\"name\":\"Jouez au jeu en ligne Helicopter X dans un casino en ligne.\",\"isPartOf\":{\"@id\":\"https:\/\/juegosdehelicopteros.net\/fr\/#website\"},\"datePublished\":\"2024-02-15T17:40:43+00:00\",\"dateModified\":\"2024-02-29T18:27:17+00:00\",\"description\":\"Jouez pour de l'argent r\\u00e9el dans un casino en ligne dans le jeu de crash Helicopter X. L'intrigue du jeu, les avantages et les inconv\\u00e9nients, les fonctionnalit\\u00e9s de la machine \\u00e0 sous en ligne Helicopter X.\",\"breadcrumb\":{\"@id\":\"https:\/\/juegosdehelicopteros.net\/fr\/#breadcrumb\"},\"inLanguage\":\"fr-FR\",\"potentialAction\":[{\"@type\":\"ReadAction\",\"target\":[\"https:\/\/juegosdehelicopteros.net\/fr\/\"]}]},{\"@type\":\"BreadcrumbList\",\"@id\":\"https:\/\/juegosdehelicopteros.net\/fr\/#breadcrumb\",\"itemListElement\":[{\"@type\":\"ListItem\",\"position\":1,\"name\":\"Home\",\"item\":\"https:\/\/juegosdehelicopteros.net\/fr\/\"},{\"@type\":\"ListItem\",\"position\":2,\"name\":\"\\u00c0 propos du jeu Helicopter X\"}]}]}<\/script>\n<!-- \/ Yoast SEO plugin. -->","_links":{"self":[{"href":"https:\/\/juegosdehelicopteros.net\/fr\/wp-json\/wp\/v2\/pages\/7"}],"collection":[{"href":"https:\/\/juegosdehelicopteros.net\/fr\/wp-json\/wp\/v2\/pages"}],"about":[{"href":"https:\/\/juegosdehelicopteros.net\/fr\/wp-json\/wp\/v2\/types\/page"}],"author":[{"embeddable":true,"href":"https:\/\/juegosdehelicopteros.net\/fr\/wp-json\/wp\/v2\/users\/1"}],"replies":[{"embeddable":true,"href":"https:\/\/juegosdehelicopteros.net\/fr\/wp-json\/wp\/v2\/comments?post=7"}],"version-history":[{"count":38,"href":"https:\/\/juegosdehelicopteros.net\/fr\/wp-json\/wp\/v2\/pages\/7\/revisions"}],"predecessor-version":[{"id":170,"href":"https:\/\/juegosdehelicopteros.net\/fr\/wp-json\/wp\/v2\/pages\/7\/revisions\/170"}],"wp:attachment":[{"href":"https:\/\/juegosdehelicopteros.net\/fr\/wp-json\/wp\/v2\/media?parent=7"}],"curies":[{"name":"wp","href":"https:\/\/api.w.org\/{rel}","templated":true}]}}