{"id":9,"date":"2024-02-15T17:41:39","date_gmt":"2024-02-15T17:41:39","guid":{"rendered":"https:\/\/juegosdehelicopteros.net\/?page_id=9"},"modified":"2024-02-29T18:22:50","modified_gmt":"2024-02-29T18:22:50","slug":"choose-an-online-casino-to-play-helicopter-x","status":"publish","type":"page","link":"https:\/\/juegosdehelicopteros.net\/fr\/choose-an-online-casino-to-play-helicopter-x\/","title":{"rendered":"Choisissez un casino en ligne pour jouer \u00e0 Helicopter X"},"content":{"rendered":"<p>Votre d\u00e9sir de vous plonger dans le monde passionnant du jeu en ligne Helicopter X peut \u00eatre r\u00e9alis\u00e9 quel que soit l&rsquo;appareil que vous avez entre les mains : qu&rsquo;il s&rsquo;agisse d&rsquo;un smartphone iOS ou Android, ou d&rsquo;un ordinateur personnel. Le principal pr\u00e9requis pour profiter du jeu Helicopter X est d&rsquo;avoir une connexion internet stable ou un r\u00e9seau Wi-Fi. Voici un guide \u00e9tape par \u00e9tape sur la mani\u00e8re de commencer \u00e0 jouer \u00e0 Helicopter X dans un casino en ligne :<\/p>\n<ol>\n<li>Tout d&rsquo;abord, vous devez choisir le casino en ligne o\u00f9 vous pr\u00e9f\u00e9rez jouer. Il existe de nombreux casinos sur internet, et le choix vous appartient.<\/li>\n<li>Apr\u00e8s avoir s\u00e9lectionn\u00e9 le casino, rendez-vous sur le site officiel du casino en ligne et passez par le processus d&rsquo;inscription. C&rsquo;est une \u00e9tape importante qui vous donnera acc\u00e8s \u00e0 l&rsquo;ensemble des options propos\u00e9es par le casino en ligne.<\/li>\n<li>La prochaine \u00e9tape consiste \u00e0 recharger votre solde de jeu. Pour votre commodit\u00e9, de nombreuses m\u00e9thodes de paiement sont disponibles. Choisissez celle qui vous semble la plus pratique et s\u00e9curis\u00e9e. De plus, rappelez-vous que la mani\u00e8re dont vous d\u00e9posez de l&rsquo;argent sur votre solde sera la m\u00eame mani\u00e8re dont l&rsquo;argent sera retir\u00e9.<\/li>\n<li>Maintenant que tout est pr\u00eat pour commencer, utilisez la barre de recherche sur le site du casino. Entrez le nom du jeu \u00ab\u00a0Helicopter X\u00a0\u00bb et confirmez votre choix en appuyant sur le bouton \u00ab\u00a0Rechercher\u00a0\u00bb. Vous aurez le choix : jouer \u00e0 la version compl\u00e8te du jeu ou essayer la version d\u00e9mo gratuite. Choisissez ce qui vous convient le mieux et plongez-vous dans le monde d&rsquo;un gameplay passionnant, o\u00f9 non seulement des aventures incroyables vous attendent, mais aussi la possibilit\u00e9 de remporter de gros prix en argent !<\/li>\n<\/ol>\n<p>Nous vous souhaitons un moment agr\u00e9able et bonne chance dans le jeu Helicopter X !<\/p>\n","protected":false},"excerpt":{"rendered":"<p>Votre d\u00e9sir de vous plonger dans le monde passionnant du jeu en ligne Helicopter X peut \u00eatre r\u00e9alis\u00e9 quel que soit l&rsquo;appareil que vous avez entre les mains : qu&rsquo;il s&rsquo;agisse d&rsquo;un smartphone iOS ou Android, ou d&rsquo;un ordinateur personnel. Le principal pr\u00e9requis pour profiter du jeu Helicopter X est d&rsquo;avoir une connexion internet stable&#8230;<\/p>\n","protected":false},"author":1,"featured_media":0,"parent":0,"menu_order":0,"comment_status":"closed","ping_status":"closed","template":"","meta":{"footnotes":""},"yoast_head":"<!-- This site is optimized with the Yoast SEO plugin v16.5 - https:\/\/yoast.com\/wordpress\/plugins\/seo\/ -->\n<title>O\u00f9 jouer au jeu de crash Helicopter X<\/title>\n<meta name=\"description\" content=\"Choisissez un casino en ligne pour jouer \u00e0 Helicopter X ! Jouez dans les meilleurs casinos en ligne, bonus, jouez gratuitement, comment jouer et gagner, t\u00e9l\u00e9chargement, FAQ, avis des joueurs.\" \/>\n<meta name=\"robots\" content=\"index, follow, max-snippet:-1, max-image-preview:large, max-video-preview:-1\" \/>\n<link rel=\"canonical\" href=\"https:\/\/juegosdehelicopteros.net\/fr\/choose-an-online-casino-to-play-helicopter-x\/\" \/>\n<meta property=\"og:locale\" content=\"fr_FR\" \/>\n<meta property=\"og:locale:alternate\" content=\"ru_RU\" \/>\n<meta property=\"og:locale:alternate\" content=\"en_US\" \/>\n<meta property=\"og:locale:alternate\" content=\"pt_PT\" \/>\n<meta property=\"og:locale:alternate\" content=\"es_ES\" \/>\n<meta property=\"og:locale:alternate\" content=\"ro_RO\" \/>\n<meta property=\"og:locale:alternate\" content=\"sr_RS\" \/>\n<meta property=\"og:locale:alternate\" content=\"bg_BG\" \/>\n<meta property=\"og:locale:alternate\" content=\"pl_PL\" \/>\n<meta property=\"og:locale:alternate\" content=\"it_IT\" \/>\n<meta property=\"og:type\" content=\"article\" \/>\n<meta property=\"og:title\" content=\"O\u00f9 jouer au jeu de crash Helicopter X\" \/>\n<meta property=\"og:description\" content=\"Choisissez un casino en ligne pour jouer \u00e0 Helicopter X ! Jouez dans les meilleurs casinos en ligne, bonus, jouez gratuitement, comment jouer et gagner, t\u00e9l\u00e9chargement, FAQ, avis des joueurs.\" \/>\n<meta property=\"og:url\" content=\"https:\/\/juegosdehelicopteros.net\/fr\/choose-an-online-casino-to-play-helicopter-x\/\" \/>\n<meta property=\"og:site_name\" content=\"Helicopter X\" \/>\n<meta property=\"article:modified_time\" content=\"2024-02-29T18:22:50+00:00\" \/>\n<meta name=\"twitter:card\" content=\"summary_large_image\" \/>\n<meta name=\"twitter:label1\" content=\"Dur\u00e9e de lecture est.\" \/>\n\t<meta name=\"twitter:data1\" content=\"10 minutes\" \/>\n<script type=\"application\/ld+json\" class=\"yoast-schema-graph\">{\"@context\":\"https:\/\/schema.org\",\"@graph\":[{\"@type\":\"WebSite\",\"@id\":\"https:\/\/juegosdehelicopteros.net\/fr\/#website\",\"url\":\"https:\/\/juegosdehelicopteros.net\/fr\/\",\"name\":\"Helicopter X\",\"description\":\"\",\"potentialAction\":[{\"@type\":\"SearchAction\",\"target\":\"https:\/\/juegosdehelicopteros.net\/fr\/?s={search_term_string}\",\"query-input\":\"required name=search_term_string\"}],\"inLanguage\":\"fr-FR\"},{\"@type\":\"WebPage\",\"@id\":\"https:\/\/juegosdehelicopteros.net\/fr\/choose-an-online-casino-to-play-helicopter-x\/#webpage\",\"url\":\"https:\/\/juegosdehelicopteros.net\/fr\/choose-an-online-casino-to-play-helicopter-x\/\",\"name\":\"O\\u00f9 jouer au jeu de crash Helicopter X\",\"isPartOf\":{\"@id\":\"https:\/\/juegosdehelicopteros.net\/fr\/#website\"},\"datePublished\":\"2024-02-15T17:41:39+00:00\",\"dateModified\":\"2024-02-29T18:22:50+00:00\",\"description\":\"Choisissez un casino en ligne pour jouer \\u00e0 Helicopter X ! Jouez dans les meilleurs casinos en ligne, bonus, jouez gratuitement, comment jouer et gagner, t\\u00e9l\\u00e9chargement, FAQ, avis des joueurs.\",\"breadcrumb\":{\"@id\":\"https:\/\/juegosdehelicopteros.net\/fr\/choose-an-online-casino-to-play-helicopter-x\/#breadcrumb\"},\"inLanguage\":\"fr-FR\",\"potentialAction\":[{\"@type\":\"ReadAction\",\"target\":[\"https:\/\/juegosdehelicopteros.net\/fr\/choose-an-online-casino-to-play-helicopter-x\/\"]}]},{\"@type\":\"BreadcrumbList\",\"@id\":\"https:\/\/juegosdehelicopteros.net\/fr\/choose-an-online-casino-to-play-helicopter-x\/#breadcrumb\",\"itemListElement\":[{\"@type\":\"ListItem\",\"position\":1,\"name\":\"Home\",\"item\":\"https:\/\/juegosdehelicopteros.net\/fr\/\"},{\"@type\":\"ListItem\",\"position\":2,\"name\":\"Choisissez un casino en ligne pour jouer \\u00e0 Helicopter X\"}]}]}<\/script>\n<!-- \/ Yoast SEO plugin. -->","_links":{"self":[{"href":"https:\/\/juegosdehelicopteros.net\/fr\/wp-json\/wp\/v2\/pages\/9"}],"collection":[{"href":"https:\/\/juegosdehelicopteros.net\/fr\/wp-json\/wp\/v2\/pages"}],"about":[{"href":"https:\/\/juegosdehelicopteros.net\/fr\/wp-json\/wp\/v2\/types\/page"}],"author":[{"embeddable":true,"href":"https:\/\/juegosdehelicopteros.net\/fr\/wp-json\/wp\/v2\/users\/1"}],"replies":[{"embeddable":true,"href":"https:\/\/juegosdehelicopteros.net\/fr\/wp-json\/wp\/v2\/comments?post=9"}],"version-history":[{"count":20,"href":"https:\/\/juegosdehelicopteros.net\/fr\/wp-json\/wp\/v2\/pages\/9\/revisions"}],"predecessor-version":[{"id":168,"href":"https:\/\/juegosdehelicopteros.net\/fr\/wp-json\/wp\/v2\/pages\/9\/revisions\/168"}],"wp:attachment":[{"href":"https:\/\/juegosdehelicopteros.net\/fr\/wp-json\/wp\/v2\/media?parent=9"}],"curies":[{"name":"wp","href":"https:\/\/api.w.org\/{rel}","templated":true}]}}