{"id":13,"date":"2024-02-15T17:43:25","date_gmt":"2024-02-15T17:43:25","guid":{"rendered":"https:\/\/juegosdehelicopteros.net\/?page_id=13"},"modified":"2024-02-29T18:30:41","modified_gmt":"2024-02-29T18:30:41","slug":"recommendations-and-tips-for-the-crash-game-helicopter-x","status":"publish","type":"page","link":"https:\/\/juegosdehelicopteros.net\/it\/recommendations-and-tips-for-the-crash-game-helicopter-x\/","title":{"rendered":"Raccomandazioni e consigli per il gioco d&#8217;azzardo Helicopter X"},"content":{"rendered":"<p>Casino online pu\u00f2 essere un modo eccitante e divertente per trascorrere del tempo, ma \u00e8 importante ricordare alcuni consigli e suggerimenti per mantenere il gioco sicuro e responsabile. Ecco una lista di suggerimenti per giocare presso il casin\u00f2 online Helicopter X:<\/p>\n<h2><strong>Scegli un casin\u00f2 affidabile<\/strong><\/h2>\n<p>Prima di iniziare a giocare, assicurati che il casin\u00f2 online che hai scelto abbia una buona reputazione e una licenza. Ricerca le recensioni degli altri giocatori e assicurati che il casin\u00f2 rispetti regole e normative rigorose. Giocare presso un casin\u00f2 online affidabile e equo riduce il rischio di perdite finanziarie e garantisce che le tue vincite verranno pagate in tempo.<\/p>\n<h2><strong>Impara le regole del gioco<\/strong><\/h2>\n<p>Prima di iniziare a giocare a Helicopter X, familiarizza con le sue regole e strategie. Comprendere le regole ti aiuter\u00e0 a prendere decisioni informate e a migliorare le tue possibilit\u00e0 di vincita. Inoltre, considera l&#8217;uso di diverse strategie di scommessa per massimizzare le tue possibilit\u00e0 di successo. Ricorda che ogni gioco ha i suoi aspetti unici e conoscere questi dettagli pu\u00f2 aumentare significativamente la tua efficacia nel gioco.<\/p>\n<h2><strong>Gioca responsabilmente<\/strong><\/h2>\n<p>Gioca solo quando sei di buon umore e in grado di prendere decisioni ragionevoli. Non giocare sotto l&#8217;influenza di alcol o droghe, poich\u00e9 questo pu\u00f2 influenzare il tuo giudizio. Impostati dei limiti per te stesso sulle scommesse e sul tempo per controllare il tuo gioco e prevenire lo sviluppo della dipendenza dal gioco d&#8217;azzardo. Ricorda che il gioco responsabile comporta la capacit\u00e0 di fermarsi quando necessario.<\/p>\n<h2><strong>Non giocare con soldi che non puoi permetterti di perdere<\/strong><\/h2>\n<p>Gioca solo con soldi che sei disposto a perdere. Non prendere mai in prestito soldi per il gioco d&#8217;azzardo al casin\u00f2, specialmente se si tratta di un prestito o di un credito. Gestire un budget di gioco aiuta ad evitare difficolt\u00e0 finanziarie e mantiene il gioco come forma di intrattenimento piuttosto che una fonte di stress. Capisci che il gioco d&#8217;azzardo al casin\u00f2 \u00e8 un intrattenimento con un esito imprevedibile, il che aiuta a mantenere un atteggiamento sano nei confronti del gioco d&#8217;azzardo.<\/p>\n<h2><strong>Paura di perdere<\/strong><\/h2>\n<p>Se non vuoi rischiare soldi veri e non conosci il gameplay, familiarizza e prova a giocare a Helicopter X gratuitamente prima. In modalit\u00e0 demo, giochi con denaro virtuale. La &#8220;modalit\u00e0 di intrattenimento&#8221; consente ai giocatori di avvicinarsi al gameplay senza rischiare i loro risparmi. Questa opzione ti consente di imparare la meccanica e le caratteristiche del gioco senza perdite finanziarie, fornendo esperienza e fiducia preziose prima di giocare con soldi veri.<\/p>\n<h2><strong>Tattiche<\/strong><\/h2>\n<p>Analizza i tuoi coefficienti massimi e minimi per sviluppare la tua strategia se necessario in futuro. Valutare i giochi passati e prendere decisioni basate sulle statistiche pu\u00f2 migliorare le tue possibilit\u00e0 di successo. Utilizzare tattiche basate sull&#8217;analisi ti aiuter\u00e0 a determinare i momenti ottimali per le scommesse e per uscire dal gioco, aumentando la tua efficienza e le potenziali vincite.<\/p>\n<h2><strong>Statistiche live<\/strong><\/h2>\n<p>Analizza il gioco degli altri giocatori! Ci\u00f2 ti aiuter\u00e0 a capire gli intervalli di tempo in cui gli utenti non ottengono grandi moltiplicatori. Studiare il comportamento e le strategie degli altri giocatori pu\u00f2 fornire preziose lezioni e aiutare a evitare errori comuni. Prestare attenzione alle tendenze e ai cambiamenti nel gioco pu\u00f2 anche offrire vantaggi strategici.<\/p>\n<p>Seguendo questi consigli migliorati, i giocatori possono godersi il gioco di Helicopter X mantenendo il controllo e un approccio razionale al gioco d&#8217;azzardo. Ricorda che la chiave per un gioco d&#8217;azzardo online di successo risiede in una combinazione equilibrata di intrattenimento, strategia e responsabilit\u00e0.<\/p>\n","protected":false},"excerpt":{"rendered":"<p>Casino online pu\u00f2 essere un modo eccitante e divertente per trascorrere del tempo, ma \u00e8 importante ricordare alcuni consigli e suggerimenti per mantenere il gioco sicuro e responsabile. Ecco una lista di suggerimenti per giocare presso il casin\u00f2 online Helicopter X: Scegli un casin\u00f2 affidabile Prima di iniziare a giocare, assicurati che il casin\u00f2 online&#8230;<\/p>\n","protected":false},"author":1,"featured_media":0,"parent":0,"menu_order":0,"comment_status":"closed","ping_status":"closed","template":"","meta":{"footnotes":""},"yoast_head":"<!-- This site is optimized with the Yoast SEO plugin v16.5 - https:\/\/yoast.com\/wordpress\/plugins\/seo\/ -->\n<title>Come giocare al gioco di crash Helicopter X<\/title>\n<meta name=\"description\" content=\"Consigli su come giocare al gioco online Helicopter X. Raccomandazioni, consigli per i giocatori che scelgono di giocare a Helicopter X in un casin\u00f2 online.\" \/>\n<meta name=\"robots\" content=\"index, follow, max-snippet:-1, max-image-preview:large, max-video-preview:-1\" \/>\n<link rel=\"canonical\" href=\"https:\/\/juegosdehelicopteros.net\/it\/recommendations-and-tips-for-the-crash-game-helicopter-x\/\" \/>\n<meta property=\"og:locale\" content=\"it_IT\" \/>\n<meta property=\"og:locale:alternate\" content=\"ru_RU\" \/>\n<meta property=\"og:locale:alternate\" content=\"en_US\" \/>\n<meta property=\"og:locale:alternate\" content=\"pt_PT\" \/>\n<meta property=\"og:locale:alternate\" content=\"es_ES\" \/>\n<meta property=\"og:locale:alternate\" content=\"ro_RO\" \/>\n<meta property=\"og:locale:alternate\" content=\"sr_RS\" \/>\n<meta property=\"og:locale:alternate\" content=\"bg_BG\" \/>\n<meta property=\"og:locale:alternate\" content=\"pl_PL\" \/>\n<meta property=\"og:locale:alternate\" content=\"fr_FR\" \/>\n<meta property=\"og:type\" content=\"article\" \/>\n<meta property=\"og:title\" content=\"Come giocare al gioco di crash Helicopter X\" \/>\n<meta property=\"og:description\" content=\"Consigli su come giocare al gioco online Helicopter X. Raccomandazioni, consigli per i giocatori che scelgono di giocare a Helicopter X in un casin\u00f2 online.\" \/>\n<meta property=\"og:url\" content=\"https:\/\/juegosdehelicopteros.net\/it\/recommendations-and-tips-for-the-crash-game-helicopter-x\/\" \/>\n<meta property=\"og:site_name\" content=\"Helicopter X\" \/>\n<meta property=\"article:modified_time\" content=\"2024-02-29T18:30:41+00:00\" \/>\n<meta name=\"twitter:card\" content=\"summary_large_image\" \/>\n<meta name=\"twitter:label1\" content=\"Tempo di lettura stimato\" \/>\n\t<meta name=\"twitter:data1\" content=\"21 minuti\" \/>\n<script type=\"application\/ld+json\" class=\"yoast-schema-graph\">{\"@context\":\"https:\/\/schema.org\",\"@graph\":[{\"@type\":\"WebSite\",\"@id\":\"https:\/\/juegosdehelicopteros.net\/it\/#website\",\"url\":\"https:\/\/juegosdehelicopteros.net\/it\/\",\"name\":\"Helicopter X\",\"description\":\"\",\"potentialAction\":[{\"@type\":\"SearchAction\",\"target\":\"https:\/\/juegosdehelicopteros.net\/it\/?s={search_term_string}\",\"query-input\":\"required name=search_term_string\"}],\"inLanguage\":\"it-IT\"},{\"@type\":\"WebPage\",\"@id\":\"https:\/\/juegosdehelicopteros.net\/it\/recommendations-and-tips-for-the-crash-game-helicopter-x\/#webpage\",\"url\":\"https:\/\/juegosdehelicopteros.net\/it\/recommendations-and-tips-for-the-crash-game-helicopter-x\/\",\"name\":\"Come giocare al gioco di crash Helicopter X\",\"isPartOf\":{\"@id\":\"https:\/\/juegosdehelicopteros.net\/it\/#website\"},\"datePublished\":\"2024-02-15T17:43:25+00:00\",\"dateModified\":\"2024-02-29T18:30:41+00:00\",\"description\":\"Consigli su come giocare al gioco online Helicopter X. Raccomandazioni, consigli per i giocatori che scelgono di giocare a Helicopter X in un casin\\u00f2 online.\",\"breadcrumb\":{\"@id\":\"https:\/\/juegosdehelicopteros.net\/it\/recommendations-and-tips-for-the-crash-game-helicopter-x\/#breadcrumb\"},\"inLanguage\":\"it-IT\",\"potentialAction\":[{\"@type\":\"ReadAction\",\"target\":[\"https:\/\/juegosdehelicopteros.net\/it\/recommendations-and-tips-for-the-crash-game-helicopter-x\/\"]}]},{\"@type\":\"BreadcrumbList\",\"@id\":\"https:\/\/juegosdehelicopteros.net\/it\/recommendations-and-tips-for-the-crash-game-helicopter-x\/#breadcrumb\",\"itemListElement\":[{\"@type\":\"ListItem\",\"position\":1,\"name\":\"Home\",\"item\":\"https:\/\/juegosdehelicopteros.net\/it\/\"},{\"@type\":\"ListItem\",\"position\":2,\"name\":\"Raccomandazioni e consigli per il gioco d&#8217;azzardo Helicopter X\"}]}]}<\/script>\n<!-- \/ Yoast SEO plugin. -->","_links":{"self":[{"href":"https:\/\/juegosdehelicopteros.net\/it\/wp-json\/wp\/v2\/pages\/13"}],"collection":[{"href":"https:\/\/juegosdehelicopteros.net\/it\/wp-json\/wp\/v2\/pages"}],"about":[{"href":"https:\/\/juegosdehelicopteros.net\/it\/wp-json\/wp\/v2\/types\/page"}],"author":[{"embeddable":true,"href":"https:\/\/juegosdehelicopteros.net\/it\/wp-json\/wp\/v2\/users\/1"}],"replies":[{"embeddable":true,"href":"https:\/\/juegosdehelicopteros.net\/it\/wp-json\/wp\/v2\/comments?post=13"}],"version-history":[{"count":21,"href":"https:\/\/juegosdehelicopteros.net\/it\/wp-json\/wp\/v2\/pages\/13\/revisions"}],"predecessor-version":[{"id":172,"href":"https:\/\/juegosdehelicopteros.net\/it\/wp-json\/wp\/v2\/pages\/13\/revisions\/172"}],"wp:attachment":[{"href":"https:\/\/juegosdehelicopteros.net\/it\/wp-json\/wp\/v2\/media?parent=13"}],"curies":[{"name":"wp","href":"https:\/\/api.w.org\/{rel}","templated":true}]}}