{"id":15,"date":"2024-02-15T19:39:00","date_gmt":"2024-02-15T19:39:00","guid":{"rendered":"https:\/\/juegosdehelicopteros.net\/?page_id=15"},"modified":"2024-02-29T18:24:26","modified_gmt":"2024-02-29T18:24:26","slug":"play-and-win-in-helicopter-x","status":"publish","type":"page","link":"https:\/\/juegosdehelicopteros.net\/it\/play-and-win-in-helicopter-x\/","title":{"rendered":"Gioca e vinci in Helicopter X"},"content":{"rendered":"<p>Se stai iniziando a giocare al gioco d&#8217;incidente Helicopter X, abbiamo raccolto le migliori strategie per migliorare i tuoi risultati. Questo non \u00e8 una garanzia di vittoria, ma \u00e8 molto meglio che premere tasti casuali:<\/p>\n<h2><strong>Osservazione dei pattern<\/strong><\/h2>\n<p>Guarda il gioco e cerca di individuare i pattern nell&#8217;apparizione di moltiplicatori elevati. Se noti che diventano meno frequenti, aumenta la tua scommessa nei round successivi. Questo pu\u00f2 aumentare le tue possibilit\u00e0 di successo.<\/p>\n<h2><strong>Strategia di Martingala<\/strong><\/h2>\n<p>Per giocatori audaci e rischiosi. Dopo ogni perdita, aumenta la tua scommessa, e dopo una vittoria, torna all&#8217;importo iniziale. Questo metodo aiuta a recuperare i fondi persi ma richiede un budget significativo ed esperienza.<\/p>\n<h2><strong>Strategia della Martingala invertita<\/strong><\/h2>\n<p>Dopo ogni vittoria, aumenta la tua scommessa, e dopo una perdita, diminuiscila. Questo approccio aiuta a minimizzare i rischi e aumentare le possibilit\u00e0 di un gioco di successo, riducendo le perdite potenziali.<\/p>\n<h2><strong>Analisi delle statistiche e del comportamento degli altri giocatori<\/strong><\/h2>\n<p>Monitora attentamente le statistiche in tempo reale e le azioni degli altri giocatori, specialmente durante i round con piccole vincite che possono indicare imminenti moltiplicatori elevati.<\/p>\n<p>Ricorda che non c&#8217;\u00e8 alcuna garanzia assoluta di vincita, e nessuna strategia pu\u00f2 promettere il successo al 100%. Tuttavia, l&#8217;applicazione di approcci e strategie ponderati \u00e8 significativamente migliore che fare affidamento esclusivamente sulla fortuna.<\/p>\n","protected":false},"excerpt":{"rendered":"<p>Se stai iniziando a giocare al gioco d&#8217;incidente Helicopter X, abbiamo raccolto le migliori strategie per migliorare i tuoi risultati. Questo non \u00e8 una garanzia di vittoria, ma \u00e8 molto meglio che premere tasti casuali: Osservazione dei pattern Guarda il gioco e cerca di individuare i pattern nell&#8217;apparizione di moltiplicatori elevati. Se noti che diventano&#8230;<\/p>\n","protected":false},"author":1,"featured_media":0,"parent":0,"menu_order":0,"comment_status":"closed","ping_status":"closed","template":"","meta":{"footnotes":""},"yoast_head":"<!-- This site is optimized with the Yoast SEO plugin v16.5 - https:\/\/yoast.com\/wordpress\/plugins\/seo\/ -->\n<title>Strategie e tattiche nel gioco di crash Helicopter X presso un casin\u00f2 online.<\/title>\n<meta name=\"description\" content=\"Come giocare e vincere nel gioco online Helicopter X. Strategie e tattiche nel gioco Helicopter X. Come vincere giocando al gioco di crash Helicopter.\" \/>\n<meta name=\"robots\" content=\"index, follow, max-snippet:-1, max-image-preview:large, max-video-preview:-1\" \/>\n<link rel=\"canonical\" href=\"https:\/\/juegosdehelicopteros.net\/it\/play-and-win-in-helicopter-x\/\" \/>\n<meta property=\"og:locale\" content=\"it_IT\" \/>\n<meta property=\"og:locale:alternate\" content=\"ru_RU\" \/>\n<meta property=\"og:locale:alternate\" content=\"en_US\" \/>\n<meta property=\"og:locale:alternate\" content=\"pt_PT\" \/>\n<meta property=\"og:locale:alternate\" content=\"es_ES\" \/>\n<meta property=\"og:locale:alternate\" content=\"ro_RO\" \/>\n<meta property=\"og:locale:alternate\" content=\"sr_RS\" \/>\n<meta property=\"og:locale:alternate\" content=\"bg_BG\" \/>\n<meta property=\"og:locale:alternate\" content=\"pl_PL\" \/>\n<meta property=\"og:locale:alternate\" content=\"fr_FR\" \/>\n<meta property=\"og:type\" content=\"article\" \/>\n<meta property=\"og:title\" content=\"Strategie e tattiche nel gioco di crash Helicopter X presso un casin\u00f2 online.\" \/>\n<meta property=\"og:description\" content=\"Come giocare e vincere nel gioco online Helicopter X. Strategie e tattiche nel gioco Helicopter X. Come vincere giocando al gioco di crash Helicopter.\" \/>\n<meta property=\"og:url\" content=\"https:\/\/juegosdehelicopteros.net\/it\/play-and-win-in-helicopter-x\/\" \/>\n<meta property=\"og:site_name\" content=\"Helicopter X\" \/>\n<meta property=\"article:modified_time\" content=\"2024-02-29T18:24:26+00:00\" \/>\n<meta name=\"twitter:card\" content=\"summary_large_image\" \/>\n<meta name=\"twitter:label1\" content=\"Tempo di lettura stimato\" \/>\n\t<meta name=\"twitter:data1\" content=\"8 minuti\" \/>\n<script type=\"application\/ld+json\" class=\"yoast-schema-graph\">{\"@context\":\"https:\/\/schema.org\",\"@graph\":[{\"@type\":\"WebSite\",\"@id\":\"https:\/\/juegosdehelicopteros.net\/it\/#website\",\"url\":\"https:\/\/juegosdehelicopteros.net\/it\/\",\"name\":\"Helicopter X\",\"description\":\"\",\"potentialAction\":[{\"@type\":\"SearchAction\",\"target\":\"https:\/\/juegosdehelicopteros.net\/it\/?s={search_term_string}\",\"query-input\":\"required name=search_term_string\"}],\"inLanguage\":\"it-IT\"},{\"@type\":\"WebPage\",\"@id\":\"https:\/\/juegosdehelicopteros.net\/it\/play-and-win-in-helicopter-x\/#webpage\",\"url\":\"https:\/\/juegosdehelicopteros.net\/it\/play-and-win-in-helicopter-x\/\",\"name\":\"Strategie e tattiche nel gioco di crash Helicopter X presso un casin\\u00f2 online.\",\"isPartOf\":{\"@id\":\"https:\/\/juegosdehelicopteros.net\/it\/#website\"},\"datePublished\":\"2024-02-15T19:39:00+00:00\",\"dateModified\":\"2024-02-29T18:24:26+00:00\",\"description\":\"Come giocare e vincere nel gioco online Helicopter X. Strategie e tattiche nel gioco Helicopter X. Come vincere giocando al gioco di crash Helicopter.\",\"breadcrumb\":{\"@id\":\"https:\/\/juegosdehelicopteros.net\/it\/play-and-win-in-helicopter-x\/#breadcrumb\"},\"inLanguage\":\"it-IT\",\"potentialAction\":[{\"@type\":\"ReadAction\",\"target\":[\"https:\/\/juegosdehelicopteros.net\/it\/play-and-win-in-helicopter-x\/\"]}]},{\"@type\":\"BreadcrumbList\",\"@id\":\"https:\/\/juegosdehelicopteros.net\/it\/play-and-win-in-helicopter-x\/#breadcrumb\",\"itemListElement\":[{\"@type\":\"ListItem\",\"position\":1,\"name\":\"Home\",\"item\":\"https:\/\/juegosdehelicopteros.net\/it\/\"},{\"@type\":\"ListItem\",\"position\":2,\"name\":\"Gioca e vinci in Helicopter X\"}]}]}<\/script>\n<!-- \/ Yoast SEO plugin. -->","_links":{"self":[{"href":"https:\/\/juegosdehelicopteros.net\/it\/wp-json\/wp\/v2\/pages\/15"}],"collection":[{"href":"https:\/\/juegosdehelicopteros.net\/it\/wp-json\/wp\/v2\/pages"}],"about":[{"href":"https:\/\/juegosdehelicopteros.net\/it\/wp-json\/wp\/v2\/types\/page"}],"author":[{"embeddable":true,"href":"https:\/\/juegosdehelicopteros.net\/it\/wp-json\/wp\/v2\/users\/1"}],"replies":[{"embeddable":true,"href":"https:\/\/juegosdehelicopteros.net\/it\/wp-json\/wp\/v2\/comments?post=15"}],"version-history":[{"count":21,"href":"https:\/\/juegosdehelicopteros.net\/it\/wp-json\/wp\/v2\/pages\/15\/revisions"}],"predecessor-version":[{"id":169,"href":"https:\/\/juegosdehelicopteros.net\/it\/wp-json\/wp\/v2\/pages\/15\/revisions\/169"}],"wp:attachment":[{"href":"https:\/\/juegosdehelicopteros.net\/it\/wp-json\/wp\/v2\/media?parent=15"}],"curies":[{"name":"wp","href":"https:\/\/api.w.org\/{rel}","templated":true}]}}