{"id":17,"date":"2024-02-15T19:41:26","date_gmt":"2024-02-15T19:41:26","guid":{"rendered":"https:\/\/juegosdehelicopteros.net\/?page_id=17"},"modified":"2024-02-29T18:21:42","modified_gmt":"2024-02-29T18:21:42","slug":"faq-frequently-asked-questions-about-the-game-helicopter-x","status":"publish","type":"page","link":"https:\/\/juegosdehelicopteros.net\/it\/faq-frequently-asked-questions-about-the-game-helicopter-x\/","title":{"rendered":"FAQ &#8211; Domande frequenti sul gioco Helicopter X"},"content":{"rendered":"<p><strong>Posso giocare alla versione demo del gioco di incidenti Helicopter X gratuitamente?<\/strong><\/p>\n<p>S\u00ec, puoi prima giocare alla versione demo di Helicopter X, giocare senza effettuare alcun deposito!<\/p>\n<p><strong>Posso vincere soldi veri giocando al gioco Helicopter X?<\/strong><\/p>\n<p>S\u00ec, puoi giocare al casin\u00f2 Helicopter X in tempo reale e vincere soldi veri!<\/p>\n<p><strong>Qual \u00e8 il posto migliore per giocare al gioco online Helicopter X?<\/strong><\/p>\n<p>Puoi giocare gratuitamente ovunque, ma se prevedi di iniziare a giocare con soldi veri, dovresti scegliere un casin\u00f2 affidabile e attendibile. In modo che il tuo gioco sia tranquillo e porti solo emozioni positive!<\/p>\n<p><strong>Posso giocare al casin\u00f2 online Helicopter X sul mio dispositivo mobile?<\/strong><\/p>\n<p>S\u00ec, il gioco di Helicopter X \u00e8 ottimizzato per dispositivi e schermi di tutte le risoluzioni, quindi puoi goderti il gioco sul tuo telefono mobile Android o iOS.<\/p>\n<p><strong>Qual \u00e8 la puntata minima nel gioco online di Helicopter X?<\/strong><\/p>\n<p>La puntata minima nel casin\u00f2 online Helicopter X \u00e8 di 0,05.<\/p>\n<p><strong>Qual \u00e8 la puntata massima nel gioco online di Helicopter X?<\/strong><\/p>\n<p>La puntata massima nel casin\u00f2 online Helicopter X \u00e8 di 200.<\/p>\n","protected":false},"excerpt":{"rendered":"<p>Posso giocare alla versione demo del gioco di incidenti Helicopter X gratuitamente? S\u00ec, puoi prima giocare alla versione demo di Helicopter X, giocare senza effettuare alcun deposito! Posso vincere soldi veri giocando al gioco Helicopter X? S\u00ec, puoi giocare al casin\u00f2 Helicopter X in tempo reale e vincere soldi veri! Qual \u00e8 il posto migliore&#8230;<\/p>\n","protected":false},"author":1,"featured_media":0,"parent":0,"menu_order":0,"comment_status":"closed","ping_status":"closed","template":"","meta":{"footnotes":""},"yoast_head":"<!-- This site is optimized with the Yoast SEO plugin v16.5 - https:\/\/yoast.com\/wordpress\/plugins\/seo\/ -->\n<title>FAQ - Domande frequenti sulla partita Helicopter X<\/title>\n<meta name=\"description\" content=\"Abbiamo raccolto domande e risposte sulla partita online Helicopter X. Tutte le informazioni sulla partita Helicopter. Tutto ci\u00f2 che volevi chiedere\" \/>\n<meta name=\"robots\" content=\"index, follow, max-snippet:-1, max-image-preview:large, max-video-preview:-1\" \/>\n<link rel=\"canonical\" href=\"https:\/\/juegosdehelicopteros.net\/it\/faq-frequently-asked-questions-about-the-game-helicopter-x\/\" \/>\n<meta property=\"og:locale\" content=\"it_IT\" \/>\n<meta property=\"og:locale:alternate\" content=\"ru_RU\" \/>\n<meta property=\"og:locale:alternate\" content=\"en_US\" \/>\n<meta property=\"og:locale:alternate\" content=\"pt_PT\" \/>\n<meta property=\"og:locale:alternate\" content=\"es_ES\" \/>\n<meta property=\"og:locale:alternate\" content=\"ro_RO\" \/>\n<meta property=\"og:locale:alternate\" content=\"sr_RS\" \/>\n<meta property=\"og:locale:alternate\" content=\"bg_BG\" \/>\n<meta property=\"og:locale:alternate\" content=\"pl_PL\" \/>\n<meta property=\"og:locale:alternate\" content=\"fr_FR\" \/>\n<meta property=\"og:type\" content=\"article\" \/>\n<meta property=\"og:title\" content=\"FAQ - Domande frequenti sulla partita Helicopter X\" \/>\n<meta property=\"og:description\" content=\"Abbiamo raccolto domande e risposte sulla partita online Helicopter X. Tutte le informazioni sulla partita Helicopter. Tutto ci\u00f2 che volevi chiedere\" \/>\n<meta property=\"og:url\" content=\"https:\/\/juegosdehelicopteros.net\/it\/faq-frequently-asked-questions-about-the-game-helicopter-x\/\" \/>\n<meta property=\"og:site_name\" content=\"Helicopter X\" \/>\n<meta property=\"article:modified_time\" content=\"2024-02-29T18:21:42+00:00\" \/>\n<meta name=\"twitter:card\" content=\"summary_large_image\" \/>\n<meta name=\"twitter:label1\" content=\"Tempo di lettura stimato\" \/>\n\t<meta name=\"twitter:data1\" content=\"7 minuti\" \/>\n<script type=\"application\/ld+json\" class=\"yoast-schema-graph\">{\"@context\":\"https:\/\/schema.org\",\"@graph\":[{\"@type\":\"WebSite\",\"@id\":\"https:\/\/juegosdehelicopteros.net\/it\/#website\",\"url\":\"https:\/\/juegosdehelicopteros.net\/it\/\",\"name\":\"Helicopter X\",\"description\":\"\",\"potentialAction\":[{\"@type\":\"SearchAction\",\"target\":\"https:\/\/juegosdehelicopteros.net\/it\/?s={search_term_string}\",\"query-input\":\"required name=search_term_string\"}],\"inLanguage\":\"it-IT\"},{\"@type\":\"WebPage\",\"@id\":\"https:\/\/juegosdehelicopteros.net\/it\/faq-frequently-asked-questions-about-the-game-helicopter-x\/#webpage\",\"url\":\"https:\/\/juegosdehelicopteros.net\/it\/faq-frequently-asked-questions-about-the-game-helicopter-x\/\",\"name\":\"FAQ - Domande frequenti sulla partita Helicopter X\",\"isPartOf\":{\"@id\":\"https:\/\/juegosdehelicopteros.net\/it\/#website\"},\"datePublished\":\"2024-02-15T19:41:26+00:00\",\"dateModified\":\"2024-02-29T18:21:42+00:00\",\"description\":\"Abbiamo raccolto domande e risposte sulla partita online Helicopter X. Tutte le informazioni sulla partita Helicopter. Tutto ci\\u00f2 che volevi chiedere\",\"breadcrumb\":{\"@id\":\"https:\/\/juegosdehelicopteros.net\/it\/faq-frequently-asked-questions-about-the-game-helicopter-x\/#breadcrumb\"},\"inLanguage\":\"it-IT\",\"potentialAction\":[{\"@type\":\"ReadAction\",\"target\":[\"https:\/\/juegosdehelicopteros.net\/it\/faq-frequently-asked-questions-about-the-game-helicopter-x\/\"]}]},{\"@type\":\"BreadcrumbList\",\"@id\":\"https:\/\/juegosdehelicopteros.net\/it\/faq-frequently-asked-questions-about-the-game-helicopter-x\/#breadcrumb\",\"itemListElement\":[{\"@type\":\"ListItem\",\"position\":1,\"name\":\"Home\",\"item\":\"https:\/\/juegosdehelicopteros.net\/it\/\"},{\"@type\":\"ListItem\",\"position\":2,\"name\":\"FAQ &#8211; Domande frequenti sul gioco Helicopter X\"}]}]}<\/script>\n<!-- \/ Yoast SEO plugin. -->","_links":{"self":[{"href":"https:\/\/juegosdehelicopteros.net\/it\/wp-json\/wp\/v2\/pages\/17"}],"collection":[{"href":"https:\/\/juegosdehelicopteros.net\/it\/wp-json\/wp\/v2\/pages"}],"about":[{"href":"https:\/\/juegosdehelicopteros.net\/it\/wp-json\/wp\/v2\/types\/page"}],"author":[{"embeddable":true,"href":"https:\/\/juegosdehelicopteros.net\/it\/wp-json\/wp\/v2\/users\/1"}],"replies":[{"embeddable":true,"href":"https:\/\/juegosdehelicopteros.net\/it\/wp-json\/wp\/v2\/comments?post=17"}],"version-history":[{"count":21,"href":"https:\/\/juegosdehelicopteros.net\/it\/wp-json\/wp\/v2\/pages\/17\/revisions"}],"predecessor-version":[{"id":167,"href":"https:\/\/juegosdehelicopteros.net\/it\/wp-json\/wp\/v2\/pages\/17\/revisions\/167"}],"wp:attachment":[{"href":"https:\/\/juegosdehelicopteros.net\/it\/wp-json\/wp\/v2\/media?parent=17"}],"curies":[{"name":"wp","href":"https:\/\/api.w.org\/{rel}","templated":true}]}}