{"id":7,"date":"2024-02-15T17:40:43","date_gmt":"2024-02-15T17:40:43","guid":{"rendered":"https:\/\/juegosdehelicopteros.net\/?page_id=7"},"modified":"2024-02-29T18:27:17","modified_gmt":"2024-02-29T18:27:17","slug":"about-the-game-helicopter-x","status":"publish","type":"page","link":"https:\/\/juegosdehelicopteros.net\/it\/","title":{"rendered":"Informazioni sul gioco Helicopter X"},"content":{"rendered":"<p>Il gioco online Helicopter X \u00e8 un emozionante e semplice gioco d&#8217;azzardo con uno stile moderno interessante e una trama chiara, sviluppato da SmartSoft Gaming.<\/p>\n<p>SmartSoft Gaming sono professionisti nel loro campo, e il gioco Helicopter X \u00e8 un altro esempio di come i metodi innovativi consentano ai tradizionali giochi di crash di raggiungere un nuovo livello.<\/p>\n<p>Il gioco Helicopter X presenta un gameplay semplice ed estremamente comprensibile, adatto sia ai principianti che ai giocatori esperti. Lo slot \u00e8 adatto a qualsiasi tipo di giocatore, che tu abbia un piccolo budget o ti diverta a giocare con grandi puntate. Goditi il gioco sia in modalit\u00e0 gratuita che in modalit\u00e0 con denaro reale! Se ti piacciono i giochi d&#8217;azzardo con un gameplay semplice e grafica di alta qualit\u00e0, allora giocare a Helicopter X in un casin\u00f2 online pu\u00f2 essere una scelta eccellente per te.<\/p>\n<h2><strong>Riguardo alla trama del gioco Helicopter X:<\/strong><\/h2>\n<p>L&#8217;azione si svolge su un eliporto, a cui \u00e8 saldamente attaccato un diamante da forti catene. Prima che il gioco inizi, si vede un&#8217;immagine di un elicottero e una schermata di caricamento che mostra quando il tuo elicottero sar\u00e0 pronto per il lancio. Il diamante per il giocatore \u00e8 quel prezioso premio! E sopra il tuo tesoro aleggia un elicottero, anch&#8217;esso collegato ad esso da una catena. Mentre l&#8217;elicottero cerca diligentemente di strappare il diamante dalle catene e portarlo via dall&#8217;eliporto, il tuo compito \u00e8 quello di prendere le tue vincite prima che la catena che collega l&#8217;elicottero e il diamante si spezzi. Mentre il tuo elicottero cerca di recuperare il diamante, il moltiplicatore aumenta continuamente, creando un&#8217;atmosfera tesa durante il gioco.<\/p>\n<p>E se riesci ancora a recuperare il diamante dall&#8217;eliporto, puoi gi\u00e0 vedere come il tuo moltiplicatore raggiunge proporzioni incredibili! Ma non rilassarti troppo, poich\u00e9 in qualsiasi momento l&#8217;elicottero pu\u00f2 volare via, portando con s\u00e9 le tue vincite. Durante tutto questo tempo sarai accompagnato da musica motivante e grafica incredibilmente di alta qualit\u00e0, moderna.<\/p>\n<h2><strong>Caratteristiche del gioco Helicopter X:<\/strong><\/h2>\n<p>L&#8217;elenco delle caratteristiche del gioco online Helicopter X che lo distinguono dagli altri giochi di crash:<\/p>\n<ul>\n<li><strong>Grafica del gioco:<\/strong><\/li>\n<\/ul>\n<p>Una delle principali caratteristiche di Helicopter X \u00e8 il suo stile visivo. La grafica del gioco \u00e8 in un tema moderno, conferendogli originalit\u00e0 e una propria atmosfera.<\/p>\n<ul>\n<li><strong>Doppia puntata:<\/strong><\/li>\n<\/ul>\n<p>In Helicopter X, ci sono diverse opzioni di scommessa, che permettono a ciascun giocatore di scegliere quella che preferisce. In fondo, si vede l&#8217;interfaccia dove \u00e8 possibile regolare la dimensione della propria scommessa. Appena sopra, \u00e8 possibile scegliere una modalit\u00e0 comoda per te: scommessa singola o doppia scommessa. Un po &#8216;pi\u00f9 a sinistra, c&#8217;\u00e8 una funzione di impostazione della scommessa. Qui \u00e8 possibile specificare il valore del coefficiente a cui il gioco riscuote automaticamente le vincite. Non abbiate paura di sperimentare e raccogliere le vostre vincite!<\/p>\n<ul>\n<li><strong>Storia del coefficiente:<\/strong><\/li>\n<\/ul>\n<p>Sul lato sinistro dello schermo c&#8217;\u00e8 una colonna che indica il tuo massimo coefficiente che hai raggiunto nelle sessioni precedenti. Grazie a questa funzione, \u00e8 possibile cercare di analizzare dopo quanti round il gioco regala un grande moltiplicatore e quanto tempo mantiene un piccolo coefficiente.<\/p>\n<ul>\n<li><strong>Visualizzazione online delle scommesse degli altri giocatori:<\/strong><\/li>\n<\/ul>\n<p>Sul lato destro dello schermo, puoi vedere un&#8217;icona dell&#8217;orologio, fare clic su di essa e scegliere la sezione delle scommesse attuali &#8211; questa \u00e8 la visualizzazione online dei moltiplicatori e delle dimensioni delle vincite degli altri giocatori in quel momento. C&#8217;\u00e8 anche una sezione delle vincite principali dove \u00e8 possibile vedere i maggiori coefficienti e le dimensioni delle vincite dei giocatori per il giorno, per l&#8217;ultima settimana e persino per l&#8217;ultimo mese. La sezione &#8220;le mie scommesse&#8221; mostra la storia dei tuoi coefficienti, delle vincite e il momento in cui hai riscosso le vincite.<\/p>\n<h2><strong>Vantaggi e svantaggi del gioco online Helicopter X:<\/strong><\/h2>\n<table>\n<tbody>\n<tr>\n<td>Vantaggi<\/td>\n<td>Svantaggi<\/td>\n<\/tr>\n<tr>\n<td>Coefficiente massimo: <strong>1000x<\/strong><\/td>\n<td>Nessun gioco bonus<\/td>\n<\/tr>\n<tr>\n<td>RTP (Ritorno al giocatore) \u00e8 del 96%<\/td>\n<td>Nessun jackpot progressivo<\/td>\n<\/tr>\n<tr>\n<td>Statistiche in tempo reale, che ti consentono di analizzare le vincite degli altri giocatori e quando il gioco tende a dare moltiplicatori pi\u00f9 alti<\/td>\n<td>Alcuni giocatori potrebbero trovare Helicopter X un po&#8217; monotono dopo un gioco prolungato. Gli utenti possono stancarsi rapidamente del gameplay monotono<\/td>\n<\/tr>\n<tr>\n<td>Scommessa minima 0.05<br \/>\nScommessa massima 200<\/td>\n<td>Nessun giro gratuito<\/td>\n<\/tr>\n<\/tbody>\n<\/table>\n<p>Parlando dei vantaggi e degli svantaggi del gioco online Helicopter X, ricorda che si tratta di un gioco che offre un coefficiente massimo di vincita di 1000 volte la scommessa. Il gioco Helicopter X non solo impressiona con la sua potenziale generosit\u00e0, ma offre anche un alto livello di ritorno al giocatore: l&#8217;RTP (Return to Player) \u00e8 del 96%. Questo significa che in media, per ogni $100 spesi nel gioco, i giocatori possono aspettarsi un ritorno di $96. Si tratta di una cifra piuttosto alta nel mondo del gioco d&#8217;azzardo.<\/p>\n<p>Una caratteristica particolarmente attraente del gioco Helicopter X \u00e8 l&#8217;introduzione di statistiche in tempo reale, che permette ai giocatori di analizzare le vincite degli altri partecipanti e determinare quando il gioco \u00e8 incline a fornire moltiplicatori pi\u00f9 alti. Questo strumento analitico pu\u00f2 essere fondamentale per la strategia, permettendo ai giocatori di pianificare le loro scommesse in modo pi\u00f9 consapevole ed efficace. Con una scommessa minima di soli 5 centesimi e una scommessa massima che raggiunge i 200, il gioco diventa accessibile a tutti i tipi di giocatori.<\/p>\n<p>Parlando degli svantaggi del gioco Helicopter X, il gioco ha alcune limitazioni che possono influenzare la percezione e l&#8217;esperienza di gioco degli utenti. \u00c8 importante notare che Helicopter X non dispone di un gioco bonus, che \u00e8 una caratteristica abbastanza comune in altri giochi online.<\/p>\n<p>Inoltre, vale la pena menzionare che il gioco non presenta un jackpot progressivo. I jackpot progressivi spesso servono come potenti incentivi per i giocatori, aggiungendo eccitazione e anticipazione per una grande vincita che pu\u00f2 cambiare vite. L&#8217;assenza di un tale jackpot pu\u00f2 ridurre l&#8217;attrattiva complessiva del gioco per coloro che cercano l&#8217;emozione di potenzialmente vincere una somma di denaro enorme.<\/p>\n<p>Inoltre, alcuni giocatori potrebbero percepire la monotonia del gioco Helicopter X nel tempo, specialmente dopo sessioni prolungate. La mancanza di variet\u00e0 nel gameplay pu\u00f2 portare rapidamente alla stanchezza. Ci\u00f2 rende il gioco meno attraente per coloro che cercano non solo l&#8217;opportunit\u00e0 di vincere, ma anche un&#8217;esperienza di gioco interessante.<\/p>\n","protected":false},"excerpt":{"rendered":"<p>Il gioco online Helicopter X \u00e8 un emozionante e semplice gioco d&#8217;azzardo con uno stile moderno interessante e una trama chiara, sviluppato da SmartSoft Gaming. SmartSoft Gaming sono professionisti nel loro campo, e il gioco Helicopter X \u00e8 un altro esempio di come i metodi innovativi consentano ai tradizionali giochi di crash di raggiungere un&#8230;<\/p>\n","protected":false},"author":1,"featured_media":0,"parent":0,"menu_order":0,"comment_status":"closed","ping_status":"closed","template":"","meta":{"footnotes":""},"yoast_head":"<!-- This site is optimized with the Yoast SEO plugin v16.5 - https:\/\/yoast.com\/wordpress\/plugins\/seo\/ -->\n<title>Gioca al gioco online Helicopter X in un casin\u00f2 online.<\/title>\n<meta name=\"description\" content=\"Gioca con soldi veri in un casin\u00f2 online nel gioco di crash Helicopter X. Trama del gioco, vantaggi e svantaggi, caratteristiche dello slot online Helicopter X.\" \/>\n<meta name=\"robots\" content=\"index, follow, max-snippet:-1, max-image-preview:large, max-video-preview:-1\" \/>\n<link rel=\"canonical\" href=\"https:\/\/juegosdehelicopteros.net\/it\/\" \/>\n<meta property=\"og:locale\" content=\"it_IT\" \/>\n<meta property=\"og:locale:alternate\" content=\"ru_RU\" \/>\n<meta property=\"og:locale:alternate\" content=\"en_US\" \/>\n<meta property=\"og:locale:alternate\" content=\"pt_PT\" \/>\n<meta property=\"og:locale:alternate\" content=\"es_ES\" \/>\n<meta property=\"og:locale:alternate\" content=\"ro_RO\" \/>\n<meta property=\"og:locale:alternate\" content=\"sr_RS\" \/>\n<meta property=\"og:locale:alternate\" content=\"bg_BG\" \/>\n<meta property=\"og:locale:alternate\" content=\"pl_PL\" \/>\n<meta property=\"og:locale:alternate\" content=\"fr_FR\" \/>\n<meta property=\"og:type\" content=\"article\" \/>\n<meta property=\"og:title\" content=\"Gioca al gioco online Helicopter X in un casin\u00f2 online.\" \/>\n<meta property=\"og:description\" content=\"Gioca con soldi veri in un casin\u00f2 online nel gioco di crash Helicopter X. Trama del gioco, vantaggi e svantaggi, caratteristiche dello slot online Helicopter X.\" \/>\n<meta property=\"og:url\" content=\"https:\/\/juegosdehelicopteros.net\/it\/\" \/>\n<meta property=\"og:site_name\" content=\"Helicopter X\" \/>\n<meta property=\"article:modified_time\" content=\"2024-02-29T18:27:17+00:00\" \/>\n<meta name=\"twitter:card\" content=\"summary_large_image\" \/>\n<meta name=\"twitter:label1\" content=\"Tempo di lettura stimato\" \/>\n\t<meta name=\"twitter:data1\" content=\"38 minuti\" \/>\n<script type=\"application\/ld+json\" class=\"yoast-schema-graph\">{\"@context\":\"https:\/\/schema.org\",\"@graph\":[{\"@type\":\"WebSite\",\"@id\":\"https:\/\/juegosdehelicopteros.net\/it\/#website\",\"url\":\"https:\/\/juegosdehelicopteros.net\/it\/\",\"name\":\"Helicopter X\",\"description\":\"\",\"potentialAction\":[{\"@type\":\"SearchAction\",\"target\":\"https:\/\/juegosdehelicopteros.net\/it\/?s={search_term_string}\",\"query-input\":\"required name=search_term_string\"}],\"inLanguage\":\"it-IT\"},{\"@type\":\"WebPage\",\"@id\":\"https:\/\/juegosdehelicopteros.net\/it\/#webpage\",\"url\":\"https:\/\/juegosdehelicopteros.net\/it\/\",\"name\":\"Gioca al gioco online Helicopter X in un casin\\u00f2 online.\",\"isPartOf\":{\"@id\":\"https:\/\/juegosdehelicopteros.net\/it\/#website\"},\"datePublished\":\"2024-02-15T17:40:43+00:00\",\"dateModified\":\"2024-02-29T18:27:17+00:00\",\"description\":\"Gioca con soldi veri in un casin\\u00f2 online nel gioco di crash Helicopter X. Trama del gioco, vantaggi e svantaggi, caratteristiche dello slot online Helicopter X.\",\"breadcrumb\":{\"@id\":\"https:\/\/juegosdehelicopteros.net\/it\/#breadcrumb\"},\"inLanguage\":\"it-IT\",\"potentialAction\":[{\"@type\":\"ReadAction\",\"target\":[\"https:\/\/juegosdehelicopteros.net\/it\/\"]}]},{\"@type\":\"BreadcrumbList\",\"@id\":\"https:\/\/juegosdehelicopteros.net\/it\/#breadcrumb\",\"itemListElement\":[{\"@type\":\"ListItem\",\"position\":1,\"name\":\"Home\",\"item\":\"https:\/\/juegosdehelicopteros.net\/it\/\"},{\"@type\":\"ListItem\",\"position\":2,\"name\":\"Informazioni sul gioco Helicopter X\"}]}]}<\/script>\n<!-- \/ Yoast SEO plugin. -->","_links":{"self":[{"href":"https:\/\/juegosdehelicopteros.net\/it\/wp-json\/wp\/v2\/pages\/7"}],"collection":[{"href":"https:\/\/juegosdehelicopteros.net\/it\/wp-json\/wp\/v2\/pages"}],"about":[{"href":"https:\/\/juegosdehelicopteros.net\/it\/wp-json\/wp\/v2\/types\/page"}],"author":[{"embeddable":true,"href":"https:\/\/juegosdehelicopteros.net\/it\/wp-json\/wp\/v2\/users\/1"}],"replies":[{"embeddable":true,"href":"https:\/\/juegosdehelicopteros.net\/it\/wp-json\/wp\/v2\/comments?post=7"}],"version-history":[{"count":38,"href":"https:\/\/juegosdehelicopteros.net\/it\/wp-json\/wp\/v2\/pages\/7\/revisions"}],"predecessor-version":[{"id":170,"href":"https:\/\/juegosdehelicopteros.net\/it\/wp-json\/wp\/v2\/pages\/7\/revisions\/170"}],"wp:attachment":[{"href":"https:\/\/juegosdehelicopteros.net\/it\/wp-json\/wp\/v2\/media?parent=7"}],"curies":[{"name":"wp","href":"https:\/\/api.w.org\/{rel}","templated":true}]}}