{"id":11,"date":"2024-02-15T17:42:24","date_gmt":"2024-02-15T17:42:24","guid":{"rendered":"https:\/\/juegosdehelicopteros.net\/?page_id=11"},"modified":"2024-02-29T18:28:54","modified_gmt":"2024-02-29T18:28:54","slug":"player-reviews-of-the-game-helicopter-x","status":"publish","type":"page","link":"https:\/\/juegosdehelicopteros.net\/pl\/player-reviews-of-the-game-helicopter-x\/","title":{"rendered":"Recenzje graczy gry Helicopter X"},"content":{"rendered":"<p>Zebrali\u015bmy opinie graczy na temat gry Helicopter X. Oczywi\u015bcie, przed rozpocz\u0119ciem gry chcesz pozna\u0107 wi\u0119cej informacji na temat gry i mo\u017cliwo\u015bci, jakie oferuje. Recenzja gry od rzeczywistych graczy, kt\u00f3rzy codziennie graj\u0105 na prawdziwe pieni\u0105dze, wygrywaj\u0105c i trac\u0105c du\u017ce sumy pieni\u0119dzy.<\/p>\n<p><strong>Vladislav, 30 lat<\/strong><\/p>\n<p>Jestem fanem gier z helikopterami, a tutaj nawet mo\u017cna wygra\u0107 prawdziwe pieni\u0105dze, to po prostu marzenie!! Kiedy\u015b osi\u0105gn\u0105\u0142em wsp\u00f3\u0142czynnik x45! Niezapomniane emocje i mi\u0142y wygrany. Bardzo mi si\u0119 podoba\u0142o.<\/p>\n<p><strong>Andrey, 21 lat<\/strong><\/p>\n<p>Na pocz\u0105tku gra wydawa\u0142a si\u0119 trudna, potem dowiedzia\u0142em si\u0119, \u017ce jest darmowa wersja, ogarn\u0105\u0142em to i postanowi\u0142em spr\u00f3bowa\u0107 szcz\u0119\u015bcia z przyjacielem. I by\u0142o warto! Od razu z\u0142apa\u0142em x32. Teraz pr\u00f3buj\u0119 zidentyfikowa\u0107 r\u00f3\u017cne wzorce dzi\u0119ki \u017cywej statystyce. Zdecydowanie radz\u0119 najpierw zagra\u0107 w wersj\u0119 demo!<\/p>\n<p><strong>Anna, 26 lat<\/strong><\/p>\n<p>\u015awietna gra dla tych, kt\u00f3rzy lubi\u0105 podkr\u0119ca\u0107 sobie nerwy. Doskona\u0142a grafika i proste rozgrywki, kt\u00f3re tworz\u0105 atmosfer\u0119, jakby\u015b by\u0142 na tajnej misji.<\/p>\n<p><strong>Yuri, 33 lata<\/strong><\/p>\n<p>Dobra i niezwykle zrozumia\u0142a rozgrywka. Funkcja podwajania zak\u0142adu naprawd\u0119 mnie zaskoczy\u0142a! Bardzo wygodne i przyjemne wygrane, teraz w dobrym plusie!<\/p>\n<p><strong>Siergiej, 41 lat<\/strong><\/p>\n<p>Prosta, ale bardzo ekscytuj\u0105ca gra, kt\u00f3r\u0105 mo\u017cna gra\u0107 o ka\u017cdej porze. \u015awietny spos\u00f3b na sp\u0119dzenie czasu i zabaw\u0119 z przyjaci\u00f3\u0142mi. A wsp\u00f3\u0142czynniki s\u0105 r\u00f3wnie\u017c mi\u0142o zaskakuj\u0105ce.<\/p>\n<p><strong>Iwan, 25 lat<\/strong><\/p>\n<p>Lubi\u0119 gra\u0107 w Helicopter X. Gra zas\u0142uguje na uwag\u0119 zar\u00f3wno do\u015bwiadczonych graczy, jak i nowicjuszy, kt\u00f3rzy po raz pierwszy graj\u0105 w gry hazardowe.<\/p>\n","protected":false},"excerpt":{"rendered":"<p>Zebrali\u015bmy opinie graczy na temat gry Helicopter X. Oczywi\u015bcie, przed rozpocz\u0119ciem gry chcesz pozna\u0107 wi\u0119cej informacji na temat gry i mo\u017cliwo\u015bci, jakie oferuje. Recenzja gry od rzeczywistych graczy, kt\u00f3rzy codziennie graj\u0105 na prawdziwe pieni\u0105dze, wygrywaj\u0105c i trac\u0105c du\u017ce sumy pieni\u0119dzy. Vladislav, 30 lat Jestem fanem gier z helikopterami, a tutaj nawet mo\u017cna wygra\u0107 prawdziwe pieni\u0105dze,&#8230;<\/p>\n","protected":false},"author":1,"featured_media":0,"parent":0,"menu_order":0,"comment_status":"closed","ping_status":"closed","template":"","meta":{"footnotes":""},"yoast_head":"<!-- This site is optimized with the Yoast SEO plugin v16.5 - https:\/\/yoast.com\/wordpress\/plugins\/seo\/ -->\n<title>Recenzje prawdziwych graczy na temat gry Helicopter X w kasynie online<\/title>\n<meta name=\"description\" content=\"Recenzje gry Helicopter X! Opinie i recenzje graczy na temat gry Helicopter X. Recenzja gry przez prawdziwych graczy i odwiedzaj\u0105cych kasyno. Opinie na temat gry Helicopter X.\" \/>\n<meta name=\"robots\" content=\"index, follow, max-snippet:-1, max-image-preview:large, max-video-preview:-1\" \/>\n<link rel=\"canonical\" href=\"https:\/\/juegosdehelicopteros.net\/pl\/player-reviews-of-the-game-helicopter-x\/\" \/>\n<meta property=\"og:locale\" content=\"pl_PL\" \/>\n<meta property=\"og:locale:alternate\" content=\"ru_RU\" \/>\n<meta property=\"og:locale:alternate\" content=\"en_US\" \/>\n<meta property=\"og:locale:alternate\" content=\"pt_PT\" \/>\n<meta property=\"og:locale:alternate\" content=\"es_ES\" \/>\n<meta property=\"og:locale:alternate\" content=\"ro_RO\" \/>\n<meta property=\"og:locale:alternate\" content=\"sr_RS\" \/>\n<meta property=\"og:locale:alternate\" content=\"bg_BG\" \/>\n<meta property=\"og:locale:alternate\" content=\"it_IT\" \/>\n<meta property=\"og:locale:alternate\" content=\"fr_FR\" \/>\n<meta property=\"og:type\" content=\"article\" \/>\n<meta property=\"og:title\" content=\"Recenzje prawdziwych graczy na temat gry Helicopter X w kasynie online\" \/>\n<meta property=\"og:description\" content=\"Recenzje gry Helicopter X! Opinie i recenzje graczy na temat gry Helicopter X. Recenzja gry przez prawdziwych graczy i odwiedzaj\u0105cych kasyno. Opinie na temat gry Helicopter X.\" \/>\n<meta property=\"og:url\" content=\"https:\/\/juegosdehelicopteros.net\/pl\/player-reviews-of-the-game-helicopter-x\/\" \/>\n<meta property=\"og:site_name\" content=\"Helicopter X\" \/>\n<meta property=\"article:modified_time\" content=\"2024-02-29T18:28:54+00:00\" \/>\n<meta name=\"twitter:card\" content=\"summary_large_image\" \/>\n<meta name=\"twitter:label1\" content=\"Szacowany czas czytania\" \/>\n\t<meta name=\"twitter:data1\" content=\"10 minut\" \/>\n<script type=\"application\/ld+json\" class=\"yoast-schema-graph\">{\"@context\":\"https:\/\/schema.org\",\"@graph\":[{\"@type\":\"WebSite\",\"@id\":\"https:\/\/juegosdehelicopteros.net\/pl\/#website\",\"url\":\"https:\/\/juegosdehelicopteros.net\/pl\/\",\"name\":\"Helicopter X\",\"description\":\"\",\"potentialAction\":[{\"@type\":\"SearchAction\",\"target\":\"https:\/\/juegosdehelicopteros.net\/pl\/?s={search_term_string}\",\"query-input\":\"required name=search_term_string\"}],\"inLanguage\":\"pl-PL\"},{\"@type\":\"WebPage\",\"@id\":\"https:\/\/juegosdehelicopteros.net\/pl\/player-reviews-of-the-game-helicopter-x\/#webpage\",\"url\":\"https:\/\/juegosdehelicopteros.net\/pl\/player-reviews-of-the-game-helicopter-x\/\",\"name\":\"Recenzje prawdziwych graczy na temat gry Helicopter X w kasynie online\",\"isPartOf\":{\"@id\":\"https:\/\/juegosdehelicopteros.net\/pl\/#website\"},\"datePublished\":\"2024-02-15T17:42:24+00:00\",\"dateModified\":\"2024-02-29T18:28:54+00:00\",\"description\":\"Recenzje gry Helicopter X! Opinie i recenzje graczy na temat gry Helicopter X. Recenzja gry przez prawdziwych graczy i odwiedzaj\\u0105cych kasyno. Opinie na temat gry Helicopter X.\",\"breadcrumb\":{\"@id\":\"https:\/\/juegosdehelicopteros.net\/pl\/player-reviews-of-the-game-helicopter-x\/#breadcrumb\"},\"inLanguage\":\"pl-PL\",\"potentialAction\":[{\"@type\":\"ReadAction\",\"target\":[\"https:\/\/juegosdehelicopteros.net\/pl\/player-reviews-of-the-game-helicopter-x\/\"]}]},{\"@type\":\"BreadcrumbList\",\"@id\":\"https:\/\/juegosdehelicopteros.net\/pl\/player-reviews-of-the-game-helicopter-x\/#breadcrumb\",\"itemListElement\":[{\"@type\":\"ListItem\",\"position\":1,\"name\":\"Home\",\"item\":\"https:\/\/juegosdehelicopteros.net\/pl\/\"},{\"@type\":\"ListItem\",\"position\":2,\"name\":\"Recenzje graczy gry Helicopter X\"}]}]}<\/script>\n<!-- \/ Yoast SEO plugin. -->","_links":{"self":[{"href":"https:\/\/juegosdehelicopteros.net\/pl\/wp-json\/wp\/v2\/pages\/11"}],"collection":[{"href":"https:\/\/juegosdehelicopteros.net\/pl\/wp-json\/wp\/v2\/pages"}],"about":[{"href":"https:\/\/juegosdehelicopteros.net\/pl\/wp-json\/wp\/v2\/types\/page"}],"author":[{"embeddable":true,"href":"https:\/\/juegosdehelicopteros.net\/pl\/wp-json\/wp\/v2\/users\/1"}],"replies":[{"embeddable":true,"href":"https:\/\/juegosdehelicopteros.net\/pl\/wp-json\/wp\/v2\/comments?post=11"}],"version-history":[{"count":21,"href":"https:\/\/juegosdehelicopteros.net\/pl\/wp-json\/wp\/v2\/pages\/11\/revisions"}],"predecessor-version":[{"id":171,"href":"https:\/\/juegosdehelicopteros.net\/pl\/wp-json\/wp\/v2\/pages\/11\/revisions\/171"}],"wp:attachment":[{"href":"https:\/\/juegosdehelicopteros.net\/pl\/wp-json\/wp\/v2\/media?parent=11"}],"curies":[{"name":"wp","href":"https:\/\/api.w.org\/{rel}","templated":true}]}}