{"id":13,"date":"2024-02-15T17:43:25","date_gmt":"2024-02-15T17:43:25","guid":{"rendered":"https:\/\/juegosdehelicopteros.net\/?page_id=13"},"modified":"2024-02-29T18:30:41","modified_gmt":"2024-02-29T18:30:41","slug":"recommendations-and-tips-for-the-crash-game-helicopter-x","status":"publish","type":"page","link":"https:\/\/juegosdehelicopteros.net\/pl\/recommendations-and-tips-for-the-crash-game-helicopter-x\/","title":{"rendered":"Rekomendacje i wskaz\u00f3wki dotycz\u0105ce gry Helicopter X"},"content":{"rendered":"<p>Kasyno online mo\u017ce by\u0107 ekscytuj\u0105cym i rozrywkowym sposobem na sp\u0119dzenie czasu, ale wa\u017cne jest pami\u0119tanie o kilku zaleceniach i radach, aby zachowa\u0107 gr\u0119 bezpieczn\u0105 i odpowiedzialn\u0105. Oto lista wskaz\u00f3wek dotycz\u0105cych grania w kasynie online Helicopter X:<\/p>\n<h2><strong>Wybierz wiarygodne kasyno<\/strong><\/h2>\n<p>Zanim zaczniesz gra\u0107, upewnij si\u0119, \u017ce wybrane przez Ciebie kasyno online ma dobr\u0105 reputacj\u0119 i licencj\u0119. Przeprowad\u017a badania opinii innych graczy i upewnij si\u0119, \u017ce kasyno przestrzega surowych zasad i regulacji. Granie w godnym zaufania i uczciwym kasynie online zmniejsza ryzyko strat finansowych i zapewnia, \u017ce Twoje wygrane zostan\u0105 wyp\u0142acone na czas.<\/p>\n<h2><strong>Naucz si\u0119 zasad gry<\/strong><\/h2>\n<p>Zanim zaczniesz gra\u0107 w Helicopter X, zapoznaj si\u0119 z jego zasadami i strategiami. Zrozumienie zasad pomo\u017ce Ci podejmowa\u0107 \u015bwiadome decyzje i poprawi\u0107 szanse na wygran\u0105. Rozwa\u017c r\u00f3wnie\u017c u\u017cycie r\u00f3\u017cnych strategii obstawiania, aby zwi\u0119kszy\u0107 swoje szanse na sukces. Pami\u0119taj, \u017ce ka\u017cda gra ma swoje unikalne aspekty, a znajomo\u015b\u0107 tych szczeg\u00f3\u0142\u00f3w mo\u017ce znacz\u0105co zwi\u0119kszy\u0107 Twoj\u0105 skuteczno\u015b\u0107 w grze.<\/p>\n<h2><strong>Graj odpowiedzialnie<\/strong><\/h2>\n<p>Graj tylko wtedy, gdy jeste\u015b w dobrym nastroju i zdolny podejmowa\u0107 rozs\u0105dne decyzje. Nie graj pod wp\u0142ywem alkoholu ani narkotyk\u00f3w, poniewa\u017c mo\u017ce to wp\u0142yn\u0105\u0107 na Twoje os\u0105dy. Ustal sobie limity na zak\u0142ady i czas, aby kontrolowa\u0107 swoj\u0105 gr\u0119 i zapobiec rozwojowi uzale\u017cnienia od hazardu. Pami\u0119taj, \u017ce odpowiedzialna gra obejmuje umiej\u0119tno\u015b\u0107 zatrzymywania si\u0119, gdy jest to konieczne.<\/p>\n<h2><strong>Nie graj pieni\u0119dzmi, kt\u00f3rych nie mo\u017cesz sobie pozwoli\u0107 straci\u0107<\/strong><\/h2>\n<p>Graj tylko pieni\u0119dzmi, kt\u00f3rych jeste\u015b got\u00f3w straci\u0107. Nigdy nie po\u017cyczaj pieni\u0119dzy na hazard w kasynie, zw\u0142aszcza je\u015bli jest to po\u017cyczka lub kredyt. Zarz\u0105dzanie bud\u017cetem gry pomaga unika\u0107 trudno\u015bci finansowych i utrzymuje gr\u0119 jako form\u0119 rozrywki, a nie \u017ar\u00f3d\u0142o stresu. Zrozum, \u017ce hazard w kasynie to rozrywka z nieprzewidywalnym wynikiem, co pomaga utrzyma\u0107 zdrowe podej\u015bcie do hazardu.<\/p>\n<h2><strong>Strach przed przegran\u0105<\/strong><\/h2>\n<p>Je\u015bli nie chcesz ryzykowa\u0107 prawdziwymi pieni\u0119dzmi i nie jeste\u015b zaznajomiony z rozgrywk\u0105, zapoznaj si\u0119 i spr\u00f3buj najpierw zagra\u0107 w Helicopter X za darmo. W trybie demonstracyjnym grasz za wirtualne pieni\u0105dze. Tryb &#8222;trybu rozrywki&#8221; pozwala graczom zbli\u017cy\u0107 si\u0119 do rozgrywki bez ryzykowania swoich oszcz\u0119dno\u015bci. Ta opcja pozwala na nauk\u0119 mechaniki i funkcji gry bez strat finansowych, dostarczaj\u0105c cennego do\u015bwiadczenia i pewno\u015bci przed gr\u0105 na prawdziwe pieni\u0105dze.<\/p>\n<h2><strong>Taktyka<\/strong><\/h2>\n<p>Analizuj maksymalne i minimalne wsp\u00f3\u0142czynniki, aby opracowa\u0107 swoj\u0105 strategi\u0119, je\u015bli b\u0119dzie to konieczne w przysz\u0142o\u015bci. Ocena poprzednich gier i podejmowanie decyzji na podstawie statystyk mo\u017ce poprawi\u0107 Twoje szanse na sukces. U\u017cycie taktyk opartych na analizie pomo\u017ce Ci okre\u015bli\u0107 optymalne momenty na zak\u0142ady i wyj\u015bcie z gry, zwi\u0119kszaj\u0105c Twoj\u0105 efektywno\u015b\u0107 i potencjalne wygrane.<\/p>\n<h2><strong>Statystyki na \u017cywo<\/strong><\/h2>\n<p>Analizuj gr\u0119 innych graczy! Pomo\u017ce Ci to zrozumie\u0107 interwa\u0142y czasowe, kiedy u\u017cytkownicy nie otrzymuj\u0105 du\u017cych wsp\u00f3\u0142czynnik\u00f3w. Badanie zachowa\u0144 i strategii innych graczy mo\u017ce dostarczy\u0107 cennych lekcji i pom\u00f3c unika\u0107 powszechnych b\u0142\u0119d\u00f3w. Zwracanie uwagi na trendy i zmiany w grze mo\u017ce r\u00f3wnie\u017c zapewni\u0107 strategiczne korzy\u015bci.<\/p>\n<p>\u015aledz\u0105c te ulepszone wskaz\u00f3wki, gracze mog\u0105 cieszy\u0107 si\u0119 gr\u0105 w Helicopter X, zachowuj\u0105c kontrol\u0119 i racjonalne podej\u015bcie do hazardu. Pami\u0119taj, \u017ce kluczem do udanej gry w kasynie online jest zr\u00f3wnowa\u017cona kombinacja rozrywki, strategii i odpowiedzialno\u015bci.<\/p>\n","protected":false},"excerpt":{"rendered":"<p>Kasyno online mo\u017ce by\u0107 ekscytuj\u0105cym i rozrywkowym sposobem na sp\u0119dzenie czasu, ale wa\u017cne jest pami\u0119tanie o kilku zaleceniach i radach, aby zachowa\u0107 gr\u0119 bezpieczn\u0105 i odpowiedzialn\u0105. Oto lista wskaz\u00f3wek dotycz\u0105cych grania w kasynie online Helicopter X: Wybierz wiarygodne kasyno Zanim zaczniesz gra\u0107, upewnij si\u0119, \u017ce wybrane przez Ciebie kasyno online ma dobr\u0105 reputacj\u0119 i licencj\u0119&#8230;.<\/p>\n","protected":false},"author":1,"featured_media":0,"parent":0,"menu_order":0,"comment_status":"closed","ping_status":"closed","template":"","meta":{"footnotes":""},"yoast_head":"<!-- This site is optimized with the Yoast SEO plugin v16.5 - https:\/\/yoast.com\/wordpress\/plugins\/seo\/ -->\n<title>Jak gra\u0107 w gr\u0119 zestrzelania Helicopter X<\/title>\n<meta name=\"description\" content=\"Wskaz\u00f3wki dotycz\u0105ce grania w gr\u0119 online Helicopter X. Rekomendacje, porady dla graczy wybieraj\u0105cych gr\u0119 w Helicopter X w kasynie online.\" \/>\n<meta name=\"robots\" content=\"index, follow, max-snippet:-1, max-image-preview:large, max-video-preview:-1\" \/>\n<link rel=\"canonical\" href=\"https:\/\/juegosdehelicopteros.net\/pl\/recommendations-and-tips-for-the-crash-game-helicopter-x\/\" \/>\n<meta property=\"og:locale\" content=\"pl_PL\" \/>\n<meta property=\"og:locale:alternate\" content=\"ru_RU\" \/>\n<meta property=\"og:locale:alternate\" content=\"en_US\" \/>\n<meta property=\"og:locale:alternate\" content=\"pt_PT\" \/>\n<meta property=\"og:locale:alternate\" content=\"es_ES\" \/>\n<meta property=\"og:locale:alternate\" content=\"ro_RO\" \/>\n<meta property=\"og:locale:alternate\" content=\"sr_RS\" \/>\n<meta property=\"og:locale:alternate\" content=\"bg_BG\" \/>\n<meta property=\"og:locale:alternate\" content=\"it_IT\" \/>\n<meta property=\"og:locale:alternate\" content=\"fr_FR\" \/>\n<meta property=\"og:type\" content=\"article\" \/>\n<meta property=\"og:title\" content=\"Jak gra\u0107 w gr\u0119 zestrzelania Helicopter X\" \/>\n<meta property=\"og:description\" content=\"Wskaz\u00f3wki dotycz\u0105ce grania w gr\u0119 online Helicopter X. Rekomendacje, porady dla graczy wybieraj\u0105cych gr\u0119 w Helicopter X w kasynie online.\" \/>\n<meta property=\"og:url\" content=\"https:\/\/juegosdehelicopteros.net\/pl\/recommendations-and-tips-for-the-crash-game-helicopter-x\/\" \/>\n<meta property=\"og:site_name\" content=\"Helicopter X\" \/>\n<meta property=\"article:modified_time\" content=\"2024-02-29T18:30:41+00:00\" \/>\n<meta name=\"twitter:card\" content=\"summary_large_image\" \/>\n<meta name=\"twitter:label1\" content=\"Szacowany czas czytania\" \/>\n\t<meta name=\"twitter:data1\" content=\"21 minut\" \/>\n<script type=\"application\/ld+json\" class=\"yoast-schema-graph\">{\"@context\":\"https:\/\/schema.org\",\"@graph\":[{\"@type\":\"WebSite\",\"@id\":\"https:\/\/juegosdehelicopteros.net\/pl\/#website\",\"url\":\"https:\/\/juegosdehelicopteros.net\/pl\/\",\"name\":\"Helicopter X\",\"description\":\"\",\"potentialAction\":[{\"@type\":\"SearchAction\",\"target\":\"https:\/\/juegosdehelicopteros.net\/pl\/?s={search_term_string}\",\"query-input\":\"required name=search_term_string\"}],\"inLanguage\":\"pl-PL\"},{\"@type\":\"WebPage\",\"@id\":\"https:\/\/juegosdehelicopteros.net\/pl\/recommendations-and-tips-for-the-crash-game-helicopter-x\/#webpage\",\"url\":\"https:\/\/juegosdehelicopteros.net\/pl\/recommendations-and-tips-for-the-crash-game-helicopter-x\/\",\"name\":\"Jak gra\\u0107 w gr\\u0119 zestrzelania Helicopter X\",\"isPartOf\":{\"@id\":\"https:\/\/juegosdehelicopteros.net\/pl\/#website\"},\"datePublished\":\"2024-02-15T17:43:25+00:00\",\"dateModified\":\"2024-02-29T18:30:41+00:00\",\"description\":\"Wskaz\\u00f3wki dotycz\\u0105ce grania w gr\\u0119 online Helicopter X. Rekomendacje, porady dla graczy wybieraj\\u0105cych gr\\u0119 w Helicopter X w kasynie online.\",\"breadcrumb\":{\"@id\":\"https:\/\/juegosdehelicopteros.net\/pl\/recommendations-and-tips-for-the-crash-game-helicopter-x\/#breadcrumb\"},\"inLanguage\":\"pl-PL\",\"potentialAction\":[{\"@type\":\"ReadAction\",\"target\":[\"https:\/\/juegosdehelicopteros.net\/pl\/recommendations-and-tips-for-the-crash-game-helicopter-x\/\"]}]},{\"@type\":\"BreadcrumbList\",\"@id\":\"https:\/\/juegosdehelicopteros.net\/pl\/recommendations-and-tips-for-the-crash-game-helicopter-x\/#breadcrumb\",\"itemListElement\":[{\"@type\":\"ListItem\",\"position\":1,\"name\":\"Home\",\"item\":\"https:\/\/juegosdehelicopteros.net\/pl\/\"},{\"@type\":\"ListItem\",\"position\":2,\"name\":\"Rekomendacje i wskaz\\u00f3wki dotycz\\u0105ce gry Helicopter X\"}]}]}<\/script>\n<!-- \/ Yoast SEO plugin. -->","_links":{"self":[{"href":"https:\/\/juegosdehelicopteros.net\/pl\/wp-json\/wp\/v2\/pages\/13"}],"collection":[{"href":"https:\/\/juegosdehelicopteros.net\/pl\/wp-json\/wp\/v2\/pages"}],"about":[{"href":"https:\/\/juegosdehelicopteros.net\/pl\/wp-json\/wp\/v2\/types\/page"}],"author":[{"embeddable":true,"href":"https:\/\/juegosdehelicopteros.net\/pl\/wp-json\/wp\/v2\/users\/1"}],"replies":[{"embeddable":true,"href":"https:\/\/juegosdehelicopteros.net\/pl\/wp-json\/wp\/v2\/comments?post=13"}],"version-history":[{"count":21,"href":"https:\/\/juegosdehelicopteros.net\/pl\/wp-json\/wp\/v2\/pages\/13\/revisions"}],"predecessor-version":[{"id":172,"href":"https:\/\/juegosdehelicopteros.net\/pl\/wp-json\/wp\/v2\/pages\/13\/revisions\/172"}],"wp:attachment":[{"href":"https:\/\/juegosdehelicopteros.net\/pl\/wp-json\/wp\/v2\/media?parent=13"}],"curies":[{"name":"wp","href":"https:\/\/api.w.org\/{rel}","templated":true}]}}