{"id":15,"date":"2024-02-15T19:39:00","date_gmt":"2024-02-15T19:39:00","guid":{"rendered":"https:\/\/juegosdehelicopteros.net\/?page_id=15"},"modified":"2024-02-29T18:24:26","modified_gmt":"2024-02-29T18:24:26","slug":"play-and-win-in-helicopter-x","status":"publish","type":"page","link":"https:\/\/juegosdehelicopteros.net\/pl\/play-and-win-in-helicopter-x\/","title":{"rendered":"Graj i wygrywaj w Helicopter X"},"content":{"rendered":"<p>Je\u015bli zaczynasz gra\u0107 w gr\u0119 Helicopter X crash, zebrali\u015bmy najlepsze strategie, kt\u00f3re pomog\u0105 poprawi\u0107 twoje wyniki. To nie gwarantuje zwyci\u0119stwa, ale jest o wiele lepsze ni\u017c przypadkowe naci\u015bni\u0119cia klawiszy:<\/p>\n<h2><strong>Obserwowanie wzorc\u00f3w<\/strong><\/h2>\n<p>Obserwuj gr\u0119 i spr\u00f3buj wykry\u0107 wzorce w pojawianiu si\u0119 wysokich mno\u017cnik\u00f3w. Je\u015bli zauwa\u017cysz, \u017ce staj\u0105 si\u0119 one mniej cz\u0119ste, zwi\u0119kszaj swoj\u0105 stawk\u0119 w kolejnych rundach. Mo\u017ce to zwi\u0119kszy\u0107 twoje szanse na sukces.<\/p>\n<h2><strong>Strategia Martingale&#8217;a<\/strong><\/h2>\n<p>Dla odwa\u017cnych i ryzykownych graczy. Po ka\u017cdej przegranej zwi\u0119kszaj swoj\u0105 stawk\u0119, a po wygranej wr\u00f3\u0107 do pocz\u0105tkowej kwoty. Ta metoda pomaga odzyska\u0107 utracone \u015brodki, ale wymaga znacznego bud\u017cetu i do\u015bwiadczenia.<\/p>\n<h2><strong>Odwr\u00f3cona strategia Martingale&#8217;a<\/strong><\/h2>\n<p>Po ka\u017cdej wygranej zwi\u0119kszaj swoj\u0105 stawk\u0119, a po przegranej zmniejsz j\u0105. Ten podej\u015bcie pomaga minimalizowa\u0107 ryzyko i zwi\u0119ksza\u0107 szanse na udan\u0105 gr\u0119, ograniczaj\u0105c potencjalne straty.<\/p>\n<h2><strong>Analiza statystyk i zachowania innych graczy<\/strong><\/h2>\n<p>Bacznie obserwuj statystyki w czasie rzeczywistym oraz dzia\u0142ania innych graczy, szczeg\u00f3lnie podczas rund z niewielkimi wygranymi, kt\u00f3re mog\u0105 wskazywa\u0107 na nadchodz\u0105ce du\u017ce mno\u017cniki.<\/p>\n<p>Pami\u0119taj, \u017ce nie ma absolutnej gwarancji wygranej, i \u017cadna strategia nie mo\u017ce obieca\u0107 100% sukcesu. Niemniej jednak stosowanie przemy\u015blanych podej\u015b\u0107 i strategii jest znacznie lepsze ni\u017c poleganie wy\u0142\u0105cznie na szcz\u0119\u015bciu.<\/p>\n","protected":false},"excerpt":{"rendered":"<p>Je\u015bli zaczynasz gra\u0107 w gr\u0119 Helicopter X crash, zebrali\u015bmy najlepsze strategie, kt\u00f3re pomog\u0105 poprawi\u0107 twoje wyniki. To nie gwarantuje zwyci\u0119stwa, ale jest o wiele lepsze ni\u017c przypadkowe naci\u015bni\u0119cia klawiszy: Obserwowanie wzorc\u00f3w Obserwuj gr\u0119 i spr\u00f3buj wykry\u0107 wzorce w pojawianiu si\u0119 wysokich mno\u017cnik\u00f3w. Je\u015bli zauwa\u017cysz, \u017ce staj\u0105 si\u0119 one mniej cz\u0119ste, zwi\u0119kszaj swoj\u0105 stawk\u0119 w kolejnych&#8230;<\/p>\n","protected":false},"author":1,"featured_media":0,"parent":0,"menu_order":0,"comment_status":"closed","ping_status":"closed","template":"","meta":{"footnotes":""},"yoast_head":"<!-- This site is optimized with the Yoast SEO plugin v16.5 - https:\/\/yoast.com\/wordpress\/plugins\/seo\/ -->\n<title>Strategie i taktyki w grze Helicopter X w kasynie internetowym<\/title>\n<meta name=\"description\" content=\"Jak gra\u0107 i wygrywa\u0107 w grze online Helicopter X. Strategie i taktyki w grze Helicopter X. Jak wygra\u0107, graj\u0105c w gr\u0119 zestrzelania helikoptera.\" \/>\n<meta name=\"robots\" content=\"index, follow, max-snippet:-1, max-image-preview:large, max-video-preview:-1\" \/>\n<link rel=\"canonical\" href=\"https:\/\/juegosdehelicopteros.net\/pl\/play-and-win-in-helicopter-x\/\" \/>\n<meta property=\"og:locale\" content=\"pl_PL\" \/>\n<meta property=\"og:locale:alternate\" content=\"ru_RU\" \/>\n<meta property=\"og:locale:alternate\" content=\"en_US\" \/>\n<meta property=\"og:locale:alternate\" content=\"pt_PT\" \/>\n<meta property=\"og:locale:alternate\" content=\"es_ES\" \/>\n<meta property=\"og:locale:alternate\" content=\"ro_RO\" \/>\n<meta property=\"og:locale:alternate\" content=\"sr_RS\" \/>\n<meta property=\"og:locale:alternate\" content=\"bg_BG\" \/>\n<meta property=\"og:locale:alternate\" content=\"it_IT\" \/>\n<meta property=\"og:locale:alternate\" content=\"fr_FR\" \/>\n<meta property=\"og:type\" content=\"article\" \/>\n<meta property=\"og:title\" content=\"Strategie i taktyki w grze Helicopter X w kasynie internetowym\" \/>\n<meta property=\"og:description\" content=\"Jak gra\u0107 i wygrywa\u0107 w grze online Helicopter X. Strategie i taktyki w grze Helicopter X. Jak wygra\u0107, graj\u0105c w gr\u0119 zestrzelania helikoptera.\" \/>\n<meta property=\"og:url\" content=\"https:\/\/juegosdehelicopteros.net\/pl\/play-and-win-in-helicopter-x\/\" \/>\n<meta property=\"og:site_name\" content=\"Helicopter X\" \/>\n<meta property=\"article:modified_time\" content=\"2024-02-29T18:24:26+00:00\" \/>\n<meta name=\"twitter:card\" content=\"summary_large_image\" \/>\n<meta name=\"twitter:label1\" content=\"Szacowany czas czytania\" \/>\n\t<meta name=\"twitter:data1\" content=\"8 minut\" \/>\n<script type=\"application\/ld+json\" class=\"yoast-schema-graph\">{\"@context\":\"https:\/\/schema.org\",\"@graph\":[{\"@type\":\"WebSite\",\"@id\":\"https:\/\/juegosdehelicopteros.net\/pl\/#website\",\"url\":\"https:\/\/juegosdehelicopteros.net\/pl\/\",\"name\":\"Helicopter X\",\"description\":\"\",\"potentialAction\":[{\"@type\":\"SearchAction\",\"target\":\"https:\/\/juegosdehelicopteros.net\/pl\/?s={search_term_string}\",\"query-input\":\"required name=search_term_string\"}],\"inLanguage\":\"pl-PL\"},{\"@type\":\"WebPage\",\"@id\":\"https:\/\/juegosdehelicopteros.net\/pl\/play-and-win-in-helicopter-x\/#webpage\",\"url\":\"https:\/\/juegosdehelicopteros.net\/pl\/play-and-win-in-helicopter-x\/\",\"name\":\"Strategie i taktyki w grze Helicopter X w kasynie internetowym\",\"isPartOf\":{\"@id\":\"https:\/\/juegosdehelicopteros.net\/pl\/#website\"},\"datePublished\":\"2024-02-15T19:39:00+00:00\",\"dateModified\":\"2024-02-29T18:24:26+00:00\",\"description\":\"Jak gra\\u0107 i wygrywa\\u0107 w grze online Helicopter X. Strategie i taktyki w grze Helicopter X. Jak wygra\\u0107, graj\\u0105c w gr\\u0119 zestrzelania helikoptera.\",\"breadcrumb\":{\"@id\":\"https:\/\/juegosdehelicopteros.net\/pl\/play-and-win-in-helicopter-x\/#breadcrumb\"},\"inLanguage\":\"pl-PL\",\"potentialAction\":[{\"@type\":\"ReadAction\",\"target\":[\"https:\/\/juegosdehelicopteros.net\/pl\/play-and-win-in-helicopter-x\/\"]}]},{\"@type\":\"BreadcrumbList\",\"@id\":\"https:\/\/juegosdehelicopteros.net\/pl\/play-and-win-in-helicopter-x\/#breadcrumb\",\"itemListElement\":[{\"@type\":\"ListItem\",\"position\":1,\"name\":\"Home\",\"item\":\"https:\/\/juegosdehelicopteros.net\/pl\/\"},{\"@type\":\"ListItem\",\"position\":2,\"name\":\"Graj i wygrywaj w Helicopter X\"}]}]}<\/script>\n<!-- \/ Yoast SEO plugin. -->","_links":{"self":[{"href":"https:\/\/juegosdehelicopteros.net\/pl\/wp-json\/wp\/v2\/pages\/15"}],"collection":[{"href":"https:\/\/juegosdehelicopteros.net\/pl\/wp-json\/wp\/v2\/pages"}],"about":[{"href":"https:\/\/juegosdehelicopteros.net\/pl\/wp-json\/wp\/v2\/types\/page"}],"author":[{"embeddable":true,"href":"https:\/\/juegosdehelicopteros.net\/pl\/wp-json\/wp\/v2\/users\/1"}],"replies":[{"embeddable":true,"href":"https:\/\/juegosdehelicopteros.net\/pl\/wp-json\/wp\/v2\/comments?post=15"}],"version-history":[{"count":21,"href":"https:\/\/juegosdehelicopteros.net\/pl\/wp-json\/wp\/v2\/pages\/15\/revisions"}],"predecessor-version":[{"id":169,"href":"https:\/\/juegosdehelicopteros.net\/pl\/wp-json\/wp\/v2\/pages\/15\/revisions\/169"}],"wp:attachment":[{"href":"https:\/\/juegosdehelicopteros.net\/pl\/wp-json\/wp\/v2\/media?parent=15"}],"curies":[{"name":"wp","href":"https:\/\/api.w.org\/{rel}","templated":true}]}}