{"id":17,"date":"2024-02-15T19:41:26","date_gmt":"2024-02-15T19:41:26","guid":{"rendered":"https:\/\/juegosdehelicopteros.net\/?page_id=17"},"modified":"2024-02-29T18:21:42","modified_gmt":"2024-02-29T18:21:42","slug":"faq-frequently-asked-questions-about-the-game-helicopter-x","status":"publish","type":"page","link":"https:\/\/juegosdehelicopteros.net\/pl\/faq-frequently-asked-questions-about-the-game-helicopter-x\/","title":{"rendered":"FAQ \u2014 Najcz\u0119\u015bciej zadawane pytania dotycz\u0105ce gry Helicopter X"},"content":{"rendered":"<p><strong>Czy mog\u0119 zagra\u0107 w gr\u0119 Helicopter X na wersj\u0119 demo za darmo?<\/strong><\/p>\n<p>Tak, mo\u017cesz najpierw zagra\u0107 w wersj\u0119 demonstracyjn\u0105 Helicopter X, graj bez \u017cadnych depozyt\u00f3w!<\/p>\n<p><strong>Czy mog\u0119 wygra\u0107 prawdziwe pieni\u0105dze graj\u0105c w gr\u0119 Helicopter X?<\/strong><\/p>\n<p>Tak, mo\u017cesz gra\u0107 w kasynie Helicopter X w czasie rzeczywistym i wygrywa\u0107 prawdziwe pieni\u0105dze!<\/p>\n<p><strong>Gdzie najlepiej zagra\u0107 w gr\u0119 online Helicopter X?<\/strong><\/p>\n<p>Mo\u017cesz gra\u0107 w darmow\u0105 gr\u0119 w dowolnym miejscu, ale je\u015bli planujesz zacz\u0105\u0107 gra\u0107 na prawdziwe pieni\u0105dze, powiniene\u015b wybra\u0107 zaufane i godne zaufania kasyno. Tak, aby Twoja gra by\u0142a spokojna i przynosi\u0142a tylko pozytywne emocje!<\/p>\n<p><strong>Czy mog\u0119 gra\u0107 w kasynie online Helicopter X na moim urz\u0105dzeniu mobilnym?<\/strong><\/p>\n<p>Tak, gra Helicopter X jest zoptymalizowana pod k\u0105tem urz\u0105dze\u0144 i ekran\u00f3w o r\u00f3\u017cnych rozdzielczo\u015bciach, dzi\u0119ki czemu mo\u017cesz cieszy\u0107 si\u0119 gr\u0105 na swoim telefonie kom\u00f3rkowym z systemem Android lub iOS.<\/p>\n<p><strong>Jaka jest minimalna stawka w grze online Helicopter X?<\/strong><\/p>\n<p>Minimalna stawka w kasynie online Helicopter X to 0,05.<\/p>\n<p><strong>Jaka jest maksymalna stawka w grze online Helicopter X?<\/strong><\/p>\n<p>Maksymalna stawka w kasynie online Helicopter X wynosi 200.<\/p>\n","protected":false},"excerpt":{"rendered":"<p>Czy mog\u0119 zagra\u0107 w gr\u0119 Helicopter X na wersj\u0119 demo za darmo? Tak, mo\u017cesz najpierw zagra\u0107 w wersj\u0119 demonstracyjn\u0105 Helicopter X, graj bez \u017cadnych depozyt\u00f3w! Czy mog\u0119 wygra\u0107 prawdziwe pieni\u0105dze graj\u0105c w gr\u0119 Helicopter X? Tak, mo\u017cesz gra\u0107 w kasynie Helicopter X w czasie rzeczywistym i wygrywa\u0107 prawdziwe pieni\u0105dze! Gdzie najlepiej zagra\u0107 w gr\u0119 online&#8230;<\/p>\n","protected":false},"author":1,"featured_media":0,"parent":0,"menu_order":0,"comment_status":"closed","ping_status":"closed","template":"","meta":{"footnotes":""},"yoast_head":"<!-- This site is optimized with the Yoast SEO plugin v16.5 - https:\/\/yoast.com\/wordpress\/plugins\/seo\/ -->\n<title>FAQ - Najcz\u0119\u015bciej zadawane pytania dotycz\u0105ce gry Helicopter X<\/title>\n<meta name=\"description\" content=\"Zebrali\u015bmy pytania i odpowiedzi dotycz\u0105ce gry online Helicopter X. Wszystkie informacje na temat gry Helicopter. Wszystko, o co chcia\u0142e\u015b zapyta\u0107.\" \/>\n<meta name=\"robots\" content=\"index, follow, max-snippet:-1, max-image-preview:large, max-video-preview:-1\" \/>\n<link rel=\"canonical\" href=\"https:\/\/juegosdehelicopteros.net\/pl\/faq-frequently-asked-questions-about-the-game-helicopter-x\/\" \/>\n<meta property=\"og:locale\" content=\"pl_PL\" \/>\n<meta property=\"og:locale:alternate\" content=\"ru_RU\" \/>\n<meta property=\"og:locale:alternate\" content=\"en_US\" \/>\n<meta property=\"og:locale:alternate\" content=\"pt_PT\" \/>\n<meta property=\"og:locale:alternate\" content=\"es_ES\" \/>\n<meta property=\"og:locale:alternate\" content=\"ro_RO\" \/>\n<meta property=\"og:locale:alternate\" content=\"sr_RS\" \/>\n<meta property=\"og:locale:alternate\" content=\"bg_BG\" \/>\n<meta property=\"og:locale:alternate\" content=\"it_IT\" \/>\n<meta property=\"og:locale:alternate\" content=\"fr_FR\" \/>\n<meta property=\"og:type\" content=\"article\" \/>\n<meta property=\"og:title\" content=\"FAQ - Najcz\u0119\u015bciej zadawane pytania dotycz\u0105ce gry Helicopter X\" \/>\n<meta property=\"og:description\" content=\"Zebrali\u015bmy pytania i odpowiedzi dotycz\u0105ce gry online Helicopter X. Wszystkie informacje na temat gry Helicopter. Wszystko, o co chcia\u0142e\u015b zapyta\u0107.\" \/>\n<meta property=\"og:url\" content=\"https:\/\/juegosdehelicopteros.net\/pl\/faq-frequently-asked-questions-about-the-game-helicopter-x\/\" \/>\n<meta property=\"og:site_name\" content=\"Helicopter X\" \/>\n<meta property=\"article:modified_time\" content=\"2024-02-29T18:21:42+00:00\" \/>\n<meta name=\"twitter:card\" content=\"summary_large_image\" \/>\n<meta name=\"twitter:label1\" content=\"Szacowany czas czytania\" \/>\n\t<meta name=\"twitter:data1\" content=\"7 minut\" \/>\n<script type=\"application\/ld+json\" class=\"yoast-schema-graph\">{\"@context\":\"https:\/\/schema.org\",\"@graph\":[{\"@type\":\"WebSite\",\"@id\":\"https:\/\/juegosdehelicopteros.net\/pl\/#website\",\"url\":\"https:\/\/juegosdehelicopteros.net\/pl\/\",\"name\":\"Helicopter X\",\"description\":\"\",\"potentialAction\":[{\"@type\":\"SearchAction\",\"target\":\"https:\/\/juegosdehelicopteros.net\/pl\/?s={search_term_string}\",\"query-input\":\"required name=search_term_string\"}],\"inLanguage\":\"pl-PL\"},{\"@type\":\"WebPage\",\"@id\":\"https:\/\/juegosdehelicopteros.net\/pl\/faq-frequently-asked-questions-about-the-game-helicopter-x\/#webpage\",\"url\":\"https:\/\/juegosdehelicopteros.net\/pl\/faq-frequently-asked-questions-about-the-game-helicopter-x\/\",\"name\":\"FAQ - Najcz\\u0119\\u015bciej zadawane pytania dotycz\\u0105ce gry Helicopter X\",\"isPartOf\":{\"@id\":\"https:\/\/juegosdehelicopteros.net\/pl\/#website\"},\"datePublished\":\"2024-02-15T19:41:26+00:00\",\"dateModified\":\"2024-02-29T18:21:42+00:00\",\"description\":\"Zebrali\\u015bmy pytania i odpowiedzi dotycz\\u0105ce gry online Helicopter X. Wszystkie informacje na temat gry Helicopter. Wszystko, o co chcia\\u0142e\\u015b zapyta\\u0107.\",\"breadcrumb\":{\"@id\":\"https:\/\/juegosdehelicopteros.net\/pl\/faq-frequently-asked-questions-about-the-game-helicopter-x\/#breadcrumb\"},\"inLanguage\":\"pl-PL\",\"potentialAction\":[{\"@type\":\"ReadAction\",\"target\":[\"https:\/\/juegosdehelicopteros.net\/pl\/faq-frequently-asked-questions-about-the-game-helicopter-x\/\"]}]},{\"@type\":\"BreadcrumbList\",\"@id\":\"https:\/\/juegosdehelicopteros.net\/pl\/faq-frequently-asked-questions-about-the-game-helicopter-x\/#breadcrumb\",\"itemListElement\":[{\"@type\":\"ListItem\",\"position\":1,\"name\":\"Home\",\"item\":\"https:\/\/juegosdehelicopteros.net\/pl\/\"},{\"@type\":\"ListItem\",\"position\":2,\"name\":\"FAQ \\u2014 Najcz\\u0119\\u015bciej zadawane pytania dotycz\\u0105ce gry Helicopter X\"}]}]}<\/script>\n<!-- \/ Yoast SEO plugin. -->","_links":{"self":[{"href":"https:\/\/juegosdehelicopteros.net\/pl\/wp-json\/wp\/v2\/pages\/17"}],"collection":[{"href":"https:\/\/juegosdehelicopteros.net\/pl\/wp-json\/wp\/v2\/pages"}],"about":[{"href":"https:\/\/juegosdehelicopteros.net\/pl\/wp-json\/wp\/v2\/types\/page"}],"author":[{"embeddable":true,"href":"https:\/\/juegosdehelicopteros.net\/pl\/wp-json\/wp\/v2\/users\/1"}],"replies":[{"embeddable":true,"href":"https:\/\/juegosdehelicopteros.net\/pl\/wp-json\/wp\/v2\/comments?post=17"}],"version-history":[{"count":21,"href":"https:\/\/juegosdehelicopteros.net\/pl\/wp-json\/wp\/v2\/pages\/17\/revisions"}],"predecessor-version":[{"id":167,"href":"https:\/\/juegosdehelicopteros.net\/pl\/wp-json\/wp\/v2\/pages\/17\/revisions\/167"}],"wp:attachment":[{"href":"https:\/\/juegosdehelicopteros.net\/pl\/wp-json\/wp\/v2\/media?parent=17"}],"curies":[{"name":"wp","href":"https:\/\/api.w.org\/{rel}","templated":true}]}}