{"id":7,"date":"2024-02-15T17:40:43","date_gmt":"2024-02-15T17:40:43","guid":{"rendered":"https:\/\/juegosdehelicopteros.net\/?page_id=7"},"modified":"2024-02-29T18:27:17","modified_gmt":"2024-02-29T18:27:17","slug":"about-the-game-helicopter-x","status":"publish","type":"page","link":"https:\/\/juegosdehelicopteros.net\/pl\/","title":{"rendered":"O grze Helicopter X"},"content":{"rendered":"<p>Gra online Helicopter X to ekscytuj\u0105ca i prosta gra hazardowa o interesuj\u0105cym nowoczesnym stylu i czytelnej fabule, stworzona przez SmartSoft Gaming.<\/p>\n<p>SmartSoft Gaming to profesjonali\u015bci w swojej dziedzinie, a gra Helicopter X to kolejny przyk\u0142ad na to, jak innowacyjne metody pozwalaj\u0105 tradycyjnym gr\u0105 typu crash osi\u0105gn\u0105\u0107 nowy poziom.<\/p>\n<p>Gra Helicopter X oferuje proste i niezwykle zrozumia\u0142e rozgrywki, odpowiednie zar\u00f3wno dla pocz\u0105tkuj\u0105cych, jak i do\u015bwiadczonych graczy. Slot nadaje si\u0119 dla ka\u017cdego rodzaju gracza, czy to masz niewielki bud\u017cet, czy lubisz gra\u0107 wysokimi stawkami. Ciesz si\u0119 gr\u0105 zar\u00f3wno w trybie darmowym, jak i w trybie na prawdziwe pieni\u0105dze! Je\u015bli lubisz gry hazardowe z prost\u0105 rozgrywk\u0105 i wysokiej jako\u015bci grafik\u0105, to granie w Helicopter X w kasynie online mo\u017ce by\u0107 dla Ciebie doskona\u0142ym wyborem.<\/p>\n<h2><strong>O fabule gry Helicopter X:<\/strong><\/h2>\n<p>Akcja rozgrywa si\u0119 na l\u0105dowisku dla helikopter\u00f3w, do kt\u00f3rego diament jest bezpiecznie przywi\u0105zany mocnymi \u0142a\u0144cuchami. Przed rozpocz\u0119ciem gry widzisz obraz helikoptera i ekran \u0142adowania, kt\u00f3ry pokazuje, kiedy tw\u00f3j helikopter b\u0119dzie gotowy do startu. Diament dla gracza to w\u0142a\u015bnie ta cenna nagroda! A nad twoim skarbem unosi si\u0119 r\u00f3wnie\u017c helikopter, r\u00f3wnie\u017c do niego przymocowany \u0142a\u0144cuchem. Podczas gdy helikopter pilnie pr\u00f3buje zerwa\u0107 diament z \u0142a\u0144cuch\u00f3w i zabra\u0107 go z l\u0105dowiska, twoim zadaniem jest chwytanie wygranych przed zerwaniem \u0142a\u0144cucha \u0142\u0105cz\u0105cego helikopter i diament. Gdy tw\u00f3j helikopter pr\u00f3buje odzyska\u0107 diament, mno\u017cnik stale ro\u015bnie, tworz\u0105c napi\u0119t\u0105 atmosfer\u0119 podczas gry.<\/p>\n<p>A je\u015bli uda ci si\u0119 odzyska\u0107 diament z l\u0105dowiska, mo\u017cesz ju\u017c zobaczy\u0107, jak tw\u00f3j mno\u017cnik osi\u0105ga niesamowite proporcje! Ale nie zrelaksuj si\u0119 za bardzo, poniewa\u017c w ka\u017cdej chwili helikopter mo\u017ce odlecie\u0107, zabieraj\u0105c ze sob\u0105 twoje wygrane. Przez ca\u0142y ten czas towarzyszy\u0107 Ci b\u0119dzie motywuj\u0105ca muzyka i niesamowicie wysokiej jako\u015bci, nowoczesna grafika.<\/p>\n<h2><strong>Cechy gry Helicopter X:<\/strong><\/h2>\n<p>Lista cech gry online Helicopter X, kt\u00f3re wyr\u00f3\u017cniaj\u0105 j\u0105 spo\u015br\u00f3d innych gier typu crash:<\/p>\n<ul>\n<li><strong>Grafika gry:<\/strong><\/li>\n<\/ul>\n<p>Jedn\u0105 z g\u0142\u00f3wnych cech Helicopter X jest jej styl wizualny. Grafika gry jest w nowoczesnym stylu, co nadaje jej oryginalno\u015b\u0107 i w\u0142asn\u0105 atmosfer\u0119.<\/p>\n<ul>\n<li><strong>Podw\u00f3jna stawka:<\/strong><\/li>\n<\/ul>\n<p>W Helicopter X s\u0105 r\u00f3\u017cne opcje zak\u0142ad\u00f3w, pozwalaj\u0105ce ka\u017cdemu graczowi wybra\u0107 t\u0119, kt\u00f3ra mu odpowiada. Na samym dole widzisz interfejs, w kt\u00f3rym mo\u017cesz dostosowa\u0107 wielko\u015b\u0107 swojego zak\u0142adu. Tu\u017c nad nim mo\u017cesz wybra\u0107 wygodny dla siebie tryb: pojedynczy zak\u0142ad lub podw\u00f3jny zak\u0142ad. Troch\u0119 na lewo znajduje si\u0119 funkcja ustawie\u0144 zak\u0142ad\u00f3w. Tutaj mo\u017cesz okre\u015bli\u0107 warto\u015b\u0107 wsp\u00f3\u0142czynnika, przy kt\u00f3rym gra automatycznie zbiera wygrane. Nie b\u00f3j si\u0119 eksperymentowa\u0107 i zbiera\u0107 swoje wygrane!<\/p>\n<ul>\n<li><strong>Historia wsp\u00f3\u0142czynnika:<\/strong><\/li>\n<\/ul>\n<p>Po lewej stronie ekranu znajduje si\u0119 kolumna wskazuj\u0105ca maksymalny wsp\u00f3\u0142czynnik, jaki osi\u0105gn\u0105\u0142e\u015b w poprzednich rundach. Dzi\u0119ki tej funkcji mo\u017cesz spr\u00f3bowa\u0107 przeanalizowa\u0107, po ilu rundach gra daje du\u017cy wsp\u00f3\u0142czynnik i jak d\u0142ugo utrzymuje ma\u0142y wsp\u00f3\u0142czynnik.<\/p>\n<ul>\n<li><strong>Online przegl\u0105d zak\u0142ad\u00f3w innych graczy:<\/strong><\/li>\n<\/ul>\n<p>Po prawej stronie ekranu widnieje ikona zegara, kliknij j\u0105 i wybierz sekcj\u0119 bie\u017c\u0105cych zak\u0142ad\u00f3w &#8211; to jest online przegl\u0105d mno<\/p>\n<p>\u017cnik\u00f3w i wielko\u015bci wygranych innych graczy w danym momencie. Jest tak\u017ce sekcja najwy\u017cszych wygranych, gdzie mo\u017cesz zobaczy\u0107 najwi\u0119ksze wsp\u00f3\u0142czynniki i wielko\u015bci wygranych graczy na dzie\u0144, w ostatnim tygodniu, a nawet w ostatnim miesi\u0105cu. Sekcja &#8222;moje zak\u0142ady&#8221; pokazuje histori\u0119 twoich wsp\u00f3\u0142czynnik\u00f3w, wygranych i czas, kiedy zbierasz swoje wygrane.<\/p>\n<h2><strong>Zalety i wady gry online Helicopter X:<\/strong><\/h2>\n<table>\n<tbody>\n<tr>\n<td>Zalety<\/td>\n<td>Wady<\/td>\n<\/tr>\n<tr>\n<td>Maksymalny wsp\u00f3\u0142czynnik: <strong>1000x<\/strong><\/td>\n<td>Brak gry bonusowej<\/td>\n<\/tr>\n<tr>\n<td>RTP (Return to Player) wynosi 96%<\/td>\n<td>Brak progresywnego jackpota<\/td>\n<\/tr>\n<tr>\n<td>\u017bywa statystyka, kt\u00f3ra pozwala analizowa\u0107 wygrane innych graczy i kiedy gra ma tendencj\u0119 do dawania wy\u017cszych mno\u017cnik\u00f3w<\/td>\n<td>Niekt\u00f3rzy gracze mog\u0105 uzna\u0107 Helicopter X za nieco monotonny po d\u0142ugiej grze. U\u017cytkownicy mog\u0105 szybko si\u0119 m\u0119czy\u0107 monotonnym rozgrywk\u0105<\/td>\n<\/tr>\n<tr>\n<td>Minimalna stawka 0.05<br \/>\nMaksymalna stawka 200<\/td>\n<td>Brak darmowych spin\u00f3w<\/td>\n<\/tr>\n<\/tbody>\n<\/table>\n<p>M\u00f3wi\u0105c o zaletach i wadach gry online Helicopter X, nale\u017cy pami\u0119ta\u0107, \u017ce jest to gra, kt\u00f3ra oferuje maksymalny wsp\u00f3\u0142czynnik wygranej wynosz\u0105cy 1000 razy stawk\u0119. Gra Helicopter X nie tylko imponuje swoj\u0105 potencjaln\u0105 hojno\u015bci\u0105, ale r\u00f3wnie\u017c zapewnia wysoki poziom zwrotu dla gracza: RTP (Return to Player) wynosi 96%. Oznacza to, \u017ce \u015brednio, za ka\u017cde wydane 100 dolar\u00f3w na gr\u0119, gracze mog\u0105 oczekiwa\u0107 zwrotu w wysoko\u015bci 96 dolar\u00f3w. Jest to do\u015b\u0107 wysoki wska\u017anik w \u015bwiecie hazardu.<\/p>\n<p>Szczeg\u00f3lnie atrakcyjn\u0105 cech\u0105 gry Helicopter X jest wprowadzenie \u017cywej statystyki, pozwalaj\u0105cej graczom analizowa\u0107 wygrane innych uczestnik\u00f3w i okre\u015bla\u0107, kiedy gra jest sk\u0142onna do udzielania wy\u017cszych mno\u017cnik\u00f3w. To narz\u0119dzie analityczne mo\u017ce by\u0107 kluczem do strategii, pozwalaj\u0105c graczom planowa\u0107 swoje zak\u0142ady bardziej \u015bwiadomie i skutecznie. Z minimalnym zak\u0142adem wynosz\u0105cym zaledwie 5 cent\u00f3w i maksymalnym zak\u0142adem si\u0119gaj\u0105cym 200, gra staje si\u0119 dost\u0119pna dla wszystkich rodzaj\u00f3w graczy.<\/p>\n<p>M\u00f3wi\u0105c o wadach gry Helicopter X, nale\u017cy zauwa\u017cy\u0107, \u017ce gra ma pewne ograniczenia, kt\u00f3re mog\u0105 wp\u0142yn\u0105\u0107 na percepcj\u0119 i do\u015bwiadczenie graczy. Wa\u017cne jest r\u00f3wnie\u017c zaznaczenie, \u017ce Helicopter X nie ma gry bonusowej, co jest do\u015b\u0107 powszechn\u0105 cech\u0105 w innych grach online.<\/p>\n<p>Warto r\u00f3wnie\u017c wspomnie\u0107, \u017ce gra nie oferuje progresywnego jackpota. Progresywne jackpoty cz\u0119sto pe\u0142ni\u0105 funkcj\u0119 pot\u0119\u017cnych zach\u0119t dla graczy, dodaj\u0105c ekscytacj\u0119 i oczekiwanie na du\u017c\u0105 wygran\u0105, kt\u00f3ra mo\u017ce zmieni\u0107 \u017cycie. Brak takiego jackpota mo\u017ce zmniejszy\u0107 og\u00f3ln\u0105 atrakcyjno\u015b\u0107 gry dla tych, kt\u00f3rzy szukaj\u0105 ekscytacji zwi\u0105zanej z potencjaln\u0105 wygran\u0105 ogromnej sumy pieni\u0119dzy.<\/p>\n<p>Dodatkowo, niekt\u00f3rzy gracze mog\u0105 odczu\u0107 monotoni\u0119 gry Helicopter X w miar\u0119 up\u0142ywu czasu, zw\u0142aszcza po d\u0142ugich sesjach. Brak r\u00f3\u017cnorodno\u015bci w rozgrywce mo\u017ce szybko prowadzi\u0107 do zm\u0119czenia. Sprawia to, \u017ce gra staje si\u0119 mniej atrakcyjna dla tych, kt\u00f3rzy szukaj\u0105 nie tylko mo\u017cliwo\u015bci wygranej, ale tak\u017ce interesuj\u0105cego do\u015bwiadczenia z rozgrywk\u0105.<\/p>\n","protected":false},"excerpt":{"rendered":"<p>Gra online Helicopter X to ekscytuj\u0105ca i prosta gra hazardowa o interesuj\u0105cym nowoczesnym stylu i czytelnej fabule, stworzona przez SmartSoft Gaming. SmartSoft Gaming to profesjonali\u015bci w swojej dziedzinie, a gra Helicopter X to kolejny przyk\u0142ad na to, jak innowacyjne metody pozwalaj\u0105 tradycyjnym gr\u0105 typu crash osi\u0105gn\u0105\u0107 nowy poziom. Gra Helicopter X oferuje proste i niezwykle&#8230;<\/p>\n","protected":false},"author":1,"featured_media":0,"parent":0,"menu_order":0,"comment_status":"closed","ping_status":"closed","template":"","meta":{"footnotes":""},"yoast_head":"<!-- This site is optimized with the Yoast SEO plugin v16.5 - https:\/\/yoast.com\/wordpress\/plugins\/seo\/ -->\n<title>Zagraj w gr\u0119 online Helicopter X w kasynie internetowym<\/title>\n<meta name=\"description\" content=\"Zagraj o prawdziwe pieni\u0105dze w kasynie internetowym w grze zestrzelania Helikoptera X. Fabu\u0142a gry, zalety i wady, cechy online slotu Helikopter X.\" \/>\n<meta name=\"robots\" content=\"index, follow, max-snippet:-1, max-image-preview:large, max-video-preview:-1\" \/>\n<link rel=\"canonical\" href=\"https:\/\/juegosdehelicopteros.net\/pl\/\" \/>\n<meta property=\"og:locale\" content=\"pl_PL\" \/>\n<meta property=\"og:locale:alternate\" content=\"ru_RU\" \/>\n<meta property=\"og:locale:alternate\" content=\"en_US\" \/>\n<meta property=\"og:locale:alternate\" content=\"pt_PT\" \/>\n<meta property=\"og:locale:alternate\" content=\"es_ES\" \/>\n<meta property=\"og:locale:alternate\" content=\"ro_RO\" \/>\n<meta property=\"og:locale:alternate\" content=\"sr_RS\" \/>\n<meta property=\"og:locale:alternate\" content=\"bg_BG\" \/>\n<meta property=\"og:locale:alternate\" content=\"it_IT\" \/>\n<meta property=\"og:locale:alternate\" content=\"fr_FR\" \/>\n<meta property=\"og:type\" content=\"article\" \/>\n<meta property=\"og:title\" content=\"Zagraj w gr\u0119 online Helicopter X w kasynie internetowym\" \/>\n<meta property=\"og:description\" content=\"Zagraj o prawdziwe pieni\u0105dze w kasynie internetowym w grze zestrzelania Helikoptera X. Fabu\u0142a gry, zalety i wady, cechy online slotu Helikopter X.\" \/>\n<meta property=\"og:url\" content=\"https:\/\/juegosdehelicopteros.net\/pl\/\" \/>\n<meta property=\"og:site_name\" content=\"Helicopter X\" \/>\n<meta property=\"article:modified_time\" content=\"2024-02-29T18:27:17+00:00\" \/>\n<meta name=\"twitter:card\" content=\"summary_large_image\" \/>\n<meta name=\"twitter:label1\" content=\"Szacowany czas czytania\" \/>\n\t<meta name=\"twitter:data1\" content=\"38 minut\" \/>\n<script type=\"application\/ld+json\" class=\"yoast-schema-graph\">{\"@context\":\"https:\/\/schema.org\",\"@graph\":[{\"@type\":\"WebSite\",\"@id\":\"https:\/\/juegosdehelicopteros.net\/pl\/#website\",\"url\":\"https:\/\/juegosdehelicopteros.net\/pl\/\",\"name\":\"Helicopter X\",\"description\":\"\",\"potentialAction\":[{\"@type\":\"SearchAction\",\"target\":\"https:\/\/juegosdehelicopteros.net\/pl\/?s={search_term_string}\",\"query-input\":\"required name=search_term_string\"}],\"inLanguage\":\"pl-PL\"},{\"@type\":\"WebPage\",\"@id\":\"https:\/\/juegosdehelicopteros.net\/pl\/#webpage\",\"url\":\"https:\/\/juegosdehelicopteros.net\/pl\/\",\"name\":\"Zagraj w gr\\u0119 online Helicopter X w kasynie internetowym\",\"isPartOf\":{\"@id\":\"https:\/\/juegosdehelicopteros.net\/pl\/#website\"},\"datePublished\":\"2024-02-15T17:40:43+00:00\",\"dateModified\":\"2024-02-29T18:27:17+00:00\",\"description\":\"Zagraj o prawdziwe pieni\\u0105dze w kasynie internetowym w grze zestrzelania Helikoptera X. Fabu\\u0142a gry, zalety i wady, cechy online slotu Helikopter X.\",\"breadcrumb\":{\"@id\":\"https:\/\/juegosdehelicopteros.net\/pl\/#breadcrumb\"},\"inLanguage\":\"pl-PL\",\"potentialAction\":[{\"@type\":\"ReadAction\",\"target\":[\"https:\/\/juegosdehelicopteros.net\/pl\/\"]}]},{\"@type\":\"BreadcrumbList\",\"@id\":\"https:\/\/juegosdehelicopteros.net\/pl\/#breadcrumb\",\"itemListElement\":[{\"@type\":\"ListItem\",\"position\":1,\"name\":\"Home\",\"item\":\"https:\/\/juegosdehelicopteros.net\/pl\/\"},{\"@type\":\"ListItem\",\"position\":2,\"name\":\"O grze Helicopter X\"}]}]}<\/script>\n<!-- \/ Yoast SEO plugin. -->","_links":{"self":[{"href":"https:\/\/juegosdehelicopteros.net\/pl\/wp-json\/wp\/v2\/pages\/7"}],"collection":[{"href":"https:\/\/juegosdehelicopteros.net\/pl\/wp-json\/wp\/v2\/pages"}],"about":[{"href":"https:\/\/juegosdehelicopteros.net\/pl\/wp-json\/wp\/v2\/types\/page"}],"author":[{"embeddable":true,"href":"https:\/\/juegosdehelicopteros.net\/pl\/wp-json\/wp\/v2\/users\/1"}],"replies":[{"embeddable":true,"href":"https:\/\/juegosdehelicopteros.net\/pl\/wp-json\/wp\/v2\/comments?post=7"}],"version-history":[{"count":38,"href":"https:\/\/juegosdehelicopteros.net\/pl\/wp-json\/wp\/v2\/pages\/7\/revisions"}],"predecessor-version":[{"id":170,"href":"https:\/\/juegosdehelicopteros.net\/pl\/wp-json\/wp\/v2\/pages\/7\/revisions\/170"}],"wp:attachment":[{"href":"https:\/\/juegosdehelicopteros.net\/pl\/wp-json\/wp\/v2\/media?parent=7"}],"curies":[{"name":"wp","href":"https:\/\/api.w.org\/{rel}","templated":true}]}}