{"id":9,"date":"2024-02-15T17:41:39","date_gmt":"2024-02-15T17:41:39","guid":{"rendered":"https:\/\/juegosdehelicopteros.net\/?page_id=9"},"modified":"2024-02-29T18:22:50","modified_gmt":"2024-02-29T18:22:50","slug":"choose-an-online-casino-to-play-helicopter-x","status":"publish","type":"page","link":"https:\/\/juegosdehelicopteros.net\/pl\/choose-an-online-casino-to-play-helicopter-x\/","title":{"rendered":"Wybierz kasyno online, aby zagra\u0107 w Helicopter X"},"content":{"rendered":"<p>Twoje pragnienie zanurzenia si\u0119 w ekscytuj\u0105cym \u015bwiecie gry online Helicopter X mo\u017ce zosta\u0107 spe\u0142nione niezale\u017cnie od urz\u0105dzenia, kt\u00f3re trzymasz w r\u0119kach: czy to smartfon z systemem iOS lub Android, czy te\u017c komputer osobisty. G\u0142\u00f3wnym wymaganiem do cieszenia si\u0119 gr\u0105 Helicopter X jest stabilne po\u0142\u0105czenie internetowe lub sie\u0107 Wi-Fi. Oto krok po kroku jak rozpocz\u0105\u0107 gr\u0119 w Helicopter X w kasynie online:<\/p>\n<ol>\n<li>Po pierwsze, musisz zdecydowa\u0107, w kt\u00f3rym kasynie online chcesz gra\u0107. W internecie jest wiele kasyn, a wyb\u00f3r nale\u017cy do Ciebie.<\/li>\n<li>Po wybraniu kasyna, przejd\u017a na oficjaln\u0105 stron\u0119 internetow\u0105 kasyna online i przejd\u017a przez proces rejestracji. To wa\u017cny krok, kt\u00f3ry da Ci dost\u0119p do pe\u0142nego zakresu opcji oferowanych przez kasyno online.<\/li>\n<li>Nast\u0119pnym krokiem jest do\u0142adowanie swojego salda do gry. Dla Twojej wygody dost\u0119pnych jest wiele metod p\u0142atno\u015bci. Wybierz t\u0119, kt\u00f3ra wydaje si\u0119 dla Ciebie najwygodniejsza i najbezpieczniejsza. Pami\u0119taj r\u00f3wnie\u017c, \u017ce spos\u00f3b, w jaki wp\u0142acisz pieni\u0105dze na swoje saldo, b\u0119dzie taki sam, w jaki b\u0119d\u0105 wyp\u0142acane pieni\u0105dze.<\/li>\n<li>Teraz, gdy wszystko jest gotowe do rozpocz\u0119cia, skorzystaj z paska wyszukiwania na stronie kasyna. Wpisz nazw\u0119 gry &#8222;Helicopter X&#8221; i potwierd\u017a sw\u00f3j wyb\u00f3r, naciskaj\u0105c przycisk &#8222;Szukaj&#8221;. Zostaniesz zaprezentowany wyborem: zagraj w pe\u0142n\u0105 wersj\u0119 gry lub wypr\u00f3buj darmow\u0105 wersj\u0119 demonstracyjn\u0105. Wybierz to, co najlepiej Ci odpowiada, i zanurz si\u0119 w \u015bwiat ekscytuj\u0105cej rozgrywki, gdzie czekaj\u0105 na Ciebie nie tylko niesamowite przygody, ale tak\u017ce mo\u017cliwo\u015b\u0107 wygrania du\u017cych nagr\u00f3d pieni\u0119\u017cnych!<\/li>\n<\/ol>\n<p>\u017byczymy Ci mi\u0142ego sp\u0119dzenia czasu i powodzenia w grze Helicopter X!<\/p>\n","protected":false},"excerpt":{"rendered":"<p>Twoje pragnienie zanurzenia si\u0119 w ekscytuj\u0105cym \u015bwiecie gry online Helicopter X mo\u017ce zosta\u0107 spe\u0142nione niezale\u017cnie od urz\u0105dzenia, kt\u00f3re trzymasz w r\u0119kach: czy to smartfon z systemem iOS lub Android, czy te\u017c komputer osobisty. G\u0142\u00f3wnym wymaganiem do cieszenia si\u0119 gr\u0105 Helicopter X jest stabilne po\u0142\u0105czenie internetowe lub sie\u0107 Wi-Fi. Oto krok po kroku jak rozpocz\u0105\u0107 gr\u0119&#8230;<\/p>\n","protected":false},"author":1,"featured_media":0,"parent":0,"menu_order":0,"comment_status":"closed","ping_status":"closed","template":"","meta":{"footnotes":""},"yoast_head":"<!-- This site is optimized with the Yoast SEO plugin v16.5 - https:\/\/yoast.com\/wordpress\/plugins\/seo\/ -->\n<title>Gdzie zagra\u0107 w gr\u0119 Helicopter X crash<\/title>\n<meta name=\"description\" content=\"Wybierz kasyno online, aby zagra\u0107 w Helicopter X! Graj w najlepszych kasynach online, bonusy, graj za darmo, jak gra\u0107 i wygrywa\u0107, pobierz, FAQ, recenzje graczy.\" \/>\n<meta name=\"robots\" content=\"index, follow, max-snippet:-1, max-image-preview:large, max-video-preview:-1\" \/>\n<link rel=\"canonical\" href=\"https:\/\/juegosdehelicopteros.net\/pl\/choose-an-online-casino-to-play-helicopter-x\/\" \/>\n<meta property=\"og:locale\" content=\"pl_PL\" \/>\n<meta property=\"og:locale:alternate\" content=\"ru_RU\" \/>\n<meta property=\"og:locale:alternate\" content=\"en_US\" \/>\n<meta property=\"og:locale:alternate\" content=\"pt_PT\" \/>\n<meta property=\"og:locale:alternate\" content=\"es_ES\" \/>\n<meta property=\"og:locale:alternate\" content=\"ro_RO\" \/>\n<meta property=\"og:locale:alternate\" content=\"sr_RS\" \/>\n<meta property=\"og:locale:alternate\" content=\"bg_BG\" \/>\n<meta property=\"og:locale:alternate\" content=\"it_IT\" \/>\n<meta property=\"og:locale:alternate\" content=\"fr_FR\" \/>\n<meta property=\"og:type\" content=\"article\" \/>\n<meta property=\"og:title\" content=\"Gdzie zagra\u0107 w gr\u0119 Helicopter X crash\" \/>\n<meta property=\"og:description\" content=\"Wybierz kasyno online, aby zagra\u0107 w Helicopter X! Graj w najlepszych kasynach online, bonusy, graj za darmo, jak gra\u0107 i wygrywa\u0107, pobierz, FAQ, recenzje graczy.\" \/>\n<meta property=\"og:url\" content=\"https:\/\/juegosdehelicopteros.net\/pl\/choose-an-online-casino-to-play-helicopter-x\/\" \/>\n<meta property=\"og:site_name\" content=\"Helicopter X\" \/>\n<meta property=\"article:modified_time\" content=\"2024-02-29T18:22:50+00:00\" \/>\n<meta name=\"twitter:card\" content=\"summary_large_image\" \/>\n<meta name=\"twitter:label1\" content=\"Szacowany czas czytania\" \/>\n\t<meta name=\"twitter:data1\" content=\"10 minut\" \/>\n<script type=\"application\/ld+json\" class=\"yoast-schema-graph\">{\"@context\":\"https:\/\/schema.org\",\"@graph\":[{\"@type\":\"WebSite\",\"@id\":\"https:\/\/juegosdehelicopteros.net\/pl\/#website\",\"url\":\"https:\/\/juegosdehelicopteros.net\/pl\/\",\"name\":\"Helicopter X\",\"description\":\"\",\"potentialAction\":[{\"@type\":\"SearchAction\",\"target\":\"https:\/\/juegosdehelicopteros.net\/pl\/?s={search_term_string}\",\"query-input\":\"required name=search_term_string\"}],\"inLanguage\":\"pl-PL\"},{\"@type\":\"WebPage\",\"@id\":\"https:\/\/juegosdehelicopteros.net\/pl\/choose-an-online-casino-to-play-helicopter-x\/#webpage\",\"url\":\"https:\/\/juegosdehelicopteros.net\/pl\/choose-an-online-casino-to-play-helicopter-x\/\",\"name\":\"Gdzie zagra\\u0107 w gr\\u0119 Helicopter X crash\",\"isPartOf\":{\"@id\":\"https:\/\/juegosdehelicopteros.net\/pl\/#website\"},\"datePublished\":\"2024-02-15T17:41:39+00:00\",\"dateModified\":\"2024-02-29T18:22:50+00:00\",\"description\":\"Wybierz kasyno online, aby zagra\\u0107 w Helicopter X! Graj w najlepszych kasynach online, bonusy, graj za darmo, jak gra\\u0107 i wygrywa\\u0107, pobierz, FAQ, recenzje graczy.\",\"breadcrumb\":{\"@id\":\"https:\/\/juegosdehelicopteros.net\/pl\/choose-an-online-casino-to-play-helicopter-x\/#breadcrumb\"},\"inLanguage\":\"pl-PL\",\"potentialAction\":[{\"@type\":\"ReadAction\",\"target\":[\"https:\/\/juegosdehelicopteros.net\/pl\/choose-an-online-casino-to-play-helicopter-x\/\"]}]},{\"@type\":\"BreadcrumbList\",\"@id\":\"https:\/\/juegosdehelicopteros.net\/pl\/choose-an-online-casino-to-play-helicopter-x\/#breadcrumb\",\"itemListElement\":[{\"@type\":\"ListItem\",\"position\":1,\"name\":\"Home\",\"item\":\"https:\/\/juegosdehelicopteros.net\/pl\/\"},{\"@type\":\"ListItem\",\"position\":2,\"name\":\"Wybierz kasyno online, aby zagra\\u0107 w Helicopter X\"}]}]}<\/script>\n<!-- \/ Yoast SEO plugin. -->","_links":{"self":[{"href":"https:\/\/juegosdehelicopteros.net\/pl\/wp-json\/wp\/v2\/pages\/9"}],"collection":[{"href":"https:\/\/juegosdehelicopteros.net\/pl\/wp-json\/wp\/v2\/pages"}],"about":[{"href":"https:\/\/juegosdehelicopteros.net\/pl\/wp-json\/wp\/v2\/types\/page"}],"author":[{"embeddable":true,"href":"https:\/\/juegosdehelicopteros.net\/pl\/wp-json\/wp\/v2\/users\/1"}],"replies":[{"embeddable":true,"href":"https:\/\/juegosdehelicopteros.net\/pl\/wp-json\/wp\/v2\/comments?post=9"}],"version-history":[{"count":20,"href":"https:\/\/juegosdehelicopteros.net\/pl\/wp-json\/wp\/v2\/pages\/9\/revisions"}],"predecessor-version":[{"id":168,"href":"https:\/\/juegosdehelicopteros.net\/pl\/wp-json\/wp\/v2\/pages\/9\/revisions\/168"}],"wp:attachment":[{"href":"https:\/\/juegosdehelicopteros.net\/pl\/wp-json\/wp\/v2\/media?parent=9"}],"curies":[{"name":"wp","href":"https:\/\/api.w.org\/{rel}","templated":true}]}}