{"id":11,"date":"2024-02-15T17:42:24","date_gmt":"2024-02-15T17:42:24","guid":{"rendered":"https:\/\/juegosdehelicopteros.net\/?page_id=11"},"modified":"2024-02-29T18:28:54","modified_gmt":"2024-02-29T18:28:54","slug":"player-reviews-of-the-game-helicopter-x","status":"publish","type":"page","link":"https:\/\/juegosdehelicopteros.net\/pt\/player-reviews-of-the-game-helicopter-x\/","title":{"rendered":"Avalia\u00e7\u00f5es de jogadores sobre o jogo Helicopter X"},"content":{"rendered":"<p>Reunimos as opini\u00f5es dos jogadores sobre o jogo Helicopter X. Claro, antes de come\u00e7ar o jogo, voc\u00ea quer saber mais informa\u00e7\u00f5es sobre o jogo e as possibilidades que ele oferece. Uma an\u00e1lise do jogo feita por jogadores reais que jogam com dinheiro real todos os dias, ganhando e perdendo grandes somas de dinheiro.<\/p>\n<p><strong>Vladislav, 30 anos<\/strong><\/p>\n<p>Sou f\u00e3 de jogos de helic\u00f3ptero, e aqui voc\u00ea at\u00e9 pode ganhar dinheiro real, \u00e9 apenas um sonho!! Uma vez atingi um coeficiente de x45! Emo\u00e7\u00f5es inesquec\u00edveis e uma vit\u00f3ria agrad\u00e1vel. Gostei muito.<\/p>\n<p><strong>Andrey, 21 anos<\/strong><\/p>\n<p>No in\u00edcio, o jogo parecia dif\u00edcil, depois descobri que havia uma vers\u00e3o gratuita, entendi e decidi tentar a sorte com um amigo. E valeu a pena! Peguei x32 imediatamente. Agora estou tentando identificar diferentes padr\u00f5es gra\u00e7as \u00e0s estat\u00edsticas ao vivo. Aconselho voc\u00ea a jogar primeiro a vers\u00e3o demo com certeza!<\/p>\n<p><strong>Anna, 26 anos<\/strong><\/p>\n<p>\u00d3timo jogo para quem gosta de sentir os nervos \u00e0 flor da pele. Gr\u00e1ficos excelentes e jogabilidade simples, que cria uma atmosfera como se voc\u00ea estivesse em uma miss\u00e3o secreta.<\/p>\n<p><strong>Yuri, 33 anos<\/strong><\/p>\n<p>Jogabilidade boa e extremamente compreens\u00edvel. O recurso de aposta dupla realmente me surpreendeu! Ganhos muito convenientes e agrad\u00e1veis, agora em um bom plus!<\/p>\n<p><strong>Sergey, 41 anos<\/strong><\/p>\n<p>Jogo simples, mas muito emocionante que voc\u00ea pode jogar a qualquer momento. Uma \u00f3tima maneira de passar o tempo e se divertir com amigos. E os coeficientes tamb\u00e9m s\u00e3o surpreendentemente agrad\u00e1veis.<\/p>\n<p><strong>Ivan, 25 anos<\/strong><\/p>\n<p>Gosto de jogar Helicopter X. O jogo merece aten\u00e7\u00e3o tanto de jogadores experientes quanto de novatos que est\u00e3o jogando jogos de azar pela primeira vez.<\/p>\n","protected":false},"excerpt":{"rendered":"<p>Reunimos as opini\u00f5es dos jogadores sobre o jogo Helicopter X. Claro, antes de come\u00e7ar o jogo, voc\u00ea quer saber mais informa\u00e7\u00f5es sobre o jogo e as possibilidades que ele oferece. Uma an\u00e1lise do jogo feita por jogadores reais que jogam com dinheiro real todos os dias, ganhando e perdendo grandes somas de dinheiro. Vladislav, 30&#8230;<\/p>\n","protected":false},"author":1,"featured_media":0,"parent":0,"menu_order":0,"comment_status":"closed","ping_status":"closed","template":"","meta":{"footnotes":""},"yoast_head":"<!-- This site is optimized with the Yoast SEO plugin v16.5 - https:\/\/yoast.com\/wordpress\/plugins\/seo\/ -->\n<title>Avalia\u00e7\u00f5es de jogadores reais sobre o jogo de crash Helicopter X em um cassino online<\/title>\n<meta name=\"description\" content=\"Avalia\u00e7\u00f5es do jogo Helicopter X! Avalia\u00e7\u00f5es e opini\u00f5es de jogadores sobre o jogo de crash Helicopter X. Uma an\u00e1lise do jogo por jogadores reais e visitantes do cassino. Opini\u00f5es sobre o jogo Helicopter X.\" \/>\n<meta name=\"robots\" content=\"index, follow, max-snippet:-1, max-image-preview:large, max-video-preview:-1\" \/>\n<link rel=\"canonical\" href=\"https:\/\/juegosdehelicopteros.net\/pt\/player-reviews-of-the-game-helicopter-x\/\" \/>\n<meta property=\"og:locale\" content=\"pt_PT\" \/>\n<meta property=\"og:locale:alternate\" content=\"ru_RU\" \/>\n<meta property=\"og:locale:alternate\" content=\"en_US\" \/>\n<meta property=\"og:locale:alternate\" content=\"es_ES\" \/>\n<meta property=\"og:locale:alternate\" content=\"ro_RO\" \/>\n<meta property=\"og:locale:alternate\" content=\"sr_RS\" \/>\n<meta property=\"og:locale:alternate\" content=\"bg_BG\" \/>\n<meta property=\"og:locale:alternate\" content=\"pl_PL\" \/>\n<meta property=\"og:locale:alternate\" content=\"it_IT\" \/>\n<meta property=\"og:locale:alternate\" content=\"fr_FR\" \/>\n<meta property=\"og:type\" content=\"article\" \/>\n<meta property=\"og:title\" content=\"Avalia\u00e7\u00f5es de jogadores reais sobre o jogo de crash Helicopter X em um cassino online\" \/>\n<meta property=\"og:description\" content=\"Avalia\u00e7\u00f5es do jogo Helicopter X! Avalia\u00e7\u00f5es e opini\u00f5es de jogadores sobre o jogo de crash Helicopter X. Uma an\u00e1lise do jogo por jogadores reais e visitantes do cassino. Opini\u00f5es sobre o jogo Helicopter X.\" \/>\n<meta property=\"og:url\" content=\"https:\/\/juegosdehelicopteros.net\/pt\/player-reviews-of-the-game-helicopter-x\/\" \/>\n<meta property=\"og:site_name\" content=\"Helicopter X\" \/>\n<meta property=\"article:modified_time\" content=\"2024-02-29T18:28:54+00:00\" \/>\n<meta name=\"twitter:card\" content=\"summary_large_image\" \/>\n<meta name=\"twitter:label1\" content=\"Tempo estimado de leitura\" \/>\n\t<meta name=\"twitter:data1\" content=\"10 minutos\" \/>\n<script type=\"application\/ld+json\" class=\"yoast-schema-graph\">{\"@context\":\"https:\/\/schema.org\",\"@graph\":[{\"@type\":\"WebSite\",\"@id\":\"https:\/\/juegosdehelicopteros.net\/pt\/#website\",\"url\":\"https:\/\/juegosdehelicopteros.net\/pt\/\",\"name\":\"Helicopter X\",\"description\":\"\",\"potentialAction\":[{\"@type\":\"SearchAction\",\"target\":\"https:\/\/juegosdehelicopteros.net\/pt\/?s={search_term_string}\",\"query-input\":\"required name=search_term_string\"}],\"inLanguage\":\"pt-PT\"},{\"@type\":\"WebPage\",\"@id\":\"https:\/\/juegosdehelicopteros.net\/pt\/player-reviews-of-the-game-helicopter-x\/#webpage\",\"url\":\"https:\/\/juegosdehelicopteros.net\/pt\/player-reviews-of-the-game-helicopter-x\/\",\"name\":\"Avalia\\u00e7\\u00f5es de jogadores reais sobre o jogo de crash Helicopter X em um cassino online\",\"isPartOf\":{\"@id\":\"https:\/\/juegosdehelicopteros.net\/pt\/#website\"},\"datePublished\":\"2024-02-15T17:42:24+00:00\",\"dateModified\":\"2024-02-29T18:28:54+00:00\",\"description\":\"Avalia\\u00e7\\u00f5es do jogo Helicopter X! Avalia\\u00e7\\u00f5es e opini\\u00f5es de jogadores sobre o jogo de crash Helicopter X. Uma an\\u00e1lise do jogo por jogadores reais e visitantes do cassino. Opini\\u00f5es sobre o jogo Helicopter X.\",\"breadcrumb\":{\"@id\":\"https:\/\/juegosdehelicopteros.net\/pt\/player-reviews-of-the-game-helicopter-x\/#breadcrumb\"},\"inLanguage\":\"pt-PT\",\"potentialAction\":[{\"@type\":\"ReadAction\",\"target\":[\"https:\/\/juegosdehelicopteros.net\/pt\/player-reviews-of-the-game-helicopter-x\/\"]}]},{\"@type\":\"BreadcrumbList\",\"@id\":\"https:\/\/juegosdehelicopteros.net\/pt\/player-reviews-of-the-game-helicopter-x\/#breadcrumb\",\"itemListElement\":[{\"@type\":\"ListItem\",\"position\":1,\"name\":\"Home\",\"item\":\"https:\/\/juegosdehelicopteros.net\/pt\/\"},{\"@type\":\"ListItem\",\"position\":2,\"name\":\"Avalia\\u00e7\\u00f5es de jogadores sobre o jogo Helicopter X\"}]}]}<\/script>\n<!-- \/ Yoast SEO plugin. -->","_links":{"self":[{"href":"https:\/\/juegosdehelicopteros.net\/pt\/wp-json\/wp\/v2\/pages\/11"}],"collection":[{"href":"https:\/\/juegosdehelicopteros.net\/pt\/wp-json\/wp\/v2\/pages"}],"about":[{"href":"https:\/\/juegosdehelicopteros.net\/pt\/wp-json\/wp\/v2\/types\/page"}],"author":[{"embeddable":true,"href":"https:\/\/juegosdehelicopteros.net\/pt\/wp-json\/wp\/v2\/users\/1"}],"replies":[{"embeddable":true,"href":"https:\/\/juegosdehelicopteros.net\/pt\/wp-json\/wp\/v2\/comments?post=11"}],"version-history":[{"count":21,"href":"https:\/\/juegosdehelicopteros.net\/pt\/wp-json\/wp\/v2\/pages\/11\/revisions"}],"predecessor-version":[{"id":171,"href":"https:\/\/juegosdehelicopteros.net\/pt\/wp-json\/wp\/v2\/pages\/11\/revisions\/171"}],"wp:attachment":[{"href":"https:\/\/juegosdehelicopteros.net\/pt\/wp-json\/wp\/v2\/media?parent=11"}],"curies":[{"name":"wp","href":"https:\/\/api.w.org\/{rel}","templated":true}]}}