{"id":13,"date":"2024-02-15T17:43:25","date_gmt":"2024-02-15T17:43:25","guid":{"rendered":"https:\/\/juegosdehelicopteros.net\/?page_id=13"},"modified":"2024-02-29T18:30:41","modified_gmt":"2024-02-29T18:30:41","slug":"recommendations-and-tips-for-the-crash-game-helicopter-x","status":"publish","type":"page","link":"https:\/\/juegosdehelicopteros.net\/pt\/recommendations-and-tips-for-the-crash-game-helicopter-x\/","title":{"rendered":"Recomenda\u00e7\u00f5es e dicas para o jogo de crash Helicopter X"},"content":{"rendered":"<p>Um cassino online pode ser uma maneira emocionante e divertida de passar o tempo, mas \u00e9 importante lembrar algumas recomenda\u00e7\u00f5es e conselhos para manter o jogo seguro e respons\u00e1vel. Aqui est\u00e1 uma lista de dicas para jogar no cassino online Helicopter X:<\/p>\n<h2><strong>Escolha um cassino confi\u00e1vel<\/strong><\/h2>\n<p>Antes de come\u00e7ar a jogar, certifique-se de que o cassino online que voc\u00ea escolheu tenha uma boa reputa\u00e7\u00e3o e uma licen\u00e7a. Pesquise as avalia\u00e7\u00f5es de outros jogadores e garanta que o cassino siga regras e regulamentos rigorosos. Jogar em um cassino online confi\u00e1vel e justo reduz o risco de perdas financeiras e garante que seus ganhos ser\u00e3o pagos a tempo.<\/p>\n<h2><strong>Aprenda as regras do jogo<\/strong><\/h2>\n<p>Antes de come\u00e7ar a jogar Helicopter X, familiarize-se com suas regras e estrat\u00e9gias. Compreender as regras ajudar\u00e1 voc\u00ea a tomar decis\u00f5es informadas e melhorar suas chances de ganhar. Al\u00e9m disso, considere usar diferentes estrat\u00e9gias de apostas para maximizar suas chances de sucesso. Lembre-se de que cada jogo tem seus aspectos \u00fanicos, e conhecer esses detalhes pode aumentar significativamente sua efic\u00e1cia no jogo.<\/p>\n<h2><strong>Jogue de forma respons\u00e1vel<\/strong><\/h2>\n<p>Jogue apenas quando estiver de bom humor e capaz de tomar decis\u00f5es razo\u00e1veis. N\u00e3o jogue sob a influ\u00eancia de \u00e1lcool ou drogas, pois isso pode afetar seu julgamento. Estabele\u00e7a limites para si mesmo em apostas e tempo para controlar seu jogo e prevenir o desenvolvimento de v\u00edcio em jogos de azar. Lembre-se de que o jogo respons\u00e1vel envolve a capacidade de parar quando necess\u00e1rio.<\/p>\n<h2><strong>N\u00e3o jogue com dinheiro que voc\u00ea n\u00e3o pode perder<\/strong><\/h2>\n<p>Jogue apenas com dinheiro que esteja disposto a perder. Nunca pegue dinheiro emprestado para jogar em um cassino, especialmente se for um empr\u00e9stimo ou cr\u00e9dito. Gerenciar um or\u00e7amento de jogos ajuda a evitar dificuldades financeiras e mant\u00e9m o jogo como uma forma de entretenimento, em vez de fonte de estresse. Entenda que o jogo em cassinos \u00e9 entretenimento com um resultado imprevis\u00edvel, o que ajuda a manter uma atitude saud\u00e1vel em rela\u00e7\u00e3o ao jogo.<\/p>\n<h2><strong>Medo de perder<\/strong><\/h2>\n<p>Se voc\u00ea n\u00e3o quiser arriscar dinheiro real e n\u00e3o estiver familiarizado com o jogo, familiarize-se e experimente jogar Helicopter X gratuitamente primeiro. No modo de demonstra\u00e7\u00e3o, voc\u00ea joga com dinheiro virtual. O &#8220;modo de entretenimento&#8221; permite que os jogadores se aproximem do jogo sem arriscar suas economias. Esta op\u00e7\u00e3o permite que voc\u00ea aprenda a mec\u00e2nica e os recursos do jogo sem perdas financeiras, fornecendo uma experi\u00eancia valiosa e confian\u00e7a antes de jogar com dinheiro real.<\/p>\n<h2><strong>T\u00e1ticas<\/strong><\/h2>\n<p>Analise seus coeficientes m\u00e1ximos e m\u00ednimos para desenvolver sua estrat\u00e9gia, se necess\u00e1rio no futuro. Avaliar jogos anteriores e tomar decis\u00f5es com base em estat\u00edsticas pode melhorar suas chances de sucesso. Usar t\u00e1ticas baseadas em an\u00e1lise ajudar\u00e1 voc\u00ea a determinar os momentos ideais para apostas e sair do jogo, aumentando sua efici\u00eancia e ganhos potenciais.<\/p>\n<h2><strong>Estat\u00edsticas ao vivo<\/strong><\/h2>\n<p>Analise o jogo de outros jogadores! Isso ajudar\u00e1 voc\u00ea a entender os intervalos de tempo em que os usu\u00e1rios n\u00e3o recebem grandes multiplicadores. Estudar o comportamento e as estrat\u00e9gias de outros jogadores pode fornecer li\u00e7\u00f5es valiosas e ajudar a evitar erros comuns. Prestar aten\u00e7\u00e3o \u00e0s tend\u00eancias e mudan\u00e7as no jogo tamb\u00e9m pode oferecer vantagens estrat\u00e9gicas.<\/p>\n<p>Seguindo essas dicas aprimoradas, os jogadores podem desfrutar de jogar Helicopter X mantendo o controle e uma abordagem racional para o jogo. Lembre-se de que a chave para o sucesso nos jogos de cassino online est\u00e1 em uma combina\u00e7\u00e3o equilibrada de entretenimento, estrat\u00e9gia e responsabilidade.<\/p>\n","protected":false},"excerpt":{"rendered":"<p>Um cassino online pode ser uma maneira emocionante e divertida de passar o tempo, mas \u00e9 importante lembrar algumas recomenda\u00e7\u00f5es e conselhos para manter o jogo seguro e respons\u00e1vel. Aqui est\u00e1 uma lista de dicas para jogar no cassino online Helicopter X: Escolha um cassino confi\u00e1vel Antes de come\u00e7ar a jogar, certifique-se de que o&#8230;<\/p>\n","protected":false},"author":1,"featured_media":0,"parent":0,"menu_order":0,"comment_status":"closed","ping_status":"closed","template":"","meta":{"footnotes":""},"yoast_head":"<!-- This site is optimized with the Yoast SEO plugin v16.5 - https:\/\/yoast.com\/wordpress\/plugins\/seo\/ -->\n<title>Como jogar o jogo de queda Helicopter X<\/title>\n<meta name=\"description\" content=\"Dicas sobre como jogar o jogo online Helicopter X. Recomenda\u00e7\u00f5es, conselhos para jogadores que escolhem jogar Helicopter X em um cassino online\" \/>\n<meta name=\"robots\" content=\"index, follow, max-snippet:-1, max-image-preview:large, max-video-preview:-1\" \/>\n<link rel=\"canonical\" href=\"https:\/\/juegosdehelicopteros.net\/pt\/recommendations-and-tips-for-the-crash-game-helicopter-x\/\" \/>\n<meta property=\"og:locale\" content=\"pt_PT\" \/>\n<meta property=\"og:locale:alternate\" content=\"ru_RU\" \/>\n<meta property=\"og:locale:alternate\" content=\"en_US\" \/>\n<meta property=\"og:locale:alternate\" content=\"es_ES\" \/>\n<meta property=\"og:locale:alternate\" content=\"ro_RO\" \/>\n<meta property=\"og:locale:alternate\" content=\"sr_RS\" \/>\n<meta property=\"og:locale:alternate\" content=\"bg_BG\" \/>\n<meta property=\"og:locale:alternate\" content=\"pl_PL\" \/>\n<meta property=\"og:locale:alternate\" content=\"it_IT\" \/>\n<meta property=\"og:locale:alternate\" content=\"fr_FR\" \/>\n<meta property=\"og:type\" content=\"article\" \/>\n<meta property=\"og:title\" content=\"Como jogar o jogo de queda Helicopter X\" \/>\n<meta property=\"og:description\" content=\"Dicas sobre como jogar o jogo online Helicopter X. Recomenda\u00e7\u00f5es, conselhos para jogadores que escolhem jogar Helicopter X em um cassino online\" \/>\n<meta property=\"og:url\" content=\"https:\/\/juegosdehelicopteros.net\/pt\/recommendations-and-tips-for-the-crash-game-helicopter-x\/\" \/>\n<meta property=\"og:site_name\" content=\"Helicopter X\" \/>\n<meta property=\"article:modified_time\" content=\"2024-02-29T18:30:41+00:00\" \/>\n<meta name=\"twitter:card\" content=\"summary_large_image\" \/>\n<meta name=\"twitter:label1\" content=\"Tempo estimado de leitura\" \/>\n\t<meta name=\"twitter:data1\" content=\"21 minutos\" \/>\n<script type=\"application\/ld+json\" class=\"yoast-schema-graph\">{\"@context\":\"https:\/\/schema.org\",\"@graph\":[{\"@type\":\"WebSite\",\"@id\":\"https:\/\/juegosdehelicopteros.net\/pt\/#website\",\"url\":\"https:\/\/juegosdehelicopteros.net\/pt\/\",\"name\":\"Helicopter X\",\"description\":\"\",\"potentialAction\":[{\"@type\":\"SearchAction\",\"target\":\"https:\/\/juegosdehelicopteros.net\/pt\/?s={search_term_string}\",\"query-input\":\"required name=search_term_string\"}],\"inLanguage\":\"pt-PT\"},{\"@type\":\"WebPage\",\"@id\":\"https:\/\/juegosdehelicopteros.net\/pt\/recommendations-and-tips-for-the-crash-game-helicopter-x\/#webpage\",\"url\":\"https:\/\/juegosdehelicopteros.net\/pt\/recommendations-and-tips-for-the-crash-game-helicopter-x\/\",\"name\":\"Como jogar o jogo de queda Helicopter X\",\"isPartOf\":{\"@id\":\"https:\/\/juegosdehelicopteros.net\/pt\/#website\"},\"datePublished\":\"2024-02-15T17:43:25+00:00\",\"dateModified\":\"2024-02-29T18:30:41+00:00\",\"description\":\"Dicas sobre como jogar o jogo online Helicopter X. Recomenda\\u00e7\\u00f5es, conselhos para jogadores que escolhem jogar Helicopter X em um cassino online\",\"breadcrumb\":{\"@id\":\"https:\/\/juegosdehelicopteros.net\/pt\/recommendations-and-tips-for-the-crash-game-helicopter-x\/#breadcrumb\"},\"inLanguage\":\"pt-PT\",\"potentialAction\":[{\"@type\":\"ReadAction\",\"target\":[\"https:\/\/juegosdehelicopteros.net\/pt\/recommendations-and-tips-for-the-crash-game-helicopter-x\/\"]}]},{\"@type\":\"BreadcrumbList\",\"@id\":\"https:\/\/juegosdehelicopteros.net\/pt\/recommendations-and-tips-for-the-crash-game-helicopter-x\/#breadcrumb\",\"itemListElement\":[{\"@type\":\"ListItem\",\"position\":1,\"name\":\"Home\",\"item\":\"https:\/\/juegosdehelicopteros.net\/pt\/\"},{\"@type\":\"ListItem\",\"position\":2,\"name\":\"Recomenda\\u00e7\\u00f5es e dicas para o jogo de crash Helicopter X\"}]}]}<\/script>\n<!-- \/ Yoast SEO plugin. -->","_links":{"self":[{"href":"https:\/\/juegosdehelicopteros.net\/pt\/wp-json\/wp\/v2\/pages\/13"}],"collection":[{"href":"https:\/\/juegosdehelicopteros.net\/pt\/wp-json\/wp\/v2\/pages"}],"about":[{"href":"https:\/\/juegosdehelicopteros.net\/pt\/wp-json\/wp\/v2\/types\/page"}],"author":[{"embeddable":true,"href":"https:\/\/juegosdehelicopteros.net\/pt\/wp-json\/wp\/v2\/users\/1"}],"replies":[{"embeddable":true,"href":"https:\/\/juegosdehelicopteros.net\/pt\/wp-json\/wp\/v2\/comments?post=13"}],"version-history":[{"count":21,"href":"https:\/\/juegosdehelicopteros.net\/pt\/wp-json\/wp\/v2\/pages\/13\/revisions"}],"predecessor-version":[{"id":172,"href":"https:\/\/juegosdehelicopteros.net\/pt\/wp-json\/wp\/v2\/pages\/13\/revisions\/172"}],"wp:attachment":[{"href":"https:\/\/juegosdehelicopteros.net\/pt\/wp-json\/wp\/v2\/media?parent=13"}],"curies":[{"name":"wp","href":"https:\/\/api.w.org\/{rel}","templated":true}]}}