{"id":15,"date":"2024-02-15T19:39:00","date_gmt":"2024-02-15T19:39:00","guid":{"rendered":"https:\/\/juegosdehelicopteros.net\/?page_id=15"},"modified":"2024-02-29T18:24:26","modified_gmt":"2024-02-29T18:24:26","slug":"play-and-win-in-helicopter-x","status":"publish","type":"page","link":"https:\/\/juegosdehelicopteros.net\/pt\/play-and-win-in-helicopter-x\/","title":{"rendered":"Jogue e ven\u00e7a no Helicopter X"},"content":{"rendered":"<p>Se voc\u00ea est\u00e1 come\u00e7ando a jogar o jogo de colis\u00e3o Helicopter X, reunimos as melhores estrat\u00e9gias para melhorar seus resultados. Isso n\u00e3o \u00e9 uma garantia de vit\u00f3ria, mas \u00e9 muito melhor do que pressionar teclas aleat\u00f3rias:<\/p>\n<h2><strong>Observando padr\u00f5es<\/strong><\/h2>\n<p>Observe o jogo e tente detectar padr\u00f5es no surgimento de multiplicadores altos. Se perceber que eles est\u00e3o se tornando menos frequentes, aumente sua aposta nos pr\u00f3ximos rounds. Isso pode aumentar suas chances de sucesso.<\/p>\n<h2><strong>Estrat\u00e9gia de Martingale<\/strong><\/h2>\n<p>Para jogadores ousados e arriscados. Ap\u00f3s cada perda, aumente sua aposta e, ap\u00f3s uma vit\u00f3ria, retorne ao valor inicial. Este m\u00e9todo ajuda a recuperar fundos perdidos, mas requer um or\u00e7amento significativo e experi\u00eancia.<\/p>\n<h2><strong>Estrat\u00e9gia de Martingale reversa<\/strong><\/h2>\n<p>Ap\u00f3s cada vit\u00f3ria, aumente sua aposta e, ap\u00f3s uma perda, diminua-a. Essa abordagem ajuda a minimizar os riscos e aumentar as chances de um jogo bem-sucedido, reduzindo as perdas potenciais.<\/p>\n<h2><strong>Analisando estat\u00edsticas e comportamento de outros jogadores<\/strong><\/h2>\n<p>Monitore de perto as estat\u00edsticas em tempo real e as a\u00e7\u00f5es de outros jogadores, especialmente durante os rounds com pequenas vit\u00f3rias que podem indicar multiplicadores grandes em breve.<\/p>\n<p>Lembre-se de que n\u00e3o h\u00e1 garantia absoluta de vit\u00f3ria, e nenhuma estrat\u00e9gia pode prometer 100% de sucesso. No entanto, aplicar abordagens e estrat\u00e9gias ponderadas \u00e9 significativamente melhor do que depender apenas da sorte.<\/p>\n","protected":false},"excerpt":{"rendered":"<p>Se voc\u00ea est\u00e1 come\u00e7ando a jogar o jogo de colis\u00e3o Helicopter X, reunimos as melhores estrat\u00e9gias para melhorar seus resultados. Isso n\u00e3o \u00e9 uma garantia de vit\u00f3ria, mas \u00e9 muito melhor do que pressionar teclas aleat\u00f3rias: Observando padr\u00f5es Observe o jogo e tente detectar padr\u00f5es no surgimento de multiplicadores altos. Se perceber que eles est\u00e3o&#8230;<\/p>\n","protected":false},"author":1,"featured_media":0,"parent":0,"menu_order":0,"comment_status":"closed","ping_status":"closed","template":"","meta":{"footnotes":""},"yoast_head":"<!-- This site is optimized with the Yoast SEO plugin v16.5 - https:\/\/yoast.com\/wordpress\/plugins\/seo\/ -->\n<title>Estrat\u00e9gias e t\u00e1ticas no jogo de crash Helicopter X em um cassino online<\/title>\n<meta name=\"description\" content=\"Como jogar e vencer no jogo online Helicopter X. Estrat\u00e9gias e t\u00e1ticas no jogo Helicopter X. Como ganhar jogando o jogo de crash do Helic\u00f3ptero\" \/>\n<meta name=\"robots\" content=\"index, follow, max-snippet:-1, max-image-preview:large, max-video-preview:-1\" \/>\n<link rel=\"canonical\" href=\"https:\/\/juegosdehelicopteros.net\/pt\/play-and-win-in-helicopter-x\/\" \/>\n<meta property=\"og:locale\" content=\"pt_PT\" \/>\n<meta property=\"og:locale:alternate\" content=\"ru_RU\" \/>\n<meta property=\"og:locale:alternate\" content=\"en_US\" \/>\n<meta property=\"og:locale:alternate\" content=\"es_ES\" \/>\n<meta property=\"og:locale:alternate\" content=\"ro_RO\" \/>\n<meta property=\"og:locale:alternate\" content=\"sr_RS\" \/>\n<meta property=\"og:locale:alternate\" content=\"bg_BG\" \/>\n<meta property=\"og:locale:alternate\" content=\"pl_PL\" \/>\n<meta property=\"og:locale:alternate\" content=\"it_IT\" \/>\n<meta property=\"og:locale:alternate\" content=\"fr_FR\" \/>\n<meta property=\"og:type\" content=\"article\" \/>\n<meta property=\"og:title\" content=\"Estrat\u00e9gias e t\u00e1ticas no jogo de crash Helicopter X em um cassino online\" \/>\n<meta property=\"og:description\" content=\"Como jogar e vencer no jogo online Helicopter X. Estrat\u00e9gias e t\u00e1ticas no jogo Helicopter X. Como ganhar jogando o jogo de crash do Helic\u00f3ptero\" \/>\n<meta property=\"og:url\" content=\"https:\/\/juegosdehelicopteros.net\/pt\/play-and-win-in-helicopter-x\/\" \/>\n<meta property=\"og:site_name\" content=\"Helicopter X\" \/>\n<meta property=\"article:modified_time\" content=\"2024-02-29T18:24:26+00:00\" \/>\n<meta name=\"twitter:card\" content=\"summary_large_image\" \/>\n<meta name=\"twitter:label1\" content=\"Tempo estimado de leitura\" \/>\n\t<meta name=\"twitter:data1\" content=\"8 minutos\" \/>\n<script type=\"application\/ld+json\" class=\"yoast-schema-graph\">{\"@context\":\"https:\/\/schema.org\",\"@graph\":[{\"@type\":\"WebSite\",\"@id\":\"https:\/\/juegosdehelicopteros.net\/pt\/#website\",\"url\":\"https:\/\/juegosdehelicopteros.net\/pt\/\",\"name\":\"Helicopter X\",\"description\":\"\",\"potentialAction\":[{\"@type\":\"SearchAction\",\"target\":\"https:\/\/juegosdehelicopteros.net\/pt\/?s={search_term_string}\",\"query-input\":\"required name=search_term_string\"}],\"inLanguage\":\"pt-PT\"},{\"@type\":\"WebPage\",\"@id\":\"https:\/\/juegosdehelicopteros.net\/pt\/play-and-win-in-helicopter-x\/#webpage\",\"url\":\"https:\/\/juegosdehelicopteros.net\/pt\/play-and-win-in-helicopter-x\/\",\"name\":\"Estrat\\u00e9gias e t\\u00e1ticas no jogo de crash Helicopter X em um cassino online\",\"isPartOf\":{\"@id\":\"https:\/\/juegosdehelicopteros.net\/pt\/#website\"},\"datePublished\":\"2024-02-15T19:39:00+00:00\",\"dateModified\":\"2024-02-29T18:24:26+00:00\",\"description\":\"Como jogar e vencer no jogo online Helicopter X. Estrat\\u00e9gias e t\\u00e1ticas no jogo Helicopter X. Como ganhar jogando o jogo de crash do Helic\\u00f3ptero\",\"breadcrumb\":{\"@id\":\"https:\/\/juegosdehelicopteros.net\/pt\/play-and-win-in-helicopter-x\/#breadcrumb\"},\"inLanguage\":\"pt-PT\",\"potentialAction\":[{\"@type\":\"ReadAction\",\"target\":[\"https:\/\/juegosdehelicopteros.net\/pt\/play-and-win-in-helicopter-x\/\"]}]},{\"@type\":\"BreadcrumbList\",\"@id\":\"https:\/\/juegosdehelicopteros.net\/pt\/play-and-win-in-helicopter-x\/#breadcrumb\",\"itemListElement\":[{\"@type\":\"ListItem\",\"position\":1,\"name\":\"Home\",\"item\":\"https:\/\/juegosdehelicopteros.net\/pt\/\"},{\"@type\":\"ListItem\",\"position\":2,\"name\":\"Jogue e ven\\u00e7a no Helicopter X\"}]}]}<\/script>\n<!-- \/ Yoast SEO plugin. -->","_links":{"self":[{"href":"https:\/\/juegosdehelicopteros.net\/pt\/wp-json\/wp\/v2\/pages\/15"}],"collection":[{"href":"https:\/\/juegosdehelicopteros.net\/pt\/wp-json\/wp\/v2\/pages"}],"about":[{"href":"https:\/\/juegosdehelicopteros.net\/pt\/wp-json\/wp\/v2\/types\/page"}],"author":[{"embeddable":true,"href":"https:\/\/juegosdehelicopteros.net\/pt\/wp-json\/wp\/v2\/users\/1"}],"replies":[{"embeddable":true,"href":"https:\/\/juegosdehelicopteros.net\/pt\/wp-json\/wp\/v2\/comments?post=15"}],"version-history":[{"count":21,"href":"https:\/\/juegosdehelicopteros.net\/pt\/wp-json\/wp\/v2\/pages\/15\/revisions"}],"predecessor-version":[{"id":169,"href":"https:\/\/juegosdehelicopteros.net\/pt\/wp-json\/wp\/v2\/pages\/15\/revisions\/169"}],"wp:attachment":[{"href":"https:\/\/juegosdehelicopteros.net\/pt\/wp-json\/wp\/v2\/media?parent=15"}],"curies":[{"name":"wp","href":"https:\/\/api.w.org\/{rel}","templated":true}]}}