{"id":17,"date":"2024-02-15T19:41:26","date_gmt":"2024-02-15T19:41:26","guid":{"rendered":"https:\/\/juegosdehelicopteros.net\/?page_id=17"},"modified":"2024-02-29T18:21:42","modified_gmt":"2024-02-29T18:21:42","slug":"faq-frequently-asked-questions-about-the-game-helicopter-x","status":"publish","type":"page","link":"https:\/\/juegosdehelicopteros.net\/pt\/faq-frequently-asked-questions-about-the-game-helicopter-x\/","title":{"rendered":"FAQ &#8211; Perguntas frequentes sobre o jogo Helicopter X"},"content":{"rendered":"<p><strong>Posso jogar o jogo de queda do Helic\u00f3ptero X de gra\u00e7a?<\/strong><\/p>\n<p>Sim, voc\u00ea pode primeiro jogar a vers\u00e3o de demonstra\u00e7\u00e3o do Helic\u00f3ptero X, jogar sem fazer nenhum dep\u00f3sito!<\/p>\n<p><strong>Posso ganhar dinheiro real jogando o jogo Helic\u00f3ptero X?<\/strong><\/p>\n<p>Sim, voc\u00ea pode jogar no cassino Helic\u00f3ptero X em tempo real e ganhar dinheiro real!<\/p>\n<p><strong>Onde \u00e9 o melhor lugar para jogar o jogo online Helic\u00f3ptero X?<\/strong><\/p>\n<p>Voc\u00ea pode jogar o jogo gratuito em qualquer lugar, mas se planeja come\u00e7ar a jogar com dinheiro real, deve escolher um cassino confi\u00e1vel e confi\u00e1vel. Para que seu jogo seja tranquilo e traga apenas emo\u00e7\u00f5es positivas!<\/p>\n<p><strong>Posso jogar o cassino online Helic\u00f3ptero X no meu dispositivo m\u00f3vel?<\/strong><\/p>\n<p>Sim, o jogo Helic\u00f3ptero X \u00e9 otimizado para dispositivos e telas de todas as resolu\u00e7\u00f5es, para que voc\u00ea possa desfrutar do jogo em seu telefone m\u00f3vel Android ou iOS.<\/p>\n<p><strong>Qual \u00e9 a aposta m\u00ednima no jogo online Helic\u00f3ptero X?<\/strong><\/p>\n<p>A aposta m\u00ednima no cassino online Helic\u00f3ptero X \u00e9 0,05.<\/p>\n<p><strong>Qual \u00e9 a aposta m\u00e1xima no jogo online Helic\u00f3ptero X?<\/strong><\/p>\n<p>A aposta m\u00e1xima no cassino online Helic\u00f3ptero X \u00e9 200.<\/p>\n","protected":false},"excerpt":{"rendered":"<p>Posso jogar o jogo de queda do Helic\u00f3ptero X de gra\u00e7a? Sim, voc\u00ea pode primeiro jogar a vers\u00e3o de demonstra\u00e7\u00e3o do Helic\u00f3ptero X, jogar sem fazer nenhum dep\u00f3sito! Posso ganhar dinheiro real jogando o jogo Helic\u00f3ptero X? Sim, voc\u00ea pode jogar no cassino Helic\u00f3ptero X em tempo real e ganhar dinheiro real! Onde \u00e9 o&#8230;<\/p>\n","protected":false},"author":1,"featured_media":0,"parent":0,"menu_order":0,"comment_status":"closed","ping_status":"closed","template":"","meta":{"footnotes":""},"yoast_head":"<!-- This site is optimized with the Yoast SEO plugin v16.5 - https:\/\/yoast.com\/wordpress\/plugins\/seo\/ -->\n<title>FAQ - Perguntas Frequentes sobre o jogo Helicopter X<\/title>\n<meta name=\"description\" content=\"Reunimos perguntas e respostas sobre o jogo online Helicopter X. Toda a informa\u00e7\u00e3o sobre o jogo de Helic\u00f3ptero. Tudo o que voc\u00ea queria perguntar\" \/>\n<meta name=\"robots\" content=\"index, follow, max-snippet:-1, max-image-preview:large, max-video-preview:-1\" \/>\n<link rel=\"canonical\" href=\"https:\/\/juegosdehelicopteros.net\/pt\/faq-frequently-asked-questions-about-the-game-helicopter-x\/\" \/>\n<meta property=\"og:locale\" content=\"pt_PT\" \/>\n<meta property=\"og:locale:alternate\" content=\"ru_RU\" \/>\n<meta property=\"og:locale:alternate\" content=\"en_US\" \/>\n<meta property=\"og:locale:alternate\" content=\"es_ES\" \/>\n<meta property=\"og:locale:alternate\" content=\"ro_RO\" \/>\n<meta property=\"og:locale:alternate\" content=\"sr_RS\" \/>\n<meta property=\"og:locale:alternate\" content=\"bg_BG\" \/>\n<meta property=\"og:locale:alternate\" content=\"pl_PL\" \/>\n<meta property=\"og:locale:alternate\" content=\"it_IT\" \/>\n<meta property=\"og:locale:alternate\" content=\"fr_FR\" \/>\n<meta property=\"og:type\" content=\"article\" \/>\n<meta property=\"og:title\" content=\"FAQ - Perguntas Frequentes sobre o jogo Helicopter X\" \/>\n<meta property=\"og:description\" content=\"Reunimos perguntas e respostas sobre o jogo online Helicopter X. Toda a informa\u00e7\u00e3o sobre o jogo de Helic\u00f3ptero. Tudo o que voc\u00ea queria perguntar\" \/>\n<meta property=\"og:url\" content=\"https:\/\/juegosdehelicopteros.net\/pt\/faq-frequently-asked-questions-about-the-game-helicopter-x\/\" \/>\n<meta property=\"og:site_name\" content=\"Helicopter X\" \/>\n<meta property=\"article:modified_time\" content=\"2024-02-29T18:21:42+00:00\" \/>\n<meta name=\"twitter:card\" content=\"summary_large_image\" \/>\n<meta name=\"twitter:label1\" content=\"Tempo estimado de leitura\" \/>\n\t<meta name=\"twitter:data1\" content=\"7 minutos\" \/>\n<script type=\"application\/ld+json\" class=\"yoast-schema-graph\">{\"@context\":\"https:\/\/schema.org\",\"@graph\":[{\"@type\":\"WebSite\",\"@id\":\"https:\/\/juegosdehelicopteros.net\/pt\/#website\",\"url\":\"https:\/\/juegosdehelicopteros.net\/pt\/\",\"name\":\"Helicopter X\",\"description\":\"\",\"potentialAction\":[{\"@type\":\"SearchAction\",\"target\":\"https:\/\/juegosdehelicopteros.net\/pt\/?s={search_term_string}\",\"query-input\":\"required name=search_term_string\"}],\"inLanguage\":\"pt-PT\"},{\"@type\":\"WebPage\",\"@id\":\"https:\/\/juegosdehelicopteros.net\/pt\/faq-frequently-asked-questions-about-the-game-helicopter-x\/#webpage\",\"url\":\"https:\/\/juegosdehelicopteros.net\/pt\/faq-frequently-asked-questions-about-the-game-helicopter-x\/\",\"name\":\"FAQ - Perguntas Frequentes sobre o jogo Helicopter X\",\"isPartOf\":{\"@id\":\"https:\/\/juegosdehelicopteros.net\/pt\/#website\"},\"datePublished\":\"2024-02-15T19:41:26+00:00\",\"dateModified\":\"2024-02-29T18:21:42+00:00\",\"description\":\"Reunimos perguntas e respostas sobre o jogo online Helicopter X. Toda a informa\\u00e7\\u00e3o sobre o jogo de Helic\\u00f3ptero. Tudo o que voc\\u00ea queria perguntar\",\"breadcrumb\":{\"@id\":\"https:\/\/juegosdehelicopteros.net\/pt\/faq-frequently-asked-questions-about-the-game-helicopter-x\/#breadcrumb\"},\"inLanguage\":\"pt-PT\",\"potentialAction\":[{\"@type\":\"ReadAction\",\"target\":[\"https:\/\/juegosdehelicopteros.net\/pt\/faq-frequently-asked-questions-about-the-game-helicopter-x\/\"]}]},{\"@type\":\"BreadcrumbList\",\"@id\":\"https:\/\/juegosdehelicopteros.net\/pt\/faq-frequently-asked-questions-about-the-game-helicopter-x\/#breadcrumb\",\"itemListElement\":[{\"@type\":\"ListItem\",\"position\":1,\"name\":\"Home\",\"item\":\"https:\/\/juegosdehelicopteros.net\/pt\/\"},{\"@type\":\"ListItem\",\"position\":2,\"name\":\"FAQ &#8211; Perguntas frequentes sobre o jogo Helicopter X\"}]}]}<\/script>\n<!-- \/ Yoast SEO plugin. -->","_links":{"self":[{"href":"https:\/\/juegosdehelicopteros.net\/pt\/wp-json\/wp\/v2\/pages\/17"}],"collection":[{"href":"https:\/\/juegosdehelicopteros.net\/pt\/wp-json\/wp\/v2\/pages"}],"about":[{"href":"https:\/\/juegosdehelicopteros.net\/pt\/wp-json\/wp\/v2\/types\/page"}],"author":[{"embeddable":true,"href":"https:\/\/juegosdehelicopteros.net\/pt\/wp-json\/wp\/v2\/users\/1"}],"replies":[{"embeddable":true,"href":"https:\/\/juegosdehelicopteros.net\/pt\/wp-json\/wp\/v2\/comments?post=17"}],"version-history":[{"count":21,"href":"https:\/\/juegosdehelicopteros.net\/pt\/wp-json\/wp\/v2\/pages\/17\/revisions"}],"predecessor-version":[{"id":167,"href":"https:\/\/juegosdehelicopteros.net\/pt\/wp-json\/wp\/v2\/pages\/17\/revisions\/167"}],"wp:attachment":[{"href":"https:\/\/juegosdehelicopteros.net\/pt\/wp-json\/wp\/v2\/media?parent=17"}],"curies":[{"name":"wp","href":"https:\/\/api.w.org\/{rel}","templated":true}]}}