{"id":7,"date":"2024-02-15T17:40:43","date_gmt":"2024-02-15T17:40:43","guid":{"rendered":"https:\/\/juegosdehelicopteros.net\/?page_id=7"},"modified":"2024-02-29T18:27:17","modified_gmt":"2024-02-29T18:27:17","slug":"about-the-game-helicopter-x","status":"publish","type":"page","link":"https:\/\/juegosdehelicopteros.net\/pt\/","title":{"rendered":"Sobre o jogo Helicopter X"},"content":{"rendered":"<p>O jogo online Helicopter X \u00e9 um emocionante e simples jogo de azar com um estilo moderno e interessante e uma trama clara, desenvolvido pela SmartSoft Gaming.<\/p>\n<p>A SmartSoft Gaming s\u00e3o profissionais em sua \u00e1rea, e o jogo Helicopter X \u00e9 outro exemplo de como m\u00e9todos inovadores permitem que os tradicionais jogos de crash alcancem um novo n\u00edvel.<\/p>\n<p>O jogo Helicopter X apresenta uma jogabilidade simples e extremamente compreens\u00edvel, adequada tanto para iniciantes quanto para jogadores experientes. O slot \u00e9 adequado para qualquer tipo de jogador, quer voc\u00ea tenha um or\u00e7amento pequeno ou goste de jogar com grandes apostas. Aproveite o jogo tanto no modo livre quanto no modo de dinheiro real! Se voc\u00ea gosta de jogos de azar com jogabilidade simples e gr\u00e1ficos de alta qualidade, ent\u00e3o jogar Helicopter X em um cassino online pode ser uma excelente escolha para voc\u00ea.<\/p>\n<h2><strong>Sobre a trama do jogo Helicopter X:<\/strong><\/h2>\n<p>A a\u00e7\u00e3o acontece em um heliponto, ao qual um diamante est\u00e1 preso com firmeza por correntes fortes. Antes do jogo come\u00e7ar, voc\u00ea v\u00ea uma imagem de um helic\u00f3ptero e uma tela de carregamento que mostra quando seu helic\u00f3ptero estar\u00e1 pronto para decolar. O diamante para o jogador \u00e9 aquele pr\u00eamio muito valioso! E acima do seu tesouro paira um helic\u00f3ptero, tamb\u00e9m preso a ele por uma corrente. Enquanto o helic\u00f3ptero tenta diligentemente pegar o diamante das correntes e lev\u00e1-lo do heliponto, sua tarefa \u00e9 pegar seus ganhos antes que a corrente que liga o helic\u00f3ptero e o diamante se rompa. Enquanto seu helic\u00f3ptero tenta recuperar o diamante, o multiplicador aumenta continuamente, criando uma atmosfera tensa durante o jogo.<\/p>\n<p>E se voc\u00ea ainda conseguir recuperar o diamante do heliponto, j\u00e1 pode ver como seu multiplicador atinge propor\u00e7\u00f5es incr\u00edveis! Mas n\u00e3o relaxe muito, pois a qualquer momento o helic\u00f3ptero pode voar, levando seus ganhos com ele. Todo esse tempo voc\u00ea ser\u00e1 acompanhado por m\u00fasica motivadora e gr\u00e1ficos incrivelmente modernos e de alta qualidade.<\/p>\n<h2><strong>Recursos do jogo Helicopter X:<\/strong><\/h2>\n<p>A lista de recursos do jogo online Helicopter X que o distinguem de outros jogos de crash:<\/p>\n<ul>\n<li><strong>Gr\u00e1ficos do jogo:<\/strong><\/li>\n<\/ul>\n<p>Uma das principais caracter\u00edsticas do Helicopter X \u00e9 seu estilo visual. Os gr\u00e1ficos do jogo est\u00e3o em um tema moderno, dando-lhe originalidade e sua pr\u00f3pria atmosfera.<\/p>\n<ul>\n<li><strong>Aposta dupla:<\/strong><\/li>\n<\/ul>\n<p>No Helicopter X, existem v\u00e1rias op\u00e7\u00f5es de apostas, permitindo que cada jogador escolha aquela que lhe conv\u00e9m. Na parte inferior, voc\u00ea v\u00ea a interface onde pode ajustar o tamanho da sua aposta. Logo acima, voc\u00ea pode escolher um modo conveniente para voc\u00ea: aposta \u00fanica ou aposta dupla. Um pouco \u00e0 esquerda, h\u00e1 uma fun\u00e7\u00e3o de configura\u00e7\u00e3o de aposta. Aqui voc\u00ea pode especificar o valor do coeficiente no qual o jogo automaticamente coleta os ganhos. N\u00e3o tenha medo de experimentar e coletar seus ganhos!<\/p>\n<ul>\n<li><strong>Hist\u00f3rico de coeficientes:<\/strong><\/li>\n<\/ul>\n<p>Do lado esquerdo da tela h\u00e1 uma coluna indicando seu coeficiente m\u00e1ximo que voc\u00ea alcan\u00e7ou em rodadas anteriores. Gra\u00e7as a este recurso, voc\u00ea pode tentar analisar ap\u00f3s quantas rodadas o jogo d\u00e1 um grande multiplicador e por quanto tempo ele mant\u00e9m um pequeno coeficiente.<\/p>\n<ul>\n<li><strong>Visualiza\u00e7\u00e3o online das apostas de outros jogadores:<\/strong><\/li>\n<\/ul>\n<p>Do lado direito da tela, voc\u00ea pode ver um \u00edcone de rel\u00f3gio, clique nele e escolha a se\u00e7\u00e3o de apostas atuais &#8211; esta \u00e9 a visualiza\u00e7\u00e3o online dos multiplicadores e tamanhos de ganhos de outros jogadores no momento. H\u00e1 tamb\u00e9m uma se\u00e7\u00e3o de maiores ganhos, onde voc\u00ea pode ver os maiores coeficientes e tamanhos de ganhos dos jogadores para o dia, para a \u00faltima semana e at\u00e9 para o \u00faltimo m\u00eas. A se\u00e7\u00e3o &#8220;minhas apostas&#8221; mostra o hist\u00f3rico dos seus coeficientes, ganhos e o momento em que voc\u00ea coletou seus ganhos.<\/p>\n<h2><strong>Vantagens e desvantagens do jogo online Helicopter X:<\/strong><\/h2>\n<table>\n<tbody>\n<tr>\n<td>Vantagens<\/td>\n<td>Desvantagens<\/td>\n<\/tr>\n<tr>\n<td>Coeficiente m\u00e1ximo: <strong>1000x<\/strong><\/td>\n<td>Sem jogo de b\u00f4nus<\/td>\n<\/tr>\n<tr>\n<td>RTP (Retorno ao Jogador) \u00e9 96%<\/td>\n<td>Sem jackpot progressivo<\/td>\n<\/tr>\n<tr>\n<td>Estat\u00edsticas ao vivo, que permitem analisar os ganhos de outros jogadores e quando o jogo tende a dar multiplicadores mais altos<\/td>\n<td>Alguns jogadores podem achar o Helicopter X um pouco mon\u00f3tono ap\u00f3s jogar por um longo per\u00edodo. Os usu\u00e1rios podem ficar cansados rapidamente do jogo mon\u00f3tono<\/td>\n<\/tr>\n<tr>\n<td>Aposta m\u00ednima 0.05<br \/>\nAposta m\u00e1xima 200<\/td>\n<td>Sem giros gr\u00e1tis<\/td>\n<\/tr>\n<\/tbody>\n<\/table>\n<p>Falando das vantagens e desvantagens do jogo online Helicopter X, lembre-se de que este \u00e9 um jogo que oferece um coeficiente m\u00e1ximo de ganho de 1000 vezes a aposta. O jogo Helicopter X n\u00e3o apenas impressiona com sua generosidade potencial, mas tamb\u00e9m oferece um alto n\u00edvel de retorno ao jogador: o RTP (Retorno ao Jogador) \u00e9 de 96%. Isso significa que, em m\u00e9dia, para cada $100 gastos no jogo, os jogadores podem esperar um retorno de $96. Este \u00e9 um n\u00famero bastante alto no mundo dos jogos de azar.<\/p>\n<p>Um recurso particularmente atraente do jogo Helicopter X \u00e9 a introdu\u00e7\u00e3o de estat\u00edsticas ao vivo, permitindo que os jogadores analisem os ganhos de outros participantes e determinem quando o jogo est\u00e1 propenso a dar multiplicadores mais altos. Essa ferramenta anal\u00edtica pode ser fundamental para a estrat\u00e9gia, permitindo que os jogadores planejem suas apostas de forma mais consciente e eficaz. Com uma aposta m\u00ednima de apenas 5 centavos e uma aposta m\u00e1xima que atinge 200, o jogo se torna acess\u00edvel a todos os tipos de jogadores.<\/p>\n<p>Falando das desvantagens do jogo Helicopter X, o jogo possui algumas limita\u00e7\u00f5es que podem afetar a percep\u00e7\u00e3o e a experi\u00eancia de jogo dos usu\u00e1rios. \u00c9 importante notar que o Helicopter X n\u00e3o possui um jogo de b\u00f4nus, o que \u00e9 uma caracter\u00edstica bastante comum em outros jogos online.<\/p>\n<p>Tamb\u00e9m vale mencionar que o jogo n\u00e3o apresenta um jackpot progressivo. Jackpots progressivos muitas vezes servem como incentivos poderosos para os jogadores, adicionando emo\u00e7\u00e3o e antecipa\u00e7\u00e3o de uma grande vit\u00f3ria que pode mudar vidas. A aus\u00eancia de tal jackpot pode reduzir a atratividade geral do jogo para aqueles que procuram a emo\u00e7\u00e3o de potencialmente ganhar uma grande soma de dinheiro.<\/p>\n<p>Al\u00e9m disso, alguns jogadores podem sentir a monotonia do jogo Helicopter X ao longo do tempo, especialmente ap\u00f3s sess\u00f5es prolongadas. A falta de variedade no gameplay pode levar rapidamente \u00e0 fadiga. Isso torna o jogo menos atraente para aqueles que procuram n\u00e3o apenas a oportunidade de ganhar, mas tamb\u00e9m uma experi\u00eancia de jogo interessante.<\/p>\n","protected":false},"excerpt":{"rendered":"<p>O jogo online Helicopter X \u00e9 um emocionante e simples jogo de azar com um estilo moderno e interessante e uma trama clara, desenvolvido pela SmartSoft Gaming. A SmartSoft Gaming s\u00e3o profissionais em sua \u00e1rea, e o jogo Helicopter X \u00e9 outro exemplo de como m\u00e9todos inovadores permitem que os tradicionais jogos de crash alcancem&#8230;<\/p>\n","protected":false},"author":1,"featured_media":0,"parent":0,"menu_order":0,"comment_status":"closed","ping_status":"closed","template":"","meta":{"footnotes":""},"yoast_head":"<!-- This site is optimized with the Yoast SEO plugin v16.5 - https:\/\/yoast.com\/wordpress\/plugins\/seo\/ -->\n<title>Jogar o jogo online Helicopter X em um cassino online<\/title>\n<meta name=\"description\" content=\"Jogue por dinheiro real em um cassino online no jogo de crash Helicopter X. A trama do jogo, vantagens e desvantagens, caracter\u00edsticas do slot online Helicopter X.\" \/>\n<meta name=\"robots\" content=\"index, follow, max-snippet:-1, max-image-preview:large, max-video-preview:-1\" \/>\n<link rel=\"canonical\" href=\"https:\/\/juegosdehelicopteros.net\/pt\/\" \/>\n<meta property=\"og:locale\" content=\"pt_PT\" \/>\n<meta property=\"og:locale:alternate\" content=\"ru_RU\" \/>\n<meta property=\"og:locale:alternate\" content=\"en_US\" \/>\n<meta property=\"og:locale:alternate\" content=\"es_ES\" \/>\n<meta property=\"og:locale:alternate\" content=\"ro_RO\" \/>\n<meta property=\"og:locale:alternate\" content=\"sr_RS\" \/>\n<meta property=\"og:locale:alternate\" content=\"bg_BG\" \/>\n<meta property=\"og:locale:alternate\" content=\"pl_PL\" \/>\n<meta property=\"og:locale:alternate\" content=\"it_IT\" \/>\n<meta property=\"og:locale:alternate\" content=\"fr_FR\" \/>\n<meta property=\"og:type\" content=\"article\" \/>\n<meta property=\"og:title\" content=\"Jogar o jogo online Helicopter X em um cassino online\" \/>\n<meta property=\"og:description\" content=\"Jogue por dinheiro real em um cassino online no jogo de crash Helicopter X. A trama do jogo, vantagens e desvantagens, caracter\u00edsticas do slot online Helicopter X.\" \/>\n<meta property=\"og:url\" content=\"https:\/\/juegosdehelicopteros.net\/pt\/\" \/>\n<meta property=\"og:site_name\" content=\"Helicopter X\" \/>\n<meta property=\"article:modified_time\" content=\"2024-02-29T18:27:17+00:00\" \/>\n<meta name=\"twitter:card\" content=\"summary_large_image\" \/>\n<meta name=\"twitter:label1\" content=\"Tempo estimado de leitura\" \/>\n\t<meta name=\"twitter:data1\" content=\"38 minutos\" \/>\n<script type=\"application\/ld+json\" class=\"yoast-schema-graph\">{\"@context\":\"https:\/\/schema.org\",\"@graph\":[{\"@type\":\"WebSite\",\"@id\":\"https:\/\/juegosdehelicopteros.net\/pt\/#website\",\"url\":\"https:\/\/juegosdehelicopteros.net\/pt\/\",\"name\":\"Helicopter X\",\"description\":\"\",\"potentialAction\":[{\"@type\":\"SearchAction\",\"target\":\"https:\/\/juegosdehelicopteros.net\/pt\/?s={search_term_string}\",\"query-input\":\"required name=search_term_string\"}],\"inLanguage\":\"pt-PT\"},{\"@type\":\"WebPage\",\"@id\":\"https:\/\/juegosdehelicopteros.net\/pt\/#webpage\",\"url\":\"https:\/\/juegosdehelicopteros.net\/pt\/\",\"name\":\"Jogar o jogo online Helicopter X em um cassino online\",\"isPartOf\":{\"@id\":\"https:\/\/juegosdehelicopteros.net\/pt\/#website\"},\"datePublished\":\"2024-02-15T17:40:43+00:00\",\"dateModified\":\"2024-02-29T18:27:17+00:00\",\"description\":\"Jogue por dinheiro real em um cassino online no jogo de crash Helicopter X. A trama do jogo, vantagens e desvantagens, caracter\\u00edsticas do slot online Helicopter X.\",\"breadcrumb\":{\"@id\":\"https:\/\/juegosdehelicopteros.net\/pt\/#breadcrumb\"},\"inLanguage\":\"pt-PT\",\"potentialAction\":[{\"@type\":\"ReadAction\",\"target\":[\"https:\/\/juegosdehelicopteros.net\/pt\/\"]}]},{\"@type\":\"BreadcrumbList\",\"@id\":\"https:\/\/juegosdehelicopteros.net\/pt\/#breadcrumb\",\"itemListElement\":[{\"@type\":\"ListItem\",\"position\":1,\"name\":\"Home\",\"item\":\"https:\/\/juegosdehelicopteros.net\/pt\/\"},{\"@type\":\"ListItem\",\"position\":2,\"name\":\"Sobre o jogo Helicopter X\"}]}]}<\/script>\n<!-- \/ Yoast SEO plugin. -->","_links":{"self":[{"href":"https:\/\/juegosdehelicopteros.net\/pt\/wp-json\/wp\/v2\/pages\/7"}],"collection":[{"href":"https:\/\/juegosdehelicopteros.net\/pt\/wp-json\/wp\/v2\/pages"}],"about":[{"href":"https:\/\/juegosdehelicopteros.net\/pt\/wp-json\/wp\/v2\/types\/page"}],"author":[{"embeddable":true,"href":"https:\/\/juegosdehelicopteros.net\/pt\/wp-json\/wp\/v2\/users\/1"}],"replies":[{"embeddable":true,"href":"https:\/\/juegosdehelicopteros.net\/pt\/wp-json\/wp\/v2\/comments?post=7"}],"version-history":[{"count":38,"href":"https:\/\/juegosdehelicopteros.net\/pt\/wp-json\/wp\/v2\/pages\/7\/revisions"}],"predecessor-version":[{"id":170,"href":"https:\/\/juegosdehelicopteros.net\/pt\/wp-json\/wp\/v2\/pages\/7\/revisions\/170"}],"wp:attachment":[{"href":"https:\/\/juegosdehelicopteros.net\/pt\/wp-json\/wp\/v2\/media?parent=7"}],"curies":[{"name":"wp","href":"https:\/\/api.w.org\/{rel}","templated":true}]}}