{"id":9,"date":"2024-02-15T17:41:39","date_gmt":"2024-02-15T17:41:39","guid":{"rendered":"https:\/\/juegosdehelicopteros.net\/?page_id=9"},"modified":"2024-02-29T18:22:50","modified_gmt":"2024-02-29T18:22:50","slug":"choose-an-online-casino-to-play-helicopter-x","status":"publish","type":"page","link":"https:\/\/juegosdehelicopteros.net\/pt\/choose-an-online-casino-to-play-helicopter-x\/","title":{"rendered":"Escolha um cassino online para jogar Helicopter X"},"content":{"rendered":"<p>Seu desejo de se envolver no emocionante mundo do jogo online Helicopter X pode ser realizado independentemente do dispositivo que voc\u00ea tem em m\u00e3os: seja um smartphone iOS ou Android, ou um computador pessoal. O principal requisito para desfrutar do jogo Helicopter X \u00e9 ter uma conex\u00e3o de internet est\u00e1vel ou uma rede Wi-Fi. Aqui est\u00e1 um guia passo a passo sobre como come\u00e7ar a jogar Helicopter X em um cassino online:<\/p>\n<ul>\n<li>Primeiro, voc\u00ea precisa decidir sobre o cassino online onde prefere jogar. Existem muitos cassinos na internet, e a escolha \u00e9 sua.<\/li>\n<li>Depois de selecionar o cassino, v\u00e1 para o site oficial do cassino online e passe pelo processo de registro. Este \u00e9 um passo importante que lhe dar\u00e1 acesso \u00e0 gama completa de op\u00e7\u00f5es oferecidas pelo cassino online.<\/li>\n<li>O pr\u00f3ximo passo \u00e9 recarregar seu saldo de jogo. Para sua conveni\u00eancia, existem muitos m\u00e9todos de pagamento dispon\u00edveis. Escolha aquele que pare\u00e7a mais conveniente e seguro para voc\u00ea. Al\u00e9m disso, lembre-se de que a maneira como voc\u00ea deposita dinheiro em seu saldo ser\u00e1 a mesma maneira como o dinheiro ser\u00e1 retirado.<\/li>\n<li>Agora que tudo est\u00e1 pronto para come\u00e7ar, use a barra de pesquisa no site do cassino. Digite o nome do jogo &#8220;Helicopter X&#8221; e confirme sua escolha pressionando o bot\u00e3o &#8220;Pesquisar&#8221;. Voc\u00ea ser\u00e1 apresentado com uma escolha: jogar a vers\u00e3o completa do jogo ou experimentar a vers\u00e3o demo gratuita. Escolha o que melhor lhe convier e mergulhe no mundo do emocionante jogo, onde n\u00e3o apenas incr\u00edveis aventuras esperam por voc\u00ea, mas tamb\u00e9m a oportunidade de ganhar grandes pr\u00eamios em dinheiro!<\/li>\n<\/ul>\n<p>Desejamos a voc\u00ea um tempo agrad\u00e1vel e boa sorte no jogo Helicopter X!<\/p>\n","protected":false},"excerpt":{"rendered":"<p>Seu desejo de se envolver no emocionante mundo do jogo online Helicopter X pode ser realizado independentemente do dispositivo que voc\u00ea tem em m\u00e3os: seja um smartphone iOS ou Android, ou um computador pessoal. O principal requisito para desfrutar do jogo Helicopter X \u00e9 ter uma conex\u00e3o de internet est\u00e1vel ou uma rede Wi-Fi. Aqui&#8230;<\/p>\n","protected":false},"author":1,"featured_media":0,"parent":0,"menu_order":0,"comment_status":"closed","ping_status":"closed","template":"","meta":{"footnotes":""},"yoast_head":"<!-- This site is optimized with the Yoast SEO plugin v16.5 - https:\/\/yoast.com\/wordpress\/plugins\/seo\/ -->\n<title>Onde jogar o jogo de crash Helicopter X<\/title>\n<meta name=\"description\" content=\"Escolha um cassino online para jogar Helicopter X! Jogue nos melhores cassinos online, b\u00f4nus, jogue de gra\u00e7a, como jogar e vencer, baixar, perguntas frequentes, avalia\u00e7\u00f5es de jogadores\" \/>\n<meta name=\"robots\" content=\"index, follow, max-snippet:-1, max-image-preview:large, max-video-preview:-1\" \/>\n<link rel=\"canonical\" href=\"https:\/\/juegosdehelicopteros.net\/pt\/choose-an-online-casino-to-play-helicopter-x\/\" \/>\n<meta property=\"og:locale\" content=\"pt_PT\" \/>\n<meta property=\"og:locale:alternate\" content=\"ru_RU\" \/>\n<meta property=\"og:locale:alternate\" content=\"en_US\" \/>\n<meta property=\"og:locale:alternate\" content=\"es_ES\" \/>\n<meta property=\"og:locale:alternate\" content=\"ro_RO\" \/>\n<meta property=\"og:locale:alternate\" content=\"sr_RS\" \/>\n<meta property=\"og:locale:alternate\" content=\"bg_BG\" \/>\n<meta property=\"og:locale:alternate\" content=\"pl_PL\" \/>\n<meta property=\"og:locale:alternate\" content=\"it_IT\" \/>\n<meta property=\"og:locale:alternate\" content=\"fr_FR\" \/>\n<meta property=\"og:type\" content=\"article\" \/>\n<meta property=\"og:title\" content=\"Onde jogar o jogo de crash Helicopter X\" \/>\n<meta property=\"og:description\" content=\"Escolha um cassino online para jogar Helicopter X! Jogue nos melhores cassinos online, b\u00f4nus, jogue de gra\u00e7a, como jogar e vencer, baixar, perguntas frequentes, avalia\u00e7\u00f5es de jogadores\" \/>\n<meta property=\"og:url\" content=\"https:\/\/juegosdehelicopteros.net\/pt\/choose-an-online-casino-to-play-helicopter-x\/\" \/>\n<meta property=\"og:site_name\" content=\"Helicopter X\" \/>\n<meta property=\"article:modified_time\" content=\"2024-02-29T18:22:50+00:00\" \/>\n<meta name=\"twitter:card\" content=\"summary_large_image\" \/>\n<meta name=\"twitter:label1\" content=\"Tempo estimado de leitura\" \/>\n\t<meta name=\"twitter:data1\" content=\"10 minutos\" \/>\n<script type=\"application\/ld+json\" class=\"yoast-schema-graph\">{\"@context\":\"https:\/\/schema.org\",\"@graph\":[{\"@type\":\"WebSite\",\"@id\":\"https:\/\/juegosdehelicopteros.net\/pt\/#website\",\"url\":\"https:\/\/juegosdehelicopteros.net\/pt\/\",\"name\":\"Helicopter X\",\"description\":\"\",\"potentialAction\":[{\"@type\":\"SearchAction\",\"target\":\"https:\/\/juegosdehelicopteros.net\/pt\/?s={search_term_string}\",\"query-input\":\"required name=search_term_string\"}],\"inLanguage\":\"pt-PT\"},{\"@type\":\"WebPage\",\"@id\":\"https:\/\/juegosdehelicopteros.net\/pt\/choose-an-online-casino-to-play-helicopter-x\/#webpage\",\"url\":\"https:\/\/juegosdehelicopteros.net\/pt\/choose-an-online-casino-to-play-helicopter-x\/\",\"name\":\"Onde jogar o jogo de crash Helicopter X\",\"isPartOf\":{\"@id\":\"https:\/\/juegosdehelicopteros.net\/pt\/#website\"},\"datePublished\":\"2024-02-15T17:41:39+00:00\",\"dateModified\":\"2024-02-29T18:22:50+00:00\",\"description\":\"Escolha um cassino online para jogar Helicopter X! Jogue nos melhores cassinos online, b\\u00f4nus, jogue de gra\\u00e7a, como jogar e vencer, baixar, perguntas frequentes, avalia\\u00e7\\u00f5es de jogadores\",\"breadcrumb\":{\"@id\":\"https:\/\/juegosdehelicopteros.net\/pt\/choose-an-online-casino-to-play-helicopter-x\/#breadcrumb\"},\"inLanguage\":\"pt-PT\",\"potentialAction\":[{\"@type\":\"ReadAction\",\"target\":[\"https:\/\/juegosdehelicopteros.net\/pt\/choose-an-online-casino-to-play-helicopter-x\/\"]}]},{\"@type\":\"BreadcrumbList\",\"@id\":\"https:\/\/juegosdehelicopteros.net\/pt\/choose-an-online-casino-to-play-helicopter-x\/#breadcrumb\",\"itemListElement\":[{\"@type\":\"ListItem\",\"position\":1,\"name\":\"Home\",\"item\":\"https:\/\/juegosdehelicopteros.net\/pt\/\"},{\"@type\":\"ListItem\",\"position\":2,\"name\":\"Escolha um cassino online para jogar Helicopter X\"}]}]}<\/script>\n<!-- \/ Yoast SEO plugin. -->","_links":{"self":[{"href":"https:\/\/juegosdehelicopteros.net\/pt\/wp-json\/wp\/v2\/pages\/9"}],"collection":[{"href":"https:\/\/juegosdehelicopteros.net\/pt\/wp-json\/wp\/v2\/pages"}],"about":[{"href":"https:\/\/juegosdehelicopteros.net\/pt\/wp-json\/wp\/v2\/types\/page"}],"author":[{"embeddable":true,"href":"https:\/\/juegosdehelicopteros.net\/pt\/wp-json\/wp\/v2\/users\/1"}],"replies":[{"embeddable":true,"href":"https:\/\/juegosdehelicopteros.net\/pt\/wp-json\/wp\/v2\/comments?post=9"}],"version-history":[{"count":20,"href":"https:\/\/juegosdehelicopteros.net\/pt\/wp-json\/wp\/v2\/pages\/9\/revisions"}],"predecessor-version":[{"id":168,"href":"https:\/\/juegosdehelicopteros.net\/pt\/wp-json\/wp\/v2\/pages\/9\/revisions\/168"}],"wp:attachment":[{"href":"https:\/\/juegosdehelicopteros.net\/pt\/wp-json\/wp\/v2\/media?parent=9"}],"curies":[{"name":"wp","href":"https:\/\/api.w.org\/{rel}","templated":true}]}}