{"id":11,"date":"2024-02-15T17:42:24","date_gmt":"2024-02-15T17:42:24","guid":{"rendered":"https:\/\/juegosdehelicopteros.net\/?page_id=11"},"modified":"2024-02-29T18:28:54","modified_gmt":"2024-02-29T18:28:54","slug":"player-reviews-of-the-game-helicopter-x","status":"publish","type":"page","link":"https:\/\/juegosdehelicopteros.net\/ro\/player-reviews-of-the-game-helicopter-x\/","title":{"rendered":"Recenzii ale juc\u0103torilor despre jocul Helicopter X"},"content":{"rendered":"<p>Am adunat opinii ale juc\u0103torilor despre jocul Helicopter X. Desigur, \u00eenainte de a \u00eencepe jocul, dori\u021bi s\u0103 afla\u021bi mai multe informa\u021bii despre joc \u0219i posibilit\u0103\u021bile pe care le ofer\u0103. O recenzie a jocului de la juc\u0103tori reali care joac\u0103 \u00een fiecare zi pentru bani reali, c\u00e2\u0219tig\u00e2nd \u0219i pierz\u00e2nd sume mari de bani.<\/p>\n<p><strong>Vladislav, 30 de ani<\/strong><\/p>\n<p>Sunt un fan al jocurilor cu elicoptere, \u0219i aici po\u021bi c\u00e2\u0219tiga chiar \u0219i bani reali, este doar un vis!! Odat\u0103 am atins un coeficient x45! Emo\u021bii de neuitat \u0219i o victorie pl\u0103cut\u0103. Mi-a pl\u0103cut foarte mult.<\/p>\n<p><strong>Andrey, 21 de ani<\/strong><\/p>\n<p>La \u00eenceput, jocul mi s-a p\u0103rut dificil, apoi am aflat c\u0103 exist\u0103 o versiune gratuit\u0103, am \u00een\u021beles \u0219i am decis s\u0103 \u00eemi \u00eencerc norocul cu un prieten. \u0218i a meritat! Am prins imediat x32. Acum \u00eencerc s\u0103 identific diferite modele datorit\u0103 statisticilor \u00een direct. V\u0103 sf\u0103tuiesc s\u0103 juca\u021bi cu siguran\u021b\u0103 mai \u00eent\u00e2i versiunea demo!<\/p>\n<p><strong>Anna, 26 de ani<\/strong><\/p>\n<p>Un joc minunat pentru cei care \u00ee\u0219i plac nervii. Grafic\u0103 excelent\u0103 \u0219i gameplay simplu, care creeaz\u0103 o atmosfer\u0103 ca \u0219i cum ai fi \u00eentr-o misiune secret\u0103.<\/p>\n<p><strong>Yuri, 33 de ani<\/strong><\/p>\n<p>Gameplay bun \u0219i extrem de \u00een\u021beleg\u0103tor. Caracteristica de dublare a pariului m-a surprins cu adev\u0103rat! C\u00e2\u0219tiguri foarte convenabile \u0219i pl\u0103cute, acum \u00eentr-un plus bun!<\/p>\n<p><strong>Sergey, 41 de ani<\/strong><\/p>\n<p>Joc simplu dar foarte captivant pe care po\u021bi s\u0103-l joci oric\u00e2nd. O modalitate excelent\u0103 de a-\u021bi petrece timpul \u0219i de a te distra cu prietenii. \u0218i coeficien\u021bii sunt de asemenea surprinz\u0103tor de pl\u0103cu\u021bi.<\/p>\n<p><strong>Ivan, 25 de ani<\/strong><\/p>\n<p>\u00cemi place s\u0103 joc Helicopter X. Jocul merit\u0103 aten\u021bia at\u00e2t a juc\u0103torilor experimenta\u021bi, c\u00e2t \u0219i a \u00eencep\u0103torilor care joac\u0103 pentru prima dat\u0103 jocuri de noroc.<\/p>\n","protected":false},"excerpt":{"rendered":"<p>Am adunat opinii ale juc\u0103torilor despre jocul Helicopter X. Desigur, \u00eenainte de a \u00eencepe jocul, dori\u021bi s\u0103 afla\u021bi mai multe informa\u021bii despre joc \u0219i posibilit\u0103\u021bile pe care le ofer\u0103. O recenzie a jocului de la juc\u0103tori reali care joac\u0103 \u00een fiecare zi pentru bani reali, c\u00e2\u0219tig\u00e2nd \u0219i pierz\u00e2nd sume mari de bani. Vladislav, 30 de&#8230;<\/p>\n","protected":false},"author":1,"featured_media":0,"parent":0,"menu_order":0,"comment_status":"closed","ping_status":"closed","template":"","meta":{"footnotes":""},"yoast_head":"<!-- This site is optimized with the Yoast SEO plugin v16.5 - https:\/\/yoast.com\/wordpress\/plugins\/seo\/ -->\n<title>Recenzii ale juc\u0103torilor reali despre jocul de pr\u0103bu\u0219ire Helicopter X \u00eentr-un cazinou online<\/title>\n<meta name=\"description\" content=\"Recenzii despre jocul Helicopter X! Recenzii \u0219i opinii ale juc\u0103torilor despre jocul de pr\u0103bu\u0219ire Helicopter X. O recenzie a jocului de c\u0103tre juc\u0103tori reali \u0219i vizitatori ai cazinoului. Opinii despre jocul Helicopter X.\" \/>\n<meta name=\"robots\" content=\"index, follow, max-snippet:-1, max-image-preview:large, max-video-preview:-1\" \/>\n<link rel=\"canonical\" href=\"https:\/\/juegosdehelicopteros.net\/ro\/player-reviews-of-the-game-helicopter-x\/\" \/>\n<meta property=\"og:locale\" content=\"ro_RO\" \/>\n<meta property=\"og:locale:alternate\" content=\"ru_RU\" \/>\n<meta property=\"og:locale:alternate\" content=\"en_US\" \/>\n<meta property=\"og:locale:alternate\" content=\"pt_PT\" \/>\n<meta property=\"og:locale:alternate\" content=\"es_ES\" \/>\n<meta property=\"og:locale:alternate\" content=\"sr_RS\" \/>\n<meta property=\"og:locale:alternate\" content=\"bg_BG\" \/>\n<meta property=\"og:locale:alternate\" content=\"pl_PL\" \/>\n<meta property=\"og:locale:alternate\" content=\"it_IT\" \/>\n<meta property=\"og:locale:alternate\" content=\"fr_FR\" \/>\n<meta property=\"og:type\" content=\"article\" \/>\n<meta property=\"og:title\" content=\"Recenzii ale juc\u0103torilor reali despre jocul de pr\u0103bu\u0219ire Helicopter X \u00eentr-un cazinou online\" \/>\n<meta property=\"og:description\" content=\"Recenzii despre jocul Helicopter X! Recenzii \u0219i opinii ale juc\u0103torilor despre jocul de pr\u0103bu\u0219ire Helicopter X. O recenzie a jocului de c\u0103tre juc\u0103tori reali \u0219i vizitatori ai cazinoului. Opinii despre jocul Helicopter X.\" \/>\n<meta property=\"og:url\" content=\"https:\/\/juegosdehelicopteros.net\/ro\/player-reviews-of-the-game-helicopter-x\/\" \/>\n<meta property=\"og:site_name\" content=\"Helicopter X\" \/>\n<meta property=\"article:modified_time\" content=\"2024-02-29T18:28:54+00:00\" \/>\n<meta name=\"twitter:card\" content=\"summary_large_image\" \/>\n<meta name=\"twitter:label1\" content=\"Timp estimat pentru citire\" \/>\n\t<meta name=\"twitter:data1\" content=\"10 minute\" \/>\n<script type=\"application\/ld+json\" class=\"yoast-schema-graph\">{\"@context\":\"https:\/\/schema.org\",\"@graph\":[{\"@type\":\"WebSite\",\"@id\":\"https:\/\/juegosdehelicopteros.net\/ro\/#website\",\"url\":\"https:\/\/juegosdehelicopteros.net\/ro\/\",\"name\":\"Helicopter X\",\"description\":\"\",\"potentialAction\":[{\"@type\":\"SearchAction\",\"target\":\"https:\/\/juegosdehelicopteros.net\/ro\/?s={search_term_string}\",\"query-input\":\"required name=search_term_string\"}],\"inLanguage\":\"ro-RO\"},{\"@type\":\"WebPage\",\"@id\":\"https:\/\/juegosdehelicopteros.net\/ro\/player-reviews-of-the-game-helicopter-x\/#webpage\",\"url\":\"https:\/\/juegosdehelicopteros.net\/ro\/player-reviews-of-the-game-helicopter-x\/\",\"name\":\"Recenzii ale juc\\u0103torilor reali despre jocul de pr\\u0103bu\\u0219ire Helicopter X \\u00eentr-un cazinou online\",\"isPartOf\":{\"@id\":\"https:\/\/juegosdehelicopteros.net\/ro\/#website\"},\"datePublished\":\"2024-02-15T17:42:24+00:00\",\"dateModified\":\"2024-02-29T18:28:54+00:00\",\"description\":\"Recenzii despre jocul Helicopter X! Recenzii \\u0219i opinii ale juc\\u0103torilor despre jocul de pr\\u0103bu\\u0219ire Helicopter X. O recenzie a jocului de c\\u0103tre juc\\u0103tori reali \\u0219i vizitatori ai cazinoului. Opinii despre jocul Helicopter X.\",\"breadcrumb\":{\"@id\":\"https:\/\/juegosdehelicopteros.net\/ro\/player-reviews-of-the-game-helicopter-x\/#breadcrumb\"},\"inLanguage\":\"ro-RO\",\"potentialAction\":[{\"@type\":\"ReadAction\",\"target\":[\"https:\/\/juegosdehelicopteros.net\/ro\/player-reviews-of-the-game-helicopter-x\/\"]}]},{\"@type\":\"BreadcrumbList\",\"@id\":\"https:\/\/juegosdehelicopteros.net\/ro\/player-reviews-of-the-game-helicopter-x\/#breadcrumb\",\"itemListElement\":[{\"@type\":\"ListItem\",\"position\":1,\"name\":\"Home\",\"item\":\"https:\/\/juegosdehelicopteros.net\/ro\/\"},{\"@type\":\"ListItem\",\"position\":2,\"name\":\"Recenzii ale juc\\u0103torilor despre jocul Helicopter X\"}]}]}<\/script>\n<!-- \/ Yoast SEO plugin. -->","_links":{"self":[{"href":"https:\/\/juegosdehelicopteros.net\/ro\/wp-json\/wp\/v2\/pages\/11"}],"collection":[{"href":"https:\/\/juegosdehelicopteros.net\/ro\/wp-json\/wp\/v2\/pages"}],"about":[{"href":"https:\/\/juegosdehelicopteros.net\/ro\/wp-json\/wp\/v2\/types\/page"}],"author":[{"embeddable":true,"href":"https:\/\/juegosdehelicopteros.net\/ro\/wp-json\/wp\/v2\/users\/1"}],"replies":[{"embeddable":true,"href":"https:\/\/juegosdehelicopteros.net\/ro\/wp-json\/wp\/v2\/comments?post=11"}],"version-history":[{"count":21,"href":"https:\/\/juegosdehelicopteros.net\/ro\/wp-json\/wp\/v2\/pages\/11\/revisions"}],"predecessor-version":[{"id":171,"href":"https:\/\/juegosdehelicopteros.net\/ro\/wp-json\/wp\/v2\/pages\/11\/revisions\/171"}],"wp:attachment":[{"href":"https:\/\/juegosdehelicopteros.net\/ro\/wp-json\/wp\/v2\/media?parent=11"}],"curies":[{"name":"wp","href":"https:\/\/api.w.org\/{rel}","templated":true}]}}