{"id":13,"date":"2024-02-15T17:43:25","date_gmt":"2024-02-15T17:43:25","guid":{"rendered":"https:\/\/juegosdehelicopteros.net\/?page_id=13"},"modified":"2024-02-29T18:30:41","modified_gmt":"2024-02-29T18:30:41","slug":"recommendations-and-tips-for-the-crash-game-helicopter-x","status":"publish","type":"page","link":"https:\/\/juegosdehelicopteros.net\/ro\/recommendations-and-tips-for-the-crash-game-helicopter-x\/","title":{"rendered":"Recomand\u0103ri \u0219i sfaturi pentru jocul de pr\u0103bu\u0219ire Helicopter X"},"content":{"rendered":"<p>Casinoul online poate fi o modalitate incitant\u0103 \u0219i distractiv\u0103 de a-\u021bi petrece timpul, dar este important s\u0103 \u021bii cont de c\u00e2teva recomand\u0103ri \u0219i sfaturi pentru a men\u021bine jocul \u00een condi\u021bii de siguran\u021b\u0103 \u0219i responsabilitate. Iat\u0103 o list\u0103 de sfaturi pentru a juca la cazinoul online Helicopter X:<\/p>\n<h2><strong>Alege\u021bi un cazinou de \u00eencredere<\/strong><\/h2>\n<p>\u00cenainte de a \u00eencepe s\u0103 juca\u021bi, asigura\u021bi-v\u0103 c\u0103 cazinoul online pe care l-a\u021bi ales are o reputa\u021bie bun\u0103 \u0219i o licen\u021b\u0103. Cerceta\u021bi recenziile de la al\u021bi juc\u0103tori \u0219i asigura\u021bi-v\u0103 c\u0103 cazinoul respect\u0103 reguli \u0219i regulamente stricte. Juc\u00e2nd la un cazinou online de \u00eencredere \u0219i corect, reduce\u021bi riscul de pierderi financiare \u0219i v\u0103 asigura\u021bi c\u0103 c\u00e2\u0219tigurile dvs. vor fi pl\u0103tite la timp.<\/p>\n<h2><strong>\u00cenv\u0103\u021ba\u021bi regulile jocului<\/strong><\/h2>\n<p>\u00cenainte de a \u00eencepe s\u0103 juca\u021bi Helicopter X, familiariza\u021bi-v\u0103 cu regulile \u0219i strategiile sale. \u00cen\u021belegerea regulilor v\u0103 va ajuta s\u0103 lua\u021bi decizii informate \u0219i s\u0103 v\u0103 \u00eembun\u0103t\u0103\u021bi\u021bi \u0219ansele de c\u00e2\u0219tig. De asemenea, lua\u021bi \u00een considerare utilizarea diferitelor strategii de pariere pentru a v\u0103 maximiza \u0219ansele de succes. Aminti\u021bi-v\u0103 c\u0103 fiecare joc are aspecte unice, iar cunoa\u0219terea acestor detalii poate cre\u0219te semnificativ eficacitatea dvs. \u00een joc.<\/p>\n<h2><strong>Juca\u021bi responsabil<\/strong><\/h2>\n<p>Juca\u021bi doar c\u00e2nd sunte\u021bi \u00eentr-o stare bun\u0103 de spirit \u0219i capabili s\u0103 lua\u021bi decizii rezonabile. Nu juca\u021bi sub influen\u021ba alcoolului sau a drogurilor, deoarece aceasta v\u0103 poate afecta judecata. Stabili\u021bi-v\u0103 limite pentru pariuri \u0219i timp pentru a v\u0103 controla jocul \u0219i a preveni dezvoltarea dependen\u021bei de jocuri de noroc. Aminti\u021bi-v\u0103 c\u0103 jocul responsabil implic\u0103 capacitatea de a opri c\u00e2nd este necesar.<\/p>\n<h2><strong>Nu juca\u021bi cu bani pe care nu \u00eei pute\u021bi pierde<\/strong><\/h2>\n<p>Juca\u021bi doar cu banii pe care sunte\u021bi dispu\u0219i s\u0103 \u00eei pierde\u021bi. Nu \u00eemprumuta\u021bi bani pentru jocurile de cazino, mai ales dac\u0103 este vorba de un \u00eemprumut sau un credit. Administrarea unui buget de jocuri de noroc ajut\u0103 la evitarea dificult\u0103\u021bilor financiare \u0219i men\u021bine jocul ca o form\u0103 de divertisment, nu ca o surs\u0103 de stres. \u00cen\u021belege\u021bi c\u0103 jocurile de noroc la cazino sunt distrac\u021bie cu un rezultat imprevizibil, ceea ce ajut\u0103 la men\u021binerea unei atitudini s\u0103n\u0103toase fa\u021b\u0103 de jocurile de noroc.<\/p>\n<h2><strong>Teama de a pierde<\/strong><\/h2>\n<p>Dac\u0103 nu dori\u021bi s\u0103 risca\u021bi bani reali \u0219i nu sunte\u021bi familiariza\u021bi cu jocul, familiariza\u021bi-v\u0103 \u0219i \u00eencerca\u021bi s\u0103 juca\u021bi Helicopter X gratuit mai \u00eent\u00e2i. \u00cen modul demonstrativ, juca\u021bi cu bani virtuali. Modul &#8222;mod de divertisment&#8221; permite juc\u0103torilor s\u0103 se apropie de joc f\u0103r\u0103 a-\u0219i risca economiile. Aceast\u0103 op\u021biune v\u0103 permite s\u0103 \u00eenv\u0103\u021ba\u021bi mecanica \u0219i caracteristicile jocului f\u0103r\u0103 pierderi financiare, oferind o experien\u021b\u0103 valoroas\u0103 \u0219i \u00eencredere \u00eenainte de a juca cu bani reali.<\/p>\n<h2><strong>Tactici<\/strong><\/h2>\n<p>Analiza\u021bi coeficien\u021bii maxim \u0219i minim pentru a v\u0103 dezvolta strategia, dac\u0103 este necesar \u00een viitor. Evaluarea jocurilor anterioare \u0219i luarea deciziilor pe baza statisticii pot \u00eembun\u0103t\u0103\u021bi \u0219ansele de succes. Utilizarea tacticii bazate pe analiz\u0103 v\u0103 va ajuta s\u0103 determina\u021bi momentele optime pentru pariuri \u0219i pentru a ie\u0219i din joc, cresc\u00e2ndu-v\u0103 eficien\u021ba \u0219i c\u00e2\u0219tigurile poten\u021biale.<\/p>\n<h2><strong>Statistici \u00een timp real<\/strong><\/h2>\n<p>Analiza\u021bi jocul altor juc\u0103tori! Acest lucru v\u0103 va ajuta s\u0103 \u00een\u021belege\u021bi intervalele de timp \u00een care utilizatorii nu ob\u021bin coeficien\u021bi mari. Studierea comportamentului \u0219i strategiilor altor juc\u0103tori poate oferi lec\u021bii valoroase \u0219i poate ajuta la evitarea gre\u0219elilor comune. Aten\u021bia acordat\u0103 tendin\u021belor \u0219i schimb\u0103rilor \u00een joc poate oferi, de asemenea, avantaje strategice.<\/p>\n<p>Urm\u00e2nd aceste sfaturi \u00eembun\u0103t\u0103\u021bite, juc\u0103torii se pot bucura de jocul Helicopter X men\u021bin\u00e2nd controlul \u0219i o abordare ra\u021bional\u0103 a jocului de noroc. Aminti\u021bi-v\u0103 c\u0103 cheia pentru un joc de cazino online de succes const\u0103 \u00eentr-o combina\u021bie echilibrat\u0103 de divertisment, strategie \u0219i responsabilitate.<\/p>\n","protected":false},"excerpt":{"rendered":"<p>Casinoul online poate fi o modalitate incitant\u0103 \u0219i distractiv\u0103 de a-\u021bi petrece timpul, dar este important s\u0103 \u021bii cont de c\u00e2teva recomand\u0103ri \u0219i sfaturi pentru a men\u021bine jocul \u00een condi\u021bii de siguran\u021b\u0103 \u0219i responsabilitate. Iat\u0103 o list\u0103 de sfaturi pentru a juca la cazinoul online Helicopter X: Alege\u021bi un cazinou de \u00eencredere \u00cenainte de a&#8230;<\/p>\n","protected":false},"author":1,"featured_media":0,"parent":0,"menu_order":0,"comment_status":"closed","ping_status":"closed","template":"","meta":{"footnotes":""},"yoast_head":"<!-- This site is optimized with the Yoast SEO plugin v16.5 - https:\/\/yoast.com\/wordpress\/plugins\/seo\/ -->\n<title>Cum s\u0103 joci jocul de pr\u0103bu\u0219ire Helicopter X<\/title>\n<meta name=\"description\" content=\"Sfaturi despre cum s\u0103 joci jocul online Helicopter X. Recomand\u0103ri, sfaturi pentru juc\u0103torii care aleg s\u0103 joace Helicopter X \u00eentr-un cazinou online.\" \/>\n<meta name=\"robots\" content=\"index, follow, max-snippet:-1, max-image-preview:large, max-video-preview:-1\" \/>\n<link rel=\"canonical\" href=\"https:\/\/juegosdehelicopteros.net\/ro\/recommendations-and-tips-for-the-crash-game-helicopter-x\/\" \/>\n<meta property=\"og:locale\" content=\"ro_RO\" \/>\n<meta property=\"og:locale:alternate\" content=\"ru_RU\" \/>\n<meta property=\"og:locale:alternate\" content=\"en_US\" \/>\n<meta property=\"og:locale:alternate\" content=\"pt_PT\" \/>\n<meta property=\"og:locale:alternate\" content=\"es_ES\" \/>\n<meta property=\"og:locale:alternate\" content=\"sr_RS\" \/>\n<meta property=\"og:locale:alternate\" content=\"bg_BG\" \/>\n<meta property=\"og:locale:alternate\" content=\"pl_PL\" \/>\n<meta property=\"og:locale:alternate\" content=\"it_IT\" \/>\n<meta property=\"og:locale:alternate\" content=\"fr_FR\" \/>\n<meta property=\"og:type\" content=\"article\" \/>\n<meta property=\"og:title\" content=\"Cum s\u0103 joci jocul de pr\u0103bu\u0219ire Helicopter X\" \/>\n<meta property=\"og:description\" content=\"Sfaturi despre cum s\u0103 joci jocul online Helicopter X. Recomand\u0103ri, sfaturi pentru juc\u0103torii care aleg s\u0103 joace Helicopter X \u00eentr-un cazinou online.\" \/>\n<meta property=\"og:url\" content=\"https:\/\/juegosdehelicopteros.net\/ro\/recommendations-and-tips-for-the-crash-game-helicopter-x\/\" \/>\n<meta property=\"og:site_name\" content=\"Helicopter X\" \/>\n<meta property=\"article:modified_time\" content=\"2024-02-29T18:30:41+00:00\" \/>\n<meta name=\"twitter:card\" content=\"summary_large_image\" \/>\n<meta name=\"twitter:label1\" content=\"Timp estimat pentru citire\" \/>\n\t<meta name=\"twitter:data1\" content=\"21 de minute\" \/>\n<script type=\"application\/ld+json\" class=\"yoast-schema-graph\">{\"@context\":\"https:\/\/schema.org\",\"@graph\":[{\"@type\":\"WebSite\",\"@id\":\"https:\/\/juegosdehelicopteros.net\/ro\/#website\",\"url\":\"https:\/\/juegosdehelicopteros.net\/ro\/\",\"name\":\"Helicopter X\",\"description\":\"\",\"potentialAction\":[{\"@type\":\"SearchAction\",\"target\":\"https:\/\/juegosdehelicopteros.net\/ro\/?s={search_term_string}\",\"query-input\":\"required name=search_term_string\"}],\"inLanguage\":\"ro-RO\"},{\"@type\":\"WebPage\",\"@id\":\"https:\/\/juegosdehelicopteros.net\/ro\/recommendations-and-tips-for-the-crash-game-helicopter-x\/#webpage\",\"url\":\"https:\/\/juegosdehelicopteros.net\/ro\/recommendations-and-tips-for-the-crash-game-helicopter-x\/\",\"name\":\"Cum s\\u0103 joci jocul de pr\\u0103bu\\u0219ire Helicopter X\",\"isPartOf\":{\"@id\":\"https:\/\/juegosdehelicopteros.net\/ro\/#website\"},\"datePublished\":\"2024-02-15T17:43:25+00:00\",\"dateModified\":\"2024-02-29T18:30:41+00:00\",\"description\":\"Sfaturi despre cum s\\u0103 joci jocul online Helicopter X. Recomand\\u0103ri, sfaturi pentru juc\\u0103torii care aleg s\\u0103 joace Helicopter X \\u00eentr-un cazinou online.\",\"breadcrumb\":{\"@id\":\"https:\/\/juegosdehelicopteros.net\/ro\/recommendations-and-tips-for-the-crash-game-helicopter-x\/#breadcrumb\"},\"inLanguage\":\"ro-RO\",\"potentialAction\":[{\"@type\":\"ReadAction\",\"target\":[\"https:\/\/juegosdehelicopteros.net\/ro\/recommendations-and-tips-for-the-crash-game-helicopter-x\/\"]}]},{\"@type\":\"BreadcrumbList\",\"@id\":\"https:\/\/juegosdehelicopteros.net\/ro\/recommendations-and-tips-for-the-crash-game-helicopter-x\/#breadcrumb\",\"itemListElement\":[{\"@type\":\"ListItem\",\"position\":1,\"name\":\"Home\",\"item\":\"https:\/\/juegosdehelicopteros.net\/ro\/\"},{\"@type\":\"ListItem\",\"position\":2,\"name\":\"Recomand\\u0103ri \\u0219i sfaturi pentru jocul de pr\\u0103bu\\u0219ire Helicopter X\"}]}]}<\/script>\n<!-- \/ Yoast SEO plugin. -->","_links":{"self":[{"href":"https:\/\/juegosdehelicopteros.net\/ro\/wp-json\/wp\/v2\/pages\/13"}],"collection":[{"href":"https:\/\/juegosdehelicopteros.net\/ro\/wp-json\/wp\/v2\/pages"}],"about":[{"href":"https:\/\/juegosdehelicopteros.net\/ro\/wp-json\/wp\/v2\/types\/page"}],"author":[{"embeddable":true,"href":"https:\/\/juegosdehelicopteros.net\/ro\/wp-json\/wp\/v2\/users\/1"}],"replies":[{"embeddable":true,"href":"https:\/\/juegosdehelicopteros.net\/ro\/wp-json\/wp\/v2\/comments?post=13"}],"version-history":[{"count":21,"href":"https:\/\/juegosdehelicopteros.net\/ro\/wp-json\/wp\/v2\/pages\/13\/revisions"}],"predecessor-version":[{"id":172,"href":"https:\/\/juegosdehelicopteros.net\/ro\/wp-json\/wp\/v2\/pages\/13\/revisions\/172"}],"wp:attachment":[{"href":"https:\/\/juegosdehelicopteros.net\/ro\/wp-json\/wp\/v2\/media?parent=13"}],"curies":[{"name":"wp","href":"https:\/\/api.w.org\/{rel}","templated":true}]}}