{"id":15,"date":"2024-02-15T19:39:00","date_gmt":"2024-02-15T19:39:00","guid":{"rendered":"https:\/\/juegosdehelicopteros.net\/?page_id=15"},"modified":"2024-02-29T18:24:26","modified_gmt":"2024-02-29T18:24:26","slug":"play-and-win-in-helicopter-x","status":"publish","type":"page","link":"https:\/\/juegosdehelicopteros.net\/ro\/play-and-win-in-helicopter-x\/","title":{"rendered":"Juca\u021bi \u0219i c\u00e2\u0219tiga\u021bi \u00een Helicopter X"},"content":{"rendered":"<p>Dac\u0103 \u00eencepi s\u0103 joci jocul de pr\u0103bu\u0219ire a elicopterului X, am adunat cele mai bune strategii pentru \u00eembun\u0103t\u0103\u021birea rezultatelor tale. Aceasta nu este o garan\u021bie a victoriei, dar este mult mai bun\u0103 dec\u00e2t ap\u0103s\u0103rile aleatoare de taste:<\/p>\n<h2><strong>Observarea modelelor<\/strong><\/h2>\n<p>Urmeaz\u0103 jocul \u0219i \u00eencearc\u0103 s\u0103 detectezi modele \u00een apari\u021bia multiplicatorilor mari. Dac\u0103 observi c\u0103 devin mai pu\u021bin frecven\u021bi, m\u0103re\u0219te-\u021bi pariu \u00een rundele urm\u0103toare. Acest lucru poate cre\u0219te \u0219ansele tale de succes.<\/p>\n<h2><strong>Strategia Martingale<\/strong><\/h2>\n<p>Pentru juc\u0103torii \u00eendr\u0103zne\u021bi \u0219i risca\u021bi. Dup\u0103 fiecare pierdere, m\u0103re\u0219te-\u021bi pariu, iar dup\u0103 o victorie, revino la suma ini\u021bial\u0103. Acest\u0103 metod\u0103 ajut\u0103 la recuperarea fondurilor pierdute, dar necesit\u0103 un buget semnificativ \u0219i experien\u021b\u0103.<\/p>\n<h2><strong>Strategia Martingale inversat\u0103<\/strong><\/h2>\n<p>Dup\u0103 fiecare victorie, m\u0103re\u0219te-\u021bi pariu, iar dup\u0103 o pierdere, scade-l. Aceast\u0103 abordare ajut\u0103 la minimizarea riscurilor \u0219i la cre\u0219terea \u0219anselor unui joc reu\u0219it, reduc\u00e2nd pierderile poten\u021biale.<\/p>\n<h2><strong>Analizarea statisticilor \u0219i comportamentul altor juc\u0103tori<\/strong><\/h2>\n<p>Urm\u0103re\u0219te \u00eendeaproape statisticile \u00een timp real \u0219i ac\u021biunile altor juc\u0103tori, \u00een special \u00een timpul rundelor cu c\u00e2\u0219tiguri mici care pot indica multiplicatori mari viitori.<\/p>\n<p>Aminte\u0219te-\u021bi c\u0103 nu exist\u0103 o garan\u021bie absolut\u0103 a c\u00e2\u0219tigului, iar nicio strategie nu poate promite 100% succes. Cu toate acestea, aplicarea unor abord\u0103ri \u0219i strategii g\u00e2ndite este mult mai bun\u0103 dec\u00e2t s\u0103 te bazezi exclusiv pe noroc.<\/p>\n","protected":false},"excerpt":{"rendered":"<p>Dac\u0103 \u00eencepi s\u0103 joci jocul de pr\u0103bu\u0219ire a elicopterului X, am adunat cele mai bune strategii pentru \u00eembun\u0103t\u0103\u021birea rezultatelor tale. Aceasta nu este o garan\u021bie a victoriei, dar este mult mai bun\u0103 dec\u00e2t ap\u0103s\u0103rile aleatoare de taste: Observarea modelelor Urmeaz\u0103 jocul \u0219i \u00eencearc\u0103 s\u0103 detectezi modele \u00een apari\u021bia multiplicatorilor mari. Dac\u0103 observi c\u0103 devin mai&#8230;<\/p>\n","protected":false},"author":1,"featured_media":0,"parent":0,"menu_order":0,"comment_status":"closed","ping_status":"closed","template":"","meta":{"footnotes":""},"yoast_head":"<!-- This site is optimized with the Yoast SEO plugin v16.5 - https:\/\/yoast.com\/wordpress\/plugins\/seo\/ -->\n<title>Strategii \u0219i tactici \u00een jocul Helicopter X la un cazinou online<\/title>\n<meta name=\"description\" content=\"Cum s\u0103 joci \u0219i s\u0103 c\u00e2\u0219tigi \u00een jocul online Helicopter X. Strategii \u0219i tactici \u00een jocul Helicopter X. Cum s\u0103 c\u00e2\u0219tigi juc\u00e2nd jocul cu pr\u0103bu\u0219irea elicopterului.\" \/>\n<meta name=\"robots\" content=\"index, follow, max-snippet:-1, max-image-preview:large, max-video-preview:-1\" \/>\n<link rel=\"canonical\" href=\"https:\/\/juegosdehelicopteros.net\/ro\/play-and-win-in-helicopter-x\/\" \/>\n<meta property=\"og:locale\" content=\"ro_RO\" \/>\n<meta property=\"og:locale:alternate\" content=\"ru_RU\" \/>\n<meta property=\"og:locale:alternate\" content=\"en_US\" \/>\n<meta property=\"og:locale:alternate\" content=\"pt_PT\" \/>\n<meta property=\"og:locale:alternate\" content=\"es_ES\" \/>\n<meta property=\"og:locale:alternate\" content=\"sr_RS\" \/>\n<meta property=\"og:locale:alternate\" content=\"bg_BG\" \/>\n<meta property=\"og:locale:alternate\" content=\"pl_PL\" \/>\n<meta property=\"og:locale:alternate\" content=\"it_IT\" \/>\n<meta property=\"og:locale:alternate\" content=\"fr_FR\" \/>\n<meta property=\"og:type\" content=\"article\" \/>\n<meta property=\"og:title\" content=\"Strategii \u0219i tactici \u00een jocul Helicopter X la un cazinou online\" \/>\n<meta property=\"og:description\" content=\"Cum s\u0103 joci \u0219i s\u0103 c\u00e2\u0219tigi \u00een jocul online Helicopter X. Strategii \u0219i tactici \u00een jocul Helicopter X. Cum s\u0103 c\u00e2\u0219tigi juc\u00e2nd jocul cu pr\u0103bu\u0219irea elicopterului.\" \/>\n<meta property=\"og:url\" content=\"https:\/\/juegosdehelicopteros.net\/ro\/play-and-win-in-helicopter-x\/\" \/>\n<meta property=\"og:site_name\" content=\"Helicopter X\" \/>\n<meta property=\"article:modified_time\" content=\"2024-02-29T18:24:26+00:00\" \/>\n<meta name=\"twitter:card\" content=\"summary_large_image\" \/>\n<meta name=\"twitter:label1\" content=\"Timp estimat pentru citire\" \/>\n\t<meta name=\"twitter:data1\" content=\"8 minute\" \/>\n<script type=\"application\/ld+json\" class=\"yoast-schema-graph\">{\"@context\":\"https:\/\/schema.org\",\"@graph\":[{\"@type\":\"WebSite\",\"@id\":\"https:\/\/juegosdehelicopteros.net\/ro\/#website\",\"url\":\"https:\/\/juegosdehelicopteros.net\/ro\/\",\"name\":\"Helicopter X\",\"description\":\"\",\"potentialAction\":[{\"@type\":\"SearchAction\",\"target\":\"https:\/\/juegosdehelicopteros.net\/ro\/?s={search_term_string}\",\"query-input\":\"required name=search_term_string\"}],\"inLanguage\":\"ro-RO\"},{\"@type\":\"WebPage\",\"@id\":\"https:\/\/juegosdehelicopteros.net\/ro\/play-and-win-in-helicopter-x\/#webpage\",\"url\":\"https:\/\/juegosdehelicopteros.net\/ro\/play-and-win-in-helicopter-x\/\",\"name\":\"Strategii \\u0219i tactici \\u00een jocul Helicopter X la un cazinou online\",\"isPartOf\":{\"@id\":\"https:\/\/juegosdehelicopteros.net\/ro\/#website\"},\"datePublished\":\"2024-02-15T19:39:00+00:00\",\"dateModified\":\"2024-02-29T18:24:26+00:00\",\"description\":\"Cum s\\u0103 joci \\u0219i s\\u0103 c\\u00e2\\u0219tigi \\u00een jocul online Helicopter X. Strategii \\u0219i tactici \\u00een jocul Helicopter X. Cum s\\u0103 c\\u00e2\\u0219tigi juc\\u00e2nd jocul cu pr\\u0103bu\\u0219irea elicopterului.\",\"breadcrumb\":{\"@id\":\"https:\/\/juegosdehelicopteros.net\/ro\/play-and-win-in-helicopter-x\/#breadcrumb\"},\"inLanguage\":\"ro-RO\",\"potentialAction\":[{\"@type\":\"ReadAction\",\"target\":[\"https:\/\/juegosdehelicopteros.net\/ro\/play-and-win-in-helicopter-x\/\"]}]},{\"@type\":\"BreadcrumbList\",\"@id\":\"https:\/\/juegosdehelicopteros.net\/ro\/play-and-win-in-helicopter-x\/#breadcrumb\",\"itemListElement\":[{\"@type\":\"ListItem\",\"position\":1,\"name\":\"Home\",\"item\":\"https:\/\/juegosdehelicopteros.net\/ro\/\"},{\"@type\":\"ListItem\",\"position\":2,\"name\":\"Juca\\u021bi \\u0219i c\\u00e2\\u0219tiga\\u021bi \\u00een Helicopter X\"}]}]}<\/script>\n<!-- \/ Yoast SEO plugin. -->","_links":{"self":[{"href":"https:\/\/juegosdehelicopteros.net\/ro\/wp-json\/wp\/v2\/pages\/15"}],"collection":[{"href":"https:\/\/juegosdehelicopteros.net\/ro\/wp-json\/wp\/v2\/pages"}],"about":[{"href":"https:\/\/juegosdehelicopteros.net\/ro\/wp-json\/wp\/v2\/types\/page"}],"author":[{"embeddable":true,"href":"https:\/\/juegosdehelicopteros.net\/ro\/wp-json\/wp\/v2\/users\/1"}],"replies":[{"embeddable":true,"href":"https:\/\/juegosdehelicopteros.net\/ro\/wp-json\/wp\/v2\/comments?post=15"}],"version-history":[{"count":21,"href":"https:\/\/juegosdehelicopteros.net\/ro\/wp-json\/wp\/v2\/pages\/15\/revisions"}],"predecessor-version":[{"id":169,"href":"https:\/\/juegosdehelicopteros.net\/ro\/wp-json\/wp\/v2\/pages\/15\/revisions\/169"}],"wp:attachment":[{"href":"https:\/\/juegosdehelicopteros.net\/ro\/wp-json\/wp\/v2\/media?parent=15"}],"curies":[{"name":"wp","href":"https:\/\/api.w.org\/{rel}","templated":true}]}}