{"id":17,"date":"2024-02-15T19:41:26","date_gmt":"2024-02-15T19:41:26","guid":{"rendered":"https:\/\/juegosdehelicopteros.net\/?page_id=17"},"modified":"2024-02-29T18:21:42","modified_gmt":"2024-02-29T18:21:42","slug":"faq-frequently-asked-questions-about-the-game-helicopter-x","status":"publish","type":"page","link":"https:\/\/juegosdehelicopteros.net\/ro\/faq-frequently-asked-questions-about-the-game-helicopter-x\/","title":{"rendered":"FAQ &#8211; \u00centreb\u0103ri frecvente despre jocul Helicopter X"},"content":{"rendered":"<p><strong>Pot juca jocul de pr\u0103bu\u0219ire Helicopter X gratuit?<\/strong><\/p>\n<p>Da, po\u021bi juca mai \u00eent\u00e2i versiunea demo a Helicopter X, juca\u021bi f\u0103r\u0103 niciun depozit!<\/p>\n<p><strong>Pot c\u00e2\u0219tiga bani reali juc\u00e2nd jocul Helicopter X?<\/strong><\/p>\n<p>Da, po\u021bi juca la cazinoul Helicopter X \u00een timp real \u0219i c\u00e2\u0219tiga bani reali!<\/p>\n<p><strong>Care este cel mai bun loc pentru a juca jocul online Helicopter X?<\/strong><\/p>\n<p>Po\u021bi juca jocul gratuit oriunde, dar dac\u0103 planifici s\u0103 \u00eencepi s\u0103 joci pentru bani reali, ar trebui s\u0103 alegi un cazinou de \u00eencredere \u0219i fiabil. Astfel \u00eenc\u00e2t jocul t\u0103u s\u0103 fie lini\u0219tit \u0219i s\u0103 aduc\u0103 doar emo\u021bii pozitive!<\/p>\n<p><strong>Pot juca cazinoul online Helicopter X pe dispozitivul meu mobil?<\/strong><\/p>\n<p>Da, jocul Helicopter X este optimizat pentru dispozitive \u0219i ecrane de toate rezolu\u021biile, astfel \u00eenc\u00e2t s\u0103 te po\u021bi bucura de joc pe telefonul t\u0103u mobil Android sau iOS.<\/p>\n<p><strong>Care este miza minim\u0103 \u00een jocul online Helicopter X?<\/strong><\/p>\n<p>Miza minim\u0103 \u00een cazinoul online Helicopter X este de 0,05.<\/p>\n<p><strong>Care este miza maxim\u0103 \u00een jocul online Helicopter X?<\/strong><\/p>\n<p>Miza maxim\u0103 \u00een cazinoul online Helicopter X este de 200.<\/p>\n","protected":false},"excerpt":{"rendered":"<p>Pot juca jocul de pr\u0103bu\u0219ire Helicopter X gratuit? Da, po\u021bi juca mai \u00eent\u00e2i versiunea demo a Helicopter X, juca\u021bi f\u0103r\u0103 niciun depozit! Pot c\u00e2\u0219tiga bani reali juc\u00e2nd jocul Helicopter X? Da, po\u021bi juca la cazinoul Helicopter X \u00een timp real \u0219i c\u00e2\u0219tiga bani reali! Care este cel mai bun loc pentru a juca jocul online&#8230;<\/p>\n","protected":false},"author":1,"featured_media":0,"parent":0,"menu_order":0,"comment_status":"closed","ping_status":"closed","template":"","meta":{"footnotes":""},"yoast_head":"<!-- This site is optimized with the Yoast SEO plugin v16.5 - https:\/\/yoast.com\/wordpress\/plugins\/seo\/ -->\n<title>\u00centreb\u0103ri frecvente despre jocul Helicopter X<\/title>\n<meta name=\"description\" content=\"Am colectat \u00eentreb\u0103ri \u0219i r\u0103spunsuri despre jocul online Helicopter X. Toate informa\u021biile despre jocul Helicopter. Tot ce ai vrut s\u0103 \u00eentrebi\" \/>\n<meta name=\"robots\" content=\"index, follow, max-snippet:-1, max-image-preview:large, max-video-preview:-1\" \/>\n<link rel=\"canonical\" href=\"https:\/\/juegosdehelicopteros.net\/ro\/faq-frequently-asked-questions-about-the-game-helicopter-x\/\" \/>\n<meta property=\"og:locale\" content=\"ro_RO\" \/>\n<meta property=\"og:locale:alternate\" content=\"ru_RU\" \/>\n<meta property=\"og:locale:alternate\" content=\"en_US\" \/>\n<meta property=\"og:locale:alternate\" content=\"pt_PT\" \/>\n<meta property=\"og:locale:alternate\" content=\"es_ES\" \/>\n<meta property=\"og:locale:alternate\" content=\"sr_RS\" \/>\n<meta property=\"og:locale:alternate\" content=\"bg_BG\" \/>\n<meta property=\"og:locale:alternate\" content=\"pl_PL\" \/>\n<meta property=\"og:locale:alternate\" content=\"it_IT\" \/>\n<meta property=\"og:locale:alternate\" content=\"fr_FR\" \/>\n<meta property=\"og:type\" content=\"article\" \/>\n<meta property=\"og:title\" content=\"\u00centreb\u0103ri frecvente despre jocul Helicopter X\" \/>\n<meta property=\"og:description\" content=\"Am colectat \u00eentreb\u0103ri \u0219i r\u0103spunsuri despre jocul online Helicopter X. Toate informa\u021biile despre jocul Helicopter. Tot ce ai vrut s\u0103 \u00eentrebi\" \/>\n<meta property=\"og:url\" content=\"https:\/\/juegosdehelicopteros.net\/ro\/faq-frequently-asked-questions-about-the-game-helicopter-x\/\" \/>\n<meta property=\"og:site_name\" content=\"Helicopter X\" \/>\n<meta property=\"article:modified_time\" content=\"2024-02-29T18:21:42+00:00\" \/>\n<meta name=\"twitter:card\" content=\"summary_large_image\" \/>\n<meta name=\"twitter:label1\" content=\"Timp estimat pentru citire\" \/>\n\t<meta name=\"twitter:data1\" content=\"7 minute\" \/>\n<script type=\"application\/ld+json\" class=\"yoast-schema-graph\">{\"@context\":\"https:\/\/schema.org\",\"@graph\":[{\"@type\":\"WebSite\",\"@id\":\"https:\/\/juegosdehelicopteros.net\/ro\/#website\",\"url\":\"https:\/\/juegosdehelicopteros.net\/ro\/\",\"name\":\"Helicopter X\",\"description\":\"\",\"potentialAction\":[{\"@type\":\"SearchAction\",\"target\":\"https:\/\/juegosdehelicopteros.net\/ro\/?s={search_term_string}\",\"query-input\":\"required name=search_term_string\"}],\"inLanguage\":\"ro-RO\"},{\"@type\":\"WebPage\",\"@id\":\"https:\/\/juegosdehelicopteros.net\/ro\/faq-frequently-asked-questions-about-the-game-helicopter-x\/#webpage\",\"url\":\"https:\/\/juegosdehelicopteros.net\/ro\/faq-frequently-asked-questions-about-the-game-helicopter-x\/\",\"name\":\"\\u00centreb\\u0103ri frecvente despre jocul Helicopter X\",\"isPartOf\":{\"@id\":\"https:\/\/juegosdehelicopteros.net\/ro\/#website\"},\"datePublished\":\"2024-02-15T19:41:26+00:00\",\"dateModified\":\"2024-02-29T18:21:42+00:00\",\"description\":\"Am colectat \\u00eentreb\\u0103ri \\u0219i r\\u0103spunsuri despre jocul online Helicopter X. Toate informa\\u021biile despre jocul Helicopter. Tot ce ai vrut s\\u0103 \\u00eentrebi\",\"breadcrumb\":{\"@id\":\"https:\/\/juegosdehelicopteros.net\/ro\/faq-frequently-asked-questions-about-the-game-helicopter-x\/#breadcrumb\"},\"inLanguage\":\"ro-RO\",\"potentialAction\":[{\"@type\":\"ReadAction\",\"target\":[\"https:\/\/juegosdehelicopteros.net\/ro\/faq-frequently-asked-questions-about-the-game-helicopter-x\/\"]}]},{\"@type\":\"BreadcrumbList\",\"@id\":\"https:\/\/juegosdehelicopteros.net\/ro\/faq-frequently-asked-questions-about-the-game-helicopter-x\/#breadcrumb\",\"itemListElement\":[{\"@type\":\"ListItem\",\"position\":1,\"name\":\"Home\",\"item\":\"https:\/\/juegosdehelicopteros.net\/ro\/\"},{\"@type\":\"ListItem\",\"position\":2,\"name\":\"FAQ &#8211; \\u00centreb\\u0103ri frecvente despre jocul Helicopter X\"}]}]}<\/script>\n<!-- \/ Yoast SEO plugin. -->","_links":{"self":[{"href":"https:\/\/juegosdehelicopteros.net\/ro\/wp-json\/wp\/v2\/pages\/17"}],"collection":[{"href":"https:\/\/juegosdehelicopteros.net\/ro\/wp-json\/wp\/v2\/pages"}],"about":[{"href":"https:\/\/juegosdehelicopteros.net\/ro\/wp-json\/wp\/v2\/types\/page"}],"author":[{"embeddable":true,"href":"https:\/\/juegosdehelicopteros.net\/ro\/wp-json\/wp\/v2\/users\/1"}],"replies":[{"embeddable":true,"href":"https:\/\/juegosdehelicopteros.net\/ro\/wp-json\/wp\/v2\/comments?post=17"}],"version-history":[{"count":21,"href":"https:\/\/juegosdehelicopteros.net\/ro\/wp-json\/wp\/v2\/pages\/17\/revisions"}],"predecessor-version":[{"id":167,"href":"https:\/\/juegosdehelicopteros.net\/ro\/wp-json\/wp\/v2\/pages\/17\/revisions\/167"}],"wp:attachment":[{"href":"https:\/\/juegosdehelicopteros.net\/ro\/wp-json\/wp\/v2\/media?parent=17"}],"curies":[{"name":"wp","href":"https:\/\/api.w.org\/{rel}","templated":true}]}}