{"id":7,"date":"2024-02-15T17:40:43","date_gmt":"2024-02-15T17:40:43","guid":{"rendered":"https:\/\/juegosdehelicopteros.net\/?page_id=7"},"modified":"2024-02-29T18:27:17","modified_gmt":"2024-02-29T18:27:17","slug":"about-the-game-helicopter-x","status":"publish","type":"page","link":"https:\/\/juegosdehelicopteros.net\/ro\/","title":{"rendered":"Despre jocul Helicopter X"},"content":{"rendered":"<p>Jocul online Helicopter X este un joc de noroc interesant \u0219i simplu, cu un stil modern interesant \u0219i o poveste clar\u0103, dezvoltat de SmartSoft Gaming.<\/p>\n<p>SmartSoft Gaming sunt profesioni\u0219ti \u00een domeniul lor, iar jocul Helicopter X este un alt exemplu de cum metodele inovatoare permit jocurilor tradi\u021bionale de tip crash s\u0103 ating\u0103 un nou nivel.<\/p>\n<p>Jocul Helicopter X prezint\u0103 un gameplay simplu \u0219i extrem de u\u0219or de \u00een\u021beles, potrivit at\u00e2t pentru \u00eencep\u0103tori, c\u00e2t \u0219i pentru juc\u0103torii experimenta\u021bi. Slotul este potrivit pentru orice tip de juc\u0103tor, indiferent dac\u0103 ave\u021bi un buget mic sau v\u0103 bucura\u021bi s\u0103 juca\u021bi cu mize mari. Bucura\u021bi-v\u0103 de joc at\u00e2t \u00een modul gratuit, c\u00e2t \u0219i \u00een modul de bani reali! Dac\u0103 v\u0103 plac jocurile de noroc cu gameplay simplu \u0219i grafic\u0103 de \u00eenalt\u0103 calitate, atunci jucarea Helicopter X \u00eentr-un cazinou online poate fi o alegere excelent\u0103 pentru dvs.<\/p>\n<h2><strong>Despre povestea jocului Helicopter X:<\/strong><\/h2>\n<p>Ac\u021biunea are loc pe o platform\u0103 pentru helicoptere, la care este ata\u0219at un diamant \u00een mod sigur cu ajutorul unor lan\u021buri puternice. \u00cenainte de \u00eenceperea jocului, ve\u021bi vedea o imagine a unui elicopter \u0219i o ecranizare care arat\u0103 c\u00e2nd va fi gata elicopterul dvs. s\u0103 decoleze. Diamantul pentru juc\u0103tor este acel premiu foarte pre\u021bios! \u0218i deasupra comoarei dvs. planeaz\u0103 un elicopter, de asemenea ata\u0219at de acesta printr-un lan\u021b. \u00cen timp ce elicopterul \u00eencearc\u0103 din greu s\u0103 smulg\u0103 diamantul din lan\u021buri \u0219i s\u0103-l ia de pe platforma elicopterului, sarcina dvs. este s\u0103 v\u0103 prinde\u021bi c\u00e2\u0219tigurile \u00eenainte ca lan\u021bul care leag\u0103 elicopterul de diamant s\u0103 cedeze. Pe m\u0103sur\u0103 ce elicopterul dvs. \u00eencearc\u0103 s\u0103 recupereze diamantul, multiplicatorul cre\u0219te continuu, cre\u00e2nd o atmosfer\u0103 tensionat\u0103 \u00een timpul jocului.<\/p>\n<p>\u0218i dac\u0103 totu\u0219i reu\u0219i\u021bi s\u0103 recupera\u021bi diamantul de pe platform\u0103, deja pute\u021bi vedea cum multiplicatorul dvs. atinge propor\u021bii incredibile! Dar nu v\u0103 relaxa\u021bi prea mult, deoarece \u00een orice moment elicopterul poate zbura departe, lu\u00e2ndu-\u0219i c\u00e2\u0219tigurile cu el. \u00cen tot acest timp, ve\u021bi fi \u00eenso\u021bi\u021bi de muzic\u0103 motivant\u0103 \u0219i grafic\u0103 incredibil de modern\u0103 \u0219i de \u00eenalt\u0103 calitate.<\/p>\n<h2><strong>Caracteristici ale jocului Helicopter X:<\/strong><\/h2>\n<p>Lista de caracteristici ale jocului online Helicopter X care \u00eel deosebesc de alte jocuri de tip crash:<\/p>\n<ul>\n<li><strong>Grafic\u0103 de joc:<\/strong><\/li>\n<\/ul>\n<p>Una dintre principalele caracteristici ale Helicopter X este stilul s\u0103u vizual. Grafica jocului este \u00eentr-o tematic\u0103 modern\u0103, d\u00e2ndu-i originalitate \u0219i propria atmosfer\u0103.<\/p>\n<ul>\n<li><strong>Dublarea pariului:<\/strong><\/li>\n<\/ul>\n<p>\u00cen Helicopter X, exist\u0103 mai multe op\u021biuni de pariere, permi\u021b\u00e2nd fiec\u0103rui juc\u0103tor s\u0103 aleag\u0103 pe cel care \u00eei convine. \u00cen partea de jos, ve\u021bi vedea interfa\u021ba unde pute\u021bi ajusta dimensiunea pariului dvs. Pu\u021bin mai sus, pute\u021bi alege un mod convenabil pentru dvs.: pariu simplu sau pariu dublu. Pu\u021bin la st\u00e2nga, exist\u0103 o func\u021bie de setare a pariului. Aici pute\u021bi specifica valoarea coeficientului la care jocul colecteaz\u0103 automat c\u00e2\u0219tigurile. Nu v\u0103 fie team\u0103 s\u0103 experimenta\u021bi \u0219i s\u0103 v\u0103 colecta\u021bi c\u00e2\u0219tigurile!<\/p>\n<ul>\n<li><strong>Istoricul coeficientului:<\/strong><\/li>\n<\/ul>\n<p>Pe partea st\u00e2ng\u0103 a ecranului este o coloan\u0103 care indic\u0103 coeficientul maxim pe care l-a\u021bi atins \u00een runde anterioare. Datorit\u0103 acestei caracteristici, pute\u021bi \u00eencerca s\u0103 analiza\u021bi dup\u0103 c\u00e2te runde jocul ofer\u0103 un multiplicator mare \u0219i c\u00e2t timp men\u021bine un coeficient mic.<\/p>\n<ul>\n<li><strong>Vizualizare online a pariurilor altor juc\u0103tori:<\/strong><\/li>\n<\/ul>\n<p>Pe partea dreapt\u0103 a ecranului, pute\u021bi vedea un icon cu un ceas, face\u021bi clic pe el \u0219i alege\u021bi sec\u021biunea de pariuri curente &#8211; aceasta este vizualizarea online a multiplicatorilor \u0219i a m\u0103rimilor c\u00e2\u0219tigurilor altor juc\u0103tori \u00een momentul de fa\u021b\u0103. Exist\u0103 \u0219i o sec\u021biune de c\u00e2\u0219tiguri maxime unde pute\u021bi vedea cei mai mari coeficien\u021bi \u0219i m\u0103rimile c\u00e2\u0219tigurilor juc\u0103torilor pentru ziua respectiv\u0103, s\u0103pt\u0103m\u00e2na trecut\u0103 \u0219i chiar luna trecut\u0103. Sec\u021biunea &#8222;pariurile mele&#8221; arat\u0103 istoricul coeficien\u021bilor, a c\u00e2\u0219tigurilor \u0219i momentul c\u00e2nd a\u021bi colectat c\u00e2\u0219tigurile.<\/p>\n<h2><strong>Avantaje \u0219i dezavantaje ale jocului online Helicopter X:<\/strong><\/h2>\n<table>\n<tbody>\n<tr>\n<td>Avantaje<\/td>\n<td>Dezavantaje<\/td>\n<\/tr>\n<tr>\n<td>Coeficient maxim: <strong>1000x<\/strong><\/td>\n<td>Nu exist\u0103 joc bonus<\/td>\n<\/tr>\n<tr>\n<td>RTP (Return to Player) este 96%<\/td>\n<td>Nu exist\u0103 jackpot progresiv<\/td>\n<\/tr>\n<tr>\n<td>Statistici live, care v\u0103 permit s\u0103 analiza\u021bi c\u00e2\u0219tigurile altor juc\u0103tori \u0219i c\u00e2nd jocul tinde s\u0103 ofere coeficien\u021bi mai mari<\/td>\n<td>Unii juc\u0103tori ar putea g\u0103si Helicopter X pu\u021bin monoton dup\u0103 o jucare prelungit\u0103. Utilizatorii se pot plictisi rapid de jocul monoton<\/td>\n<\/tr>\n<tr>\n<td>Parie minim\u0103 0.05<br \/>\nParie maxim\u0103 200<\/td>\n<td>Nu exist\u0103 rotiri gratuite<\/td>\n<\/tr>\n<\/tbody>\n<\/table>\n<p>Vorbind despre avantajele \u0219i dezavantajele jocului online Helicopter X, trebuie s\u0103 \u021binem cont c\u0103 acesta este un joc care ofer\u0103 un coeficient maxim de c\u00e2\u0219tig de p\u00e2n\u0103 la 1000 de ori mai mare dec\u00e2t miza. Jocul Helicopter X nu numai c\u0103 impresioneaz\u0103 prin generozitatea sa poten\u021bial\u0103, ci ofer\u0103 \u0219i un nivel ridicat de returnare c\u0103tre juc\u0103tor: RTP (Return to Player) este de 96%. Acest lucru \u00eenseamn\u0103 c\u0103, \u00een medie, pentru fiecare 100 de dolari cheltui\u021bi \u00een joc, juc\u0103torii pot s\u0103 se a\u0219tepte s\u0103 primeasc\u0103 \u00eenapoi 96 de dolari. Acesta este un procent destul de ridicat \u00een lumea jocurilor de noroc.<\/p>\n<p>Caracteristica special\u0103 atractiv\u0103 a jocului Helicopter X este introducerea statisticilor live, care le permite juc\u0103torilor s\u0103 analizeze c\u00e2\u0219tigurile altor participan\u021bi \u0219i s\u0103 determine momentele \u00een care jocul tinde s\u0103 ofere coeficien\u021bi mai mari. Acest instrument analitic poate fi cheia pentru o strategie mai bine planificat\u0103, permi\u021b\u00e2nd juc\u0103torilor s\u0103-\u0219i gestioneze pariurile mai con\u0219tient \u0219i mai eficient. Cu o miz\u0103 minim\u0103 de doar 5 cen\u021bi \u0219i o miz\u0103 maxim\u0103 de p\u00e2n\u0103 la 200 de dolari, jocul devine accesibil pentru toate tipurile de juc\u0103tori.<\/p>\n<p>Vorbind despre dezavantajele jocului Helicopter X, jocul are anumite limit\u0103ri care pot afecta percep\u021bia \u0219i experien\u021ba de joc a utilizatorilor. Este important s\u0103 men\u021bion\u0103m c\u0103 Helicopter X nu include un joc bonus, care este o caracteristic\u0103 destul de comun\u0103 \u00een alte jocuri online.<\/p>\n<p>De asemenea, merit\u0103 men\u021bionat c\u0103 jocul nu include un jackpot progresiv. Jackpoturile progresive servesc adesea ca un stimulent puternic pentru juc\u0103tori, ad\u0103ug\u00e2nd un element de anticipare \u0219i excita\u021bie pentru c\u00e2\u0219tigarea unei sume mari de bani care ar putea schimba via\u021ba. Lipsa unui astfel de jackpot poate diminua atrac\u021bia general\u0103 a jocului pentru cei care caut\u0103 senza\u021bii puternice din posibilitatea de a c\u00e2\u0219tiga o sum\u0103 mare de bani.<\/p>\n<p>\u00cen plus, unii juc\u0103tori pot sim\u021bi \u00een timp o monotonie a jocului Helicopter X, \u00een special dup\u0103 sesiuni prelungite. Lipsa diversit\u0103\u021bii \u00een gameplay poate duce rapid la plictiseal\u0103. Acest lucru face ca jocul s\u0103 fie mai pu\u021bin atractiv pentru cei care caut\u0103 \u00een jocurile de noroc nu numai posibilitatea de a c\u00e2\u0219tiga, ci \u0219i un proces de joc interesant.<\/p>\n","protected":false},"excerpt":{"rendered":"<p>Jocul online Helicopter X este un joc de noroc interesant \u0219i simplu, cu un stil modern interesant \u0219i o poveste clar\u0103, dezvoltat de SmartSoft Gaming. SmartSoft Gaming sunt profesioni\u0219ti \u00een domeniul lor, iar jocul Helicopter X este un alt exemplu de cum metodele inovatoare permit jocurilor tradi\u021bionale de tip crash s\u0103 ating\u0103 un nou nivel&#8230;.<\/p>\n","protected":false},"author":1,"featured_media":0,"parent":0,"menu_order":0,"comment_status":"closed","ping_status":"closed","template":"","meta":{"footnotes":""},"yoast_head":"<!-- This site is optimized with the Yoast SEO plugin v16.5 - https:\/\/yoast.com\/wordpress\/plugins\/seo\/ -->\n<title>Juca\u021bi jocul online Helicopter X \u00eentr-un cazino online<\/title>\n<meta name=\"description\" content=\"Juca\u021bi pentru bani reali \u00eentr-un cazino online \u00een jocul de pr\u0103bu\u0219ire Helicopter X. Intriga jocului, avantaje \u0219i dezavantaje, caracteristici ale slotului online Helicopter X.\" \/>\n<meta name=\"robots\" content=\"index, follow, max-snippet:-1, max-image-preview:large, max-video-preview:-1\" \/>\n<link rel=\"canonical\" href=\"https:\/\/juegosdehelicopteros.net\/ro\/\" \/>\n<meta property=\"og:locale\" content=\"ro_RO\" \/>\n<meta property=\"og:locale:alternate\" content=\"ru_RU\" \/>\n<meta property=\"og:locale:alternate\" content=\"en_US\" \/>\n<meta property=\"og:locale:alternate\" content=\"pt_PT\" \/>\n<meta property=\"og:locale:alternate\" content=\"es_ES\" \/>\n<meta property=\"og:locale:alternate\" content=\"sr_RS\" \/>\n<meta property=\"og:locale:alternate\" content=\"bg_BG\" \/>\n<meta property=\"og:locale:alternate\" content=\"pl_PL\" \/>\n<meta property=\"og:locale:alternate\" content=\"it_IT\" \/>\n<meta property=\"og:locale:alternate\" content=\"fr_FR\" \/>\n<meta property=\"og:type\" content=\"article\" \/>\n<meta property=\"og:title\" content=\"Juca\u021bi jocul online Helicopter X \u00eentr-un cazino online\" \/>\n<meta property=\"og:description\" content=\"Juca\u021bi pentru bani reali \u00eentr-un cazino online \u00een jocul de pr\u0103bu\u0219ire Helicopter X. Intriga jocului, avantaje \u0219i dezavantaje, caracteristici ale slotului online Helicopter X.\" \/>\n<meta property=\"og:url\" content=\"https:\/\/juegosdehelicopteros.net\/ro\/\" \/>\n<meta property=\"og:site_name\" content=\"Helicopter X\" \/>\n<meta property=\"article:modified_time\" content=\"2024-02-29T18:27:17+00:00\" \/>\n<meta name=\"twitter:card\" content=\"summary_large_image\" \/>\n<meta name=\"twitter:label1\" content=\"Timp estimat pentru citire\" \/>\n\t<meta name=\"twitter:data1\" content=\"38 de minute\" \/>\n<script type=\"application\/ld+json\" class=\"yoast-schema-graph\">{\"@context\":\"https:\/\/schema.org\",\"@graph\":[{\"@type\":\"WebSite\",\"@id\":\"https:\/\/juegosdehelicopteros.net\/ro\/#website\",\"url\":\"https:\/\/juegosdehelicopteros.net\/ro\/\",\"name\":\"Helicopter X\",\"description\":\"\",\"potentialAction\":[{\"@type\":\"SearchAction\",\"target\":\"https:\/\/juegosdehelicopteros.net\/ro\/?s={search_term_string}\",\"query-input\":\"required name=search_term_string\"}],\"inLanguage\":\"ro-RO\"},{\"@type\":\"WebPage\",\"@id\":\"https:\/\/juegosdehelicopteros.net\/ro\/#webpage\",\"url\":\"https:\/\/juegosdehelicopteros.net\/ro\/\",\"name\":\"Juca\\u021bi jocul online Helicopter X \\u00eentr-un cazino online\",\"isPartOf\":{\"@id\":\"https:\/\/juegosdehelicopteros.net\/ro\/#website\"},\"datePublished\":\"2024-02-15T17:40:43+00:00\",\"dateModified\":\"2024-02-29T18:27:17+00:00\",\"description\":\"Juca\\u021bi pentru bani reali \\u00eentr-un cazino online \\u00een jocul de pr\\u0103bu\\u0219ire Helicopter X. Intriga jocului, avantaje \\u0219i dezavantaje, caracteristici ale slotului online Helicopter X.\",\"breadcrumb\":{\"@id\":\"https:\/\/juegosdehelicopteros.net\/ro\/#breadcrumb\"},\"inLanguage\":\"ro-RO\",\"potentialAction\":[{\"@type\":\"ReadAction\",\"target\":[\"https:\/\/juegosdehelicopteros.net\/ro\/\"]}]},{\"@type\":\"BreadcrumbList\",\"@id\":\"https:\/\/juegosdehelicopteros.net\/ro\/#breadcrumb\",\"itemListElement\":[{\"@type\":\"ListItem\",\"position\":1,\"name\":\"Home\",\"item\":\"https:\/\/juegosdehelicopteros.net\/ro\/\"},{\"@type\":\"ListItem\",\"position\":2,\"name\":\"Despre jocul Helicopter X\"}]}]}<\/script>\n<!-- \/ Yoast SEO plugin. -->","_links":{"self":[{"href":"https:\/\/juegosdehelicopteros.net\/ro\/wp-json\/wp\/v2\/pages\/7"}],"collection":[{"href":"https:\/\/juegosdehelicopteros.net\/ro\/wp-json\/wp\/v2\/pages"}],"about":[{"href":"https:\/\/juegosdehelicopteros.net\/ro\/wp-json\/wp\/v2\/types\/page"}],"author":[{"embeddable":true,"href":"https:\/\/juegosdehelicopteros.net\/ro\/wp-json\/wp\/v2\/users\/1"}],"replies":[{"embeddable":true,"href":"https:\/\/juegosdehelicopteros.net\/ro\/wp-json\/wp\/v2\/comments?post=7"}],"version-history":[{"count":38,"href":"https:\/\/juegosdehelicopteros.net\/ro\/wp-json\/wp\/v2\/pages\/7\/revisions"}],"predecessor-version":[{"id":170,"href":"https:\/\/juegosdehelicopteros.net\/ro\/wp-json\/wp\/v2\/pages\/7\/revisions\/170"}],"wp:attachment":[{"href":"https:\/\/juegosdehelicopteros.net\/ro\/wp-json\/wp\/v2\/media?parent=7"}],"curies":[{"name":"wp","href":"https:\/\/api.w.org\/{rel}","templated":true}]}}