{"id":9,"date":"2024-02-15T17:41:39","date_gmt":"2024-02-15T17:41:39","guid":{"rendered":"https:\/\/juegosdehelicopteros.net\/?page_id=9"},"modified":"2024-02-29T18:22:50","modified_gmt":"2024-02-29T18:22:50","slug":"choose-an-online-casino-to-play-helicopter-x","status":"publish","type":"page","link":"https:\/\/juegosdehelicopteros.net\/ro\/choose-an-online-casino-to-play-helicopter-x\/","title":{"rendered":"Alege\u021bi un cazinou online pentru a juca Helicopter X"},"content":{"rendered":"<p>Dorin\u021ba ta de a te imerge \u00een lumea captivant\u0103 a jocului online Helicopter X poate fi \u00eendeplinit\u0103 indiferent de dispozitivul pe care \u00eel ai \u00een m\u00e2inile tale: fie c\u0103 este vorba de un smartphone iOS sau Android, fie de un computer personal. Cerin\u021ba principal\u0103 pentru a te bucura de jocul Helicopter X este s\u0103 ai o conexiune stabil\u0103 la internet sau la re\u021beaua Wi-Fi. Iat\u0103 un ghid pas cu pas despre cum s\u0103 \u00eencepi s\u0103 joci Helicopter X \u00eentr-un cazino online:<\/p>\n<ol>\n<li>\u00cen primul r\u00e2nd, trebuie s\u0103 decizi cazinoul online \u00een care preferi s\u0103 joci. Exist\u0103 multe cazinouri pe internet, iar alegerea \u00ee\u021bi apar\u021bine.<\/li>\n<li>Dup\u0103 selectarea cazinoului, mergi pe site-ul oficial al cazinoului online \u0219i parcurge procesul de \u00eenregistrare. Acesta este un pas important care \u00ee\u021bi va oferi acces la gama complet\u0103 de op\u021biuni oferite de cazinoul online.<\/li>\n<li>Urm\u0103torul pas este s\u0103 \u00ee\u021bi alimentezi balan\u021ba de joc. Pentru confortul t\u0103u, exist\u0103 multe metode de plat\u0103 disponibile. Alege pe cea care \u021bi se pare cel mai convenabil\u0103 \u0219i sigur\u0103. De asemenea, aminte\u0219te-\u021bi c\u0103 modalitatea \u00een care alimentezi balan\u021ba va fi \u0219i modalitatea \u00een care banii vor fi retrasi.<\/li>\n<li>Acum c\u0103 totul este preg\u0103tit pentru a \u00eencepe, folose\u0219te bara de c\u0103utare de pe site-ul cazinoului. Introdu numele jocului &#8222;Helicopter X&#8221; \u0219i confirm\u0103 alegerea ap\u0103s\u00e2nd butonul &#8222;Caut\u0103&#8221;. Vei fi prezentat cu o alegere: s\u0103 joci versiunea complet\u0103 a jocului sau s\u0103 \u00eencerci versiunea demo gratuit\u0103. Alege ce \u021bi se potrive\u0219te cel mai bine \u0219i te vei imerge \u00een lumea unui gameplay captivant, \u00een care te a\u0219teapt\u0103 nu numai aventuri incredibile, ci \u0219i oportunitatea de a c\u00e2\u0219tiga premii \u00een bani mare!<\/li>\n<\/ol>\n<p>\u00ce\u021bi dorim un timp pl\u0103cut \u0219i mult noroc \u00een jocul Helicopter X!<\/p>\n","protected":false},"excerpt":{"rendered":"<p>Dorin\u021ba ta de a te imerge \u00een lumea captivant\u0103 a jocului online Helicopter X poate fi \u00eendeplinit\u0103 indiferent de dispozitivul pe care \u00eel ai \u00een m\u00e2inile tale: fie c\u0103 este vorba de un smartphone iOS sau Android, fie de un computer personal. Cerin\u021ba principal\u0103 pentru a te bucura de jocul Helicopter X este s\u0103 ai&#8230;<\/p>\n","protected":false},"author":1,"featured_media":0,"parent":0,"menu_order":0,"comment_status":"closed","ping_status":"closed","template":"","meta":{"footnotes":""},"yoast_head":"<!-- This site is optimized with the Yoast SEO plugin v16.5 - https:\/\/yoast.com\/wordpress\/plugins\/seo\/ -->\n<title>Unde s\u0103 joci jocul de pr\u0103bu\u0219ire Helicopter X<\/title>\n<meta name=\"description\" content=\"Alege\u021bi un cazinou online pentru a juca Helicopter X! Juca\u021bi la cele mai bune cazinouri online, bonusuri, juca\u021bi gratuit, cum s\u0103 juca\u021bi \u0219i s\u0103 c\u00e2\u0219tiga\u021bi, desc\u0103rcare, FAQ, recenzii ale juc\u0103torilor.\" \/>\n<meta name=\"robots\" content=\"index, follow, max-snippet:-1, max-image-preview:large, max-video-preview:-1\" \/>\n<link rel=\"canonical\" href=\"https:\/\/juegosdehelicopteros.net\/ro\/choose-an-online-casino-to-play-helicopter-x\/\" \/>\n<meta property=\"og:locale\" content=\"ro_RO\" \/>\n<meta property=\"og:locale:alternate\" content=\"ru_RU\" \/>\n<meta property=\"og:locale:alternate\" content=\"en_US\" \/>\n<meta property=\"og:locale:alternate\" content=\"pt_PT\" \/>\n<meta property=\"og:locale:alternate\" content=\"es_ES\" \/>\n<meta property=\"og:locale:alternate\" content=\"sr_RS\" \/>\n<meta property=\"og:locale:alternate\" content=\"bg_BG\" \/>\n<meta property=\"og:locale:alternate\" content=\"pl_PL\" \/>\n<meta property=\"og:locale:alternate\" content=\"it_IT\" \/>\n<meta property=\"og:locale:alternate\" content=\"fr_FR\" \/>\n<meta property=\"og:type\" content=\"article\" \/>\n<meta property=\"og:title\" content=\"Unde s\u0103 joci jocul de pr\u0103bu\u0219ire Helicopter X\" \/>\n<meta property=\"og:description\" content=\"Alege\u021bi un cazinou online pentru a juca Helicopter X! Juca\u021bi la cele mai bune cazinouri online, bonusuri, juca\u021bi gratuit, cum s\u0103 juca\u021bi \u0219i s\u0103 c\u00e2\u0219tiga\u021bi, desc\u0103rcare, FAQ, recenzii ale juc\u0103torilor.\" \/>\n<meta property=\"og:url\" content=\"https:\/\/juegosdehelicopteros.net\/ro\/choose-an-online-casino-to-play-helicopter-x\/\" \/>\n<meta property=\"og:site_name\" content=\"Helicopter X\" \/>\n<meta property=\"article:modified_time\" content=\"2024-02-29T18:22:50+00:00\" \/>\n<meta name=\"twitter:card\" content=\"summary_large_image\" \/>\n<meta name=\"twitter:label1\" content=\"Timp estimat pentru citire\" \/>\n\t<meta name=\"twitter:data1\" content=\"10 minute\" \/>\n<script type=\"application\/ld+json\" class=\"yoast-schema-graph\">{\"@context\":\"https:\/\/schema.org\",\"@graph\":[{\"@type\":\"WebSite\",\"@id\":\"https:\/\/juegosdehelicopteros.net\/ro\/#website\",\"url\":\"https:\/\/juegosdehelicopteros.net\/ro\/\",\"name\":\"Helicopter X\",\"description\":\"\",\"potentialAction\":[{\"@type\":\"SearchAction\",\"target\":\"https:\/\/juegosdehelicopteros.net\/ro\/?s={search_term_string}\",\"query-input\":\"required name=search_term_string\"}],\"inLanguage\":\"ro-RO\"},{\"@type\":\"WebPage\",\"@id\":\"https:\/\/juegosdehelicopteros.net\/ro\/choose-an-online-casino-to-play-helicopter-x\/#webpage\",\"url\":\"https:\/\/juegosdehelicopteros.net\/ro\/choose-an-online-casino-to-play-helicopter-x\/\",\"name\":\"Unde s\\u0103 joci jocul de pr\\u0103bu\\u0219ire Helicopter X\",\"isPartOf\":{\"@id\":\"https:\/\/juegosdehelicopteros.net\/ro\/#website\"},\"datePublished\":\"2024-02-15T17:41:39+00:00\",\"dateModified\":\"2024-02-29T18:22:50+00:00\",\"description\":\"Alege\\u021bi un cazinou online pentru a juca Helicopter X! Juca\\u021bi la cele mai bune cazinouri online, bonusuri, juca\\u021bi gratuit, cum s\\u0103 juca\\u021bi \\u0219i s\\u0103 c\\u00e2\\u0219tiga\\u021bi, desc\\u0103rcare, FAQ, recenzii ale juc\\u0103torilor.\",\"breadcrumb\":{\"@id\":\"https:\/\/juegosdehelicopteros.net\/ro\/choose-an-online-casino-to-play-helicopter-x\/#breadcrumb\"},\"inLanguage\":\"ro-RO\",\"potentialAction\":[{\"@type\":\"ReadAction\",\"target\":[\"https:\/\/juegosdehelicopteros.net\/ro\/choose-an-online-casino-to-play-helicopter-x\/\"]}]},{\"@type\":\"BreadcrumbList\",\"@id\":\"https:\/\/juegosdehelicopteros.net\/ro\/choose-an-online-casino-to-play-helicopter-x\/#breadcrumb\",\"itemListElement\":[{\"@type\":\"ListItem\",\"position\":1,\"name\":\"Home\",\"item\":\"https:\/\/juegosdehelicopteros.net\/ro\/\"},{\"@type\":\"ListItem\",\"position\":2,\"name\":\"Alege\\u021bi un cazinou online pentru a juca Helicopter X\"}]}]}<\/script>\n<!-- \/ Yoast SEO plugin. -->","_links":{"self":[{"href":"https:\/\/juegosdehelicopteros.net\/ro\/wp-json\/wp\/v2\/pages\/9"}],"collection":[{"href":"https:\/\/juegosdehelicopteros.net\/ro\/wp-json\/wp\/v2\/pages"}],"about":[{"href":"https:\/\/juegosdehelicopteros.net\/ro\/wp-json\/wp\/v2\/types\/page"}],"author":[{"embeddable":true,"href":"https:\/\/juegosdehelicopteros.net\/ro\/wp-json\/wp\/v2\/users\/1"}],"replies":[{"embeddable":true,"href":"https:\/\/juegosdehelicopteros.net\/ro\/wp-json\/wp\/v2\/comments?post=9"}],"version-history":[{"count":20,"href":"https:\/\/juegosdehelicopteros.net\/ro\/wp-json\/wp\/v2\/pages\/9\/revisions"}],"predecessor-version":[{"id":168,"href":"https:\/\/juegosdehelicopteros.net\/ro\/wp-json\/wp\/v2\/pages\/9\/revisions\/168"}],"wp:attachment":[{"href":"https:\/\/juegosdehelicopteros.net\/ro\/wp-json\/wp\/v2\/media?parent=9"}],"curies":[{"name":"wp","href":"https:\/\/api.w.org\/{rel}","templated":true}]}}